{"id":831,"date":"2023-09-07T13:38:59","date_gmt":"2023-09-07T13:38:59","guid":{"rendered":"https:\/\/www.fint.is\/?post_type=product&#038;p=831"},"modified":"2026-02-26T17:02:38","modified_gmt":"2026-02-26T17:02:38","slug":"iman","status":"publish","type":"product","link":"https:\/\/www.fint.is\/is\/product\/iman\/","title":{"rendered":"Koel Iman &#8211; barefoot sk\u00f3r"},"content":{"rendered":"<p>Iman strigask\u00f3rnir fr\u00e1 Koel eru \u00fe\u00e6gilegir, teygjanlegir og mj\u00fakir. \u00deeir eru b\u00e6\u00f0i me\u00f0 reimum og teygju vi\u00f0 \u00f6kklann. Sk\u00f3rnir eru svartir me\u00f0 gr\u00e1u mynstri a\u00f0 hluta, og \u00feeir eru handger\u00f0ir \u00ed Port\u00fagal.<\/p>\n<div>\n<h3><span style=\"color: #993300;\">Efni:<\/span><\/h3>\n<ul>\n<li>Ytra lag: Tencel trefjar<\/li>\n<li>F\u00f3\u00f0run: Ull<\/li>\n<li>S\u00f3li: 100% n\u00e1tt\u00farulegt g\u00famm\u00ed<\/li>\n<li>Inns\u00f3li: \u00dar endurunnu efni, h\u00e6gt a\u00f0 skipta \u00fat<\/li>\n<li>Lokun: Sk\u00f3rnir eru toga\u00f0ir \u00e1, me\u00f0 teygju um \u00f6kklann.<\/li>\n<li>Flatur s\u00f3li: 0.5mm<\/li>\n<\/ul>\n<h3 class=\"p2\"><span style=\"color: #993300;\"><b>Eiginleikar:<\/b><\/span><\/h3>\n<p><span style=\"color: #6b8332;\"><b><img loading=\"lazy\" decoding=\"async\" src=\"https:\/\/cdn.shopify.com\/s\/files\/1\/0577\/1067\/4091\/files\/FlatSolepng_480x480.png?v=1679079721\" alt=\"\" width=\"74\" height=\"74\" \/><img loading=\"lazy\" decoding=\"async\" src=\"https:\/\/cdn.shopify.com\/s\/files\/1\/0577\/1067\/4091\/files\/Comfortpng_480x480.png?v=1679079728\" alt=\"\" width=\"78\" height=\"78\" \/><img loading=\"lazy\" decoding=\"async\" src=\"https:\/\/cdn.shopify.com\/s\/files\/1\/0577\/1067\/4091\/files\/AntiSlippng_480x480.png?v=1679080048\" alt=\"\" width=\"73\" height=\"73\" \/><img loading=\"lazy\" decoding=\"async\" src=\"https:\/\/cdn.shopify.com\/s\/files\/1\/0577\/1067\/4091\/files\/Eco_Friendlypng_480x480.png?v=1686665917\" alt=\"\" width=\"77\" height=\"77\" \/><img loading=\"lazy\" decoding=\"async\" src=\"https:\/\/cdn.shopify.com\/s\/files\/1\/0577\/1067\/4091\/files\/Fit_Medium_png_480x480.png?v=1686665918\" alt=\"\" width=\"77\" height=\"77\" \/><\/b><\/span><\/p>\n<h3 class=\"p2\"><span style=\"color: #993300;\"><b>Umhir\u00f0a:<\/b><\/span><\/h3>\n<p class=\"p2\">Til \u00feess a\u00f0 fjarl\u00e6gja \u00f3hreinindi er best a\u00f0 \u00feurrka af sk\u00f3num me\u00f0 votum kl\u00fat. For\u00f0ist a\u00f0 nota ertandi hreinsiefni sem geta skemmt efnin. \u00deegar sk\u00f3rnir eru ekki \u00ed notkun skal geyma \u00fe\u00e1 \u00e1 sv\u00f6lum, \u00feurrum sta\u00f0, ekki \u00ed beinu s\u00f3larlj\u00f3si. Til a\u00f0 koma \u00ed veg fyrir afl\u00f6gun skal for\u00f0ast a\u00f0 setja \u00feunga hluti ofan \u00e1 sk\u00f3na.<\/p>\n<\/div>\n<h4><\/h4>\n<h4>Um Koel<\/h4>\n<p>Koel leggur \u00e1herslu \u00e1 g\u00e6\u00f0i, g\u00f3\u00f0 sni\u00f0, n\u00fdsk\u00f6pun, h\u00f6nnun og sj\u00e1lfb\u00e6rni. Sk\u00f3rnir fr\u00e1 Koel eru hanna\u00f0ir og framleiddir \u00ed port\u00fagal og byggja \u00e1 langri reynslu \u00ed \u00fev\u00ed a\u00f0 b\u00faa til s\u00f3la sem endast, \u00e1samt n\u00fdjustu \u00feekkingu \u00e1 sj\u00e1lfb\u00e6rum efnum og sk\u00f3m sem passa vel.<\/p>","protected":false},"excerpt":{"rendered":"<p>Strigask\u00f3r me\u00f0 reimum og \u00far teygjanlegu, mj\u00faku efni.<\/p>","protected":false},"featured_media":2086,"comment_status":"closed","ping_status":"closed","template":"","meta":[],"product_brand":[161],"product_cat":[39,35],"product_tag":[108,109,135],"class_list":{"0":"post-831","1":"product","2":"type-product","3":"status-publish","4":"has-post-thumbnail","6":"product_brand-koel","7":"product_cat-adult","8":"product_cat-shoes","9":"product_tag-high-barefoot-sneaker","10":"product_tag-koel","11":"product_tag-not-winter","12":"product_shipping_class-adult-shoes","14":"first","15":"instock","16":"taxable","17":"shipping-taxable","18":"purchasable","19":"product-type-variable"},"yoast_head":"<!-- This site is optimized with the Yoast SEO plugin v27.5 - https:\/\/yoast.com\/product\/yoast-seo-wordpress\/ -->\n<title>Koel Iman - barefoot sk\u00f3r - Barefoot strigask\u00f3r - F\u00ednt<\/title>\n<meta name=\"description\" content=\"Iman strigask\u00f3rnir fr\u00e1 Koel eru \u00fe\u00e6gilegir og mj\u00fakir, me\u00f0 b\u00e6\u00f0i reimum og teygju um \u00f6kklann. Barefoot strigask\u00f3r me\u00f0 n\u00f3g pl\u00e1ss fyrir t\u00e6rnar.\" \/>\n<meta name=\"robots\" content=\"index, follow, max-snippet:-1, max-image-preview:large, max-video-preview:-1\" \/>\n<link rel=\"canonical\" href=\"https:\/\/www.fint.is\/is\/product\/iman\/\" \/>\n<meta property=\"og:locale\" content=\"is_IS\" \/>\n<meta property=\"og:type\" content=\"article\" \/>\n<meta property=\"og:title\" content=\"Koel Iman - barefoot sk\u00f3r - Barefoot strigask\u00f3r - F\u00ednt\" \/>\n<meta property=\"og:description\" content=\"Iman strigask\u00f3rnir fr\u00e1 Koel eru \u00fe\u00e6gilegir og mj\u00fakir, me\u00f0 b\u00e6\u00f0i reimum og teygju um \u00f6kklann. Barefoot strigask\u00f3r me\u00f0 n\u00f3g pl\u00e1ss fyrir t\u00e6rnar.\" \/>\n<meta property=\"og:url\" content=\"https:\/\/www.fint.is\/is\/product\/iman\/\" \/>\n<meta property=\"og:site_name\" content=\"F\u00ednt\" \/>\n<meta property=\"article:publisher\" content=\"https:\/\/www.facebook.com\/100090983666893\/\" \/>\n<meta property=\"article:modified_time\" content=\"2026-02-26T17:02:38+00:00\" \/>\n<meta property=\"og:image\" content=\"https:\/\/www.fint.is\/wp-content\/uploads\/25L012.80A-000_2-1.jpg\" \/>\n\t<meta property=\"og:image:width\" content=\"1194\" \/>\n\t<meta property=\"og:image:height\" content=\"1194\" \/>\n\t<meta property=\"og:image:type\" content=\"image\/jpeg\" \/>\n<script type=\"application\/ld+json\" class=\"yoast-schema-graph\">{\"@context\":\"https:\\\/\\\/schema.org\",\"@graph\":[{\"@type\":\"WebPage\",\"@id\":\"https:\\\/\\\/www.fint.is\\\/product\\\/iman\\\/\",\"url\":\"https:\\\/\\\/www.fint.is\\\/product\\\/iman\\\/\",\"name\":\"Koel Iman - barefoot sk\u00f3r - Barefoot strigask\u00f3r - F\u00ednt\",\"isPartOf\":{\"@id\":\"https:\\\/\\\/www.fint.is\\\/is\\\/#website\"},\"primaryImageOfPage\":{\"@id\":\"https:\\\/\\\/www.fint.is\\\/product\\\/iman\\\/#primaryimage\"},\"image\":{\"@id\":\"https:\\\/\\\/www.fint.is\\\/product\\\/iman\\\/#primaryimage\"},\"thumbnailUrl\":\"https:\\\/\\\/www.fint.is\\\/wp-content\\\/uploads\\\/25L012.80A-000_2-1.jpg\",\"datePublished\":\"2023-09-07T13:38:59+00:00\",\"dateModified\":\"2026-02-26T17:02:38+00:00\",\"description\":\"Iman strigask\u00f3rnir fr\u00e1 Koel eru \u00fe\u00e6gilegir og mj\u00fakir, me\u00f0 b\u00e6\u00f0i reimum og teygju um \u00f6kklann. Barefoot strigask\u00f3r me\u00f0 n\u00f3g pl\u00e1ss fyrir t\u00e6rnar.\",\"breadcrumb\":{\"@id\":\"https:\\\/\\\/www.fint.is\\\/product\\\/iman\\\/#breadcrumb\"},\"inLanguage\":\"is\",\"potentialAction\":[{\"@type\":\"ReadAction\",\"target\":[\"https:\\\/\\\/www.fint.is\\\/product\\\/iman\\\/\"]}]},{\"@type\":\"ImageObject\",\"inLanguage\":\"is\",\"@id\":\"https:\\\/\\\/www.fint.is\\\/product\\\/iman\\\/#primaryimage\",\"url\":\"https:\\\/\\\/www.fint.is\\\/wp-content\\\/uploads\\\/25L012.80A-000_2-1.jpg\",\"contentUrl\":\"https:\\\/\\\/www.fint.is\\\/wp-content\\\/uploads\\\/25L012.80A-000_2-1.jpg\",\"width\":1194,\"height\":1194},{\"@type\":\"BreadcrumbList\",\"@id\":\"https:\\\/\\\/www.fint.is\\\/product\\\/iman\\\/#breadcrumb\",\"itemListElement\":[{\"@type\":\"ListItem\",\"position\":1,\"name\":\"Home\",\"item\":\"https:\\\/\\\/www.fint.is\\\/\"},{\"@type\":\"ListItem\",\"position\":2,\"name\":\"Shop\",\"item\":\"https:\\\/\\\/www.fint.is\\\/is\\\/shop\\\/\"},{\"@type\":\"ListItem\",\"position\":3,\"name\":\"Barefoot shoes\",\"item\":\"https:\\\/\\\/www.fint.is\\\/is\\\/product-category\\\/shoes\\\/\"},{\"@type\":\"ListItem\",\"position\":4,\"name\":\"Koel Iman &#8211; barefoot sk\u00f3r\"}]},{\"@type\":\"WebSite\",\"@id\":\"https:\\\/\\\/www.fint.is\\\/is\\\/#website\",\"url\":\"https:\\\/\\\/www.fint.is\\\/is\\\/\",\"name\":\"F\u00ednt\",\"description\":\"Barefoot sk\u00f3r, t\u00e1susokkar, og bur\u00f0arpokar\",\"publisher\":{\"@id\":\"https:\\\/\\\/www.fint.is\\\/is\\\/#organization\"},\"alternateName\":\"f\u00ednt.is\",\"potentialAction\":[{\"@type\":\"SearchAction\",\"target\":{\"@type\":\"EntryPoint\",\"urlTemplate\":\"https:\\\/\\\/www.fint.is\\\/is\\\/?s={search_term_string}\"},\"query-input\":{\"@type\":\"PropertyValueSpecification\",\"valueRequired\":true,\"valueName\":\"search_term_string\"}}],\"inLanguage\":\"is\"},{\"@type\":\"Organization\",\"@id\":\"https:\\\/\\\/www.fint.is\\\/is\\\/#organization\",\"name\":\"F\u00ednt\",\"alternateName\":\"Fint\",\"url\":\"https:\\\/\\\/www.fint.is\\\/is\\\/\",\"logo\":{\"@type\":\"ImageObject\",\"inLanguage\":\"is\",\"@id\":\"https:\\\/\\\/www.fint.is\\\/is\\\/#\\\/schema\\\/logo\\\/image\\\/\",\"url\":\"https:\\\/\\\/www.fint.is\\\/wp-content\\\/uploads\\\/logo-colour-small-2.png\",\"contentUrl\":\"https:\\\/\\\/www.fint.is\\\/wp-content\\\/uploads\\\/logo-colour-small-2.png\",\"width\":930,\"height\":711,\"caption\":\"F\u00ednt\"},\"image\":{\"@id\":\"https:\\\/\\\/www.fint.is\\\/is\\\/#\\\/schema\\\/logo\\\/image\\\/\"},\"sameAs\":[\"https:\\\/\\\/www.facebook.com\\\/100090983666893\\\/\",\"https:\\\/\\\/www.instagram.com\\\/fint.verslun\\\/\"]}]}<\/script>\n<!-- \/ Yoast SEO plugin. -->","yoast_head_json":{"title":"Koel Iman - barefoot sk\u00f3r - Barefoot strigask\u00f3r - F\u00ednt","description":"Iman strigask\u00f3rnir fr\u00e1 Koel eru \u00fe\u00e6gilegir og mj\u00fakir, me\u00f0 b\u00e6\u00f0i reimum og teygju um \u00f6kklann. Barefoot strigask\u00f3r me\u00f0 n\u00f3g pl\u00e1ss fyrir t\u00e6rnar.","robots":{"index":"index","follow":"follow","max-snippet":"max-snippet:-1","max-image-preview":"max-image-preview:large","max-video-preview":"max-video-preview:-1"},"canonical":"https:\/\/www.fint.is\/is\/product\/iman\/","og_locale":"is_IS","og_type":"article","og_title":"Koel Iman - barefoot sk\u00f3r - Barefoot strigask\u00f3r - F\u00ednt","og_description":"Iman strigask\u00f3rnir fr\u00e1 Koel eru \u00fe\u00e6gilegir og mj\u00fakir, me\u00f0 b\u00e6\u00f0i reimum og teygju um \u00f6kklann. Barefoot strigask\u00f3r me\u00f0 n\u00f3g pl\u00e1ss fyrir t\u00e6rnar.","og_url":"https:\/\/www.fint.is\/is\/product\/iman\/","og_site_name":"F\u00ednt","article_publisher":"https:\/\/www.facebook.com\/100090983666893\/","article_modified_time":"2026-02-26T17:02:38+00:00","og_image":[{"width":1194,"height":1194,"url":"https:\/\/www.fint.is\/wp-content\/uploads\/25L012.80A-000_2-1.jpg","type":"image\/jpeg"}],"schema":{"@context":"https:\/\/schema.org","@graph":[{"@type":"WebPage","@id":"https:\/\/www.fint.is\/product\/iman\/","url":"https:\/\/www.fint.is\/product\/iman\/","name":"Koel Iman - barefoot sk\u00f3r - Barefoot strigask\u00f3r - F\u00ednt","isPartOf":{"@id":"https:\/\/www.fint.is\/is\/#website"},"primaryImageOfPage":{"@id":"https:\/\/www.fint.is\/product\/iman\/#primaryimage"},"image":{"@id":"https:\/\/www.fint.is\/product\/iman\/#primaryimage"},"thumbnailUrl":"https:\/\/www.fint.is\/wp-content\/uploads\/25L012.80A-000_2-1.jpg","datePublished":"2023-09-07T13:38:59+00:00","dateModified":"2026-02-26T17:02:38+00:00","description":"Iman strigask\u00f3rnir fr\u00e1 Koel eru \u00fe\u00e6gilegir og mj\u00fakir, me\u00f0 b\u00e6\u00f0i reimum og teygju um \u00f6kklann. Barefoot strigask\u00f3r me\u00f0 n\u00f3g pl\u00e1ss fyrir t\u00e6rnar.","breadcrumb":{"@id":"https:\/\/www.fint.is\/product\/iman\/#breadcrumb"},"inLanguage":"is","potentialAction":[{"@type":"ReadAction","target":["https:\/\/www.fint.is\/product\/iman\/"]}]},{"@type":"ImageObject","inLanguage":"is","@id":"https:\/\/www.fint.is\/product\/iman\/#primaryimage","url":"https:\/\/www.fint.is\/wp-content\/uploads\/25L012.80A-000_2-1.jpg","contentUrl":"https:\/\/www.fint.is\/wp-content\/uploads\/25L012.80A-000_2-1.jpg","width":1194,"height":1194},{"@type":"BreadcrumbList","@id":"https:\/\/www.fint.is\/product\/iman\/#breadcrumb","itemListElement":[{"@type":"ListItem","position":1,"name":"Home","item":"https:\/\/www.fint.is\/"},{"@type":"ListItem","position":2,"name":"Shop","item":"https:\/\/www.fint.is\/is\/shop\/"},{"@type":"ListItem","position":3,"name":"Barefoot shoes","item":"https:\/\/www.fint.is\/is\/product-category\/shoes\/"},{"@type":"ListItem","position":4,"name":"Koel Iman &#8211; barefoot sk\u00f3r"}]},{"@type":"WebSite","@id":"https:\/\/www.fint.is\/is\/#website","url":"https:\/\/www.fint.is\/is\/","name":"F\u00ednt","description":"Barefoot sk\u00f3r, t\u00e1sokkar, og bur\u00f0arpokar","publisher":{"@id":"https:\/\/www.fint.is\/is\/#organization"},"alternateName":"f\u00ednt.is","potentialAction":[{"@type":"SearchAction","target":{"@type":"EntryPoint","urlTemplate":"https:\/\/www.fint.is\/is\/?s={search_term_string}"},"query-input":{"@type":"PropertyValueSpecification","valueRequired":true,"valueName":"search_term_string"}}],"inLanguage":"is"},{"@type":"Organization","@id":"https:\/\/www.fint.is\/is\/#organization","name":"F\u00ednt","alternateName":"Fint","url":"https:\/\/www.fint.is\/is\/","logo":{"@type":"ImageObject","inLanguage":"is","@id":"https:\/\/www.fint.is\/is\/#\/schema\/logo\/image\/","url":"https:\/\/www.fint.is\/wp-content\/uploads\/logo-colour-small-2.png","contentUrl":"https:\/\/www.fint.is\/wp-content\/uploads\/logo-colour-small-2.png","width":930,"height":711,"caption":"F\u00ednt"},"image":{"@id":"https:\/\/www.fint.is\/is\/#\/schema\/logo\/image\/"},"sameAs":["https:\/\/www.facebook.com\/100090983666893\/","https:\/\/www.instagram.com\/fint.verslun\/"]}]}},"_links":{"self":[{"href":"https:\/\/www.fint.is\/is\/wp-json\/wp\/v2\/product\/831","targetHints":{"allow":["GET"]}}],"collection":[{"href":"https:\/\/www.fint.is\/is\/wp-json\/wp\/v2\/product"}],"about":[{"href":"https:\/\/www.fint.is\/is\/wp-json\/wp\/v2\/types\/product"}],"replies":[{"embeddable":true,"href":"https:\/\/www.fint.is\/is\/wp-json\/wp\/v2\/comments?post=831"}],"wp:featuredmedia":[{"embeddable":true,"href":"https:\/\/www.fint.is\/is\/wp-json\/wp\/v2\/media\/2086"}],"wp:attachment":[{"href":"https:\/\/www.fint.is\/is\/wp-json\/wp\/v2\/media?parent=831"}],"wp:term":[{"taxonomy":"product_brand","embeddable":true,"href":"https:\/\/www.fint.is\/is\/wp-json\/wp\/v2\/product_brand?post=831"},{"taxonomy":"product_cat","embeddable":true,"href":"https:\/\/www.fint.is\/is\/wp-json\/wp\/v2\/product_cat?post=831"},{"taxonomy":"product_tag","embeddable":true,"href":"https:\/\/www.fint.is\/is\/wp-json\/wp\/v2\/product_tag?post=831"}],"curies":[{"name":"wp","href":"https:\/\/api.w.org\/{rel}","templated":true}]}}