{"id":735,"date":"2023-09-01T13:01:47","date_gmt":"2023-09-01T13:01:47","guid":{"rendered":"https:\/\/www.fint.is\/?post_type=product&#038;p=735"},"modified":"2026-02-26T17:02:38","modified_gmt":"2026-02-26T17:02:38","slug":"winter-baby-wearing-pregnancy-coat-copenhagen","status":"publish","type":"product","link":"https:\/\/www.fint.is\/is\/product\/winter-baby-wearing-pregnancy-coat-copenhagen\/","title":{"rendered":"Mamalila Baby Wearing &#038; Pregnancy Parka Copenhagen &#8211; me\u00f0g\u00f6ngu \u00falpa"},"content":{"rendered":"<p>\u00dalpa sem hentar \u00e1 me\u00f0g\u00f6ngu, til \u00feess a\u00f0 bera barn \u00ed bur\u00f0arpoka e\u00f0a bur\u00f0arsjali, og l\u00edka sem venjuleg \u00falpa. \u00deetta er hl\u00fdjasta \u00falpan fr\u00e1 Mamalila sem hentar fr\u00e1b\u00e6rlega til a\u00f0 f\u00e1 s\u00e9r g\u00f6ngut\u00far me\u00f0 barninu \u00e1 vetrardegi. \u00deykk f\u00f3\u00f0runin er ekki bara \u00fe\u00e6gileg, h\u00fan heldur l\u00edka \u00e1 \u00fe\u00e9r hita \u2013 og ykkur b\u00e1\u00f0um ef \u00fei\u00f0 eru\u00f0 tv\u00f6 \u00ed f\u00f6r. \u00dalpan er framleidd \u00far endurunnum efnum, er me\u00f0 FC-fr\u00edrri vatns- og snj\u00f3v\u00f6rn, og vegan fyllingu sem l\u00edkir eftir d\u00fan.<\/p>\n<div>\n<p>HELSTU ATRI\u00d0I<\/p>\n<ul>\n<li>\u00fe\u00e6gileg og hl\u00fd \u00falpa til \u00feess a\u00f0 nota \u00e1 me\u00f0g\u00f6ngu, \u00feegar veri\u00f0 er a\u00f0 bera barn, e\u00f0a ein \u00e1 fer\u00f0<\/li>\n<li>vegan, endurunnin og laus vi\u00f0 ska\u00f0leg efni<\/li>\n<li>innlegg fyrir barn, og rennil\u00e1sar \u00e1 hli\u00f0 til \u00feess a\u00f0 st\u00e6kka \u00falpuna \u00e1 me\u00f0g\u00f6ngu<\/li>\n<li>innlegg fyrir barn er h\u00e6gt a\u00f0 setja b\u00e6\u00f0i a\u00f0 framan og a\u00f0 aftan<\/li>\n<li>st\u00e6kkar \u00e1 hli\u00f0unum \u00e1 me\u00f0g\u00f6ngu<\/li>\n<li>hentar vel fyrir hita undir frostmarki, og \u00ed l\u00e9ttri rigningu e\u00f0a snj\u00f3komu<\/li>\n<li>vind- og vatnsheld<\/li>\n<\/ul>\n<p>EFNI<\/p>\n<ul>\n<li>endurunnin efni (p\u00f3l\u00edester)<\/li>\n<li>vegan<\/li>\n<li>engar plastumb\u00fa\u00f0ir<\/li>\n<li>vatnsv\u00f6rn er \u00e1n FC efna<\/li>\n<\/ul>\n<p>EIGINLEIKAR<\/p>\n<ul>\n<li>tveir vasar sem h\u00e6gt er a\u00f0 loka<\/li>\n<li>hetta f\u00f3\u00f0ru\u00f0 me\u00f0 fl\u00eds og me\u00f0 reim<\/li>\n<li>h\u00e6gt a\u00f0 fjarl\u00e6gja hettu \u00feegar barn er bori\u00f0 \u00e1 bakinu<\/li>\n<li>hl\u00fdtt stroff vi\u00f0 \u00falnli\u00f0i<\/li>\n<li>bak, kragi og hetta \u00e1samt innlegi f\u00f3\u00f0ru\u00f0 me\u00f0 fl\u00eds<\/li>\n<li>lengd: n\u00e6r ni\u00f0ur \u00e1 mitt l\u00e6ri<\/li>\n<li>innlegg fyrir barn fylgir, h\u00e6gt a\u00f0 v\u00edkka \u00falpuna me\u00f0 rennil\u00e1sum \u00e1 hli\u00f0inni<\/li>\n<\/ul>\n<p>\u00deVOTTALEI\u00d0BEININGAR<\/p>\n<ul>\n<li>30\u00b0C \u00fevottakerfi fyrir ull, me\u00f0 auka skoli<\/li>\n<li>h\u00e1mark 800 sn\u00faninga vinda<\/li>\n<li>leggi\u00f0 flata til \u00feerris<\/li>\n<li>vatnsverji\u00f0 upp \u00e1 n\u00fdtt, \u00e1n FC efna<\/li>\n<\/ul>\n<p>ST\u00c6R\u00d0<\/p>\n<ul class=\"custom\">\n<li>Panta\u00f0u \u00fe\u00e1 st\u00e6r\u00f0 sem \u00fe\u00fa notar venjulega. Innlegg sem fylgir me\u00f0 jakkanum, \u00e1samt tveimur rennil\u00e1sum \u00e1 hli\u00f0 jakkans, tryggja n\u00e6gt r\u00fdmi \u00e1 me\u00f0g\u00f6ngu og \u00feegar barn er bori\u00f0 \u00ed bur\u00f0arpoka e\u00f0a bur\u00f0arsjali (upp a\u00f0 u.\u00fe.b. 2 \u00e1ra aldri)<\/li>\n<li>\u00deegar \u00fe\u00fa \u00e1kve\u00f0ur hva\u00f0a st\u00e6r\u00f0 \u00fe\u00fa pantar getur l\u00edka veri\u00f0 gott a\u00f0 hugsa um hverju \u00fe\u00fa munt oftast vera \u00ed undir jakkanum, og hvort \u00fe\u00fa viljir frekar jakka sem er \u00ed \u00ferengri e\u00f0a v\u00ed\u00f0ari kantinum.<\/li>\n<\/ul>\n<\/div>\n<p>Mamalila jakkar eru framleiddir \u00ed st\u00e6r\u00f0unum XS-XXL. \u00de\u00f3 sni\u00f0in \u00e1 j\u00f6kkunum s\u00e9u \u00f3l\u00edk, samsvara \u00feessar st\u00e6r\u00f0ir almennt eftirfarandi t\u00f6lusettum st\u00e6r\u00f0um:<\/p>\n<div>\n<table>\n<tbody>\n<tr>\n<th>St\u00e6r\u00f0ir hj\u00e1 Mamalila<\/th>\n<th style=\"padding-left: 2em;\">Me\u00f0alst\u00e6r\u00f0<\/th>\n<\/tr>\n<tr>\n<td>XS<\/td>\n<td style=\"padding-left: 2em;\">36 (fits a height up to +\/- 1.67cm)<\/td>\n<\/tr>\n<tr>\n<td>S<\/td>\n<td style=\"padding-left: 2em;\">38<\/td>\n<\/tr>\n<tr>\n<td>M<\/td>\n<td style=\"padding-left: 2em;\">40<\/td>\n<\/tr>\n<tr>\n<td>L<\/td>\n<td style=\"padding-left: 2em;\">42<\/td>\n<\/tr>\n<tr>\n<td>XL<\/td>\n<td style=\"padding-left: 2em;\">44<\/td>\n<\/tr>\n<tr>\n<td>XXL<\/td>\n<td style=\"padding-left: 2em;\">46<\/td>\n<\/tr>\n<\/tbody>\n<\/table>\n<p><span style=\"color: #f0f0f0;\">magapoki, bur\u00f0arpoki, bur\u00f0arsjal<span style=\"color: #ffffff;\">l, burdarpoki<\/span><\/span><\/p>\n<\/div>","protected":false},"excerpt":{"rendered":"<p>G\u00f3\u00f0 vetrar\u00falpa sem hentar \u00e1 me\u00f0g\u00f6ngu, til \u00feess a\u00f0 bera barn, og l\u00edka sem venjuleg \u00falpa.<\/p>","protected":false},"featured_media":752,"comment_status":"closed","ping_status":"closed","template":"","meta":[],"product_brand":[162],"product_cat":[42,20],"product_tag":[63,132,116,97,100,64,167,134],"class_list":{"0":"post-735","1":"product","2":"type-product","3":"status-publish","4":"has-post-thumbnail","6":"product_brand-mamalila","7":"product_cat-baby-wearing","8":"product_cat-jackets","9":"product_tag-baby-wearing","10":"product_tag-burdarpoka","11":"product_tag-burdarsjal","12":"product_tag-mamalila","13":"product_tag-medgongu-ulpa","14":"product_tag-pregnancy-coat","15":"product_tag-winter","16":"product_tag-winter-jacket","17":"product_shipping_class-jacket","19":"first","20":"instock","21":"taxable","22":"shipping-taxable","23":"purchasable","24":"product-type-variable"},"yoast_head":"<!-- This site is optimized with the Yoast SEO plugin v27.4 - https:\/\/yoast.com\/product\/yoast-seo-wordpress\/ -->\n<title>Mamalila Baby Wearing &amp; Pregnancy Parka Copenhagen - me\u00f0g\u00f6ngu \u00falpa - F\u00ednt<\/title>\n<meta name=\"description\" content=\"An urban winter coat from Mamalila for pregnancy, babywearing and thereafter.\" \/>\n<meta name=\"robots\" content=\"index, follow, max-snippet:-1, max-image-preview:large, max-video-preview:-1\" \/>\n<link rel=\"canonical\" href=\"https:\/\/www.fint.is\/is\/product\/winter-baby-wearing-pregnancy-coat-copenhagen\/\" \/>\n<meta property=\"og:locale\" content=\"is_IS\" \/>\n<meta property=\"og:type\" content=\"article\" \/>\n<meta property=\"og:title\" content=\"Mamalila Baby Wearing &amp; Pregnancy Parka Copenhagen - me\u00f0g\u00f6ngu \u00falpa - F\u00ednt\" \/>\n<meta property=\"og:description\" content=\"An urban winter coat from Mamalila for pregnancy, babywearing and thereafter.\" \/>\n<meta property=\"og:url\" content=\"https:\/\/www.fint.is\/is\/product\/winter-baby-wearing-pregnancy-coat-copenhagen\/\" \/>\n<meta property=\"og:site_name\" content=\"F\u00ednt\" \/>\n<meta property=\"article:publisher\" content=\"https:\/\/www.facebook.com\/100090983666893\/\" \/>\n<meta property=\"article:modified_time\" content=\"2026-02-26T17:02:38+00:00\" \/>\n<meta property=\"og:image\" content=\"https:\/\/www.fint.is\/wp-content\/uploads\/mamalila_PC_sw_DSC4447_3_dm.jpg\" \/>\n\t<meta property=\"og:image:width\" content=\"2000\" \/>\n\t<meta property=\"og:image:height\" content=\"1209\" \/>\n\t<meta property=\"og:image:type\" content=\"image\/jpeg\" \/>\n<script type=\"application\/ld+json\" class=\"yoast-schema-graph\">{\"@context\":\"https:\\\/\\\/schema.org\",\"@graph\":[{\"@type\":\"WebPage\",\"@id\":\"https:\\\/\\\/www.fint.is\\\/product\\\/winter-baby-wearing-pregnancy-coat-copenhagen\\\/\",\"url\":\"https:\\\/\\\/www.fint.is\\\/product\\\/winter-baby-wearing-pregnancy-coat-copenhagen\\\/\",\"name\":\"Mamalila Baby Wearing & Pregnancy Parka Copenhagen - me\u00f0g\u00f6ngu \u00falpa - F\u00ednt\",\"isPartOf\":{\"@id\":\"https:\\\/\\\/www.fint.is\\\/is\\\/#website\"},\"primaryImageOfPage\":{\"@id\":\"https:\\\/\\\/www.fint.is\\\/product\\\/winter-baby-wearing-pregnancy-coat-copenhagen\\\/#primaryimage\"},\"image\":{\"@id\":\"https:\\\/\\\/www.fint.is\\\/product\\\/winter-baby-wearing-pregnancy-coat-copenhagen\\\/#primaryimage\"},\"thumbnailUrl\":\"https:\\\/\\\/www.fint.is\\\/wp-content\\\/uploads\\\/mamalila_PC_sw_DSC4447_3_dm.jpg\",\"datePublished\":\"2023-09-01T13:01:47+00:00\",\"dateModified\":\"2026-02-26T17:02:38+00:00\",\"description\":\"An urban winter coat from Mamalila for pregnancy, babywearing and thereafter.\",\"breadcrumb\":{\"@id\":\"https:\\\/\\\/www.fint.is\\\/product\\\/winter-baby-wearing-pregnancy-coat-copenhagen\\\/#breadcrumb\"},\"inLanguage\":\"is\",\"potentialAction\":[{\"@type\":\"ReadAction\",\"target\":[\"https:\\\/\\\/www.fint.is\\\/product\\\/winter-baby-wearing-pregnancy-coat-copenhagen\\\/\"]}]},{\"@type\":\"ImageObject\",\"inLanguage\":\"is\",\"@id\":\"https:\\\/\\\/www.fint.is\\\/product\\\/winter-baby-wearing-pregnancy-coat-copenhagen\\\/#primaryimage\",\"url\":\"https:\\\/\\\/www.fint.is\\\/wp-content\\\/uploads\\\/mamalila_PC_sw_DSC4447_3_dm.jpg\",\"contentUrl\":\"https:\\\/\\\/www.fint.is\\\/wp-content\\\/uploads\\\/mamalila_PC_sw_DSC4447_3_dm.jpg\",\"width\":2000,\"height\":1209},{\"@type\":\"BreadcrumbList\",\"@id\":\"https:\\\/\\\/www.fint.is\\\/product\\\/winter-baby-wearing-pregnancy-coat-copenhagen\\\/#breadcrumb\",\"itemListElement\":[{\"@type\":\"ListItem\",\"position\":1,\"name\":\"Home\",\"item\":\"https:\\\/\\\/www.fint.is\\\/\"},{\"@type\":\"ListItem\",\"position\":2,\"name\":\"Shop\",\"item\":\"https:\\\/\\\/www.fint.is\\\/is\\\/shop\\\/\"},{\"@type\":\"ListItem\",\"position\":3,\"name\":\"Baby wearing\",\"item\":\"https:\\\/\\\/www.fint.is\\\/en\\\/product-category\\\/baby-wearing\\\/\"},{\"@type\":\"ListItem\",\"position\":4,\"name\":\"Mamalila Baby Wearing &#038; Pregnancy Parka Copenhagen &#8211; me\u00f0g\u00f6ngu \u00falpa\"}]},{\"@type\":\"WebSite\",\"@id\":\"https:\\\/\\\/www.fint.is\\\/is\\\/#website\",\"url\":\"https:\\\/\\\/www.fint.is\\\/is\\\/\",\"name\":\"F\u00ednt\",\"description\":\"Barefoot sk\u00f3r, t\u00e1susokkar, og bur\u00f0arpokar\",\"publisher\":{\"@id\":\"https:\\\/\\\/www.fint.is\\\/is\\\/#organization\"},\"alternateName\":\"f\u00ednt.is\",\"potentialAction\":[{\"@type\":\"SearchAction\",\"target\":{\"@type\":\"EntryPoint\",\"urlTemplate\":\"https:\\\/\\\/www.fint.is\\\/is\\\/?s={search_term_string}\"},\"query-input\":{\"@type\":\"PropertyValueSpecification\",\"valueRequired\":true,\"valueName\":\"search_term_string\"}}],\"inLanguage\":\"is\"},{\"@type\":\"Organization\",\"@id\":\"https:\\\/\\\/www.fint.is\\\/is\\\/#organization\",\"name\":\"F\u00ednt\",\"alternateName\":\"Fint\",\"url\":\"https:\\\/\\\/www.fint.is\\\/is\\\/\",\"logo\":{\"@type\":\"ImageObject\",\"inLanguage\":\"is\",\"@id\":\"https:\\\/\\\/www.fint.is\\\/is\\\/#\\\/schema\\\/logo\\\/image\\\/\",\"url\":\"https:\\\/\\\/www.fint.is\\\/wp-content\\\/uploads\\\/logo-colour-small-2.png\",\"contentUrl\":\"https:\\\/\\\/www.fint.is\\\/wp-content\\\/uploads\\\/logo-colour-small-2.png\",\"width\":930,\"height\":711,\"caption\":\"F\u00ednt\"},\"image\":{\"@id\":\"https:\\\/\\\/www.fint.is\\\/is\\\/#\\\/schema\\\/logo\\\/image\\\/\"},\"sameAs\":[\"https:\\\/\\\/www.facebook.com\\\/100090983666893\\\/\",\"https:\\\/\\\/www.instagram.com\\\/fint.verslun\\\/\"]}]}<\/script>\n<!-- \/ Yoast SEO plugin. -->","yoast_head_json":{"title":"Mamalila Baby Wearing & Pregnancy Parka Copenhagen - me\u00f0g\u00f6ngu \u00falpa - F\u00ednt","description":"An urban winter coat from Mamalila for pregnancy, babywearing and thereafter.","robots":{"index":"index","follow":"follow","max-snippet":"max-snippet:-1","max-image-preview":"max-image-preview:large","max-video-preview":"max-video-preview:-1"},"canonical":"https:\/\/www.fint.is\/is\/product\/winter-baby-wearing-pregnancy-coat-copenhagen\/","og_locale":"is_IS","og_type":"article","og_title":"Mamalila Baby Wearing & Pregnancy Parka Copenhagen - me\u00f0g\u00f6ngu \u00falpa - F\u00ednt","og_description":"An urban winter coat from Mamalila for pregnancy, babywearing and thereafter.","og_url":"https:\/\/www.fint.is\/is\/product\/winter-baby-wearing-pregnancy-coat-copenhagen\/","og_site_name":"F\u00ednt","article_publisher":"https:\/\/www.facebook.com\/100090983666893\/","article_modified_time":"2026-02-26T17:02:38+00:00","og_image":[{"width":2000,"height":1209,"url":"https:\/\/www.fint.is\/wp-content\/uploads\/mamalila_PC_sw_DSC4447_3_dm.jpg","type":"image\/jpeg"}],"schema":{"@context":"https:\/\/schema.org","@graph":[{"@type":"WebPage","@id":"https:\/\/www.fint.is\/product\/winter-baby-wearing-pregnancy-coat-copenhagen\/","url":"https:\/\/www.fint.is\/product\/winter-baby-wearing-pregnancy-coat-copenhagen\/","name":"Mamalila Baby Wearing & Pregnancy Parka Copenhagen - me\u00f0g\u00f6ngu \u00falpa - F\u00ednt","isPartOf":{"@id":"https:\/\/www.fint.is\/is\/#website"},"primaryImageOfPage":{"@id":"https:\/\/www.fint.is\/product\/winter-baby-wearing-pregnancy-coat-copenhagen\/#primaryimage"},"image":{"@id":"https:\/\/www.fint.is\/product\/winter-baby-wearing-pregnancy-coat-copenhagen\/#primaryimage"},"thumbnailUrl":"https:\/\/www.fint.is\/wp-content\/uploads\/mamalila_PC_sw_DSC4447_3_dm.jpg","datePublished":"2023-09-01T13:01:47+00:00","dateModified":"2026-02-26T17:02:38+00:00","description":"An urban winter coat from Mamalila for pregnancy, babywearing and thereafter.","breadcrumb":{"@id":"https:\/\/www.fint.is\/product\/winter-baby-wearing-pregnancy-coat-copenhagen\/#breadcrumb"},"inLanguage":"is","potentialAction":[{"@type":"ReadAction","target":["https:\/\/www.fint.is\/product\/winter-baby-wearing-pregnancy-coat-copenhagen\/"]}]},{"@type":"ImageObject","inLanguage":"is","@id":"https:\/\/www.fint.is\/product\/winter-baby-wearing-pregnancy-coat-copenhagen\/#primaryimage","url":"https:\/\/www.fint.is\/wp-content\/uploads\/mamalila_PC_sw_DSC4447_3_dm.jpg","contentUrl":"https:\/\/www.fint.is\/wp-content\/uploads\/mamalila_PC_sw_DSC4447_3_dm.jpg","width":2000,"height":1209},{"@type":"BreadcrumbList","@id":"https:\/\/www.fint.is\/product\/winter-baby-wearing-pregnancy-coat-copenhagen\/#breadcrumb","itemListElement":[{"@type":"ListItem","position":1,"name":"Home","item":"https:\/\/www.fint.is\/"},{"@type":"ListItem","position":2,"name":"Shop","item":"https:\/\/www.fint.is\/is\/shop\/"},{"@type":"ListItem","position":3,"name":"Baby wearing","item":"https:\/\/www.fint.is\/en\/product-category\/baby-wearing\/"},{"@type":"ListItem","position":4,"name":"Mamalila Baby Wearing &#038; Pregnancy Parka Copenhagen &#8211; me\u00f0g\u00f6ngu \u00falpa"}]},{"@type":"WebSite","@id":"https:\/\/www.fint.is\/is\/#website","url":"https:\/\/www.fint.is\/is\/","name":"F\u00ednt","description":"Barefoot sk\u00f3r, t\u00e1sokkar, og bur\u00f0arpokar","publisher":{"@id":"https:\/\/www.fint.is\/is\/#organization"},"alternateName":"f\u00ednt.is","potentialAction":[{"@type":"SearchAction","target":{"@type":"EntryPoint","urlTemplate":"https:\/\/www.fint.is\/is\/?s={search_term_string}"},"query-input":{"@type":"PropertyValueSpecification","valueRequired":true,"valueName":"search_term_string"}}],"inLanguage":"is"},{"@type":"Organization","@id":"https:\/\/www.fint.is\/is\/#organization","name":"F\u00ednt","alternateName":"Fint","url":"https:\/\/www.fint.is\/is\/","logo":{"@type":"ImageObject","inLanguage":"is","@id":"https:\/\/www.fint.is\/is\/#\/schema\/logo\/image\/","url":"https:\/\/www.fint.is\/wp-content\/uploads\/logo-colour-small-2.png","contentUrl":"https:\/\/www.fint.is\/wp-content\/uploads\/logo-colour-small-2.png","width":930,"height":711,"caption":"F\u00ednt"},"image":{"@id":"https:\/\/www.fint.is\/is\/#\/schema\/logo\/image\/"},"sameAs":["https:\/\/www.facebook.com\/100090983666893\/","https:\/\/www.instagram.com\/fint.verslun\/"]}]}},"_links":{"self":[{"href":"https:\/\/www.fint.is\/is\/wp-json\/wp\/v2\/product\/735","targetHints":{"allow":["GET"]}}],"collection":[{"href":"https:\/\/www.fint.is\/is\/wp-json\/wp\/v2\/product"}],"about":[{"href":"https:\/\/www.fint.is\/is\/wp-json\/wp\/v2\/types\/product"}],"replies":[{"embeddable":true,"href":"https:\/\/www.fint.is\/is\/wp-json\/wp\/v2\/comments?post=735"}],"wp:featuredmedia":[{"embeddable":true,"href":"https:\/\/www.fint.is\/is\/wp-json\/wp\/v2\/media\/752"}],"wp:attachment":[{"href":"https:\/\/www.fint.is\/is\/wp-json\/wp\/v2\/media?parent=735"}],"wp:term":[{"taxonomy":"product_brand","embeddable":true,"href":"https:\/\/www.fint.is\/is\/wp-json\/wp\/v2\/product_brand?post=735"},{"taxonomy":"product_cat","embeddable":true,"href":"https:\/\/www.fint.is\/is\/wp-json\/wp\/v2\/product_cat?post=735"},{"taxonomy":"product_tag","embeddable":true,"href":"https:\/\/www.fint.is\/is\/wp-json\/wp\/v2\/product_tag?post=735"}],"curies":[{"name":"wp","href":"https:\/\/api.w.org\/{rel}","templated":true}]}}