{"id":710,"date":"2023-08-31T15:55:19","date_gmt":"2023-08-31T15:55:19","guid":{"rendered":"https:\/\/www.fint.is\/?post_type=product&#038;p=710"},"modified":"2026-02-26T17:02:38","modified_gmt":"2026-02-26T17:02:38","slug":"didyfix-burdarpokar","status":"publish","type":"product","link":"https:\/\/www.fint.is\/is\/product\/didyfix-burdarpokar\/","title":{"rendered":"Didymos DidyFix &#8211; bur\u00f0arpoki"},"content":{"rendered":"<p>DidyFix ungbarnapokarnir eru einfaldir \u00ed uppsetningu, me\u00f0 sylgju, stillanlegir og \u00fe\u00e6gilegir. Smelltu sylgjunni og \u00fe\u00fa ert tilb\u00fain(n)! S\u00e6tisbreiddin er stillanleg og sty\u00f0ur vi\u00f0 g\u00f3\u00f0a l\u00edkamsst\u00f6\u00f0u hj\u00e1 barninu, svokalla\u00f0a \"spread-squat\" st\u00f6\u00f0u. H\u00e6\u00f0 spjaldsins m\u00e1 einnig stilla til \u00feess a\u00f0 passa \u00e1 barni\u00f0 \u00feitt. \u00dat af \u00feessum fj\u00f6lbreyttu m\u00f6guleikum \u00e1 \u00fev\u00ed a\u00f0 stilla pokann er DidyFix bur\u00f0arpoki sem vex me\u00f0 barninu \u00fe\u00ednu fr\u00e1 f\u00e6\u00f0ingu \u00feanga\u00f0 til \u00fea\u00f0 er fari\u00f0 a\u00f0 ganga. Axlar\u00f3larnar eru f\u00f3\u00f0ra\u00f0ar, \u00fea\u00f0 m\u00e1 stilla hvora \u00ed s\u00ednu lagi og \u00fea\u00f0 er h\u00e6vt a\u00f0 velja um a\u00f0 krossa \u00fe\u00e6r \u00e1 bakinu e\u00f0a ekki, eftir \u00fev\u00ed hvort \u00fe\u00e9r finnst \u00fe\u00e6gilegra. \u00de\u00fa getur haft barni\u00f0 \u00feitt framan \u00e1 \u00fe\u00e9r, aftan \u00e1 \u00fe\u00e9r, e\u00f0a \u00e1 mj\u00f6\u00f0munum \u00fe\u00ednum, og \u00e1 me\u00f0an eru hendurnar \u00fe\u00ednar frj\u00e1lsar!<\/p>\n<p>Helstu atri\u00f0i:<\/p>\n<ul>\n<li>Einfaldur bur\u00f0arpoki me\u00f0 sylgju<\/li>\n<li>Fyrir alla aldra fr\u00e1 f\u00e6\u00f0ingu, fr\u00e1 3,5kg til 20kg<\/li>\n<li>Bur\u00f0arst\u00f6\u00f0ur: Framan \u00e1, aftan \u00e1 og \u00e1 mj\u00f6\u00f0m<\/li>\n<li>Mja\u00f0mar\u00f3l \u00fear sem stilla m\u00e1 breidd s\u00e6tis<\/li>\n<li>Bakspjald sem h\u00e6gt er a\u00f0 stilla eftir h\u00e6\u00f0 barns<\/li>\n<li>Efni\u00f0 teygist horn \u00ed horn og veitir h\u00e1lsi barnsins jafnan stu\u00f0ning<\/li>\n<li>H\u00f6fu\u00f0- og h\u00e1lshv\u00edlur fyrir barni\u00f0 sem h\u00e6gt er a\u00f0 stilla<\/li>\n<li>F\u00f3\u00f0ra\u00f0ar axlar\u00f3lar sem h\u00e6gt er a\u00f0 stilla hvora \u00ed s\u00ednu lagi, h\u00e6gt a\u00f0 krossa e\u00f0a ekki<\/li>\n<li>Tv\u00edstefnusylgja \u00e1 axlar\u00f3lum<\/li>\n<li>F\u00f3\u00f0run \u00fear sem f\u00e6tur barnsins koma \u00fat \u00far pokanum<\/li>\n<li>L\u00e1ttur (660g) og l\u00edtill \u00feegar samanbrotinn (um 35x13x6cm), fullkominn \u00ed fer\u00f0alagi\u00f0<\/li>\n<li>B\u00fai\u00f0 til \u00far s\u00f6mu l\u00edfr\u00e6nu efnunum og DIDYMOS vefjurnar<\/li>\n<li>Framleitt hj\u00e1 vel v\u00f6ldum samstarfsa\u00f0ila<\/li>\n<li>Samr\u00e6mist \u00f6ryggisst\u00f6\u00f0lunum CEN\/TR 16512:2015 og ASTM F2236-16a\/16CFR 1226<\/li>\n<\/ul>\n<p><span style=\"color: #808080;\"><em>DIDYMOS is a company with a long tradition. We play a significant role in the successful story of baby- and child wearing since 1972. Our Baby Wrap Slings and Baby Carriers have found their places in the everyday lives of families and enthusiastic parents and children throughout the world. The DIDYMOS name is synonymous with high quality, beauty, commitment to the future.<\/em><\/span><\/p>\n<p><span style=\"color: #f0f0f0;\">magapoki, bur\u00f0arpoki, bur\u00f0arsjal<span style=\"color: #ffffff;\">l, burdarpoki<\/span><\/span><\/p>","protected":false},"excerpt":{"rendered":"<p>DidiFix ungbarnapokarnir eru einfaldir \u00ed uppsetningu, me\u00f0 sylgju, stillanlegir og \u00fe\u00e6gilegir.<\/p>","protected":false},"featured_media":3192,"comment_status":"closed","ping_status":"closed","template":"","meta":[],"product_brand":[163],"product_cat":[42,21],"product_tag":[144,132,68,61,98,142,135,141],"class_list":{"0":"post-710","1":"product","2":"type-product","3":"status-publish","4":"has-post-thumbnail","6":"product_brand-didymos","7":"product_cat-baby-wearing","8":"product_cat-carry-bags-wraps-burdarpokar","9":"product_tag-baby","10":"product_tag-burdarpoka","11":"product_tag-carry-bag","12":"product_tag-didyfix","13":"product_tag-didymos","14":"product_tag-full-buckle","15":"product_tag-not-winter","16":"product_tag-toddler","17":"product_shipping_class-carrier","19":"first","20":"outofstock","21":"taxable","22":"shipping-taxable","23":"product-type-variable"},"yoast_head":"<!-- This site is optimized with the Yoast SEO plugin v27.5 - https:\/\/yoast.com\/product\/yoast-seo-wordpress\/ -->\n<title>Didymos DidyFix - bur\u00f0arpoki - F\u00ednt<\/title>\n<meta name=\"description\" content=\"Quick and easy to set up, the DidyFix baby carrier, as a simplified full buckle carrier, is fully adjustable and provides natural comfort.\" \/>\n<meta name=\"robots\" content=\"index, follow, max-snippet:-1, max-image-preview:large, max-video-preview:-1\" \/>\n<link rel=\"canonical\" href=\"https:\/\/www.fint.is\/is\/product\/didyfix-burdarpokar\/\" \/>\n<meta property=\"og:locale\" content=\"is_IS\" \/>\n<meta property=\"og:type\" content=\"article\" \/>\n<meta property=\"og:title\" content=\"Didymos DidyFix - bur\u00f0arpoki - F\u00ednt\" \/>\n<meta property=\"og:description\" content=\"Quick and easy to set up, the DidyFix baby carrier, as a simplified full buckle carrier, is fully adjustable and provides natural comfort.\" \/>\n<meta property=\"og:url\" content=\"https:\/\/www.fint.is\/is\/product\/didyfix-burdarpokar\/\" \/>\n<meta property=\"og:site_name\" content=\"F\u00ednt\" \/>\n<meta property=\"article:publisher\" content=\"https:\/\/www.facebook.com\/100090983666893\/\" \/>\n<meta property=\"article:modified_time\" content=\"2026-02-26T17:02:38+00:00\" \/>\n<meta property=\"og:image\" content=\"https:\/\/www.fint.is\/wp-content\/uploads\/39968_3.webp\" \/>\n\t<meta property=\"og:image:width\" content=\"1000\" \/>\n\t<meta property=\"og:image:height\" content=\"1000\" \/>\n\t<meta property=\"og:image:type\" content=\"image\/webp\" \/>\n<script type=\"application\/ld+json\" class=\"yoast-schema-graph\">{\"@context\":\"https:\\\/\\\/schema.org\",\"@graph\":[{\"@type\":\"WebPage\",\"@id\":\"https:\\\/\\\/www.fint.is\\\/product\\\/didyfix-burdarpokar\\\/\",\"url\":\"https:\\\/\\\/www.fint.is\\\/product\\\/didyfix-burdarpokar\\\/\",\"name\":\"Didymos DidyFix - bur\u00f0arpoki - F\u00ednt\",\"isPartOf\":{\"@id\":\"https:\\\/\\\/www.fint.is\\\/is\\\/#website\"},\"primaryImageOfPage\":{\"@id\":\"https:\\\/\\\/www.fint.is\\\/product\\\/didyfix-burdarpokar\\\/#primaryimage\"},\"image\":{\"@id\":\"https:\\\/\\\/www.fint.is\\\/product\\\/didyfix-burdarpokar\\\/#primaryimage\"},\"thumbnailUrl\":\"https:\\\/\\\/www.fint.is\\\/wp-content\\\/uploads\\\/39968_3.webp\",\"datePublished\":\"2023-08-31T15:55:19+00:00\",\"dateModified\":\"2026-02-26T17:02:38+00:00\",\"description\":\"Quick and easy to set up, the DidyFix baby carrier, as a simplified full buckle carrier, is fully adjustable and provides natural comfort.\",\"breadcrumb\":{\"@id\":\"https:\\\/\\\/www.fint.is\\\/product\\\/didyfix-burdarpokar\\\/#breadcrumb\"},\"inLanguage\":\"is\",\"potentialAction\":[{\"@type\":\"ReadAction\",\"target\":[\"https:\\\/\\\/www.fint.is\\\/product\\\/didyfix-burdarpokar\\\/\"]}]},{\"@type\":\"ImageObject\",\"inLanguage\":\"is\",\"@id\":\"https:\\\/\\\/www.fint.is\\\/product\\\/didyfix-burdarpokar\\\/#primaryimage\",\"url\":\"https:\\\/\\\/www.fint.is\\\/wp-content\\\/uploads\\\/39968_3.webp\",\"contentUrl\":\"https:\\\/\\\/www.fint.is\\\/wp-content\\\/uploads\\\/39968_3.webp\",\"width\":1000,\"height\":1000},{\"@type\":\"BreadcrumbList\",\"@id\":\"https:\\\/\\\/www.fint.is\\\/product\\\/didyfix-burdarpokar\\\/#breadcrumb\",\"itemListElement\":[{\"@type\":\"ListItem\",\"position\":1,\"name\":\"Home\",\"item\":\"https:\\\/\\\/www.fint.is\\\/\"},{\"@type\":\"ListItem\",\"position\":2,\"name\":\"Shop\",\"item\":\"https:\\\/\\\/www.fint.is\\\/is\\\/shop\\\/\"},{\"@type\":\"ListItem\",\"position\":3,\"name\":\"Baby wearing\",\"item\":\"https:\\\/\\\/www.fint.is\\\/en\\\/product-category\\\/baby-wearing\\\/\"},{\"@type\":\"ListItem\",\"position\":4,\"name\":\"Carry bags and wraps\",\"item\":\"https:\\\/\\\/www.fint.is\\\/is\\\/product-category\\\/baby-wearing\\\/carry-bags-wraps-burdarpokar\\\/\"},{\"@type\":\"ListItem\",\"position\":5,\"name\":\"Didymos DidyFix &#8211; bur\u00f0arpoki\"}]},{\"@type\":\"WebSite\",\"@id\":\"https:\\\/\\\/www.fint.is\\\/is\\\/#website\",\"url\":\"https:\\\/\\\/www.fint.is\\\/is\\\/\",\"name\":\"F\u00ednt\",\"description\":\"Barefoot sk\u00f3r, t\u00e1susokkar, og bur\u00f0arpokar\",\"publisher\":{\"@id\":\"https:\\\/\\\/www.fint.is\\\/is\\\/#organization\"},\"alternateName\":\"f\u00ednt.is\",\"potentialAction\":[{\"@type\":\"SearchAction\",\"target\":{\"@type\":\"EntryPoint\",\"urlTemplate\":\"https:\\\/\\\/www.fint.is\\\/is\\\/?s={search_term_string}\"},\"query-input\":{\"@type\":\"PropertyValueSpecification\",\"valueRequired\":true,\"valueName\":\"search_term_string\"}}],\"inLanguage\":\"is\"},{\"@type\":\"Organization\",\"@id\":\"https:\\\/\\\/www.fint.is\\\/is\\\/#organization\",\"name\":\"F\u00ednt\",\"alternateName\":\"Fint\",\"url\":\"https:\\\/\\\/www.fint.is\\\/is\\\/\",\"logo\":{\"@type\":\"ImageObject\",\"inLanguage\":\"is\",\"@id\":\"https:\\\/\\\/www.fint.is\\\/is\\\/#\\\/schema\\\/logo\\\/image\\\/\",\"url\":\"https:\\\/\\\/www.fint.is\\\/wp-content\\\/uploads\\\/logo-colour-small-2.png\",\"contentUrl\":\"https:\\\/\\\/www.fint.is\\\/wp-content\\\/uploads\\\/logo-colour-small-2.png\",\"width\":930,\"height\":711,\"caption\":\"F\u00ednt\"},\"image\":{\"@id\":\"https:\\\/\\\/www.fint.is\\\/is\\\/#\\\/schema\\\/logo\\\/image\\\/\"},\"sameAs\":[\"https:\\\/\\\/www.facebook.com\\\/100090983666893\\\/\",\"https:\\\/\\\/www.instagram.com\\\/fint.verslun\\\/\"]}]}<\/script>\n<!-- \/ Yoast SEO plugin. -->","yoast_head_json":{"title":"Didymos DidyFix - bur\u00f0arpoki - F\u00ednt","description":"DidiFix ungbarnapokarnir eru einfaldir \u00ed uppsetningu, me\u00f0 sylgju, stillanlegir og \u00fe\u00e6gilegir.","robots":{"index":"index","follow":"follow","max-snippet":"max-snippet:-1","max-image-preview":"max-image-preview:large","max-video-preview":"max-video-preview:-1"},"canonical":"https:\/\/www.fint.is\/is\/product\/didyfix-burdarpokar\/","og_locale":"is_IS","og_type":"article","og_title":"Didymos DidyFix - bur\u00f0arpoki - F\u00ednt","og_description":"Quick and easy to set up, the DidyFix baby carrier, as a simplified full buckle carrier, is fully adjustable and provides natural comfort.","og_url":"https:\/\/www.fint.is\/is\/product\/didyfix-burdarpokar\/","og_site_name":"F\u00ednt","article_publisher":"https:\/\/www.facebook.com\/100090983666893\/","article_modified_time":"2026-02-26T17:02:38+00:00","og_image":[{"width":1000,"height":1000,"url":"https:\/\/www.fint.is\/wp-content\/uploads\/39968_3.webp","type":"image\/webp"}],"schema":{"@context":"https:\/\/schema.org","@graph":[{"@type":"WebPage","@id":"https:\/\/www.fint.is\/product\/didyfix-burdarpokar\/","url":"https:\/\/www.fint.is\/product\/didyfix-burdarpokar\/","name":"Didymos DidyFix - bur\u00f0arpoki - F\u00ednt","isPartOf":{"@id":"https:\/\/www.fint.is\/is\/#website"},"primaryImageOfPage":{"@id":"https:\/\/www.fint.is\/product\/didyfix-burdarpokar\/#primaryimage"},"image":{"@id":"https:\/\/www.fint.is\/product\/didyfix-burdarpokar\/#primaryimage"},"thumbnailUrl":"https:\/\/www.fint.is\/wp-content\/uploads\/39968_3.webp","datePublished":"2023-08-31T15:55:19+00:00","dateModified":"2026-02-26T17:02:38+00:00","description":"DidiFix ungbarnapokarnir eru einfaldir \u00ed uppsetningu, me\u00f0 sylgju, stillanlegir og \u00fe\u00e6gilegir.","breadcrumb":{"@id":"https:\/\/www.fint.is\/product\/didyfix-burdarpokar\/#breadcrumb"},"inLanguage":"is","potentialAction":[{"@type":"ReadAction","target":["https:\/\/www.fint.is\/product\/didyfix-burdarpokar\/"]}]},{"@type":"ImageObject","inLanguage":"is","@id":"https:\/\/www.fint.is\/product\/didyfix-burdarpokar\/#primaryimage","url":"https:\/\/www.fint.is\/wp-content\/uploads\/39968_3.webp","contentUrl":"https:\/\/www.fint.is\/wp-content\/uploads\/39968_3.webp","width":1000,"height":1000},{"@type":"BreadcrumbList","@id":"https:\/\/www.fint.is\/product\/didyfix-burdarpokar\/#breadcrumb","itemListElement":[{"@type":"ListItem","position":1,"name":"Home","item":"https:\/\/www.fint.is\/"},{"@type":"ListItem","position":2,"name":"Shop","item":"https:\/\/www.fint.is\/is\/shop\/"},{"@type":"ListItem","position":3,"name":"Baby wearing","item":"https:\/\/www.fint.is\/en\/product-category\/baby-wearing\/"},{"@type":"ListItem","position":4,"name":"Carry bags and wraps","item":"https:\/\/www.fint.is\/is\/product-category\/baby-wearing\/carry-bags-wraps-burdarpokar\/"},{"@type":"ListItem","position":5,"name":"Didymos DidyFix &#8211; bur\u00f0arpoki"}]},{"@type":"WebSite","@id":"https:\/\/www.fint.is\/is\/#website","url":"https:\/\/www.fint.is\/is\/","name":"F\u00ednt","description":"Barefoot sk\u00f3r, t\u00e1sokkar, og bur\u00f0arpokar","publisher":{"@id":"https:\/\/www.fint.is\/is\/#organization"},"alternateName":"f\u00ednt.is","potentialAction":[{"@type":"SearchAction","target":{"@type":"EntryPoint","urlTemplate":"https:\/\/www.fint.is\/is\/?s={search_term_string}"},"query-input":{"@type":"PropertyValueSpecification","valueRequired":true,"valueName":"search_term_string"}}],"inLanguage":"is"},{"@type":"Organization","@id":"https:\/\/www.fint.is\/is\/#organization","name":"F\u00ednt","alternateName":"Fint","url":"https:\/\/www.fint.is\/is\/","logo":{"@type":"ImageObject","inLanguage":"is","@id":"https:\/\/www.fint.is\/is\/#\/schema\/logo\/image\/","url":"https:\/\/www.fint.is\/wp-content\/uploads\/logo-colour-small-2.png","contentUrl":"https:\/\/www.fint.is\/wp-content\/uploads\/logo-colour-small-2.png","width":930,"height":711,"caption":"F\u00ednt"},"image":{"@id":"https:\/\/www.fint.is\/is\/#\/schema\/logo\/image\/"},"sameAs":["https:\/\/www.facebook.com\/100090983666893\/","https:\/\/www.instagram.com\/fint.verslun\/"]}]}},"_links":{"self":[{"href":"https:\/\/www.fint.is\/is\/wp-json\/wp\/v2\/product\/710","targetHints":{"allow":["GET"]}}],"collection":[{"href":"https:\/\/www.fint.is\/is\/wp-json\/wp\/v2\/product"}],"about":[{"href":"https:\/\/www.fint.is\/is\/wp-json\/wp\/v2\/types\/product"}],"replies":[{"embeddable":true,"href":"https:\/\/www.fint.is\/is\/wp-json\/wp\/v2\/comments?post=710"}],"wp:featuredmedia":[{"embeddable":true,"href":"https:\/\/www.fint.is\/is\/wp-json\/wp\/v2\/media\/3192"}],"wp:attachment":[{"href":"https:\/\/www.fint.is\/is\/wp-json\/wp\/v2\/media?parent=710"}],"wp:term":[{"taxonomy":"product_brand","embeddable":true,"href":"https:\/\/www.fint.is\/is\/wp-json\/wp\/v2\/product_brand?post=710"},{"taxonomy":"product_cat","embeddable":true,"href":"https:\/\/www.fint.is\/is\/wp-json\/wp\/v2\/product_cat?post=710"},{"taxonomy":"product_tag","embeddable":true,"href":"https:\/\/www.fint.is\/is\/wp-json\/wp\/v2\/product_tag?post=710"}],"curies":[{"name":"wp","href":"https:\/\/api.w.org\/{rel}","templated":true}]}}