{"id":653,"date":"2023-08-30T13:15:39","date_gmt":"2023-08-30T13:15:39","guid":{"rendered":"https:\/\/www.fint.is\/?post_type=product&#038;p=653"},"modified":"2026-02-26T17:02:38","modified_gmt":"2026-02-26T17:02:38","slug":"rainbow-toes","status":"publish","type":"product","link":"https:\/\/www.fint.is\/is\/product\/rainbow-toes\/","title":{"rendered":"Everyday Rainbows Knitido &#8211; t\u00e1sokkar"},"content":{"rendered":"<p>Hversdagssokkar fr\u00e1 Knitido me\u00f0 s\u00e9rst\u00f6kum lit fyrir hverja t\u00e1, til a\u00f0 l\u00edfga upp \u00e1 daginn.<\/p>\n<p>Stuttir b\u00f3mullarsokkar me\u00f0 litr\u00edkum t\u00e1m.<\/p>\n<p>Mi\u00f0lungsefni, \u00far 95% b\u00f3mull, 4% n\u00e6lon, 1% elast\u00edn.<\/p>\n<p>F\u00e1anlegir \u00ed st\u00e6r\u00f0um 35-38 \/ 39-42 \/ 43-46<\/p>\n<p>(t\u00e1susokkar)<\/p>","protected":false},"excerpt":{"rendered":"<p>Hversdagssokkar me\u00f0 s\u00e9rst\u00f6kum lit fyrir hverja t\u00e1, til a\u00f0 l\u00edfga upp \u00e1 daginn.<\/p>","protected":false},"featured_media":668,"comment_status":"closed","ping_status":"closed","template":"","meta":[],"product_brand":[166],"product_cat":[36],"product_tag":[59,51,135,58],"class_list":{"0":"post-653","1":"product","2":"type-product","3":"status-publish","4":"has-post-thumbnail","6":"product_brand-knitido","7":"product_cat-socks","8":"product_tag-colourful-toes","9":"product_tag-knitido","10":"product_tag-not-winter","11":"product_tag-rainbow-socks","12":"product_shipping_class-toe-socks","14":"first","15":"instock","16":"taxable","17":"shipping-taxable","18":"purchasable","19":"product-type-variable"},"yoast_head":"<!-- This site is optimized with the Yoast SEO plugin v27.5 - https:\/\/yoast.com\/product\/yoast-seo-wordpress\/ -->\n<title>Everyday Rainbows Knitido - t\u00e1sokkar - F\u00ednt<\/title>\n<meta name=\"description\" content=\"\u00de\u00e6gilegir t\u00e1sokkar sem l\u00edfga upp \u00e1 daginn me\u00f0 \u00fev\u00ed a\u00f0 gefa hverri t\u00e1 eigin lit. F\u00e1anlegir \u00ed fimm mismunandi litasamsetningum.\" \/>\n<meta name=\"robots\" content=\"index, follow, max-snippet:-1, max-image-preview:large, max-video-preview:-1\" \/>\n<link rel=\"canonical\" href=\"https:\/\/www.fint.is\/is\/product\/rainbow-toes\/\" \/>\n<meta property=\"og:locale\" content=\"is_IS\" \/>\n<meta property=\"og:type\" content=\"article\" \/>\n<meta property=\"og:title\" content=\"Everyday Rainbows Knitido - t\u00e1sokkar - F\u00ednt\" \/>\n<meta property=\"og:description\" content=\"\u00de\u00e6gilegir t\u00e1sokkar sem l\u00edfga upp \u00e1 daginn me\u00f0 \u00fev\u00ed a\u00f0 gefa hverri t\u00e1 eigin lit. F\u00e1anlegir \u00ed fimm mismunandi litasamsetningum.\" \/>\n<meta property=\"og:url\" content=\"https:\/\/www.fint.is\/is\/product\/rainbow-toes\/\" \/>\n<meta property=\"og:site_name\" content=\"F\u00ednt\" \/>\n<meta property=\"article:publisher\" content=\"https:\/\/www.facebook.com\/100090983666893\/\" \/>\n<meta property=\"article:modified_time\" content=\"2026-02-26T17:02:38+00:00\" \/>\n<meta property=\"og:image\" content=\"https:\/\/www.fint.is\/wp-content\/uploads\/8303_111-scaled.jpg\" \/>\n\t<meta property=\"og:image:width\" content=\"2560\" \/>\n\t<meta property=\"og:image:height\" content=\"1707\" \/>\n\t<meta property=\"og:image:type\" content=\"image\/jpeg\" \/>\n<script type=\"application\/ld+json\" class=\"yoast-schema-graph\">{\"@context\":\"https:\\\/\\\/schema.org\",\"@graph\":[{\"@type\":\"WebPage\",\"@id\":\"https:\\\/\\\/www.fint.is\\\/product\\\/rainbow-toes\\\/\",\"url\":\"https:\\\/\\\/www.fint.is\\\/product\\\/rainbow-toes\\\/\",\"name\":\"Everyday Rainbows Knitido - t\u00e1sokkar - F\u00ednt\",\"isPartOf\":{\"@id\":\"https:\\\/\\\/www.fint.is\\\/is\\\/#website\"},\"primaryImageOfPage\":{\"@id\":\"https:\\\/\\\/www.fint.is\\\/product\\\/rainbow-toes\\\/#primaryimage\"},\"image\":{\"@id\":\"https:\\\/\\\/www.fint.is\\\/product\\\/rainbow-toes\\\/#primaryimage\"},\"thumbnailUrl\":\"https:\\\/\\\/www.fint.is\\\/wp-content\\\/uploads\\\/8303_111-scaled.jpg\",\"datePublished\":\"2023-08-30T13:15:39+00:00\",\"dateModified\":\"2026-02-26T17:02:38+00:00\",\"description\":\"\u00de\u00e6gilegir t\u00e1sokkar sem l\u00edfga upp \u00e1 daginn me\u00f0 \u00fev\u00ed a\u00f0 gefa hverri t\u00e1 eigin lit. F\u00e1anlegir \u00ed fimm mismunandi litasamsetningum.\",\"breadcrumb\":{\"@id\":\"https:\\\/\\\/www.fint.is\\\/product\\\/rainbow-toes\\\/#breadcrumb\"},\"inLanguage\":\"is\",\"potentialAction\":[{\"@type\":\"ReadAction\",\"target\":[\"https:\\\/\\\/www.fint.is\\\/product\\\/rainbow-toes\\\/\"]}]},{\"@type\":\"ImageObject\",\"inLanguage\":\"is\",\"@id\":\"https:\\\/\\\/www.fint.is\\\/product\\\/rainbow-toes\\\/#primaryimage\",\"url\":\"https:\\\/\\\/www.fint.is\\\/wp-content\\\/uploads\\\/8303_111-scaled.jpg\",\"contentUrl\":\"https:\\\/\\\/www.fint.is\\\/wp-content\\\/uploads\\\/8303_111-scaled.jpg\",\"width\":2560,\"height\":1707},{\"@type\":\"BreadcrumbList\",\"@id\":\"https:\\\/\\\/www.fint.is\\\/product\\\/rainbow-toes\\\/#breadcrumb\",\"itemListElement\":[{\"@type\":\"ListItem\",\"position\":1,\"name\":\"Home\",\"item\":\"https:\\\/\\\/www.fint.is\\\/\"},{\"@type\":\"ListItem\",\"position\":2,\"name\":\"Shop\",\"item\":\"https:\\\/\\\/www.fint.is\\\/is\\\/shop\\\/\"},{\"@type\":\"ListItem\",\"position\":3,\"name\":\"Toe socks\",\"item\":\"https:\\\/\\\/www.fint.is\\\/is\\\/product-category\\\/socks\\\/\"},{\"@type\":\"ListItem\",\"position\":4,\"name\":\"Everyday Rainbows Knitido &#8211; t\u00e1sokkar\"}]},{\"@type\":\"WebSite\",\"@id\":\"https:\\\/\\\/www.fint.is\\\/is\\\/#website\",\"url\":\"https:\\\/\\\/www.fint.is\\\/is\\\/\",\"name\":\"F\u00ednt\",\"description\":\"Barefoot sk\u00f3r, t\u00e1susokkar, og bur\u00f0arpokar\",\"publisher\":{\"@id\":\"https:\\\/\\\/www.fint.is\\\/is\\\/#organization\"},\"alternateName\":\"f\u00ednt.is\",\"potentialAction\":[{\"@type\":\"SearchAction\",\"target\":{\"@type\":\"EntryPoint\",\"urlTemplate\":\"https:\\\/\\\/www.fint.is\\\/is\\\/?s={search_term_string}\"},\"query-input\":{\"@type\":\"PropertyValueSpecification\",\"valueRequired\":true,\"valueName\":\"search_term_string\"}}],\"inLanguage\":\"is\"},{\"@type\":\"Organization\",\"@id\":\"https:\\\/\\\/www.fint.is\\\/is\\\/#organization\",\"name\":\"F\u00ednt\",\"alternateName\":\"Fint\",\"url\":\"https:\\\/\\\/www.fint.is\\\/is\\\/\",\"logo\":{\"@type\":\"ImageObject\",\"inLanguage\":\"is\",\"@id\":\"https:\\\/\\\/www.fint.is\\\/is\\\/#\\\/schema\\\/logo\\\/image\\\/\",\"url\":\"https:\\\/\\\/www.fint.is\\\/wp-content\\\/uploads\\\/logo-colour-small-2.png\",\"contentUrl\":\"https:\\\/\\\/www.fint.is\\\/wp-content\\\/uploads\\\/logo-colour-small-2.png\",\"width\":930,\"height\":711,\"caption\":\"F\u00ednt\"},\"image\":{\"@id\":\"https:\\\/\\\/www.fint.is\\\/is\\\/#\\\/schema\\\/logo\\\/image\\\/\"},\"sameAs\":[\"https:\\\/\\\/www.facebook.com\\\/100090983666893\\\/\",\"https:\\\/\\\/www.instagram.com\\\/fint.verslun\\\/\"]}]}<\/script>\n<!-- \/ Yoast SEO plugin. -->","yoast_head_json":{"title":"Everyday Rainbows Knitido - t\u00e1sokkar - F\u00ednt","description":"\u00de\u00e6gilegir t\u00e1sokkar sem l\u00edfga upp \u00e1 daginn me\u00f0 \u00fev\u00ed a\u00f0 gefa hverri t\u00e1 eigin lit. F\u00e1anlegir \u00ed fimm mismunandi litasamsetningum.","robots":{"index":"index","follow":"follow","max-snippet":"max-snippet:-1","max-image-preview":"max-image-preview:large","max-video-preview":"max-video-preview:-1"},"canonical":"https:\/\/www.fint.is\/is\/product\/rainbow-toes\/","og_locale":"is_IS","og_type":"article","og_title":"Everyday Rainbows Knitido - t\u00e1sokkar - F\u00ednt","og_description":"\u00de\u00e6gilegir t\u00e1sokkar sem l\u00edfga upp \u00e1 daginn me\u00f0 \u00fev\u00ed a\u00f0 gefa hverri t\u00e1 eigin lit. F\u00e1anlegir \u00ed fimm mismunandi litasamsetningum.","og_url":"https:\/\/www.fint.is\/is\/product\/rainbow-toes\/","og_site_name":"F\u00ednt","article_publisher":"https:\/\/www.facebook.com\/100090983666893\/","article_modified_time":"2026-02-26T17:02:38+00:00","og_image":[{"width":2560,"height":1707,"url":"https:\/\/www.fint.is\/wp-content\/uploads\/8303_111-scaled.jpg","type":"image\/jpeg"}],"schema":{"@context":"https:\/\/schema.org","@graph":[{"@type":"WebPage","@id":"https:\/\/www.fint.is\/product\/rainbow-toes\/","url":"https:\/\/www.fint.is\/product\/rainbow-toes\/","name":"Everyday Rainbows Knitido - t\u00e1sokkar - F\u00ednt","isPartOf":{"@id":"https:\/\/www.fint.is\/is\/#website"},"primaryImageOfPage":{"@id":"https:\/\/www.fint.is\/product\/rainbow-toes\/#primaryimage"},"image":{"@id":"https:\/\/www.fint.is\/product\/rainbow-toes\/#primaryimage"},"thumbnailUrl":"https:\/\/www.fint.is\/wp-content\/uploads\/8303_111-scaled.jpg","datePublished":"2023-08-30T13:15:39+00:00","dateModified":"2026-02-26T17:02:38+00:00","description":"\u00de\u00e6gilegir t\u00e1sokkar sem l\u00edfga upp \u00e1 daginn me\u00f0 \u00fev\u00ed a\u00f0 gefa hverri t\u00e1 eigin lit. F\u00e1anlegir \u00ed fimm mismunandi litasamsetningum.","breadcrumb":{"@id":"https:\/\/www.fint.is\/product\/rainbow-toes\/#breadcrumb"},"inLanguage":"is","potentialAction":[{"@type":"ReadAction","target":["https:\/\/www.fint.is\/product\/rainbow-toes\/"]}]},{"@type":"ImageObject","inLanguage":"is","@id":"https:\/\/www.fint.is\/product\/rainbow-toes\/#primaryimage","url":"https:\/\/www.fint.is\/wp-content\/uploads\/8303_111-scaled.jpg","contentUrl":"https:\/\/www.fint.is\/wp-content\/uploads\/8303_111-scaled.jpg","width":2560,"height":1707},{"@type":"BreadcrumbList","@id":"https:\/\/www.fint.is\/product\/rainbow-toes\/#breadcrumb","itemListElement":[{"@type":"ListItem","position":1,"name":"Home","item":"https:\/\/www.fint.is\/"},{"@type":"ListItem","position":2,"name":"Shop","item":"https:\/\/www.fint.is\/is\/shop\/"},{"@type":"ListItem","position":3,"name":"Toe socks","item":"https:\/\/www.fint.is\/is\/product-category\/socks\/"},{"@type":"ListItem","position":4,"name":"Everyday Rainbows Knitido &#8211; t\u00e1sokkar"}]},{"@type":"WebSite","@id":"https:\/\/www.fint.is\/is\/#website","url":"https:\/\/www.fint.is\/is\/","name":"F\u00ednt","description":"Barefoot sk\u00f3r, t\u00e1sokkar, og bur\u00f0arpokar","publisher":{"@id":"https:\/\/www.fint.is\/is\/#organization"},"alternateName":"f\u00ednt.is","potentialAction":[{"@type":"SearchAction","target":{"@type":"EntryPoint","urlTemplate":"https:\/\/www.fint.is\/is\/?s={search_term_string}"},"query-input":{"@type":"PropertyValueSpecification","valueRequired":true,"valueName":"search_term_string"}}],"inLanguage":"is"},{"@type":"Organization","@id":"https:\/\/www.fint.is\/is\/#organization","name":"F\u00ednt","alternateName":"Fint","url":"https:\/\/www.fint.is\/is\/","logo":{"@type":"ImageObject","inLanguage":"is","@id":"https:\/\/www.fint.is\/is\/#\/schema\/logo\/image\/","url":"https:\/\/www.fint.is\/wp-content\/uploads\/logo-colour-small-2.png","contentUrl":"https:\/\/www.fint.is\/wp-content\/uploads\/logo-colour-small-2.png","width":930,"height":711,"caption":"F\u00ednt"},"image":{"@id":"https:\/\/www.fint.is\/is\/#\/schema\/logo\/image\/"},"sameAs":["https:\/\/www.facebook.com\/100090983666893\/","https:\/\/www.instagram.com\/fint.verslun\/"]}]}},"_links":{"self":[{"href":"https:\/\/www.fint.is\/is\/wp-json\/wp\/v2\/product\/653","targetHints":{"allow":["GET"]}}],"collection":[{"href":"https:\/\/www.fint.is\/is\/wp-json\/wp\/v2\/product"}],"about":[{"href":"https:\/\/www.fint.is\/is\/wp-json\/wp\/v2\/types\/product"}],"replies":[{"embeddable":true,"href":"https:\/\/www.fint.is\/is\/wp-json\/wp\/v2\/comments?post=653"}],"wp:featuredmedia":[{"embeddable":true,"href":"https:\/\/www.fint.is\/is\/wp-json\/wp\/v2\/media\/668"}],"wp:attachment":[{"href":"https:\/\/www.fint.is\/is\/wp-json\/wp\/v2\/media?parent=653"}],"wp:term":[{"taxonomy":"product_brand","embeddable":true,"href":"https:\/\/www.fint.is\/is\/wp-json\/wp\/v2\/product_brand?post=653"},{"taxonomy":"product_cat","embeddable":true,"href":"https:\/\/www.fint.is\/is\/wp-json\/wp\/v2\/product_cat?post=653"},{"taxonomy":"product_tag","embeddable":true,"href":"https:\/\/www.fint.is\/is\/wp-json\/wp\/v2\/product_tag?post=653"}],"curies":[{"name":"wp","href":"https:\/\/api.w.org\/{rel}","templated":true}]}}