{"id":617,"date":"2023-08-30T11:45:35","date_gmt":"2023-08-30T11:45:35","guid":{"rendered":"https:\/\/www.fint.is\/?post_type=product&#038;p=617"},"modified":"2026-02-26T17:02:39","modified_gmt":"2026-02-26T17:02:39","slug":"winter-toe-socks","status":"publish","type":"product","link":"https:\/\/www.fint.is\/is\/product\/winter-toe-socks\/","title":{"rendered":"Merino Snowflakes Knitido &#8211; t\u00e1sokkar"},"content":{"rendered":"<p>Viltu ekki l\u00e1ta \u00fe\u00e9r ver\u00f0a kalt \u00e1 f\u00f3tunum?<\/p>\n<p>\u00de\u00e1 henta \u00feessir sokka \u00far kasm\u00edrull, me\u00f0 snj\u00f3kornamynstri, fyrir \u00feig.<\/p>\n<p>\u00deeir n\u00e1 upp \u00e1 mi\u00f0ja k\u00e1lfana og eru framleiddir \u00far mer\u00edn\u00f3- og kasm\u00edrull. Me\u00f0 snj\u00f3kornamynstri.<\/p>\n<p>\u00deykkt efni \u00far 61% ull, 29% n\u00e6lon, 6% p\u00f3l\u00edakr\u00fdl, 2% kasm\u00edrull, 1% elast\u00edn, 1% p\u00f3l\u00edester.<\/p>\n<p>F\u00e1anlegir \u00ed st\u00e6r\u00f0um 35-38 \/ 39-42 \/ 43-46<\/p>\n<p>(t\u00e1susokkar)<\/p>","protected":false},"excerpt":{"rendered":"<p>For the colder days these merino socks will keep your feet and toes warm but not sweaty. Available with a snow flake pattern in different colours.<\/p>","protected":false},"featured_media":634,"comment_status":"closed","ping_status":"closed","template":"","meta":[],"product_brand":[166],"product_cat":[36],"product_tag":[51,53,167,54],"class_list":{"0":"post-617","1":"product","2":"type-product","3":"status-publish","4":"has-post-thumbnail","6":"product_brand-knitido","7":"product_cat-socks","8":"product_tag-knitido","9":"product_tag-merino-wool","10":"product_tag-winter","11":"product_tag-winter-toe-socks","12":"product_shipping_class-toe-socks","14":"first","15":"instock","16":"taxable","17":"shipping-taxable","18":"purchasable","19":"product-type-variable"},"yoast_head":"<!-- This site is optimized with the Yoast SEO plugin v27.5 - https:\/\/yoast.com\/product\/yoast-seo-wordpress\/ -->\n<title>Merino Snowflakes Knitido - t\u00e1sokkar - F\u00ednt<\/title>\n<meta name=\"description\" content=\"Worried about cold feet in winter?Have a look at these MERINO CASHMERE SNOWFLAKES socks.\" \/>\n<meta name=\"robots\" content=\"index, follow, max-snippet:-1, max-image-preview:large, max-video-preview:-1\" \/>\n<link rel=\"canonical\" href=\"https:\/\/www.fint.is\/is\/product\/winter-toe-socks\/\" \/>\n<meta property=\"og:locale\" content=\"is_IS\" \/>\n<meta property=\"og:type\" content=\"article\" \/>\n<meta property=\"og:title\" content=\"Merino Snowflakes Knitido - t\u00e1sokkar - F\u00ednt\" \/>\n<meta property=\"og:description\" content=\"Worried about cold feet in winter?Have a look at these MERINO CASHMERE SNOWFLAKES socks.\" \/>\n<meta property=\"og:url\" content=\"https:\/\/www.fint.is\/is\/product\/winter-toe-socks\/\" \/>\n<meta property=\"og:site_name\" content=\"F\u00ednt\" \/>\n<meta property=\"article:publisher\" content=\"https:\/\/www.facebook.com\/100090983666893\/\" \/>\n<meta property=\"article:modified_time\" content=\"2026-02-26T17:02:39+00:00\" \/>\n<meta property=\"og:image\" content=\"https:\/\/www.fint.is\/wp-content\/uploads\/Merinowool-1024x699.jpg\" \/>\n\t<meta property=\"og:image:width\" content=\"1024\" \/>\n\t<meta property=\"og:image:height\" content=\"699\" \/>\n\t<meta property=\"og:image:type\" content=\"image\/jpeg\" \/>\n<script type=\"application\/ld+json\" class=\"yoast-schema-graph\">{\"@context\":\"https:\\\/\\\/schema.org\",\"@graph\":[{\"@type\":\"WebPage\",\"@id\":\"https:\\\/\\\/www.fint.is\\\/product\\\/winter-toe-socks\\\/\",\"url\":\"https:\\\/\\\/www.fint.is\\\/product\\\/winter-toe-socks\\\/\",\"name\":\"Merino Snowflakes Knitido - t\u00e1sokkar - F\u00ednt\",\"isPartOf\":{\"@id\":\"https:\\\/\\\/www.fint.is\\\/is\\\/#website\"},\"primaryImageOfPage\":{\"@id\":\"https:\\\/\\\/www.fint.is\\\/product\\\/winter-toe-socks\\\/#primaryimage\"},\"image\":{\"@id\":\"https:\\\/\\\/www.fint.is\\\/product\\\/winter-toe-socks\\\/#primaryimage\"},\"thumbnailUrl\":\"https:\\\/\\\/www.fint.is\\\/wp-content\\\/uploads\\\/Merinowool.jpg\",\"datePublished\":\"2023-08-30T11:45:35+00:00\",\"dateModified\":\"2026-02-26T17:02:39+00:00\",\"description\":\"Worried about cold feet in winter?Have a look at these MERINO CASHMERE SNOWFLAKES socks.\",\"breadcrumb\":{\"@id\":\"https:\\\/\\\/www.fint.is\\\/product\\\/winter-toe-socks\\\/#breadcrumb\"},\"inLanguage\":\"is\",\"potentialAction\":[{\"@type\":\"ReadAction\",\"target\":[\"https:\\\/\\\/www.fint.is\\\/product\\\/winter-toe-socks\\\/\"]}]},{\"@type\":\"ImageObject\",\"inLanguage\":\"is\",\"@id\":\"https:\\\/\\\/www.fint.is\\\/product\\\/winter-toe-socks\\\/#primaryimage\",\"url\":\"https:\\\/\\\/www.fint.is\\\/wp-content\\\/uploads\\\/Merinowool.jpg\",\"contentUrl\":\"https:\\\/\\\/www.fint.is\\\/wp-content\\\/uploads\\\/Merinowool.jpg\",\"width\":7714,\"height\":5266,\"caption\":\"[#Beginning of Shooting Data Section] Image Size:L (7360 x 4912), FX 2015\\\/01\\\/18 19:34:31.57 Time Zone and Date:UTC, DST:OFF Lossless Compressed RAW (14-bit) Copyright:www.camillacamaglia.com Nikon D810 Lens:24-70mm f\\\/2.8G Focal Length:50mm Focus Mode:AF-S AF-Area Mode:Single VR: AF Fine Tune:OFF Aperture:f\\\/10 Shutter Speed:1\\\/160s Exposure Mode:Manual Exposure Comp.:0EV Exposure Tuning: Metering:Matrix ISO Sensitivity:ISO 100 Device: White Balance:Preset manual d-2, 0, 0 Color Space:sRGB High ISO NR:ON (Normal) Long Exposure NR:OFF Active D-Lighting:OFF Vignette Control:Normal Auto Distortion Control:OFF Picture Control:[SD] STANDARD Base:[SD] STANDARD Quick Adjust:0.00 Sharpening:3.00 Clarity:+1.00 Contrast:0.00 Brightness:0.00 Saturation:0.00 Hue:0.00 Filter Effects: Toning: Optimize Image: Color Mode: Tone Comp.: Hue Adjustment: Saturation: Sharpening: Latitude: Longitude: Altitude: Altitude Reference: Heading: UTC: Map Datum: [#End of Shooting Data Section]\"},{\"@type\":\"BreadcrumbList\",\"@id\":\"https:\\\/\\\/www.fint.is\\\/product\\\/winter-toe-socks\\\/#breadcrumb\",\"itemListElement\":[{\"@type\":\"ListItem\",\"position\":1,\"name\":\"Home\",\"item\":\"https:\\\/\\\/www.fint.is\\\/\"},{\"@type\":\"ListItem\",\"position\":2,\"name\":\"Shop\",\"item\":\"https:\\\/\\\/www.fint.is\\\/is\\\/shop\\\/\"},{\"@type\":\"ListItem\",\"position\":3,\"name\":\"Toe socks\",\"item\":\"https:\\\/\\\/www.fint.is\\\/is\\\/product-category\\\/socks\\\/\"},{\"@type\":\"ListItem\",\"position\":4,\"name\":\"Merino Snowflakes Knitido &#8211; t\u00e1sokkar\"}]},{\"@type\":\"WebSite\",\"@id\":\"https:\\\/\\\/www.fint.is\\\/is\\\/#website\",\"url\":\"https:\\\/\\\/www.fint.is\\\/is\\\/\",\"name\":\"F\u00ednt\",\"description\":\"Barefoot sk\u00f3r, t\u00e1susokkar, og bur\u00f0arpokar\",\"publisher\":{\"@id\":\"https:\\\/\\\/www.fint.is\\\/is\\\/#organization\"},\"alternateName\":\"f\u00ednt.is\",\"potentialAction\":[{\"@type\":\"SearchAction\",\"target\":{\"@type\":\"EntryPoint\",\"urlTemplate\":\"https:\\\/\\\/www.fint.is\\\/is\\\/?s={search_term_string}\"},\"query-input\":{\"@type\":\"PropertyValueSpecification\",\"valueRequired\":true,\"valueName\":\"search_term_string\"}}],\"inLanguage\":\"is\"},{\"@type\":\"Organization\",\"@id\":\"https:\\\/\\\/www.fint.is\\\/is\\\/#organization\",\"name\":\"F\u00ednt\",\"alternateName\":\"Fint\",\"url\":\"https:\\\/\\\/www.fint.is\\\/is\\\/\",\"logo\":{\"@type\":\"ImageObject\",\"inLanguage\":\"is\",\"@id\":\"https:\\\/\\\/www.fint.is\\\/is\\\/#\\\/schema\\\/logo\\\/image\\\/\",\"url\":\"https:\\\/\\\/www.fint.is\\\/wp-content\\\/uploads\\\/logo-colour-small-2.png\",\"contentUrl\":\"https:\\\/\\\/www.fint.is\\\/wp-content\\\/uploads\\\/logo-colour-small-2.png\",\"width\":930,\"height\":711,\"caption\":\"F\u00ednt\"},\"image\":{\"@id\":\"https:\\\/\\\/www.fint.is\\\/is\\\/#\\\/schema\\\/logo\\\/image\\\/\"},\"sameAs\":[\"https:\\\/\\\/www.facebook.com\\\/100090983666893\\\/\",\"https:\\\/\\\/www.instagram.com\\\/fint.verslun\\\/\"]}]}<\/script>\n<!-- \/ Yoast SEO plugin. -->","yoast_head_json":{"title":"Merino Snowflakes Knitido - t\u00e1sokkar - F\u00ednt","description":"Worried about cold feet in winter?Have a look at these MERINO CASHMERE SNOWFLAKES socks.","robots":{"index":"index","follow":"follow","max-snippet":"max-snippet:-1","max-image-preview":"max-image-preview:large","max-video-preview":"max-video-preview:-1"},"canonical":"https:\/\/www.fint.is\/is\/product\/winter-toe-socks\/","og_locale":"is_IS","og_type":"article","og_title":"Merino Snowflakes Knitido - t\u00e1sokkar - F\u00ednt","og_description":"Worried about cold feet in winter?Have a look at these MERINO CASHMERE SNOWFLAKES socks.","og_url":"https:\/\/www.fint.is\/is\/product\/winter-toe-socks\/","og_site_name":"F\u00ednt","article_publisher":"https:\/\/www.facebook.com\/100090983666893\/","article_modified_time":"2026-02-26T17:02:39+00:00","og_image":[{"width":1024,"height":699,"url":"https:\/\/www.fint.is\/wp-content\/uploads\/Merinowool-1024x699.jpg","type":"image\/jpeg"}],"schema":{"@context":"https:\/\/schema.org","@graph":[{"@type":"WebPage","@id":"https:\/\/www.fint.is\/product\/winter-toe-socks\/","url":"https:\/\/www.fint.is\/product\/winter-toe-socks\/","name":"Merino Snowflakes Knitido - t\u00e1sokkar - F\u00ednt","isPartOf":{"@id":"https:\/\/www.fint.is\/is\/#website"},"primaryImageOfPage":{"@id":"https:\/\/www.fint.is\/product\/winter-toe-socks\/#primaryimage"},"image":{"@id":"https:\/\/www.fint.is\/product\/winter-toe-socks\/#primaryimage"},"thumbnailUrl":"https:\/\/www.fint.is\/wp-content\/uploads\/Merinowool.jpg","datePublished":"2023-08-30T11:45:35+00:00","dateModified":"2026-02-26T17:02:39+00:00","description":"Worried about cold feet in winter?Have a look at these MERINO CASHMERE SNOWFLAKES socks.","breadcrumb":{"@id":"https:\/\/www.fint.is\/product\/winter-toe-socks\/#breadcrumb"},"inLanguage":"is","potentialAction":[{"@type":"ReadAction","target":["https:\/\/www.fint.is\/product\/winter-toe-socks\/"]}]},{"@type":"ImageObject","inLanguage":"is","@id":"https:\/\/www.fint.is\/product\/winter-toe-socks\/#primaryimage","url":"https:\/\/www.fint.is\/wp-content\/uploads\/Merinowool.jpg","contentUrl":"https:\/\/www.fint.is\/wp-content\/uploads\/Merinowool.jpg","width":7714,"height":5266,"caption":"[#Beginning of Shooting Data Section] Image Size:L (7360 x 4912), FX 2015\/01\/18 19:34:31.57 Time Zone and Date:UTC, DST:OFF Lossless Compressed RAW (14-bit) Copyright:www.camillacamaglia.com Nikon D810 Lens:24-70mm f\/2.8G Focal Length:50mm Focus Mode:AF-S AF-Area Mode:Single VR: AF Fine Tune:OFF Aperture:f\/10 Shutter Speed:1\/160s Exposure Mode:Manual Exposure Comp.:0EV Exposure Tuning: Metering:Matrix ISO Sensitivity:ISO 100 Device: White Balance:Preset manual d-2, 0, 0 Color Space:sRGB High ISO NR:ON (Normal) Long Exposure NR:OFF Active D-Lighting:OFF Vignette Control:Normal Auto Distortion Control:OFF Picture Control:[SD] STANDARD Base:[SD] STANDARD Quick Adjust:0.00 Sharpening:3.00 Clarity:+1.00 Contrast:0.00 Brightness:0.00 Saturation:0.00 Hue:0.00 Filter Effects: Toning: Optimize Image: Color Mode: Tone Comp.: Hue Adjustment: Saturation: Sharpening: Latitude: Longitude: Altitude: Altitude Reference: Heading: UTC: Map Datum: [#End of Shooting Data Section]"},{"@type":"BreadcrumbList","@id":"https:\/\/www.fint.is\/product\/winter-toe-socks\/#breadcrumb","itemListElement":[{"@type":"ListItem","position":1,"name":"Home","item":"https:\/\/www.fint.is\/"},{"@type":"ListItem","position":2,"name":"Shop","item":"https:\/\/www.fint.is\/is\/shop\/"},{"@type":"ListItem","position":3,"name":"Toe socks","item":"https:\/\/www.fint.is\/is\/product-category\/socks\/"},{"@type":"ListItem","position":4,"name":"Merino Snowflakes Knitido &#8211; t\u00e1sokkar"}]},{"@type":"WebSite","@id":"https:\/\/www.fint.is\/is\/#website","url":"https:\/\/www.fint.is\/is\/","name":"F\u00ednt","description":"Barefoot sk\u00f3r, t\u00e1sokkar, og bur\u00f0arpokar","publisher":{"@id":"https:\/\/www.fint.is\/is\/#organization"},"alternateName":"f\u00ednt.is","potentialAction":[{"@type":"SearchAction","target":{"@type":"EntryPoint","urlTemplate":"https:\/\/www.fint.is\/is\/?s={search_term_string}"},"query-input":{"@type":"PropertyValueSpecification","valueRequired":true,"valueName":"search_term_string"}}],"inLanguage":"is"},{"@type":"Organization","@id":"https:\/\/www.fint.is\/is\/#organization","name":"F\u00ednt","alternateName":"Fint","url":"https:\/\/www.fint.is\/is\/","logo":{"@type":"ImageObject","inLanguage":"is","@id":"https:\/\/www.fint.is\/is\/#\/schema\/logo\/image\/","url":"https:\/\/www.fint.is\/wp-content\/uploads\/logo-colour-small-2.png","contentUrl":"https:\/\/www.fint.is\/wp-content\/uploads\/logo-colour-small-2.png","width":930,"height":711,"caption":"F\u00ednt"},"image":{"@id":"https:\/\/www.fint.is\/is\/#\/schema\/logo\/image\/"},"sameAs":["https:\/\/www.facebook.com\/100090983666893\/","https:\/\/www.instagram.com\/fint.verslun\/"]}]}},"_links":{"self":[{"href":"https:\/\/www.fint.is\/is\/wp-json\/wp\/v2\/product\/617","targetHints":{"allow":["GET"]}}],"collection":[{"href":"https:\/\/www.fint.is\/is\/wp-json\/wp\/v2\/product"}],"about":[{"href":"https:\/\/www.fint.is\/is\/wp-json\/wp\/v2\/types\/product"}],"replies":[{"embeddable":true,"href":"https:\/\/www.fint.is\/is\/wp-json\/wp\/v2\/comments?post=617"}],"wp:featuredmedia":[{"embeddable":true,"href":"https:\/\/www.fint.is\/is\/wp-json\/wp\/v2\/media\/634"}],"wp:attachment":[{"href":"https:\/\/www.fint.is\/is\/wp-json\/wp\/v2\/media?parent=617"}],"wp:term":[{"taxonomy":"product_brand","embeddable":true,"href":"https:\/\/www.fint.is\/is\/wp-json\/wp\/v2\/product_brand?post=617"},{"taxonomy":"product_cat","embeddable":true,"href":"https:\/\/www.fint.is\/is\/wp-json\/wp\/v2\/product_cat?post=617"},{"taxonomy":"product_tag","embeddable":true,"href":"https:\/\/www.fint.is\/is\/wp-json\/wp\/v2\/product_tag?post=617"}],"curies":[{"name":"wp","href":"https:\/\/api.w.org\/{rel}","templated":true}]}}