{"id":41216,"date":"2026-04-29T09:30:08","date_gmt":"2026-04-29T09:30:08","guid":{"rendered":"https:\/\/www.fint.is\/?post_type=product&#038;p=41216"},"modified":"2026-05-06T15:03:08","modified_gmt":"2026-05-06T15:03:08","slug":"nubo-kids-pink","status":"publish","type":"product","link":"https:\/\/www.fint.is\/is\/product\/nubo-kids-pink\/","title":{"rendered":"Nubo Kids &#8211; Pink"},"content":{"rendered":"<p>Every kid on the playground needs his\/her favourite pink barefoot sneakers.<\/p>\n<p>Materials and details:<\/p>\n<p>Upper: Functional mesh + TPU film<br \/>\nF\u00f3\u00f0run: Text\u00edll<br \/>\nInsole: EVA + polyester (glued)<br \/>\nOutsole: MotionGrip Kids rubber<br \/>\nFramleiddir \u00ed V\u00edetnam<\/p>\n<p>lightweight sporty sneakers<br \/>\neasy velcro fastening<br \/>\nbreathable functional mesh ideal for warmer days<br \/>\nzoned mesh structure with denser and lighter areas for better ventilation and foot support<br \/>\nvegan model<\/p>\n<p>Benefits of barefoot shoes:<br \/>\nultra flexible sole<br \/>\nzero drop: heel and toe on the same level for proper posture<br \/>\nspacious toe box for natural toe movement<br \/>\nlightweight footwear<br \/>\nsuitable for all day wear<\/p>","protected":false},"excerpt":{"rendered":"<p>Pre-order from Be Lenka<\/p>","protected":false},"featured_media":41695,"comment_status":"open","ping_status":"closed","template":"","meta":[],"product_brand":[160],"product_cat":[351],"product_tag":[551,601],"class_list":{"0":"post-41216","1":"product","2":"type-product","3":"status-publish","4":"has-post-thumbnail","6":"product_brand-be-lenka","7":"product_cat-be-lenka-models","8":"product_tag-be-lenka-models","9":"product_tag-kids-minimalist-sneakers","10":"product_shipping_class-pre-order","12":"first","13":"instock","14":"taxable","15":"shipping-taxable","16":"purchasable","17":"product-type-variable"},"yoast_head":"<!-- This site is optimized with the Yoast SEO plugin v27.5 - https:\/\/yoast.com\/product\/yoast-seo-wordpress\/ -->\n<title>Nubo Kids - Pink - F\u00ednt<\/title>\n<meta name=\"description\" content=\"Nubo Kids - Pink F\u00ednt\" \/>\n<meta name=\"robots\" content=\"index, follow, max-snippet:-1, max-image-preview:large, max-video-preview:-1\" \/>\n<link rel=\"canonical\" href=\"https:\/\/www.fint.is\/is\/product\/nubo-kids-pink\/\" \/>\n<meta property=\"og:locale\" content=\"is_IS\" \/>\n<meta property=\"og:type\" content=\"article\" \/>\n<meta property=\"og:title\" content=\"Nubo Kids - Pink - F\u00ednt\" \/>\n<meta property=\"og:description\" content=\"Nubo Kids - Pink F\u00ednt\" \/>\n<meta property=\"og:url\" content=\"https:\/\/www.fint.is\/is\/product\/nubo-kids-pink\/\" \/>\n<meta property=\"og:site_name\" content=\"F\u00ednt\" \/>\n<meta property=\"article:publisher\" content=\"https:\/\/www.facebook.com\/100090983666893\/\" \/>\n<meta property=\"article:modified_time\" content=\"2026-05-06T15:03:08+00:00\" \/>\n<meta property=\"og:image\" content=\"https:\/\/www.fint.is\/wp-content\/uploads\/DSC05640.jpg\" \/>\n\t<meta property=\"og:image:width\" content=\"1800\" \/>\n\t<meta property=\"og:image:height\" content=\"1200\" \/>\n\t<meta property=\"og:image:type\" content=\"image\/jpeg\" \/>\n<script type=\"application\/ld+json\" class=\"yoast-schema-graph\">{\"@context\":\"https:\\\/\\\/schema.org\",\"@graph\":[{\"@type\":\"WebPage\",\"@id\":\"https:\\\/\\\/www.fint.is\\\/product\\\/nubo-kids-pink\\\/\",\"url\":\"https:\\\/\\\/www.fint.is\\\/product\\\/nubo-kids-pink\\\/\",\"name\":\"Nubo Kids - Pink - F\u00ednt\",\"isPartOf\":{\"@id\":\"https:\\\/\\\/www.fint.is\\\/is\\\/#website\"},\"primaryImageOfPage\":{\"@id\":\"https:\\\/\\\/www.fint.is\\\/product\\\/nubo-kids-pink\\\/#primaryimage\"},\"image\":{\"@id\":\"https:\\\/\\\/www.fint.is\\\/product\\\/nubo-kids-pink\\\/#primaryimage\"},\"thumbnailUrl\":\"https:\\\/\\\/www.fint.is\\\/wp-content\\\/uploads\\\/DSC05640.jpg\",\"datePublished\":\"2026-04-29T09:30:08+00:00\",\"dateModified\":\"2026-05-06T15:03:08+00:00\",\"description\":\"Nubo Kids - Pink F\u00ednt\",\"breadcrumb\":{\"@id\":\"https:\\\/\\\/www.fint.is\\\/product\\\/nubo-kids-pink\\\/#breadcrumb\"},\"inLanguage\":\"is\",\"potentialAction\":[{\"@type\":\"ReadAction\",\"target\":[\"https:\\\/\\\/www.fint.is\\\/product\\\/nubo-kids-pink\\\/\"]}]},{\"@type\":\"ImageObject\",\"inLanguage\":\"is\",\"@id\":\"https:\\\/\\\/www.fint.is\\\/product\\\/nubo-kids-pink\\\/#primaryimage\",\"url\":\"https:\\\/\\\/www.fint.is\\\/wp-content\\\/uploads\\\/DSC05640.jpg\",\"contentUrl\":\"https:\\\/\\\/www.fint.is\\\/wp-content\\\/uploads\\\/DSC05640.jpg\",\"width\":1800,\"height\":1200},{\"@type\":\"BreadcrumbList\",\"@id\":\"https:\\\/\\\/www.fint.is\\\/product\\\/nubo-kids-pink\\\/#breadcrumb\",\"itemListElement\":[{\"@type\":\"ListItem\",\"position\":1,\"name\":\"Home\",\"item\":\"https:\\\/\\\/www.fint.is\\\/\"},{\"@type\":\"ListItem\",\"position\":2,\"name\":\"Shop\",\"item\":\"https:\\\/\\\/www.fint.is\\\/is\\\/shop\\\/\"},{\"@type\":\"ListItem\",\"position\":3,\"name\":\"Barefoot shoes\",\"item\":\"https:\\\/\\\/www.fint.is\\\/is\\\/product-category\\\/shoes\\\/\"},{\"@type\":\"ListItem\",\"position\":4,\"name\":\"Children's barefoot shoes\",\"item\":\"https:\\\/\\\/www.fint.is\\\/is\\\/product-category\\\/shoes\\\/children\\\/\"},{\"@type\":\"ListItem\",\"position\":5,\"name\":\"Nubo Kids &#8211; Pink\"}]},{\"@type\":\"WebSite\",\"@id\":\"https:\\\/\\\/www.fint.is\\\/is\\\/#website\",\"url\":\"https:\\\/\\\/www.fint.is\\\/is\\\/\",\"name\":\"F\u00ednt\",\"description\":\"Barefoot sk\u00f3r, t\u00e1susokkar, og bur\u00f0arpokar\",\"publisher\":{\"@id\":\"https:\\\/\\\/www.fint.is\\\/is\\\/#organization\"},\"alternateName\":\"f\u00ednt.is\",\"potentialAction\":[{\"@type\":\"SearchAction\",\"target\":{\"@type\":\"EntryPoint\",\"urlTemplate\":\"https:\\\/\\\/www.fint.is\\\/is\\\/?s={search_term_string}\"},\"query-input\":{\"@type\":\"PropertyValueSpecification\",\"valueRequired\":true,\"valueName\":\"search_term_string\"}}],\"inLanguage\":\"is\"},{\"@type\":\"Organization\",\"@id\":\"https:\\\/\\\/www.fint.is\\\/is\\\/#organization\",\"name\":\"F\u00ednt\",\"alternateName\":\"Fint\",\"url\":\"https:\\\/\\\/www.fint.is\\\/is\\\/\",\"logo\":{\"@type\":\"ImageObject\",\"inLanguage\":\"is\",\"@id\":\"https:\\\/\\\/www.fint.is\\\/is\\\/#\\\/schema\\\/logo\\\/image\\\/\",\"url\":\"https:\\\/\\\/www.fint.is\\\/wp-content\\\/uploads\\\/logo-colour-small-2.png\",\"contentUrl\":\"https:\\\/\\\/www.fint.is\\\/wp-content\\\/uploads\\\/logo-colour-small-2.png\",\"width\":930,\"height\":711,\"caption\":\"F\u00ednt\"},\"image\":{\"@id\":\"https:\\\/\\\/www.fint.is\\\/is\\\/#\\\/schema\\\/logo\\\/image\\\/\"},\"sameAs\":[\"https:\\\/\\\/www.facebook.com\\\/100090983666893\\\/\",\"https:\\\/\\\/www.instagram.com\\\/fint.verslun\\\/\"]}]}<\/script>\n<!-- \/ Yoast SEO plugin. -->","yoast_head_json":{"title":"Nubo Kids - Pink - F\u00ednt","description":"Nubo Kids - Pink F\u00ednt","robots":{"index":"index","follow":"follow","max-snippet":"max-snippet:-1","max-image-preview":"max-image-preview:large","max-video-preview":"max-video-preview:-1"},"canonical":"https:\/\/www.fint.is\/is\/product\/nubo-kids-pink\/","og_locale":"is_IS","og_type":"article","og_title":"Nubo Kids - Pink - F\u00ednt","og_description":"Nubo Kids - Pink F\u00ednt","og_url":"https:\/\/www.fint.is\/is\/product\/nubo-kids-pink\/","og_site_name":"F\u00ednt","article_publisher":"https:\/\/www.facebook.com\/100090983666893\/","article_modified_time":"2026-05-06T15:03:08+00:00","og_image":[{"width":1800,"height":1200,"url":"https:\/\/www.fint.is\/wp-content\/uploads\/DSC05640.jpg","type":"image\/jpeg"}],"schema":{"@context":"https:\/\/schema.org","@graph":[{"@type":"WebPage","@id":"https:\/\/www.fint.is\/product\/nubo-kids-pink\/","url":"https:\/\/www.fint.is\/product\/nubo-kids-pink\/","name":"Nubo Kids - Pink - F\u00ednt","isPartOf":{"@id":"https:\/\/www.fint.is\/is\/#website"},"primaryImageOfPage":{"@id":"https:\/\/www.fint.is\/product\/nubo-kids-pink\/#primaryimage"},"image":{"@id":"https:\/\/www.fint.is\/product\/nubo-kids-pink\/#primaryimage"},"thumbnailUrl":"https:\/\/www.fint.is\/wp-content\/uploads\/DSC05640.jpg","datePublished":"2026-04-29T09:30:08+00:00","dateModified":"2026-05-06T15:03:08+00:00","description":"Nubo Kids - Pink F\u00ednt","breadcrumb":{"@id":"https:\/\/www.fint.is\/product\/nubo-kids-pink\/#breadcrumb"},"inLanguage":"is","potentialAction":[{"@type":"ReadAction","target":["https:\/\/www.fint.is\/product\/nubo-kids-pink\/"]}]},{"@type":"ImageObject","inLanguage":"is","@id":"https:\/\/www.fint.is\/product\/nubo-kids-pink\/#primaryimage","url":"https:\/\/www.fint.is\/wp-content\/uploads\/DSC05640.jpg","contentUrl":"https:\/\/www.fint.is\/wp-content\/uploads\/DSC05640.jpg","width":1800,"height":1200},{"@type":"BreadcrumbList","@id":"https:\/\/www.fint.is\/product\/nubo-kids-pink\/#breadcrumb","itemListElement":[{"@type":"ListItem","position":1,"name":"Home","item":"https:\/\/www.fint.is\/"},{"@type":"ListItem","position":2,"name":"Shop","item":"https:\/\/www.fint.is\/is\/shop\/"},{"@type":"ListItem","position":3,"name":"Barefoot shoes","item":"https:\/\/www.fint.is\/is\/product-category\/shoes\/"},{"@type":"ListItem","position":4,"name":"Children's barefoot shoes","item":"https:\/\/www.fint.is\/is\/product-category\/shoes\/children\/"},{"@type":"ListItem","position":5,"name":"Nubo Kids &#8211; Pink"}]},{"@type":"WebSite","@id":"https:\/\/www.fint.is\/is\/#website","url":"https:\/\/www.fint.is\/is\/","name":"F\u00ednt","description":"Barefoot sk\u00f3r, t\u00e1sokkar, og bur\u00f0arpokar","publisher":{"@id":"https:\/\/www.fint.is\/is\/#organization"},"alternateName":"f\u00ednt.is","potentialAction":[{"@type":"SearchAction","target":{"@type":"EntryPoint","urlTemplate":"https:\/\/www.fint.is\/is\/?s={search_term_string}"},"query-input":{"@type":"PropertyValueSpecification","valueRequired":true,"valueName":"search_term_string"}}],"inLanguage":"is"},{"@type":"Organization","@id":"https:\/\/www.fint.is\/is\/#organization","name":"F\u00ednt","alternateName":"Fint","url":"https:\/\/www.fint.is\/is\/","logo":{"@type":"ImageObject","inLanguage":"is","@id":"https:\/\/www.fint.is\/is\/#\/schema\/logo\/image\/","url":"https:\/\/www.fint.is\/wp-content\/uploads\/logo-colour-small-2.png","contentUrl":"https:\/\/www.fint.is\/wp-content\/uploads\/logo-colour-small-2.png","width":930,"height":711,"caption":"F\u00ednt"},"image":{"@id":"https:\/\/www.fint.is\/is\/#\/schema\/logo\/image\/"},"sameAs":["https:\/\/www.facebook.com\/100090983666893\/","https:\/\/www.instagram.com\/fint.verslun\/"]}]}},"_links":{"self":[{"href":"https:\/\/www.fint.is\/is\/wp-json\/wp\/v2\/product\/41216","targetHints":{"allow":["GET"]}}],"collection":[{"href":"https:\/\/www.fint.is\/is\/wp-json\/wp\/v2\/product"}],"about":[{"href":"https:\/\/www.fint.is\/is\/wp-json\/wp\/v2\/types\/product"}],"replies":[{"embeddable":true,"href":"https:\/\/www.fint.is\/is\/wp-json\/wp\/v2\/comments?post=41216"}],"wp:featuredmedia":[{"embeddable":true,"href":"https:\/\/www.fint.is\/is\/wp-json\/wp\/v2\/media\/41695"}],"wp:attachment":[{"href":"https:\/\/www.fint.is\/is\/wp-json\/wp\/v2\/media?parent=41216"}],"wp:term":[{"taxonomy":"product_brand","embeddable":true,"href":"https:\/\/www.fint.is\/is\/wp-json\/wp\/v2\/product_brand?post=41216"},{"taxonomy":"product_cat","embeddable":true,"href":"https:\/\/www.fint.is\/is\/wp-json\/wp\/v2\/product_cat?post=41216"},{"taxonomy":"product_tag","embeddable":true,"href":"https:\/\/www.fint.is\/is\/wp-json\/wp\/v2\/product_tag?post=41216"}],"curies":[{"name":"wp","href":"https:\/\/api.w.org\/{rel}","templated":true}]}}