{"id":37793,"date":"2026-04-06T16:38:04","date_gmt":"2026-04-06T16:38:04","guid":{"rendered":"https:\/\/www.fint.is\/?post_type=product&#038;p=37793"},"modified":"2026-05-06T15:03:12","modified_gmt":"2026-05-06T15:03:12","slug":"tinkee-kids-all-black-sparkle","status":"publish","type":"product","link":"https:\/\/www.fint.is\/is\/product\/tinkee-kids-all-black-sparkle\/","title":{"rendered":"Tinkee Kids &#8211; All Black Sparkle"},"content":{"rendered":"<p>In barefoot ballerinas in black, every occasion feels special. The lightweight textile upper is decorated with a subtle sparkling detail that turns an ordinary day at kindergarten or a walk in the park into a fairytale moment. Thanks to the hook and loop strap, she can put her shoes on all by herself. They are beautiful, simple and sparkly.<\/p>\n<p>&nbsp;<\/p>\n<p><strong>Materials and details: <\/strong><\/p>\n<p>Upper: textile<br \/>\nF\u00f3\u00f0run: Text\u00edll<br \/>\nInsole: EVA + polyester (glued-in)<br \/>\nOutsole: rubber (PebbleComfort Kids)<br \/>\nManufactured in: Vietnam E<\/p>\n<p>Barefoot sk\u00f3r sem veita svipa\u00f0a tilfinningu og vi\u00f0 a\u00f0 ganga berf\u00e6tt<br \/>\nLightweight textile<br \/>\nMary Jane shoes for children<br \/>\nMesh upper with a sparkling effect<br \/>\nEasy on and off thanks to hook and loop fastening<br \/>\nRubber detail on the strap for easier opening<br \/>\nStitched PebbleComfort outsole with flex zones for better flexibility and stability while walking<br \/>\nGreat as school indoor shoes or for outdoor walks<br \/>\nSupport the healthy development of children\u2019s feet<\/p>\n<p>Benefits of barefoot shoes:<br \/>\nultra-flexible sole<br \/>\nzero drop: heel and toes on the same level for proper posture<br \/>\nwide toe box for natural toe movement<br \/>\nlightweight footwear<br \/>\nType: town footwear<\/p>","protected":false},"excerpt":{"rendered":"<p>Pre-order from Be Lenka<\/p>","protected":false},"featured_media":40824,"comment_status":"open","ping_status":"closed","template":"","meta":[],"product_brand":[160],"product_cat":[351],"product_tag":[551],"class_list":{"0":"post-37793","1":"product","2":"type-product","3":"status-publish","4":"has-post-thumbnail","6":"product_brand-be-lenka","7":"product_cat-be-lenka-models","8":"product_tag-be-lenka-models","10":"first","11":"instock","12":"taxable","13":"shipping-taxable","14":"purchasable","15":"product-type-variable"},"yoast_head":"<!-- This site is optimized with the Yoast SEO plugin v27.5 - https:\/\/yoast.com\/product\/yoast-seo-wordpress\/ -->\n<title>Tinkee Kids - All Black Sparkle - F\u00ednt<\/title>\n<meta name=\"description\" content=\"Tinkee Kids - All Black Sparkle F\u00ednt\" \/>\n<meta name=\"robots\" content=\"index, follow, max-snippet:-1, max-image-preview:large, max-video-preview:-1\" \/>\n<link rel=\"canonical\" href=\"https:\/\/www.fint.is\/is\/product\/tinkee-kids-all-black-sparkle\/\" \/>\n<meta property=\"og:locale\" content=\"is_IS\" \/>\n<meta property=\"og:type\" content=\"article\" \/>\n<meta property=\"og:title\" content=\"Tinkee Kids - All Black Sparkle - F\u00ednt\" \/>\n<meta property=\"og:description\" content=\"Tinkee Kids - All Black Sparkle F\u00ednt\" \/>\n<meta property=\"og:url\" content=\"https:\/\/www.fint.is\/is\/product\/tinkee-kids-all-black-sparkle\/\" \/>\n<meta property=\"og:site_name\" content=\"F\u00ednt\" \/>\n<meta property=\"article:publisher\" content=\"https:\/\/www.facebook.com\/100090983666893\/\" \/>\n<meta property=\"article:modified_time\" content=\"2026-05-06T15:03:12+00:00\" \/>\n<meta property=\"og:image\" content=\"https:\/\/www.fint.is\/wp-content\/uploads\/Tinkee_All_Black_Sparkle2-1024x801.png\" \/>\n\t<meta property=\"og:image:width\" content=\"1024\" \/>\n\t<meta property=\"og:image:height\" content=\"801\" \/>\n\t<meta property=\"og:image:type\" content=\"image\/png\" \/>\n<script type=\"application\/ld+json\" class=\"yoast-schema-graph\">{\"@context\":\"https:\\\/\\\/schema.org\",\"@graph\":[{\"@type\":\"WebPage\",\"@id\":\"https:\\\/\\\/www.fint.is\\\/product\\\/tinkee-kids-all-black-sparkle\\\/\",\"url\":\"https:\\\/\\\/www.fint.is\\\/product\\\/tinkee-kids-all-black-sparkle\\\/\",\"name\":\"Tinkee Kids - All Black Sparkle - F\u00ednt\",\"isPartOf\":{\"@id\":\"https:\\\/\\\/www.fint.is\\\/is\\\/#website\"},\"primaryImageOfPage\":{\"@id\":\"https:\\\/\\\/www.fint.is\\\/product\\\/tinkee-kids-all-black-sparkle\\\/#primaryimage\"},\"image\":{\"@id\":\"https:\\\/\\\/www.fint.is\\\/product\\\/tinkee-kids-all-black-sparkle\\\/#primaryimage\"},\"thumbnailUrl\":\"https:\\\/\\\/www.fint.is\\\/wp-content\\\/uploads\\\/Tinkee_All_Black_Sparkle2-scaled.png\",\"datePublished\":\"2026-04-06T16:38:04+00:00\",\"dateModified\":\"2026-05-06T15:03:12+00:00\",\"description\":\"Tinkee Kids - All Black Sparkle F\u00ednt\",\"breadcrumb\":{\"@id\":\"https:\\\/\\\/www.fint.is\\\/product\\\/tinkee-kids-all-black-sparkle\\\/#breadcrumb\"},\"inLanguage\":\"is\",\"potentialAction\":[{\"@type\":\"ReadAction\",\"target\":[\"https:\\\/\\\/www.fint.is\\\/product\\\/tinkee-kids-all-black-sparkle\\\/\"]}]},{\"@type\":\"ImageObject\",\"inLanguage\":\"is\",\"@id\":\"https:\\\/\\\/www.fint.is\\\/product\\\/tinkee-kids-all-black-sparkle\\\/#primaryimage\",\"url\":\"https:\\\/\\\/www.fint.is\\\/wp-content\\\/uploads\\\/Tinkee_All_Black_Sparkle2-scaled.png\",\"contentUrl\":\"https:\\\/\\\/www.fint.is\\\/wp-content\\\/uploads\\\/Tinkee_All_Black_Sparkle2-scaled.png\",\"width\":2560,\"height\":2002},{\"@type\":\"BreadcrumbList\",\"@id\":\"https:\\\/\\\/www.fint.is\\\/product\\\/tinkee-kids-all-black-sparkle\\\/#breadcrumb\",\"itemListElement\":[{\"@type\":\"ListItem\",\"position\":1,\"name\":\"Home\",\"item\":\"https:\\\/\\\/www.fint.is\\\/\"},{\"@type\":\"ListItem\",\"position\":2,\"name\":\"Shop\",\"item\":\"https:\\\/\\\/www.fint.is\\\/is\\\/shop\\\/\"},{\"@type\":\"ListItem\",\"position\":3,\"name\":\"Barefoot shoes\",\"item\":\"https:\\\/\\\/www.fint.is\\\/is\\\/product-category\\\/shoes\\\/\"},{\"@type\":\"ListItem\",\"position\":4,\"name\":\"Children's barefoot shoes\",\"item\":\"https:\\\/\\\/www.fint.is\\\/is\\\/product-category\\\/shoes\\\/children\\\/\"},{\"@type\":\"ListItem\",\"position\":5,\"name\":\"Tinkee Kids &#8211; All Black Sparkle\"}]},{\"@type\":\"WebSite\",\"@id\":\"https:\\\/\\\/www.fint.is\\\/is\\\/#website\",\"url\":\"https:\\\/\\\/www.fint.is\\\/is\\\/\",\"name\":\"F\u00ednt\",\"description\":\"Barefoot sk\u00f3r, t\u00e1susokkar, og bur\u00f0arpokar\",\"publisher\":{\"@id\":\"https:\\\/\\\/www.fint.is\\\/is\\\/#organization\"},\"alternateName\":\"f\u00ednt.is\",\"potentialAction\":[{\"@type\":\"SearchAction\",\"target\":{\"@type\":\"EntryPoint\",\"urlTemplate\":\"https:\\\/\\\/www.fint.is\\\/is\\\/?s={search_term_string}\"},\"query-input\":{\"@type\":\"PropertyValueSpecification\",\"valueRequired\":true,\"valueName\":\"search_term_string\"}}],\"inLanguage\":\"is\"},{\"@type\":\"Organization\",\"@id\":\"https:\\\/\\\/www.fint.is\\\/is\\\/#organization\",\"name\":\"F\u00ednt\",\"alternateName\":\"Fint\",\"url\":\"https:\\\/\\\/www.fint.is\\\/is\\\/\",\"logo\":{\"@type\":\"ImageObject\",\"inLanguage\":\"is\",\"@id\":\"https:\\\/\\\/www.fint.is\\\/is\\\/#\\\/schema\\\/logo\\\/image\\\/\",\"url\":\"https:\\\/\\\/www.fint.is\\\/wp-content\\\/uploads\\\/logo-colour-small-2.png\",\"contentUrl\":\"https:\\\/\\\/www.fint.is\\\/wp-content\\\/uploads\\\/logo-colour-small-2.png\",\"width\":930,\"height\":711,\"caption\":\"F\u00ednt\"},\"image\":{\"@id\":\"https:\\\/\\\/www.fint.is\\\/is\\\/#\\\/schema\\\/logo\\\/image\\\/\"},\"sameAs\":[\"https:\\\/\\\/www.facebook.com\\\/100090983666893\\\/\",\"https:\\\/\\\/www.instagram.com\\\/fint.verslun\\\/\"]}]}<\/script>\n<!-- \/ Yoast SEO plugin. -->","yoast_head_json":{"title":"Tinkee Kids - All Black Sparkle - F\u00ednt","description":"Tinkee Kids - All Black Sparkle F\u00ednt","robots":{"index":"index","follow":"follow","max-snippet":"max-snippet:-1","max-image-preview":"max-image-preview:large","max-video-preview":"max-video-preview:-1"},"canonical":"https:\/\/www.fint.is\/is\/product\/tinkee-kids-all-black-sparkle\/","og_locale":"is_IS","og_type":"article","og_title":"Tinkee Kids - All Black Sparkle - F\u00ednt","og_description":"Tinkee Kids - All Black Sparkle F\u00ednt","og_url":"https:\/\/www.fint.is\/is\/product\/tinkee-kids-all-black-sparkle\/","og_site_name":"F\u00ednt","article_publisher":"https:\/\/www.facebook.com\/100090983666893\/","article_modified_time":"2026-05-06T15:03:12+00:00","og_image":[{"width":1024,"height":801,"url":"https:\/\/www.fint.is\/wp-content\/uploads\/Tinkee_All_Black_Sparkle2-1024x801.png","type":"image\/png"}],"schema":{"@context":"https:\/\/schema.org","@graph":[{"@type":"WebPage","@id":"https:\/\/www.fint.is\/product\/tinkee-kids-all-black-sparkle\/","url":"https:\/\/www.fint.is\/product\/tinkee-kids-all-black-sparkle\/","name":"Tinkee Kids - All Black Sparkle - F\u00ednt","isPartOf":{"@id":"https:\/\/www.fint.is\/is\/#website"},"primaryImageOfPage":{"@id":"https:\/\/www.fint.is\/product\/tinkee-kids-all-black-sparkle\/#primaryimage"},"image":{"@id":"https:\/\/www.fint.is\/product\/tinkee-kids-all-black-sparkle\/#primaryimage"},"thumbnailUrl":"https:\/\/www.fint.is\/wp-content\/uploads\/Tinkee_All_Black_Sparkle2-scaled.png","datePublished":"2026-04-06T16:38:04+00:00","dateModified":"2026-05-06T15:03:12+00:00","description":"Tinkee Kids - All Black Sparkle F\u00ednt","breadcrumb":{"@id":"https:\/\/www.fint.is\/product\/tinkee-kids-all-black-sparkle\/#breadcrumb"},"inLanguage":"is","potentialAction":[{"@type":"ReadAction","target":["https:\/\/www.fint.is\/product\/tinkee-kids-all-black-sparkle\/"]}]},{"@type":"ImageObject","inLanguage":"is","@id":"https:\/\/www.fint.is\/product\/tinkee-kids-all-black-sparkle\/#primaryimage","url":"https:\/\/www.fint.is\/wp-content\/uploads\/Tinkee_All_Black_Sparkle2-scaled.png","contentUrl":"https:\/\/www.fint.is\/wp-content\/uploads\/Tinkee_All_Black_Sparkle2-scaled.png","width":2560,"height":2002},{"@type":"BreadcrumbList","@id":"https:\/\/www.fint.is\/product\/tinkee-kids-all-black-sparkle\/#breadcrumb","itemListElement":[{"@type":"ListItem","position":1,"name":"Home","item":"https:\/\/www.fint.is\/"},{"@type":"ListItem","position":2,"name":"Shop","item":"https:\/\/www.fint.is\/is\/shop\/"},{"@type":"ListItem","position":3,"name":"Barefoot shoes","item":"https:\/\/www.fint.is\/is\/product-category\/shoes\/"},{"@type":"ListItem","position":4,"name":"Children's barefoot shoes","item":"https:\/\/www.fint.is\/is\/product-category\/shoes\/children\/"},{"@type":"ListItem","position":5,"name":"Tinkee Kids &#8211; All Black Sparkle"}]},{"@type":"WebSite","@id":"https:\/\/www.fint.is\/is\/#website","url":"https:\/\/www.fint.is\/is\/","name":"F\u00ednt","description":"Barefoot sk\u00f3r, t\u00e1sokkar, og bur\u00f0arpokar","publisher":{"@id":"https:\/\/www.fint.is\/is\/#organization"},"alternateName":"f\u00ednt.is","potentialAction":[{"@type":"SearchAction","target":{"@type":"EntryPoint","urlTemplate":"https:\/\/www.fint.is\/is\/?s={search_term_string}"},"query-input":{"@type":"PropertyValueSpecification","valueRequired":true,"valueName":"search_term_string"}}],"inLanguage":"is"},{"@type":"Organization","@id":"https:\/\/www.fint.is\/is\/#organization","name":"F\u00ednt","alternateName":"Fint","url":"https:\/\/www.fint.is\/is\/","logo":{"@type":"ImageObject","inLanguage":"is","@id":"https:\/\/www.fint.is\/is\/#\/schema\/logo\/image\/","url":"https:\/\/www.fint.is\/wp-content\/uploads\/logo-colour-small-2.png","contentUrl":"https:\/\/www.fint.is\/wp-content\/uploads\/logo-colour-small-2.png","width":930,"height":711,"caption":"F\u00ednt"},"image":{"@id":"https:\/\/www.fint.is\/is\/#\/schema\/logo\/image\/"},"sameAs":["https:\/\/www.facebook.com\/100090983666893\/","https:\/\/www.instagram.com\/fint.verslun\/"]}]}},"_links":{"self":[{"href":"https:\/\/www.fint.is\/is\/wp-json\/wp\/v2\/product\/37793","targetHints":{"allow":["GET"]}}],"collection":[{"href":"https:\/\/www.fint.is\/is\/wp-json\/wp\/v2\/product"}],"about":[{"href":"https:\/\/www.fint.is\/is\/wp-json\/wp\/v2\/types\/product"}],"replies":[{"embeddable":true,"href":"https:\/\/www.fint.is\/is\/wp-json\/wp\/v2\/comments?post=37793"}],"wp:featuredmedia":[{"embeddable":true,"href":"https:\/\/www.fint.is\/is\/wp-json\/wp\/v2\/media\/40824"}],"wp:attachment":[{"href":"https:\/\/www.fint.is\/is\/wp-json\/wp\/v2\/media?parent=37793"}],"wp:term":[{"taxonomy":"product_brand","embeddable":true,"href":"https:\/\/www.fint.is\/is\/wp-json\/wp\/v2\/product_brand?post=37793"},{"taxonomy":"product_cat","embeddable":true,"href":"https:\/\/www.fint.is\/is\/wp-json\/wp\/v2\/product_cat?post=37793"},{"taxonomy":"product_tag","embeddable":true,"href":"https:\/\/www.fint.is\/is\/wp-json\/wp\/v2\/product_tag?post=37793"}],"curies":[{"name":"wp","href":"https:\/\/api.w.org\/{rel}","templated":true}]}}