{"id":37571,"date":"2026-04-06T16:37:08","date_gmt":"2026-04-06T16:37:08","guid":{"rendered":"https:\/\/www.fint.is\/?post_type=product&#038;p=37571"},"modified":"2026-04-09T09:13:42","modified_gmt":"2026-04-09T09:13:42","slug":"arcticedge-mustard","status":"publish","type":"product","link":"https:\/\/www.fint.is\/is\/product\/arcticedge-mustard\/","title":{"rendered":"ArcticEdge &#8211; Mustard"},"content":{"rendered":"<p>All-round waterproof barefoot shoes with excellent insulation properties and the new ThermoGrip Neo sole in mustard. Don\u00b4t worry about your feet getting wet in these ankle shoes made of vegan materials. Additionally, enjoy great thermal comfort thanks to Primaloft technology. The cleverly designed grip will prevent your shoes from slipping even in rough terrain. Resistance to wear and tear is ensured by the upper made of the latest technical materials.<br \/>\nAthugi\u00f0 a\u00f0 f\u00f3\u00f0runin minnkar innra m\u00e1l sk\u00f3nna a\u00f0eins. \u00dea\u00f0 getur \u00feess vegna veri\u00f0 r\u00e1\u00f0legt a\u00f0 velja st\u00e6rri st\u00e6r\u00f0.<\/p>\n<p>Materials: Upper: Textile + PU + TPU<br \/>\nLining: Fleece \/ Waterproof breathable membrane \/ Primaloft<br \/>\nInsole: PU + Fleece (removable)<br \/>\nSole: Rubber + EVA (ThermoGrip Neo)<br \/>\nFramleiddir \u00ed V\u00edetnam<\/p>\n<p>Our barefoot shoes are designed to perfectly mimic the feeling of walking barefoot, just like nature intended.<\/p>\n<p>The technical upper made of durable ripstop material + TPU + PU<br \/>\nWaterproof breathable membrane and great insulation properties (each pair undergoes a waterproof test)<br \/>\nUniversal ThermoGrip Neo winter sole with anti-slip tread pattern and excellent flexibility<br \/>\nLining and instep made of Primaloft combines lightness, great thermal properties and water resistance<br \/>\nDurable outsole on the toe box<br \/>\nBarefoot footwear attributes: Flexible sole Zero drop: flat from heel to toe, supporting correct body posture<br \/>\nV\u00edtt t\u00e1box<br \/>\nL\u00e9ttir<\/p>","protected":false},"excerpt":{"rendered":"<p>Special order from Be Lenka<\/p>","protected":false},"featured_media":38367,"comment_status":"open","ping_status":"closed","template":"","meta":[],"product_brand":[160],"product_cat":[351],"product_tag":[551,583,604],"class_list":{"0":"post-37571","1":"product","2":"type-product","3":"status-publish","4":"has-post-thumbnail","6":"product_brand-be-lenka","7":"product_cat-be-lenka-models","8":"product_tag-be-lenka-models","9":"product_tag-mens-barefoot-shoes","10":"product_tag-waterproof","12":"first","13":"instock","14":"taxable","15":"shipping-taxable","16":"purchasable","17":"product-type-variable"},"yoast_head":"<!-- This site is optimized with the Yoast SEO plugin v27.3 - https:\/\/yoast.com\/product\/yoast-seo-wordpress\/ -->\n<title>ArcticEdge - Mustard - F\u00ednt<\/title>\n<meta name=\"description\" content=\"ArcticEdge - Mustard F\u00ednt All-round waterproof barefoot shoes with excellent insulation properties and the new ThermoGrip Neo sole in mustard.\" \/>\n<meta name=\"robots\" content=\"index, follow, max-snippet:-1, max-image-preview:large, max-video-preview:-1\" \/>\n<link rel=\"canonical\" href=\"https:\/\/www.fint.is\/is\/product\/arcticedge-mustard\/\" \/>\n<meta property=\"og:locale\" content=\"is_IS\" \/>\n<meta property=\"og:type\" content=\"article\" \/>\n<meta property=\"og:title\" content=\"ArcticEdge - Mustard - F\u00ednt\" \/>\n<meta property=\"og:description\" content=\"ArcticEdge - Mustard F\u00ednt All-round waterproof barefoot shoes with excellent insulation properties and the new ThermoGrip Neo sole in mustard.\" \/>\n<meta property=\"og:url\" content=\"https:\/\/www.fint.is\/is\/product\/arcticedge-mustard\/\" \/>\n<meta property=\"og:site_name\" content=\"F\u00ednt\" \/>\n<meta property=\"article:publisher\" content=\"https:\/\/www.facebook.com\/100090983666893\/\" \/>\n<meta property=\"article:modified_time\" content=\"2026-04-09T09:13:42+00:00\" \/>\n<meta property=\"og:image\" content=\"https:\/\/www.fint.is\/wp-content\/uploads\/barefoot-topanky-be-lenka-arcticedge-mustard-108041-size-large-v-1.png\" \/>\n\t<meta property=\"og:image:width\" content=\"1350\" \/>\n\t<meta property=\"og:image:height\" content=\"1800\" \/>\n\t<meta property=\"og:image:type\" content=\"image\/png\" \/>\n<script type=\"application\/ld+json\" class=\"yoast-schema-graph\">{\"@context\":\"https:\\\/\\\/schema.org\",\"@graph\":[{\"@type\":\"WebPage\",\"@id\":\"https:\\\/\\\/www.fint.is\\\/product\\\/arcticedge-mustard\\\/\",\"url\":\"https:\\\/\\\/www.fint.is\\\/product\\\/arcticedge-mustard\\\/\",\"name\":\"ArcticEdge - Mustard - F\u00ednt\",\"isPartOf\":{\"@id\":\"https:\\\/\\\/www.fint.is\\\/is\\\/#website\"},\"primaryImageOfPage\":{\"@id\":\"https:\\\/\\\/www.fint.is\\\/product\\\/arcticedge-mustard\\\/#primaryimage\"},\"image\":{\"@id\":\"https:\\\/\\\/www.fint.is\\\/product\\\/arcticedge-mustard\\\/#primaryimage\"},\"thumbnailUrl\":\"https:\\\/\\\/www.fint.is\\\/wp-content\\\/uploads\\\/barefoot-topanky-be-lenka-arcticedge-mustard-108041-size-large-v-1.png\",\"datePublished\":\"2026-04-06T16:37:08+00:00\",\"dateModified\":\"2026-04-09T09:13:42+00:00\",\"description\":\"ArcticEdge - Mustard F\u00ednt All-round waterproof barefoot shoes with excellent insulation properties and the new ThermoGrip Neo sole in mustard.\",\"breadcrumb\":{\"@id\":\"https:\\\/\\\/www.fint.is\\\/product\\\/arcticedge-mustard\\\/#breadcrumb\"},\"inLanguage\":\"is\",\"potentialAction\":[{\"@type\":\"ReadAction\",\"target\":[\"https:\\\/\\\/www.fint.is\\\/product\\\/arcticedge-mustard\\\/\"]}]},{\"@type\":\"ImageObject\",\"inLanguage\":\"is\",\"@id\":\"https:\\\/\\\/www.fint.is\\\/product\\\/arcticedge-mustard\\\/#primaryimage\",\"url\":\"https:\\\/\\\/www.fint.is\\\/wp-content\\\/uploads\\\/barefoot-topanky-be-lenka-arcticedge-mustard-108041-size-large-v-1.png\",\"contentUrl\":\"https:\\\/\\\/www.fint.is\\\/wp-content\\\/uploads\\\/barefoot-topanky-be-lenka-arcticedge-mustard-108041-size-large-v-1.png\",\"width\":1350,\"height\":1800},{\"@type\":\"BreadcrumbList\",\"@id\":\"https:\\\/\\\/www.fint.is\\\/product\\\/arcticedge-mustard\\\/#breadcrumb\",\"itemListElement\":[{\"@type\":\"ListItem\",\"position\":1,\"name\":\"Home\",\"item\":\"https:\\\/\\\/www.fint.is\\\/\"},{\"@type\":\"ListItem\",\"position\":2,\"name\":\"Shop\",\"item\":\"https:\\\/\\\/www.fint.is\\\/is\\\/shop\\\/\"},{\"@type\":\"ListItem\",\"position\":3,\"name\":\"Barefoot shoes\",\"item\":\"https:\\\/\\\/www.fint.is\\\/is\\\/product-category\\\/shoes\\\/\"},{\"@type\":\"ListItem\",\"position\":4,\"name\":\"Special orders\",\"item\":\"https:\\\/\\\/www.fint.is\\\/product-category\\\/shoes\\\/be-lenka-models\\\/\"},{\"@type\":\"ListItem\",\"position\":5,\"name\":\"ArcticEdge &#8211; Mustard\"}]},{\"@type\":\"WebSite\",\"@id\":\"https:\\\/\\\/www.fint.is\\\/is\\\/#website\",\"url\":\"https:\\\/\\\/www.fint.is\\\/is\\\/\",\"name\":\"F\u00ednt\",\"description\":\"Barefoot sk\u00f3r, t\u00e1susokkar, og bur\u00f0arpokar\",\"publisher\":{\"@id\":\"https:\\\/\\\/www.fint.is\\\/is\\\/#organization\"},\"alternateName\":\"f\u00ednt.is\",\"potentialAction\":[{\"@type\":\"SearchAction\",\"target\":{\"@type\":\"EntryPoint\",\"urlTemplate\":\"https:\\\/\\\/www.fint.is\\\/is\\\/?s={search_term_string}\"},\"query-input\":{\"@type\":\"PropertyValueSpecification\",\"valueRequired\":true,\"valueName\":\"search_term_string\"}}],\"inLanguage\":\"is\"},{\"@type\":\"Organization\",\"@id\":\"https:\\\/\\\/www.fint.is\\\/is\\\/#organization\",\"name\":\"F\u00ednt\",\"alternateName\":\"Fint\",\"url\":\"https:\\\/\\\/www.fint.is\\\/is\\\/\",\"logo\":{\"@type\":\"ImageObject\",\"inLanguage\":\"is\",\"@id\":\"https:\\\/\\\/www.fint.is\\\/is\\\/#\\\/schema\\\/logo\\\/image\\\/\",\"url\":\"https:\\\/\\\/www.fint.is\\\/wp-content\\\/uploads\\\/logo-colour-small-2.png\",\"contentUrl\":\"https:\\\/\\\/www.fint.is\\\/wp-content\\\/uploads\\\/logo-colour-small-2.png\",\"width\":930,\"height\":711,\"caption\":\"F\u00ednt\"},\"image\":{\"@id\":\"https:\\\/\\\/www.fint.is\\\/is\\\/#\\\/schema\\\/logo\\\/image\\\/\"},\"sameAs\":[\"https:\\\/\\\/www.facebook.com\\\/100090983666893\\\/\",\"https:\\\/\\\/www.instagram.com\\\/fint.verslun\\\/\"]}]}<\/script>\n<!-- \/ Yoast SEO plugin. -->","yoast_head_json":{"title":"ArcticEdge - Mustard - F\u00ednt","description":"ArcticEdge - Mustard F\u00ednt All-round waterproof barefoot shoes with excellent insulation properties and the new ThermoGrip Neo sole in mustard.","robots":{"index":"index","follow":"follow","max-snippet":"max-snippet:-1","max-image-preview":"max-image-preview:large","max-video-preview":"max-video-preview:-1"},"canonical":"https:\/\/www.fint.is\/is\/product\/arcticedge-mustard\/","og_locale":"is_IS","og_type":"article","og_title":"ArcticEdge - Mustard - F\u00ednt","og_description":"ArcticEdge - Mustard F\u00ednt All-round waterproof barefoot shoes with excellent insulation properties and the new ThermoGrip Neo sole in mustard.","og_url":"https:\/\/www.fint.is\/is\/product\/arcticedge-mustard\/","og_site_name":"F\u00ednt","article_publisher":"https:\/\/www.facebook.com\/100090983666893\/","article_modified_time":"2026-04-09T09:13:42+00:00","og_image":[{"width":1350,"height":1800,"url":"https:\/\/www.fint.is\/wp-content\/uploads\/barefoot-topanky-be-lenka-arcticedge-mustard-108041-size-large-v-1.png","type":"image\/png"}],"schema":{"@context":"https:\/\/schema.org","@graph":[{"@type":"WebPage","@id":"https:\/\/www.fint.is\/product\/arcticedge-mustard\/","url":"https:\/\/www.fint.is\/product\/arcticedge-mustard\/","name":"ArcticEdge - Mustard - F\u00ednt","isPartOf":{"@id":"https:\/\/www.fint.is\/is\/#website"},"primaryImageOfPage":{"@id":"https:\/\/www.fint.is\/product\/arcticedge-mustard\/#primaryimage"},"image":{"@id":"https:\/\/www.fint.is\/product\/arcticedge-mustard\/#primaryimage"},"thumbnailUrl":"https:\/\/www.fint.is\/wp-content\/uploads\/barefoot-topanky-be-lenka-arcticedge-mustard-108041-size-large-v-1.png","datePublished":"2026-04-06T16:37:08+00:00","dateModified":"2026-04-09T09:13:42+00:00","description":"ArcticEdge - Mustard F\u00ednt All-round waterproof barefoot shoes with excellent insulation properties and the new ThermoGrip Neo sole in mustard.","breadcrumb":{"@id":"https:\/\/www.fint.is\/product\/arcticedge-mustard\/#breadcrumb"},"inLanguage":"is","potentialAction":[{"@type":"ReadAction","target":["https:\/\/www.fint.is\/product\/arcticedge-mustard\/"]}]},{"@type":"ImageObject","inLanguage":"is","@id":"https:\/\/www.fint.is\/product\/arcticedge-mustard\/#primaryimage","url":"https:\/\/www.fint.is\/wp-content\/uploads\/barefoot-topanky-be-lenka-arcticedge-mustard-108041-size-large-v-1.png","contentUrl":"https:\/\/www.fint.is\/wp-content\/uploads\/barefoot-topanky-be-lenka-arcticedge-mustard-108041-size-large-v-1.png","width":1350,"height":1800},{"@type":"BreadcrumbList","@id":"https:\/\/www.fint.is\/product\/arcticedge-mustard\/#breadcrumb","itemListElement":[{"@type":"ListItem","position":1,"name":"Home","item":"https:\/\/www.fint.is\/"},{"@type":"ListItem","position":2,"name":"Shop","item":"https:\/\/www.fint.is\/is\/shop\/"},{"@type":"ListItem","position":3,"name":"Barefoot shoes","item":"https:\/\/www.fint.is\/is\/product-category\/shoes\/"},{"@type":"ListItem","position":4,"name":"Special orders","item":"https:\/\/www.fint.is\/product-category\/shoes\/be-lenka-models\/"},{"@type":"ListItem","position":5,"name":"ArcticEdge &#8211; Mustard"}]},{"@type":"WebSite","@id":"https:\/\/www.fint.is\/is\/#website","url":"https:\/\/www.fint.is\/is\/","name":"F\u00ednt","description":"Barefoot sk\u00f3r, t\u00e1sokkar, og bur\u00f0arpokar","publisher":{"@id":"https:\/\/www.fint.is\/is\/#organization"},"alternateName":"f\u00ednt.is","potentialAction":[{"@type":"SearchAction","target":{"@type":"EntryPoint","urlTemplate":"https:\/\/www.fint.is\/is\/?s={search_term_string}"},"query-input":{"@type":"PropertyValueSpecification","valueRequired":true,"valueName":"search_term_string"}}],"inLanguage":"is"},{"@type":"Organization","@id":"https:\/\/www.fint.is\/is\/#organization","name":"F\u00ednt","alternateName":"Fint","url":"https:\/\/www.fint.is\/is\/","logo":{"@type":"ImageObject","inLanguage":"is","@id":"https:\/\/www.fint.is\/is\/#\/schema\/logo\/image\/","url":"https:\/\/www.fint.is\/wp-content\/uploads\/logo-colour-small-2.png","contentUrl":"https:\/\/www.fint.is\/wp-content\/uploads\/logo-colour-small-2.png","width":930,"height":711,"caption":"F\u00ednt"},"image":{"@id":"https:\/\/www.fint.is\/is\/#\/schema\/logo\/image\/"},"sameAs":["https:\/\/www.facebook.com\/100090983666893\/","https:\/\/www.instagram.com\/fint.verslun\/"]}]}},"_links":{"self":[{"href":"https:\/\/www.fint.is\/is\/wp-json\/wp\/v2\/product\/37571","targetHints":{"allow":["GET"]}}],"collection":[{"href":"https:\/\/www.fint.is\/is\/wp-json\/wp\/v2\/product"}],"about":[{"href":"https:\/\/www.fint.is\/is\/wp-json\/wp\/v2\/types\/product"}],"replies":[{"embeddable":true,"href":"https:\/\/www.fint.is\/is\/wp-json\/wp\/v2\/comments?post=37571"}],"wp:featuredmedia":[{"embeddable":true,"href":"https:\/\/www.fint.is\/is\/wp-json\/wp\/v2\/media\/38367"}],"wp:attachment":[{"href":"https:\/\/www.fint.is\/is\/wp-json\/wp\/v2\/media?parent=37571"}],"wp:term":[{"taxonomy":"product_brand","embeddable":true,"href":"https:\/\/www.fint.is\/is\/wp-json\/wp\/v2\/product_brand?post=37571"},{"taxonomy":"product_cat","embeddable":true,"href":"https:\/\/www.fint.is\/is\/wp-json\/wp\/v2\/product_cat?post=37571"},{"taxonomy":"product_tag","embeddable":true,"href":"https:\/\/www.fint.is\/is\/wp-json\/wp\/v2\/product_tag?post=37571"}],"curies":[{"name":"wp","href":"https:\/\/api.w.org\/{rel}","templated":true}]}}