{"id":35768,"date":"2026-04-06T16:28:35","date_gmt":"2026-04-06T16:28:35","guid":{"rendered":"https:\/\/www.fint.is\/?post_type=product&#038;p=35768"},"modified":"2026-05-06T15:03:25","modified_gmt":"2026-05-06T15:03:25","slug":"buena-all-black","status":"publish","type":"product","link":"https:\/\/www.fint.is\/is\/product\/buena-all-black\/","title":{"rendered":"Buena &#8211; All Black"},"content":{"rendered":"<p>Unisex leather barefoot moccasins Be Lenka Buena in Black colour. This time we have also thought of the men, and we are sure Be Lenka Buena will find many fans among them, too. These are a popular timeless classic in stunning barefoot design with ample toe space. Loafer-style moccasins are perfect for any occasion. Their minimalistic design lets you pair them with any outfit you fancy, even a formal one. Appreciate the easy slip-on wear thanks to the elastic band on the tongue. The stitched sole ensures the shoes have a long lifespan.<\/p>\n<p>Efni:<\/p>\n<p>Upper: Leather (Nappa)<br \/>\nLining: Leather<br \/>\nInns\u00f3li: Endurunni\u00f0 PU + b\u00f3mull (h\u00e6gt a\u00f0 fjarl\u00e6gja)<br \/>\nS\u00f3li: TR (EverydayComfort)<br \/>\nFramleiddir \u00ed Port\u00fagal<\/p>\n<p>minimalistic barefoot design easy to put on\/take off without lacing, thanks to the elastic band on the tongue<br \/>\neasy to match with a variety of outfits &#8211; elegant, sporty or casual<br \/>\nstitched EverydayComfort sole for a prolonged lifespan of the shoes<br \/>\ndesigned to provide all-day comfort<br \/>\nsubtle embossed Be Lenka logo on the tongue of the shoe<\/p>\n<p>Barefoot eiginleikar:<br \/>\nV\u00edtt t\u00e1box<br \/>\nMj\u00f6g sveigjanlegur s\u00f3li<br \/>\nEngin h\u00e6kkun fr\u00e1 h\u00e6l a\u00f0 t\u00e1, sty\u00f0ur vi\u00f0 g\u00f3\u00f0a l\u00edkamsst\u00f6\u00f0u<br \/>\nL\u00e9ttir<br \/>\nType: Town footwear<\/p>","protected":false},"excerpt":{"rendered":"<p>Pre-order from Be Lenka<\/p>","protected":false},"featured_media":41747,"comment_status":"open","ping_status":"closed","template":"","meta":[],"product_brand":[160],"product_cat":[351],"product_tag":[551],"class_list":{"0":"post-35768","1":"product","2":"type-product","3":"status-publish","4":"has-post-thumbnail","6":"product_brand-be-lenka","7":"product_cat-be-lenka-models","8":"product_tag-be-lenka-models","9":"product_shipping_class-pre-order","11":"first","12":"instock","13":"taxable","14":"shipping-taxable","15":"purchasable","16":"product-type-variable"},"yoast_head":"<!-- This site is optimized with the Yoast SEO plugin v27.5 - https:\/\/yoast.com\/product\/yoast-seo-wordpress\/ -->\n<title>Buena - All Black - F\u00ednt<\/title>\n<meta name=\"description\" content=\"Buena - All Black F\u00ednt\" \/>\n<meta name=\"robots\" content=\"index, follow, max-snippet:-1, max-image-preview:large, max-video-preview:-1\" \/>\n<link rel=\"canonical\" href=\"https:\/\/www.fint.is\/is\/product\/buena-all-black\/\" \/>\n<meta property=\"og:locale\" content=\"is_IS\" \/>\n<meta property=\"og:type\" content=\"article\" \/>\n<meta property=\"og:title\" content=\"Buena - All Black - F\u00ednt\" \/>\n<meta property=\"og:description\" content=\"Buena - All Black F\u00ednt\" \/>\n<meta property=\"og:url\" content=\"https:\/\/www.fint.is\/is\/product\/buena-all-black\/\" \/>\n<meta property=\"og:site_name\" content=\"F\u00ednt\" \/>\n<meta property=\"article:publisher\" content=\"https:\/\/www.facebook.com\/100090983666893\/\" \/>\n<meta property=\"article:modified_time\" content=\"2026-05-06T15:03:25+00:00\" \/>\n<meta property=\"og:image\" content=\"https:\/\/www.fint.is\/wp-content\/uploads\/buena_black_4.jpg\" \/>\n\t<meta property=\"og:image:width\" content=\"1500\" \/>\n\t<meta property=\"og:image:height\" content=\"1000\" \/>\n\t<meta property=\"og:image:type\" content=\"image\/jpeg\" \/>\n<script type=\"application\/ld+json\" class=\"yoast-schema-graph\">{\"@context\":\"https:\\\/\\\/schema.org\",\"@graph\":[{\"@type\":\"WebPage\",\"@id\":\"https:\\\/\\\/www.fint.is\\\/product\\\/buena-all-black\\\/\",\"url\":\"https:\\\/\\\/www.fint.is\\\/product\\\/buena-all-black\\\/\",\"name\":\"Buena - All Black - F\u00ednt\",\"isPartOf\":{\"@id\":\"https:\\\/\\\/www.fint.is\\\/is\\\/#website\"},\"primaryImageOfPage\":{\"@id\":\"https:\\\/\\\/www.fint.is\\\/product\\\/buena-all-black\\\/#primaryimage\"},\"image\":{\"@id\":\"https:\\\/\\\/www.fint.is\\\/product\\\/buena-all-black\\\/#primaryimage\"},\"thumbnailUrl\":\"https:\\\/\\\/www.fint.is\\\/wp-content\\\/uploads\\\/buena_black_4.jpg\",\"datePublished\":\"2026-04-06T16:28:35+00:00\",\"dateModified\":\"2026-05-06T15:03:25+00:00\",\"description\":\"Buena - All Black F\u00ednt\",\"breadcrumb\":{\"@id\":\"https:\\\/\\\/www.fint.is\\\/product\\\/buena-all-black\\\/#breadcrumb\"},\"inLanguage\":\"is\",\"potentialAction\":[{\"@type\":\"ReadAction\",\"target\":[\"https:\\\/\\\/www.fint.is\\\/product\\\/buena-all-black\\\/\"]}]},{\"@type\":\"ImageObject\",\"inLanguage\":\"is\",\"@id\":\"https:\\\/\\\/www.fint.is\\\/product\\\/buena-all-black\\\/#primaryimage\",\"url\":\"https:\\\/\\\/www.fint.is\\\/wp-content\\\/uploads\\\/buena_black_4.jpg\",\"contentUrl\":\"https:\\\/\\\/www.fint.is\\\/wp-content\\\/uploads\\\/buena_black_4.jpg\",\"width\":1500,\"height\":1000},{\"@type\":\"BreadcrumbList\",\"@id\":\"https:\\\/\\\/www.fint.is\\\/product\\\/buena-all-black\\\/#breadcrumb\",\"itemListElement\":[{\"@type\":\"ListItem\",\"position\":1,\"name\":\"Home\",\"item\":\"https:\\\/\\\/www.fint.is\\\/\"},{\"@type\":\"ListItem\",\"position\":2,\"name\":\"Shop\",\"item\":\"https:\\\/\\\/www.fint.is\\\/is\\\/shop\\\/\"},{\"@type\":\"ListItem\",\"position\":3,\"name\":\"Barefoot shoes\",\"item\":\"https:\\\/\\\/www.fint.is\\\/is\\\/product-category\\\/shoes\\\/\"},{\"@type\":\"ListItem\",\"position\":4,\"name\":\"Adult's barefoot shoes\",\"item\":\"https:\\\/\\\/www.fint.is\\\/product-category\\\/shoes\\\/adult\\\/\"},{\"@type\":\"ListItem\",\"position\":5,\"name\":\"Buena &#8211; All Black\"}]},{\"@type\":\"WebSite\",\"@id\":\"https:\\\/\\\/www.fint.is\\\/is\\\/#website\",\"url\":\"https:\\\/\\\/www.fint.is\\\/is\\\/\",\"name\":\"F\u00ednt\",\"description\":\"Barefoot sk\u00f3r, t\u00e1susokkar, og bur\u00f0arpokar\",\"publisher\":{\"@id\":\"https:\\\/\\\/www.fint.is\\\/is\\\/#organization\"},\"alternateName\":\"f\u00ednt.is\",\"potentialAction\":[{\"@type\":\"SearchAction\",\"target\":{\"@type\":\"EntryPoint\",\"urlTemplate\":\"https:\\\/\\\/www.fint.is\\\/is\\\/?s={search_term_string}\"},\"query-input\":{\"@type\":\"PropertyValueSpecification\",\"valueRequired\":true,\"valueName\":\"search_term_string\"}}],\"inLanguage\":\"is\"},{\"@type\":\"Organization\",\"@id\":\"https:\\\/\\\/www.fint.is\\\/is\\\/#organization\",\"name\":\"F\u00ednt\",\"alternateName\":\"Fint\",\"url\":\"https:\\\/\\\/www.fint.is\\\/is\\\/\",\"logo\":{\"@type\":\"ImageObject\",\"inLanguage\":\"is\",\"@id\":\"https:\\\/\\\/www.fint.is\\\/is\\\/#\\\/schema\\\/logo\\\/image\\\/\",\"url\":\"https:\\\/\\\/www.fint.is\\\/wp-content\\\/uploads\\\/logo-colour-small-2.png\",\"contentUrl\":\"https:\\\/\\\/www.fint.is\\\/wp-content\\\/uploads\\\/logo-colour-small-2.png\",\"width\":930,\"height\":711,\"caption\":\"F\u00ednt\"},\"image\":{\"@id\":\"https:\\\/\\\/www.fint.is\\\/is\\\/#\\\/schema\\\/logo\\\/image\\\/\"},\"sameAs\":[\"https:\\\/\\\/www.facebook.com\\\/100090983666893\\\/\",\"https:\\\/\\\/www.instagram.com\\\/fint.verslun\\\/\"]}]}<\/script>\n<!-- \/ Yoast SEO plugin. -->","yoast_head_json":{"title":"Buena - All Black - F\u00ednt","description":"Buena - All Black F\u00ednt","robots":{"index":"index","follow":"follow","max-snippet":"max-snippet:-1","max-image-preview":"max-image-preview:large","max-video-preview":"max-video-preview:-1"},"canonical":"https:\/\/www.fint.is\/is\/product\/buena-all-black\/","og_locale":"is_IS","og_type":"article","og_title":"Buena - All Black - F\u00ednt","og_description":"Buena - All Black F\u00ednt","og_url":"https:\/\/www.fint.is\/is\/product\/buena-all-black\/","og_site_name":"F\u00ednt","article_publisher":"https:\/\/www.facebook.com\/100090983666893\/","article_modified_time":"2026-05-06T15:03:25+00:00","og_image":[{"width":1500,"height":1000,"url":"https:\/\/www.fint.is\/wp-content\/uploads\/buena_black_4.jpg","type":"image\/jpeg"}],"schema":{"@context":"https:\/\/schema.org","@graph":[{"@type":"WebPage","@id":"https:\/\/www.fint.is\/product\/buena-all-black\/","url":"https:\/\/www.fint.is\/product\/buena-all-black\/","name":"Buena - All Black - F\u00ednt","isPartOf":{"@id":"https:\/\/www.fint.is\/is\/#website"},"primaryImageOfPage":{"@id":"https:\/\/www.fint.is\/product\/buena-all-black\/#primaryimage"},"image":{"@id":"https:\/\/www.fint.is\/product\/buena-all-black\/#primaryimage"},"thumbnailUrl":"https:\/\/www.fint.is\/wp-content\/uploads\/buena_black_4.jpg","datePublished":"2026-04-06T16:28:35+00:00","dateModified":"2026-05-06T15:03:25+00:00","description":"Buena - All Black F\u00ednt","breadcrumb":{"@id":"https:\/\/www.fint.is\/product\/buena-all-black\/#breadcrumb"},"inLanguage":"is","potentialAction":[{"@type":"ReadAction","target":["https:\/\/www.fint.is\/product\/buena-all-black\/"]}]},{"@type":"ImageObject","inLanguage":"is","@id":"https:\/\/www.fint.is\/product\/buena-all-black\/#primaryimage","url":"https:\/\/www.fint.is\/wp-content\/uploads\/buena_black_4.jpg","contentUrl":"https:\/\/www.fint.is\/wp-content\/uploads\/buena_black_4.jpg","width":1500,"height":1000},{"@type":"BreadcrumbList","@id":"https:\/\/www.fint.is\/product\/buena-all-black\/#breadcrumb","itemListElement":[{"@type":"ListItem","position":1,"name":"Home","item":"https:\/\/www.fint.is\/"},{"@type":"ListItem","position":2,"name":"Shop","item":"https:\/\/www.fint.is\/is\/shop\/"},{"@type":"ListItem","position":3,"name":"Barefoot shoes","item":"https:\/\/www.fint.is\/is\/product-category\/shoes\/"},{"@type":"ListItem","position":4,"name":"Adult's barefoot shoes","item":"https:\/\/www.fint.is\/product-category\/shoes\/adult\/"},{"@type":"ListItem","position":5,"name":"Buena &#8211; All Black"}]},{"@type":"WebSite","@id":"https:\/\/www.fint.is\/is\/#website","url":"https:\/\/www.fint.is\/is\/","name":"F\u00ednt","description":"Barefoot sk\u00f3r, t\u00e1sokkar, og bur\u00f0arpokar","publisher":{"@id":"https:\/\/www.fint.is\/is\/#organization"},"alternateName":"f\u00ednt.is","potentialAction":[{"@type":"SearchAction","target":{"@type":"EntryPoint","urlTemplate":"https:\/\/www.fint.is\/is\/?s={search_term_string}"},"query-input":{"@type":"PropertyValueSpecification","valueRequired":true,"valueName":"search_term_string"}}],"inLanguage":"is"},{"@type":"Organization","@id":"https:\/\/www.fint.is\/is\/#organization","name":"F\u00ednt","alternateName":"Fint","url":"https:\/\/www.fint.is\/is\/","logo":{"@type":"ImageObject","inLanguage":"is","@id":"https:\/\/www.fint.is\/is\/#\/schema\/logo\/image\/","url":"https:\/\/www.fint.is\/wp-content\/uploads\/logo-colour-small-2.png","contentUrl":"https:\/\/www.fint.is\/wp-content\/uploads\/logo-colour-small-2.png","width":930,"height":711,"caption":"F\u00ednt"},"image":{"@id":"https:\/\/www.fint.is\/is\/#\/schema\/logo\/image\/"},"sameAs":["https:\/\/www.facebook.com\/100090983666893\/","https:\/\/www.instagram.com\/fint.verslun\/"]}]}},"_links":{"self":[{"href":"https:\/\/www.fint.is\/is\/wp-json\/wp\/v2\/product\/35768","targetHints":{"allow":["GET"]}}],"collection":[{"href":"https:\/\/www.fint.is\/is\/wp-json\/wp\/v2\/product"}],"about":[{"href":"https:\/\/www.fint.is\/is\/wp-json\/wp\/v2\/types\/product"}],"replies":[{"embeddable":true,"href":"https:\/\/www.fint.is\/is\/wp-json\/wp\/v2\/comments?post=35768"}],"wp:featuredmedia":[{"embeddable":true,"href":"https:\/\/www.fint.is\/is\/wp-json\/wp\/v2\/media\/41747"}],"wp:attachment":[{"href":"https:\/\/www.fint.is\/is\/wp-json\/wp\/v2\/media?parent=35768"}],"wp:term":[{"taxonomy":"product_brand","embeddable":true,"href":"https:\/\/www.fint.is\/is\/wp-json\/wp\/v2\/product_brand?post=35768"},{"taxonomy":"product_cat","embeddable":true,"href":"https:\/\/www.fint.is\/is\/wp-json\/wp\/v2\/product_cat?post=35768"},{"taxonomy":"product_tag","embeddable":true,"href":"https:\/\/www.fint.is\/is\/wp-json\/wp\/v2\/product_tag?post=35768"}],"curies":[{"name":"wp","href":"https:\/\/api.w.org\/{rel}","templated":true}]}}