{"id":3255,"date":"2025-09-24T20:41:49","date_gmt":"2025-09-24T20:41:49","guid":{"rendered":"https:\/\/www.fint.is\/?post_type=product&#038;p=3255"},"modified":"2026-02-26T17:02:31","modified_gmt":"2026-02-26T17:02:31","slug":"ailo","status":"publish","type":"product","link":"https:\/\/www.fint.is\/is\/product\/ailo\/","title":{"rendered":"Be Lenka Ailo &#8211; barefoot sk\u00f3r"},"content":{"rendered":"<p><strong>Hvers vegna \u00e6ttu kuldask\u00f3r fyrir b\u00f6rn ekki a\u00f0 vera \u00fe\u00e6gilegir, flottir, og g\u00f3\u00f0ir fyrir f\u00e6turna?<\/strong> Ailo Kids kuldask\u00f3rnir eru framleiddur \u00far efnum sem r\u00e1\u00f0a vel vi\u00f0 frost og snj\u00f3 og hafa s\u00f3la me\u00f0 g\u00f3\u00f0u gripi og skemmtilegu munstri. Yfirbor\u00f0 sk\u00f3nna hrindir fr\u00e1 s\u00e9r vatni, og \u00fear undir er vatnsheld himna. Saman halda \u00feessi tv\u00f6 l\u00f6g f\u00f3tunum \u00feurrum, og me\u00f0an fl\u00edsf\u00f3\u00f0run heldur \u00e1 \u00feeim hita. Franskur rennil\u00e1s, \u00e1samt lykkju a\u00f0 aftan, gerir \u00fea\u00f0 au\u00f0velt fyrir b\u00f6rn a\u00f0 fara \u00ed og \u00far sk\u00f3num. Endurskin eykur \u00e1 s\u00fdnileika \u00ed myrkri. L\u00e9ttir, hentugir og vegan. Til \u00ed sv\u00f6rtu, bl\u00e1u og berjalit.<\/p>\n<p>Athugi\u00f0 a\u00f0 f\u00f3\u00f0runin minnkar innra m\u00e1l sk\u00f3nna a\u00f0eins. \u00dea\u00f0 getur \u00feess vegna veri\u00f0 r\u00e1\u00f0legt a\u00f0 velja st\u00e6rri st\u00e6r\u00f0.<\/p>\n<div>\n<h3><span style=\"color: #993300;\">Efni:<\/span><\/h3>\n<ul>\n<li>Efra lag: Text\u00edll og vegan le\u00f0ur<\/li>\n<li>F\u00f3\u00f0run: Fl\u00eds og vatnsheld, andandi, himna<\/li>\n<li>Inns\u00f3li: PU og fl\u00eds (h\u00e6gt a\u00f0 fjarl\u00e6gja)<\/li>\n<li>Ytri s\u00f3li: KidsThemoGrip Prescohool \/ Kids \/ Junior (g\u00famm\u00ed)<\/li>\n<\/ul>\n<p>Framleiddir \u00ed V\u00edetnam<\/p>\n<\/div>","protected":false},"excerpt":{"rendered":"<p>Kid&#8217;s snow boots Ailo Kids can handle frost and snow thanks to their technical materials and an outsole with excellent grip and a playful tread pattern.<\/p>","protected":false},"featured_media":3440,"comment_status":"closed","ping_status":"closed","template":"","meta":[],"product_brand":[160],"product_cat":[35,40,16],"product_tag":[133,101,115],"class_list":{"0":"post-3255","1":"product","2":"type-product","3":"status-publish","4":"has-post-thumbnail","6":"product_brand-be-lenka","7":"product_cat-shoes","8":"product_cat-children","9":"product_cat-uncategorized","10":"product_tag-barefoot-kuldaskor","11":"product_tag-barefoot-shoes-kids","12":"product_tag-be-lenka","14":"first","15":"instock","16":"taxable","17":"shipping-taxable","18":"purchasable","19":"product-type-variable"},"yoast_head":"<!-- This site is optimized with the Yoast SEO plugin v27.5 - https:\/\/yoast.com\/product\/yoast-seo-wordpress\/ -->\n<title>Be Lenka Ailo - barefoot sk\u00f3r - F\u00ednt<\/title>\n<meta name=\"description\" content=\"Be Lenka Ailo - barefoot sk\u00f3r F\u00ednt Kid&#039;s barefoot kuldask\u00f3r can handle frost and snow thanks to their technical materials and an outsole with excellent grip.\" \/>\n<meta name=\"robots\" content=\"index, follow, max-snippet:-1, max-image-preview:large, max-video-preview:-1\" \/>\n<link rel=\"canonical\" href=\"https:\/\/www.fint.is\/is\/product\/ailo\/\" \/>\n<meta property=\"og:locale\" content=\"is_IS\" \/>\n<meta property=\"og:type\" content=\"article\" \/>\n<meta property=\"og:title\" content=\"Be Lenka Ailo - barefoot sk\u00f3r - F\u00ednt\" \/>\n<meta property=\"og:description\" content=\"Be Lenka Ailo - barefoot sk\u00f3r F\u00ednt Kid&#039;s barefoot kuldask\u00f3r can handle frost and snow thanks to their technical materials and an outsole with excellent grip.\" \/>\n<meta property=\"og:url\" content=\"https:\/\/www.fint.is\/is\/product\/ailo\/\" \/>\n<meta property=\"og:site_name\" content=\"F\u00ednt\" \/>\n<meta property=\"article:publisher\" content=\"https:\/\/www.facebook.com\/100090983666893\/\" \/>\n<meta property=\"article:modified_time\" content=\"2026-02-26T17:02:31+00:00\" \/>\n<meta property=\"og:image\" content=\"https:\/\/www.fint.is\/wp-content\/uploads\/Ailo_ALL_black_Male_7-988x1024.png\" \/>\n\t<meta property=\"og:image:width\" content=\"988\" \/>\n\t<meta property=\"og:image:height\" content=\"1024\" \/>\n\t<meta property=\"og:image:type\" content=\"image\/png\" \/>\n<script type=\"application\/ld+json\" class=\"yoast-schema-graph\">{\"@context\":\"https:\\\/\\\/schema.org\",\"@graph\":[{\"@type\":\"WebPage\",\"@id\":\"https:\\\/\\\/www.fint.is\\\/product\\\/ailo\\\/\",\"url\":\"https:\\\/\\\/www.fint.is\\\/product\\\/ailo\\\/\",\"name\":\"Be Lenka Ailo - barefoot sk\u00f3r - F\u00ednt\",\"isPartOf\":{\"@id\":\"https:\\\/\\\/www.fint.is\\\/is\\\/#website\"},\"primaryImageOfPage\":{\"@id\":\"https:\\\/\\\/www.fint.is\\\/product\\\/ailo\\\/#primaryimage\"},\"image\":{\"@id\":\"https:\\\/\\\/www.fint.is\\\/product\\\/ailo\\\/#primaryimage\"},\"thumbnailUrl\":\"https:\\\/\\\/www.fint.is\\\/wp-content\\\/uploads\\\/Ailo_ALL_black_Male_7-scaled.png\",\"datePublished\":\"2025-09-24T20:41:49+00:00\",\"dateModified\":\"2026-02-26T17:02:31+00:00\",\"description\":\"Be Lenka Ailo - barefoot sk\u00f3r F\u00ednt Kid's barefoot kuldask\u00f3r can handle frost and snow thanks to their technical materials and an outsole with excellent grip.\",\"breadcrumb\":{\"@id\":\"https:\\\/\\\/www.fint.is\\\/product\\\/ailo\\\/#breadcrumb\"},\"inLanguage\":\"is\",\"potentialAction\":[{\"@type\":\"ReadAction\",\"target\":[\"https:\\\/\\\/www.fint.is\\\/product\\\/ailo\\\/\"]}]},{\"@type\":\"ImageObject\",\"inLanguage\":\"is\",\"@id\":\"https:\\\/\\\/www.fint.is\\\/product\\\/ailo\\\/#primaryimage\",\"url\":\"https:\\\/\\\/www.fint.is\\\/wp-content\\\/uploads\\\/Ailo_ALL_black_Male_7-scaled.png\",\"contentUrl\":\"https:\\\/\\\/www.fint.is\\\/wp-content\\\/uploads\\\/Ailo_ALL_black_Male_7-scaled.png\",\"width\":2469,\"height\":2560},{\"@type\":\"BreadcrumbList\",\"@id\":\"https:\\\/\\\/www.fint.is\\\/product\\\/ailo\\\/#breadcrumb\",\"itemListElement\":[{\"@type\":\"ListItem\",\"position\":1,\"name\":\"Home\",\"item\":\"https:\\\/\\\/www.fint.is\\\/\"},{\"@type\":\"ListItem\",\"position\":2,\"name\":\"Shop\",\"item\":\"https:\\\/\\\/www.fint.is\\\/is\\\/shop\\\/\"},{\"@type\":\"ListItem\",\"position\":3,\"name\":\"Barefoot shoes\",\"item\":\"https:\\\/\\\/www.fint.is\\\/is\\\/product-category\\\/shoes\\\/\"},{\"@type\":\"ListItem\",\"position\":4,\"name\":\"Be Lenka Ailo &#8211; barefoot sk\u00f3r\"}]},{\"@type\":\"WebSite\",\"@id\":\"https:\\\/\\\/www.fint.is\\\/is\\\/#website\",\"url\":\"https:\\\/\\\/www.fint.is\\\/is\\\/\",\"name\":\"F\u00ednt\",\"description\":\"Barefoot sk\u00f3r, t\u00e1susokkar, og bur\u00f0arpokar\",\"publisher\":{\"@id\":\"https:\\\/\\\/www.fint.is\\\/is\\\/#organization\"},\"alternateName\":\"f\u00ednt.is\",\"potentialAction\":[{\"@type\":\"SearchAction\",\"target\":{\"@type\":\"EntryPoint\",\"urlTemplate\":\"https:\\\/\\\/www.fint.is\\\/is\\\/?s={search_term_string}\"},\"query-input\":{\"@type\":\"PropertyValueSpecification\",\"valueRequired\":true,\"valueName\":\"search_term_string\"}}],\"inLanguage\":\"is\"},{\"@type\":\"Organization\",\"@id\":\"https:\\\/\\\/www.fint.is\\\/is\\\/#organization\",\"name\":\"F\u00ednt\",\"alternateName\":\"Fint\",\"url\":\"https:\\\/\\\/www.fint.is\\\/is\\\/\",\"logo\":{\"@type\":\"ImageObject\",\"inLanguage\":\"is\",\"@id\":\"https:\\\/\\\/www.fint.is\\\/is\\\/#\\\/schema\\\/logo\\\/image\\\/\",\"url\":\"https:\\\/\\\/www.fint.is\\\/wp-content\\\/uploads\\\/logo-colour-small-2.png\",\"contentUrl\":\"https:\\\/\\\/www.fint.is\\\/wp-content\\\/uploads\\\/logo-colour-small-2.png\",\"width\":930,\"height\":711,\"caption\":\"F\u00ednt\"},\"image\":{\"@id\":\"https:\\\/\\\/www.fint.is\\\/is\\\/#\\\/schema\\\/logo\\\/image\\\/\"},\"sameAs\":[\"https:\\\/\\\/www.facebook.com\\\/100090983666893\\\/\",\"https:\\\/\\\/www.instagram.com\\\/fint.verslun\\\/\"]}]}<\/script>\n<!-- \/ Yoast SEO plugin. -->","yoast_head_json":{"title":"Be Lenka Ailo - barefoot sk\u00f3r - F\u00ednt","description":"Be Lenka Ailo - barefoot sk\u00f3r F\u00ednt Kid's barefoot kuldask\u00f3r can handle frost and snow thanks to their technical materials and an outsole with excellent grip.","robots":{"index":"index","follow":"follow","max-snippet":"max-snippet:-1","max-image-preview":"max-image-preview:large","max-video-preview":"max-video-preview:-1"},"canonical":"https:\/\/www.fint.is\/is\/product\/ailo\/","og_locale":"is_IS","og_type":"article","og_title":"Be Lenka Ailo - barefoot sk\u00f3r - F\u00ednt","og_description":"Be Lenka Ailo - barefoot sk\u00f3r F\u00ednt Kid's barefoot kuldask\u00f3r can handle frost and snow thanks to their technical materials and an outsole with excellent grip.","og_url":"https:\/\/www.fint.is\/is\/product\/ailo\/","og_site_name":"F\u00ednt","article_publisher":"https:\/\/www.facebook.com\/100090983666893\/","article_modified_time":"2026-02-26T17:02:31+00:00","og_image":[{"width":988,"height":1024,"url":"https:\/\/www.fint.is\/wp-content\/uploads\/Ailo_ALL_black_Male_7-988x1024.png","type":"image\/png"}],"schema":{"@context":"https:\/\/schema.org","@graph":[{"@type":"WebPage","@id":"https:\/\/www.fint.is\/product\/ailo\/","url":"https:\/\/www.fint.is\/product\/ailo\/","name":"Be Lenka Ailo - barefoot sk\u00f3r - F\u00ednt","isPartOf":{"@id":"https:\/\/www.fint.is\/is\/#website"},"primaryImageOfPage":{"@id":"https:\/\/www.fint.is\/product\/ailo\/#primaryimage"},"image":{"@id":"https:\/\/www.fint.is\/product\/ailo\/#primaryimage"},"thumbnailUrl":"https:\/\/www.fint.is\/wp-content\/uploads\/Ailo_ALL_black_Male_7-scaled.png","datePublished":"2025-09-24T20:41:49+00:00","dateModified":"2026-02-26T17:02:31+00:00","description":"Be Lenka Ailo - barefoot sk\u00f3r F\u00ednt Kid's barefoot kuldask\u00f3r can handle frost and snow thanks to their technical materials and an outsole with excellent grip.","breadcrumb":{"@id":"https:\/\/www.fint.is\/product\/ailo\/#breadcrumb"},"inLanguage":"is","potentialAction":[{"@type":"ReadAction","target":["https:\/\/www.fint.is\/product\/ailo\/"]}]},{"@type":"ImageObject","inLanguage":"is","@id":"https:\/\/www.fint.is\/product\/ailo\/#primaryimage","url":"https:\/\/www.fint.is\/wp-content\/uploads\/Ailo_ALL_black_Male_7-scaled.png","contentUrl":"https:\/\/www.fint.is\/wp-content\/uploads\/Ailo_ALL_black_Male_7-scaled.png","width":2469,"height":2560},{"@type":"BreadcrumbList","@id":"https:\/\/www.fint.is\/product\/ailo\/#breadcrumb","itemListElement":[{"@type":"ListItem","position":1,"name":"Home","item":"https:\/\/www.fint.is\/"},{"@type":"ListItem","position":2,"name":"Shop","item":"https:\/\/www.fint.is\/is\/shop\/"},{"@type":"ListItem","position":3,"name":"Barefoot shoes","item":"https:\/\/www.fint.is\/is\/product-category\/shoes\/"},{"@type":"ListItem","position":4,"name":"Be Lenka Ailo &#8211; barefoot sk\u00f3r"}]},{"@type":"WebSite","@id":"https:\/\/www.fint.is\/is\/#website","url":"https:\/\/www.fint.is\/is\/","name":"F\u00ednt","description":"Barefoot sk\u00f3r, t\u00e1sokkar, og bur\u00f0arpokar","publisher":{"@id":"https:\/\/www.fint.is\/is\/#organization"},"alternateName":"f\u00ednt.is","potentialAction":[{"@type":"SearchAction","target":{"@type":"EntryPoint","urlTemplate":"https:\/\/www.fint.is\/is\/?s={search_term_string}"},"query-input":{"@type":"PropertyValueSpecification","valueRequired":true,"valueName":"search_term_string"}}],"inLanguage":"is"},{"@type":"Organization","@id":"https:\/\/www.fint.is\/is\/#organization","name":"F\u00ednt","alternateName":"Fint","url":"https:\/\/www.fint.is\/is\/","logo":{"@type":"ImageObject","inLanguage":"is","@id":"https:\/\/www.fint.is\/is\/#\/schema\/logo\/image\/","url":"https:\/\/www.fint.is\/wp-content\/uploads\/logo-colour-small-2.png","contentUrl":"https:\/\/www.fint.is\/wp-content\/uploads\/logo-colour-small-2.png","width":930,"height":711,"caption":"F\u00ednt"},"image":{"@id":"https:\/\/www.fint.is\/is\/#\/schema\/logo\/image\/"},"sameAs":["https:\/\/www.facebook.com\/100090983666893\/","https:\/\/www.instagram.com\/fint.verslun\/"]}]}},"_links":{"self":[{"href":"https:\/\/www.fint.is\/is\/wp-json\/wp\/v2\/product\/3255","targetHints":{"allow":["GET"]}}],"collection":[{"href":"https:\/\/www.fint.is\/is\/wp-json\/wp\/v2\/product"}],"about":[{"href":"https:\/\/www.fint.is\/is\/wp-json\/wp\/v2\/types\/product"}],"replies":[{"embeddable":true,"href":"https:\/\/www.fint.is\/is\/wp-json\/wp\/v2\/comments?post=3255"}],"wp:featuredmedia":[{"embeddable":true,"href":"https:\/\/www.fint.is\/is\/wp-json\/wp\/v2\/media\/3440"}],"wp:attachment":[{"href":"https:\/\/www.fint.is\/is\/wp-json\/wp\/v2\/media?parent=3255"}],"wp:term":[{"taxonomy":"product_brand","embeddable":true,"href":"https:\/\/www.fint.is\/is\/wp-json\/wp\/v2\/product_brand?post=3255"},{"taxonomy":"product_cat","embeddable":true,"href":"https:\/\/www.fint.is\/is\/wp-json\/wp\/v2\/product_cat?post=3255"},{"taxonomy":"product_tag","embeddable":true,"href":"https:\/\/www.fint.is\/is\/wp-json\/wp\/v2\/product_tag?post=3255"}],"curies":[{"name":"wp","href":"https:\/\/api.w.org\/{rel}","templated":true}]}}