{"id":2880,"date":"2025-04-08T17:39:01","date_gmt":"2025-04-08T17:39:01","guid":{"rendered":"https:\/\/www.fint.is\/?post_type=product&#038;p=2880"},"modified":"2026-02-26T17:02:32","modified_gmt":"2026-02-26T17:02:32","slug":"be-lenka-aura-barefoot-skor","status":"publish","type":"product","link":"https:\/\/www.fint.is\/is\/product\/be-lenka-aura-barefoot-skor\/","title":{"rendered":"Be Lenka Aura &#8211; barefoot sk\u00f3r"},"content":{"rendered":"<p>Be Lenka Aura eru barefoot strigask\u00f3r sem er au\u00f0velt fyrir b\u00f6rn a\u00f0 smeygja s\u00e9r \u00ed og \u00far. \u00deeir hj\u00e1lpa \u00feannig b\u00e6\u00f0i foreldrum, sem \u00feurfa minna a\u00f0 hj\u00e1lpa b\u00f6rnunum s\u00ednum, og b\u00f6rnum, sem f\u00e1 auki\u00f0 sj\u00e1lfst\u00e6\u00f0i. Fr\u00e1b\u00e6rir sk\u00f3r hvort sem er \u00ed sk\u00f3lann, \u00e1 leikv\u00f6llinn e\u00f0a \u00ed g\u00f6ngut\u00farinn. L\u00e9tt text\u00edlefni\u00f0 andar vel og hentar \u00feess vegna l\u00edka \u00feegar hitnar \u00ed ve\u00f0ri. Sveigjanlegur PebbleComfort s\u00f3linn lagar sig a\u00f0 hverju skrefi og veitir b\u00f6rnum aukinn st\u00f6\u00f0ugleika \u00feegar \u00feau leika s\u00e9r. Aura eru fr\u00e1b\u00e6rir sk\u00f3r fyrir \u00e6vint\u00fdri sumarsins!<\/p>\n<div>\n<h3><span style=\"color: #993300;\">Efni:<\/span><\/h3>\n<ul>\n<li>Efri hluti: Text\u00edll<\/li>\n<li>F\u00f3\u00f0run: Text\u00edll<\/li>\n<li>Inns\u00f3li: PU + text\u00edll (h\u00e6gt a\u00f0 fjarl\u00e6gja)<\/li>\n<li>S\u00f3li: G\u00famm\u00ed (PebbleComfort Preschool)<\/li>\n<li>Framleiddir \u00ed V\u00edetnam<\/li>\n<\/ul>\n<h3><span style=\"color: #993300;\">Eiginleikar:<\/span><\/h3>\n<ul>\n<li>Barefoot sk\u00f3r sem veita svipa\u00f0a tilfinningu og vi\u00f0 a\u00f0 ganga berf\u00e6tt<\/li>\n<li>Au\u00f0velt a\u00f0 smeygja s\u00e9r \u00ed og \u00far<\/li>\n<li>Efra yfirbor\u00f0 \u00far l\u00e9ttu text\u00edlefni sem andar vel<\/li>\n<li>Sveigjanlegur PebbleComfort s\u00f3linn sty\u00f0ur vi\u00f0 st\u00f6\u00f0ugleika \u00ed hverju skrefi<\/li>\n<\/ul>\n<h3><span style=\"color: #993300;\">Barefoot eiginleikar:<\/span><\/h3>\n<ul>\n<li>Mj\u00f6g sveigjanlegur s\u00f3li<\/li>\n<li>Engin h\u00e6kkun fr\u00e1 h\u00e6l a\u00f0 t\u00e1, sty\u00f0ur vi\u00f0 g\u00f3\u00f0a l\u00edkamsst\u00f6\u00f0u<\/li>\n<li>V\u00edtt t\u00e1box<\/li>\n<li>L\u00e9ttir<\/li>\n<\/ul>\n<\/div>","protected":false},"excerpt":{"rendered":"<p>Barefoot strigask\u00f3r fyrir b\u00f6rn sem er einfalt a\u00f0 smeygja s\u00e9r \u00ed og \u00far.<\/p>","protected":false},"featured_media":2915,"comment_status":"closed","ping_status":"closed","template":"","meta":[],"product_brand":[160],"product_cat":[35,40,16],"product_tag":[138,115,112,173],"class_list":{"0":"post-2880","1":"product","2":"type-product","3":"status-publish","4":"has-post-thumbnail","6":"product_brand-be-lenka","7":"product_cat-shoes","8":"product_cat-children","9":"product_cat-uncategorized","10":"product_tag-barefoot-skor","11":"product_tag-be-lenka","12":"product_tag-kids-barefoot-shoes","13":"product_tag-summer","14":"product_shipping_class-kids-shoes","16":"first","17":"instock","18":"taxable","19":"shipping-taxable","20":"purchasable","21":"product-type-variable"},"yoast_head":"<!-- This site is optimized with the Yoast SEO plugin v27.5 - https:\/\/yoast.com\/product\/yoast-seo-wordpress\/ -->\n<title>Be Lenka Aura - barefoot sk\u00f3r - F\u00ednt<\/title>\n<meta name=\"description\" content=\"Be Lenka Aura - barefoot sk\u00f3r F\u00ednt Be Lenka Aura are cotton slip-on barefoot shoes for kids to move without restrictions.\" \/>\n<meta name=\"robots\" content=\"index, follow, max-snippet:-1, max-image-preview:large, max-video-preview:-1\" \/>\n<link rel=\"canonical\" href=\"https:\/\/www.fint.is\/is\/product\/be-lenka-aura-barefoot-skor\/\" \/>\n<meta property=\"og:locale\" content=\"is_IS\" \/>\n<meta property=\"og:type\" content=\"article\" \/>\n<meta property=\"og:title\" content=\"Be Lenka Aura - barefoot sk\u00f3r - F\u00ednt\" \/>\n<meta property=\"og:description\" content=\"Be Lenka Aura - barefoot sk\u00f3r F\u00ednt Be Lenka Aura are cotton slip-on barefoot shoes for kids to move without restrictions.\" \/>\n<meta property=\"og:url\" content=\"https:\/\/www.fint.is\/is\/product\/be-lenka-aura-barefoot-skor\/\" \/>\n<meta property=\"og:site_name\" content=\"F\u00ednt\" \/>\n<meta property=\"article:publisher\" content=\"https:\/\/www.facebook.com\/100090983666893\/\" \/>\n<meta property=\"article:modified_time\" content=\"2026-02-26T17:02:32+00:00\" \/>\n<meta property=\"og:image\" content=\"https:\/\/www.fint.is\/wp-content\/uploads\/Kopia-suboru-aura_cotton_candy_3.jpg\" \/>\n\t<meta property=\"og:image:width\" content=\"1500\" \/>\n\t<meta property=\"og:image:height\" content=\"1000\" \/>\n\t<meta property=\"og:image:type\" content=\"image\/jpeg\" \/>\n<script type=\"application\/ld+json\" class=\"yoast-schema-graph\">{\"@context\":\"https:\\\/\\\/schema.org\",\"@graph\":[{\"@type\":\"WebPage\",\"@id\":\"https:\\\/\\\/www.fint.is\\\/product\\\/be-lenka-aura-barefoot-skor\\\/\",\"url\":\"https:\\\/\\\/www.fint.is\\\/product\\\/be-lenka-aura-barefoot-skor\\\/\",\"name\":\"Be Lenka Aura - barefoot sk\u00f3r - F\u00ednt\",\"isPartOf\":{\"@id\":\"https:\\\/\\\/www.fint.is\\\/is\\\/#website\"},\"primaryImageOfPage\":{\"@id\":\"https:\\\/\\\/www.fint.is\\\/product\\\/be-lenka-aura-barefoot-skor\\\/#primaryimage\"},\"image\":{\"@id\":\"https:\\\/\\\/www.fint.is\\\/product\\\/be-lenka-aura-barefoot-skor\\\/#primaryimage\"},\"thumbnailUrl\":\"https:\\\/\\\/www.fint.is\\\/wp-content\\\/uploads\\\/Kopia-suboru-aura_cotton_candy_3.jpg\",\"datePublished\":\"2025-04-08T17:39:01+00:00\",\"dateModified\":\"2026-02-26T17:02:32+00:00\",\"description\":\"Be Lenka Aura - barefoot sk\u00f3r F\u00ednt Be Lenka Aura are cotton slip-on barefoot shoes for kids to move without restrictions.\",\"breadcrumb\":{\"@id\":\"https:\\\/\\\/www.fint.is\\\/product\\\/be-lenka-aura-barefoot-skor\\\/#breadcrumb\"},\"inLanguage\":\"is\",\"potentialAction\":[{\"@type\":\"ReadAction\",\"target\":[\"https:\\\/\\\/www.fint.is\\\/product\\\/be-lenka-aura-barefoot-skor\\\/\"]}]},{\"@type\":\"ImageObject\",\"inLanguage\":\"is\",\"@id\":\"https:\\\/\\\/www.fint.is\\\/product\\\/be-lenka-aura-barefoot-skor\\\/#primaryimage\",\"url\":\"https:\\\/\\\/www.fint.is\\\/wp-content\\\/uploads\\\/Kopia-suboru-aura_cotton_candy_3.jpg\",\"contentUrl\":\"https:\\\/\\\/www.fint.is\\\/wp-content\\\/uploads\\\/Kopia-suboru-aura_cotton_candy_3.jpg\",\"width\":1500,\"height\":1000},{\"@type\":\"BreadcrumbList\",\"@id\":\"https:\\\/\\\/www.fint.is\\\/product\\\/be-lenka-aura-barefoot-skor\\\/#breadcrumb\",\"itemListElement\":[{\"@type\":\"ListItem\",\"position\":1,\"name\":\"Home\",\"item\":\"https:\\\/\\\/www.fint.is\\\/\"},{\"@type\":\"ListItem\",\"position\":2,\"name\":\"Shop\",\"item\":\"https:\\\/\\\/www.fint.is\\\/is\\\/shop\\\/\"},{\"@type\":\"ListItem\",\"position\":3,\"name\":\"Barefoot shoes\",\"item\":\"https:\\\/\\\/www.fint.is\\\/is\\\/product-category\\\/shoes\\\/\"},{\"@type\":\"ListItem\",\"position\":4,\"name\":\"Be Lenka Aura &#8211; barefoot sk\u00f3r\"}]},{\"@type\":\"WebSite\",\"@id\":\"https:\\\/\\\/www.fint.is\\\/is\\\/#website\",\"url\":\"https:\\\/\\\/www.fint.is\\\/is\\\/\",\"name\":\"F\u00ednt\",\"description\":\"Barefoot sk\u00f3r, t\u00e1susokkar, og bur\u00f0arpokar\",\"publisher\":{\"@id\":\"https:\\\/\\\/www.fint.is\\\/is\\\/#organization\"},\"alternateName\":\"f\u00ednt.is\",\"potentialAction\":[{\"@type\":\"SearchAction\",\"target\":{\"@type\":\"EntryPoint\",\"urlTemplate\":\"https:\\\/\\\/www.fint.is\\\/is\\\/?s={search_term_string}\"},\"query-input\":{\"@type\":\"PropertyValueSpecification\",\"valueRequired\":true,\"valueName\":\"search_term_string\"}}],\"inLanguage\":\"is\"},{\"@type\":\"Organization\",\"@id\":\"https:\\\/\\\/www.fint.is\\\/is\\\/#organization\",\"name\":\"F\u00ednt\",\"alternateName\":\"Fint\",\"url\":\"https:\\\/\\\/www.fint.is\\\/is\\\/\",\"logo\":{\"@type\":\"ImageObject\",\"inLanguage\":\"is\",\"@id\":\"https:\\\/\\\/www.fint.is\\\/is\\\/#\\\/schema\\\/logo\\\/image\\\/\",\"url\":\"https:\\\/\\\/www.fint.is\\\/wp-content\\\/uploads\\\/logo-colour-small-2.png\",\"contentUrl\":\"https:\\\/\\\/www.fint.is\\\/wp-content\\\/uploads\\\/logo-colour-small-2.png\",\"width\":930,\"height\":711,\"caption\":\"F\u00ednt\"},\"image\":{\"@id\":\"https:\\\/\\\/www.fint.is\\\/is\\\/#\\\/schema\\\/logo\\\/image\\\/\"},\"sameAs\":[\"https:\\\/\\\/www.facebook.com\\\/100090983666893\\\/\",\"https:\\\/\\\/www.instagram.com\\\/fint.verslun\\\/\"]}]}<\/script>\n<!-- \/ Yoast SEO plugin. -->","yoast_head_json":{"title":"Be Lenka Aura - barefoot sk\u00f3r - F\u00ednt","description":"Be Lenka Aura - barefoot sk\u00f3r F\u00ednt Be Lenka Aura are cotton slip-on barefoot shoes for kids to move without restrictions.","robots":{"index":"index","follow":"follow","max-snippet":"max-snippet:-1","max-image-preview":"max-image-preview:large","max-video-preview":"max-video-preview:-1"},"canonical":"https:\/\/www.fint.is\/is\/product\/be-lenka-aura-barefoot-skor\/","og_locale":"is_IS","og_type":"article","og_title":"Be Lenka Aura - barefoot sk\u00f3r - F\u00ednt","og_description":"Be Lenka Aura - barefoot sk\u00f3r F\u00ednt Be Lenka Aura are cotton slip-on barefoot shoes for kids to move without restrictions.","og_url":"https:\/\/www.fint.is\/is\/product\/be-lenka-aura-barefoot-skor\/","og_site_name":"F\u00ednt","article_publisher":"https:\/\/www.facebook.com\/100090983666893\/","article_modified_time":"2026-02-26T17:02:32+00:00","og_image":[{"width":1500,"height":1000,"url":"https:\/\/www.fint.is\/wp-content\/uploads\/Kopia-suboru-aura_cotton_candy_3.jpg","type":"image\/jpeg"}],"schema":{"@context":"https:\/\/schema.org","@graph":[{"@type":"WebPage","@id":"https:\/\/www.fint.is\/product\/be-lenka-aura-barefoot-skor\/","url":"https:\/\/www.fint.is\/product\/be-lenka-aura-barefoot-skor\/","name":"Be Lenka Aura - barefoot sk\u00f3r - F\u00ednt","isPartOf":{"@id":"https:\/\/www.fint.is\/is\/#website"},"primaryImageOfPage":{"@id":"https:\/\/www.fint.is\/product\/be-lenka-aura-barefoot-skor\/#primaryimage"},"image":{"@id":"https:\/\/www.fint.is\/product\/be-lenka-aura-barefoot-skor\/#primaryimage"},"thumbnailUrl":"https:\/\/www.fint.is\/wp-content\/uploads\/Kopia-suboru-aura_cotton_candy_3.jpg","datePublished":"2025-04-08T17:39:01+00:00","dateModified":"2026-02-26T17:02:32+00:00","description":"Be Lenka Aura - barefoot sk\u00f3r F\u00ednt Be Lenka Aura are cotton slip-on barefoot shoes for kids to move without restrictions.","breadcrumb":{"@id":"https:\/\/www.fint.is\/product\/be-lenka-aura-barefoot-skor\/#breadcrumb"},"inLanguage":"is","potentialAction":[{"@type":"ReadAction","target":["https:\/\/www.fint.is\/product\/be-lenka-aura-barefoot-skor\/"]}]},{"@type":"ImageObject","inLanguage":"is","@id":"https:\/\/www.fint.is\/product\/be-lenka-aura-barefoot-skor\/#primaryimage","url":"https:\/\/www.fint.is\/wp-content\/uploads\/Kopia-suboru-aura_cotton_candy_3.jpg","contentUrl":"https:\/\/www.fint.is\/wp-content\/uploads\/Kopia-suboru-aura_cotton_candy_3.jpg","width":1500,"height":1000},{"@type":"BreadcrumbList","@id":"https:\/\/www.fint.is\/product\/be-lenka-aura-barefoot-skor\/#breadcrumb","itemListElement":[{"@type":"ListItem","position":1,"name":"Home","item":"https:\/\/www.fint.is\/"},{"@type":"ListItem","position":2,"name":"Shop","item":"https:\/\/www.fint.is\/is\/shop\/"},{"@type":"ListItem","position":3,"name":"Barefoot shoes","item":"https:\/\/www.fint.is\/is\/product-category\/shoes\/"},{"@type":"ListItem","position":4,"name":"Be Lenka Aura &#8211; barefoot sk\u00f3r"}]},{"@type":"WebSite","@id":"https:\/\/www.fint.is\/is\/#website","url":"https:\/\/www.fint.is\/is\/","name":"F\u00ednt","description":"Barefoot sk\u00f3r, t\u00e1sokkar, og bur\u00f0arpokar","publisher":{"@id":"https:\/\/www.fint.is\/is\/#organization"},"alternateName":"f\u00ednt.is","potentialAction":[{"@type":"SearchAction","target":{"@type":"EntryPoint","urlTemplate":"https:\/\/www.fint.is\/is\/?s={search_term_string}"},"query-input":{"@type":"PropertyValueSpecification","valueRequired":true,"valueName":"search_term_string"}}],"inLanguage":"is"},{"@type":"Organization","@id":"https:\/\/www.fint.is\/is\/#organization","name":"F\u00ednt","alternateName":"Fint","url":"https:\/\/www.fint.is\/is\/","logo":{"@type":"ImageObject","inLanguage":"is","@id":"https:\/\/www.fint.is\/is\/#\/schema\/logo\/image\/","url":"https:\/\/www.fint.is\/wp-content\/uploads\/logo-colour-small-2.png","contentUrl":"https:\/\/www.fint.is\/wp-content\/uploads\/logo-colour-small-2.png","width":930,"height":711,"caption":"F\u00ednt"},"image":{"@id":"https:\/\/www.fint.is\/is\/#\/schema\/logo\/image\/"},"sameAs":["https:\/\/www.facebook.com\/100090983666893\/","https:\/\/www.instagram.com\/fint.verslun\/"]}]}},"_links":{"self":[{"href":"https:\/\/www.fint.is\/is\/wp-json\/wp\/v2\/product\/2880","targetHints":{"allow":["GET"]}}],"collection":[{"href":"https:\/\/www.fint.is\/is\/wp-json\/wp\/v2\/product"}],"about":[{"href":"https:\/\/www.fint.is\/is\/wp-json\/wp\/v2\/types\/product"}],"replies":[{"embeddable":true,"href":"https:\/\/www.fint.is\/is\/wp-json\/wp\/v2\/comments?post=2880"}],"wp:featuredmedia":[{"embeddable":true,"href":"https:\/\/www.fint.is\/is\/wp-json\/wp\/v2\/media\/2915"}],"wp:attachment":[{"href":"https:\/\/www.fint.is\/is\/wp-json\/wp\/v2\/media?parent=2880"}],"wp:term":[{"taxonomy":"product_brand","embeddable":true,"href":"https:\/\/www.fint.is\/is\/wp-json\/wp\/v2\/product_brand?post=2880"},{"taxonomy":"product_cat","embeddable":true,"href":"https:\/\/www.fint.is\/is\/wp-json\/wp\/v2\/product_cat?post=2880"},{"taxonomy":"product_tag","embeddable":true,"href":"https:\/\/www.fint.is\/is\/wp-json\/wp\/v2\/product_tag?post=2880"}],"curies":[{"name":"wp","href":"https:\/\/api.w.org\/{rel}","templated":true}]}}