{"id":2727,"date":"2025-02-14T10:35:55","date_gmt":"2025-02-14T10:35:55","guid":{"rendered":"https:\/\/www.fint.is\/?post_type=product&#038;p=2727"},"modified":"2026-03-07T12:50:38","modified_gmt":"2026-03-07T12:50:38","slug":"kids-barefoot-socks","status":"publish","type":"product","link":"https:\/\/www.fint.is\/is\/product\/kids-barefoot-socks\/","title":{"rendered":"Barefoot sokkar fyrir b\u00f6rn"},"content":{"rendered":"<p>Flottir einhyrninga- og risae\u00f0lusokkar fyrir b\u00f6rn. Barefoot barnasokkarnir fr\u00e1 Be Lenka eru hanna\u00f0ir til \u00feess a\u00f0 vir\u00f0a n\u00e1tt\u00farulega l\u00f6gun og v\u00f6xt f\u00f3ta barna, og eru framleiddir \u00far h\u00e1g\u00e6\u00f0a efnum sem \u00fer\u00fdsta ekki t\u00e1num saman \u00ed \u00e6vint\u00fdrum dagsins. Ne\u00f0an \u00e1 hverjum sokk er merking sem s\u00fdnir b\u00e6\u00f0i st\u00e6r\u00f0 og hvort hann s\u00e9 fyrir h\u00e6gri e\u00f0a vinstri f\u00f3t.<\/p>\n<p>\u00cd bo\u00f0i anna\u00f0 hvort sem eitt par \u00e1 1,250 kr, e\u00f0a \u00ferj\u00fa p\u00f6r saman \u00e1 3,250 kr.<\/p>\n<p><strong>Efni:<\/strong> 83% b\u00f3mull, 15% p\u00f3l\u00fdam\u00ed\u00f0, 2% elast\u00edn<\/p>","protected":false},"excerpt":{"rendered":"<p>Barefoot sokkarnir fyrir b\u00f6rn fr\u00e1 Be Lenka eru hanna\u00f0ir til \u00feess a\u00f0 vir\u00f0a n\u00e1tt\u00farulega l\u00f6gun f\u00f3ta \u00e1 b\u00f6rnum.<\/p>","protected":false},"featured_media":2735,"comment_status":"closed","ping_status":"closed","template":"","meta":[],"product_brand":[160],"product_cat":[40,36],"product_tag":[115,50],"class_list":{"0":"post-2727","1":"product","2":"type-product","3":"status-publish","4":"has-post-thumbnail","6":"product_brand-be-lenka","7":"product_cat-children","8":"product_cat-socks","9":"product_tag-be-lenka","10":"product_tag-toe-socks","12":"first","13":"instock","14":"taxable","15":"shipping-taxable","16":"purchasable","17":"product-type-variable"},"yoast_head":"<!-- This site is optimized with the Yoast SEO plugin v27.3 - https:\/\/yoast.com\/product\/yoast-seo-wordpress\/ -->\n<title>Kids&#039; barefoot socks - F\u00ednt<\/title>\n<meta name=\"description\" content=\"Kids&#039; barefoot socks F\u00ednt The barefoot socks from Be Lenka for kids are thoughtfully designed to respect the natural anatomy of your child&#039;s feet\" \/>\n<meta name=\"robots\" content=\"index, follow, max-snippet:-1, max-image-preview:large, max-video-preview:-1\" \/>\n<link rel=\"canonical\" href=\"https:\/\/www.fint.is\/is\/product\/kids-barefoot-socks\/\" \/>\n<meta property=\"og:locale\" content=\"is_IS\" \/>\n<meta property=\"og:type\" content=\"article\" \/>\n<meta property=\"og:title\" content=\"Kids&#039; barefoot socks - F\u00ednt\" \/>\n<meta property=\"og:description\" content=\"Kids&#039; barefoot socks F\u00ednt The barefoot socks from Be Lenka for kids are thoughtfully designed to respect the natural anatomy of your child&#039;s feet\" \/>\n<meta property=\"og:url\" content=\"https:\/\/www.fint.is\/is\/product\/kids-barefoot-socks\/\" \/>\n<meta property=\"og:site_name\" content=\"F\u00ednt\" \/>\n<meta property=\"article:publisher\" content=\"https:\/\/www.facebook.com\/100090983666893\/\" \/>\n<meta property=\"article:modified_time\" content=\"2026-03-07T12:50:38+00:00\" \/>\n<meta property=\"og:image\" content=\"https:\/\/www.fint.is\/wp-content\/uploads\/detske-barefoot-ponozky-be-lenka-kids-crew-dino-royal-blue-66259-size-large-v-1.jpg\" \/>\n\t<meta property=\"og:image:width\" content=\"1500\" \/>\n\t<meta property=\"og:image:height\" content=\"1000\" \/>\n\t<meta property=\"og:image:type\" content=\"image\/jpeg\" \/>\n<script type=\"application\/ld+json\" class=\"yoast-schema-graph\">{\"@context\":\"https:\\\/\\\/schema.org\",\"@graph\":[{\"@type\":\"WebPage\",\"@id\":\"https:\\\/\\\/www.fint.is\\\/product\\\/kids-barefoot-socks\\\/\",\"url\":\"https:\\\/\\\/www.fint.is\\\/product\\\/kids-barefoot-socks\\\/\",\"name\":\"Kids' barefoot socks - F\u00ednt\",\"isPartOf\":{\"@id\":\"https:\\\/\\\/www.fint.is\\\/is\\\/#website\"},\"primaryImageOfPage\":{\"@id\":\"https:\\\/\\\/www.fint.is\\\/product\\\/kids-barefoot-socks\\\/#primaryimage\"},\"image\":{\"@id\":\"https:\\\/\\\/www.fint.is\\\/product\\\/kids-barefoot-socks\\\/#primaryimage\"},\"thumbnailUrl\":\"https:\\\/\\\/www.fint.is\\\/wp-content\\\/uploads\\\/detske-barefoot-ponozky-be-lenka-kids-crew-dino-royal-blue-66259-size-large-v-1.jpg\",\"datePublished\":\"2025-02-14T10:35:55+00:00\",\"dateModified\":\"2026-03-07T12:50:38+00:00\",\"description\":\"Kids' barefoot socks F\u00ednt The barefoot socks from Be Lenka for kids are thoughtfully designed to respect the natural anatomy of your child's feet\",\"breadcrumb\":{\"@id\":\"https:\\\/\\\/www.fint.is\\\/product\\\/kids-barefoot-socks\\\/#breadcrumb\"},\"inLanguage\":\"is\",\"potentialAction\":[{\"@type\":\"ReadAction\",\"target\":[\"https:\\\/\\\/www.fint.is\\\/product\\\/kids-barefoot-socks\\\/\"]}]},{\"@type\":\"ImageObject\",\"inLanguage\":\"is\",\"@id\":\"https:\\\/\\\/www.fint.is\\\/product\\\/kids-barefoot-socks\\\/#primaryimage\",\"url\":\"https:\\\/\\\/www.fint.is\\\/wp-content\\\/uploads\\\/detske-barefoot-ponozky-be-lenka-kids-crew-dino-royal-blue-66259-size-large-v-1.jpg\",\"contentUrl\":\"https:\\\/\\\/www.fint.is\\\/wp-content\\\/uploads\\\/detske-barefoot-ponozky-be-lenka-kids-crew-dino-royal-blue-66259-size-large-v-1.jpg\",\"width\":1500,\"height\":1000},{\"@type\":\"BreadcrumbList\",\"@id\":\"https:\\\/\\\/www.fint.is\\\/product\\\/kids-barefoot-socks\\\/#breadcrumb\",\"itemListElement\":[{\"@type\":\"ListItem\",\"position\":1,\"name\":\"Home\",\"item\":\"https:\\\/\\\/www.fint.is\\\/\"},{\"@type\":\"ListItem\",\"position\":2,\"name\":\"Shop\",\"item\":\"https:\\\/\\\/www.fint.is\\\/is\\\/shop\\\/\"},{\"@type\":\"ListItem\",\"position\":3,\"name\":\"Barefoot shoes\",\"item\":\"https:\\\/\\\/www.fint.is\\\/is\\\/product-category\\\/shoes\\\/\"},{\"@type\":\"ListItem\",\"position\":4,\"name\":\"Children's barefoot shoes\",\"item\":\"https:\\\/\\\/www.fint.is\\\/is\\\/product-category\\\/shoes\\\/children\\\/\"},{\"@type\":\"ListItem\",\"position\":5,\"name\":\"Kids&#8217; barefoot socks\"}]},{\"@type\":\"WebSite\",\"@id\":\"https:\\\/\\\/www.fint.is\\\/is\\\/#website\",\"url\":\"https:\\\/\\\/www.fint.is\\\/is\\\/\",\"name\":\"F\u00ednt\",\"description\":\"Barefoot sk\u00f3r, t\u00e1susokkar, og bur\u00f0arpokar\",\"publisher\":{\"@id\":\"https:\\\/\\\/www.fint.is\\\/is\\\/#organization\"},\"alternateName\":\"f\u00ednt.is\",\"potentialAction\":[{\"@type\":\"SearchAction\",\"target\":{\"@type\":\"EntryPoint\",\"urlTemplate\":\"https:\\\/\\\/www.fint.is\\\/is\\\/?s={search_term_string}\"},\"query-input\":{\"@type\":\"PropertyValueSpecification\",\"valueRequired\":true,\"valueName\":\"search_term_string\"}}],\"inLanguage\":\"is\"},{\"@type\":\"Organization\",\"@id\":\"https:\\\/\\\/www.fint.is\\\/is\\\/#organization\",\"name\":\"F\u00ednt\",\"alternateName\":\"Fint\",\"url\":\"https:\\\/\\\/www.fint.is\\\/is\\\/\",\"logo\":{\"@type\":\"ImageObject\",\"inLanguage\":\"is\",\"@id\":\"https:\\\/\\\/www.fint.is\\\/is\\\/#\\\/schema\\\/logo\\\/image\\\/\",\"url\":\"https:\\\/\\\/www.fint.is\\\/wp-content\\\/uploads\\\/logo-colour-small-2.png\",\"contentUrl\":\"https:\\\/\\\/www.fint.is\\\/wp-content\\\/uploads\\\/logo-colour-small-2.png\",\"width\":930,\"height\":711,\"caption\":\"F\u00ednt\"},\"image\":{\"@id\":\"https:\\\/\\\/www.fint.is\\\/is\\\/#\\\/schema\\\/logo\\\/image\\\/\"},\"sameAs\":[\"https:\\\/\\\/www.facebook.com\\\/100090983666893\\\/\",\"https:\\\/\\\/www.instagram.com\\\/fint.verslun\\\/\"]}]}<\/script>\n<!-- \/ Yoast SEO plugin. -->","yoast_head_json":{"title":"Kids' barefoot socks - F\u00ednt","description":"Kids' barefoot socks F\u00ednt The barefoot socks from Be Lenka for kids are thoughtfully designed to respect the natural anatomy of your child's feet","robots":{"index":"index","follow":"follow","max-snippet":"max-snippet:-1","max-image-preview":"max-image-preview:large","max-video-preview":"max-video-preview:-1"},"canonical":"https:\/\/www.fint.is\/is\/product\/kids-barefoot-socks\/","og_locale":"is_IS","og_type":"article","og_title":"Kids' barefoot socks - F\u00ednt","og_description":"Kids' barefoot socks F\u00ednt The barefoot socks from Be Lenka for kids are thoughtfully designed to respect the natural anatomy of your child's feet","og_url":"https:\/\/www.fint.is\/is\/product\/kids-barefoot-socks\/","og_site_name":"F\u00ednt","article_publisher":"https:\/\/www.facebook.com\/100090983666893\/","article_modified_time":"2026-03-07T12:50:38+00:00","og_image":[{"width":1500,"height":1000,"url":"https:\/\/www.fint.is\/wp-content\/uploads\/detske-barefoot-ponozky-be-lenka-kids-crew-dino-royal-blue-66259-size-large-v-1.jpg","type":"image\/jpeg"}],"schema":{"@context":"https:\/\/schema.org","@graph":[{"@type":"WebPage","@id":"https:\/\/www.fint.is\/product\/kids-barefoot-socks\/","url":"https:\/\/www.fint.is\/product\/kids-barefoot-socks\/","name":"Kids' barefoot socks - F\u00ednt","isPartOf":{"@id":"https:\/\/www.fint.is\/is\/#website"},"primaryImageOfPage":{"@id":"https:\/\/www.fint.is\/product\/kids-barefoot-socks\/#primaryimage"},"image":{"@id":"https:\/\/www.fint.is\/product\/kids-barefoot-socks\/#primaryimage"},"thumbnailUrl":"https:\/\/www.fint.is\/wp-content\/uploads\/detske-barefoot-ponozky-be-lenka-kids-crew-dino-royal-blue-66259-size-large-v-1.jpg","datePublished":"2025-02-14T10:35:55+00:00","dateModified":"2026-03-07T12:50:38+00:00","description":"Kids' barefoot socks F\u00ednt The barefoot socks from Be Lenka for kids are thoughtfully designed to respect the natural anatomy of your child's feet","breadcrumb":{"@id":"https:\/\/www.fint.is\/product\/kids-barefoot-socks\/#breadcrumb"},"inLanguage":"is","potentialAction":[{"@type":"ReadAction","target":["https:\/\/www.fint.is\/product\/kids-barefoot-socks\/"]}]},{"@type":"ImageObject","inLanguage":"is","@id":"https:\/\/www.fint.is\/product\/kids-barefoot-socks\/#primaryimage","url":"https:\/\/www.fint.is\/wp-content\/uploads\/detske-barefoot-ponozky-be-lenka-kids-crew-dino-royal-blue-66259-size-large-v-1.jpg","contentUrl":"https:\/\/www.fint.is\/wp-content\/uploads\/detske-barefoot-ponozky-be-lenka-kids-crew-dino-royal-blue-66259-size-large-v-1.jpg","width":1500,"height":1000},{"@type":"BreadcrumbList","@id":"https:\/\/www.fint.is\/product\/kids-barefoot-socks\/#breadcrumb","itemListElement":[{"@type":"ListItem","position":1,"name":"Home","item":"https:\/\/www.fint.is\/"},{"@type":"ListItem","position":2,"name":"Shop","item":"https:\/\/www.fint.is\/is\/shop\/"},{"@type":"ListItem","position":3,"name":"Barefoot shoes","item":"https:\/\/www.fint.is\/is\/product-category\/shoes\/"},{"@type":"ListItem","position":4,"name":"Children's barefoot shoes","item":"https:\/\/www.fint.is\/is\/product-category\/shoes\/children\/"},{"@type":"ListItem","position":5,"name":"Kids&#8217; barefoot socks"}]},{"@type":"WebSite","@id":"https:\/\/www.fint.is\/is\/#website","url":"https:\/\/www.fint.is\/is\/","name":"F\u00ednt","description":"Barefoot sk\u00f3r, t\u00e1sokkar, og bur\u00f0arpokar","publisher":{"@id":"https:\/\/www.fint.is\/is\/#organization"},"alternateName":"f\u00ednt.is","potentialAction":[{"@type":"SearchAction","target":{"@type":"EntryPoint","urlTemplate":"https:\/\/www.fint.is\/is\/?s={search_term_string}"},"query-input":{"@type":"PropertyValueSpecification","valueRequired":true,"valueName":"search_term_string"}}],"inLanguage":"is"},{"@type":"Organization","@id":"https:\/\/www.fint.is\/is\/#organization","name":"F\u00ednt","alternateName":"Fint","url":"https:\/\/www.fint.is\/is\/","logo":{"@type":"ImageObject","inLanguage":"is","@id":"https:\/\/www.fint.is\/is\/#\/schema\/logo\/image\/","url":"https:\/\/www.fint.is\/wp-content\/uploads\/logo-colour-small-2.png","contentUrl":"https:\/\/www.fint.is\/wp-content\/uploads\/logo-colour-small-2.png","width":930,"height":711,"caption":"F\u00ednt"},"image":{"@id":"https:\/\/www.fint.is\/is\/#\/schema\/logo\/image\/"},"sameAs":["https:\/\/www.facebook.com\/100090983666893\/","https:\/\/www.instagram.com\/fint.verslun\/"]}]}},"_links":{"self":[{"href":"https:\/\/www.fint.is\/is\/wp-json\/wp\/v2\/product\/2727","targetHints":{"allow":["GET"]}}],"collection":[{"href":"https:\/\/www.fint.is\/is\/wp-json\/wp\/v2\/product"}],"about":[{"href":"https:\/\/www.fint.is\/is\/wp-json\/wp\/v2\/types\/product"}],"replies":[{"embeddable":true,"href":"https:\/\/www.fint.is\/is\/wp-json\/wp\/v2\/comments?post=2727"}],"wp:featuredmedia":[{"embeddable":true,"href":"https:\/\/www.fint.is\/is\/wp-json\/wp\/v2\/media\/2735"}],"wp:attachment":[{"href":"https:\/\/www.fint.is\/is\/wp-json\/wp\/v2\/media?parent=2727"}],"wp:term":[{"taxonomy":"product_brand","embeddable":true,"href":"https:\/\/www.fint.is\/is\/wp-json\/wp\/v2\/product_brand?post=2727"},{"taxonomy":"product_cat","embeddable":true,"href":"https:\/\/www.fint.is\/is\/wp-json\/wp\/v2\/product_cat?post=2727"},{"taxonomy":"product_tag","embeddable":true,"href":"https:\/\/www.fint.is\/is\/wp-json\/wp\/v2\/product_tag?post=2727"}],"curies":[{"name":"wp","href":"https:\/\/api.w.org\/{rel}","templated":true}]}}