{"id":2590,"date":"2024-11-22T10:45:40","date_gmt":"2024-11-22T10:45:40","guid":{"rendered":"https:\/\/www.fint.is\/?post_type=product&#038;p=2590"},"modified":"2026-02-26T17:02:33","modified_gmt":"2026-02-26T17:02:33","slug":"be-lenka-snowfox","status":"publish","type":"product","link":"https:\/\/www.fint.is\/is\/product\/be-lenka-snowfox\/","title":{"rendered":"Be Lenka Snowfox"},"content":{"rendered":"<p>Be Lenka Snowfox eru prakt\u00edskir kuldask\u00f3r fyrir b\u00f6rn, sem eru \u00fe\u00e6gilegir jafnvel \u00feegar ve\u00f0ri\u00f0 er hva\u00f0 kaldast. \u00deessir h\u00e1g\u00e6\u00f0a barefoot sk\u00f3r eru f\u00f3\u00f0ra\u00f0ir me\u00f0 ull og text\u00edl og hafa inns\u00f3la sem h\u00e6gt er a\u00f0 fjarl\u00e6gja me\u00f0 vi\u00f0b\u00f3tareinangrun \u00far \u00e1li. T\u00e1hl\u00edf \u00far catnsheldu nubuck le\u00f0ri veitir v\u00f6rn gegn \u00fev\u00ed a\u00f0 reka t\u00e6rnar \u00ed. Stillanlegar teygjur tryggja s\u00ed\u00f0an a\u00f0 sk\u00f3rnir passi fullkomnlega \u00e1 litla f\u00e6tur.<\/p>\n<div>\n<h3><span style=\"color: #993300;\">Efni:<\/span><\/h3>\n<ul>\n<li>Efra lag: Text\u00edll, sp\u00f3naplata og nubuck le\u00f0ur (hrindir fr\u00e1 s\u00e9r vatni)<\/li>\n<li>F\u00f3\u00f0run: Ull og text\u00edll<\/li>\n<li>Inns\u00f3li: Latex, mer\u00edn\u00f3ull og \u00e1lfilma (h\u00e6gt a\u00f0 fjarl\u00e6gja)<\/li>\n<li>S\u00f3li: G\u00famm\u00ed (10% \u00far endurunnum g\u00f6mlum s\u00f3lum)<\/li>\n<\/ul>\n<h3><span style=\"color: #993300;\">Eiginleikar:<\/span><\/h3>\n<ul>\n<li>Framleiddir \u00ed Port\u00fagal<\/li>\n<li>Ullar- og mer\u00edn\u00f3ullarf\u00f3\u00f0run heldur hita \u00e1 litlum f\u00f3tum<\/li>\n<li>Himna milli f\u00f3\u00f0runarinnar og efra lags sk\u00f3nna hrindir fr\u00e1 s\u00e9r vatni og heldur raka \u00fati<\/li>\n<li>T\u00e1hl\u00edf \u00far nubuck le\u00f0ri sem hrindir fr\u00e1 s\u00e9r vatni verndar t\u00e6rnar<\/li>\n<li>Vel hanna\u00f0ar stillanlegar teygjureimar tryggja a\u00f0 sk\u00f3rnir passi vel<\/li>\n<li>\u00c1lfilma \u00ed inns\u00f3lanum kemur \u00ed veg fyrir a\u00f0 kuldinn komist inn<\/li>\n<li>Til \u00feess a\u00f0 halda sk\u00f3num vatnsheldum er gott a\u00f0 sprauta \u00fe\u00e1 reglulega me\u00f0 \u00fear til ger\u00f0u efni<\/li>\n<li>KidsComfort s\u00f3linn tryggir a\u00f0 barni\u00f0 s\u00e9 st\u00f6\u00f0ugt og hafi vald \u00e1 hverju skrefi<\/li>\n<li>Sk\u00f3rnir l\u00edkja eftir \u00fev\u00ed a\u00f0 ganga um berf\u00e6tt(ur)<\/li>\n<\/ul>\n<h3><span style=\"color: #993300;\">Barefoot eiginleikar:<\/span><\/h3>\n<ul>\n<li>V\u00edtt t\u00e1box<\/li>\n<li>Mj\u00f6g sveigjanlegur s\u00f3li<\/li>\n<li>Flatur s\u00f3li, engin h\u00e6kkun fr\u00e1 t\u00e1 a\u00f0 h\u00e6l<\/li>\n<li>L\u00e9ttir<\/li>\n<\/ul>\n<\/div>\n<div class=\"product-badges\"><img decoding=\"async\" src=\"https:\/\/belenkacdn.com\/media\/2023\/12\/6\/0\/2-Premium-quality-Green-size-badge-square-v-1.png\" alt=\"\" \/> <img decoding=\"async\" src=\"https:\/\/belenkacdn.com\/media\/2023\/12\/6\/0\/3-Handmade-in-eu-Green-size-badge-square-v-1.png\" alt=\"\" \/> <img decoding=\"async\" src=\"https:\/\/belenkacdn.com\/media\/2023\/12\/6\/0\/5-Winter-footwear-Green-size-badge-square-v-1.png\" alt=\"\" \/> <img decoding=\"async\" src=\"https:\/\/belenkacdn.com\/media\/2023\/12\/6\/0\/6-Premium-leather-Green-size-badge-square-v-1.png\" alt=\"\" \/> <img decoding=\"async\" src=\"https:\/\/belenkacdn.com\/media\/2023\/12\/6\/0\/13-Thermal-comfort-Green-size-badge-square-v-1.png\" alt=\"\" \/><\/div>","protected":false},"excerpt":{"rendered":"<p>Be Lenka Snowfox fyrir b\u00f6rn eru prakt\u00edskir sk\u00f3r sem eru \u00fe\u00e6gilegir og henta vel \u00ed vetrarf\u00e6r\u00f0.<\/p>","protected":false},"featured_media":2597,"comment_status":"closed","ping_status":"closed","template":"","meta":[],"product_brand":[160],"product_cat":[35,40],"product_tag":[133,101,115,167,117],"class_list":{"0":"post-2590","1":"product","2":"type-product","3":"status-publish","4":"has-post-thumbnail","6":"product_brand-be-lenka","7":"product_cat-shoes","8":"product_cat-children","9":"product_tag-barefoot-kuldaskor","10":"product_tag-barefoot-shoes-kids","11":"product_tag-be-lenka","12":"product_tag-winter","13":"product_tag-winter-barefoot-shoes","15":"first","16":"instock","17":"taxable","18":"shipping-taxable","19":"purchasable","20":"product-type-variable"},"yoast_head":"<!-- This site is optimized with the Yoast SEO plugin v27.5 - https:\/\/yoast.com\/product\/yoast-seo-wordpress\/ -->\n<title>Be Lenka Snowfox - F\u00ednt<\/title>\n<meta name=\"description\" content=\"Be Lenka Snowfox F\u00ednt Be Lenka Snowfox for kids is practical footwear and offers fabulous comfort even in the coldest time of the year.\" \/>\n<meta name=\"robots\" content=\"index, follow, max-snippet:-1, max-image-preview:large, max-video-preview:-1\" \/>\n<link rel=\"canonical\" href=\"https:\/\/www.fint.is\/is\/product\/be-lenka-snowfox\/\" \/>\n<meta property=\"og:locale\" content=\"is_IS\" \/>\n<meta property=\"og:type\" content=\"article\" \/>\n<meta property=\"og:title\" content=\"Be Lenka Snowfox - F\u00ednt\" \/>\n<meta property=\"og:description\" content=\"Be Lenka Snowfox F\u00ednt Be Lenka Snowfox for kids is practical footwear and offers fabulous comfort even in the coldest time of the year.\" \/>\n<meta property=\"og:url\" content=\"https:\/\/www.fint.is\/is\/product\/be-lenka-snowfox\/\" \/>\n<meta property=\"og:site_name\" content=\"F\u00ednt\" \/>\n<meta property=\"article:publisher\" content=\"https:\/\/www.facebook.com\/100090983666893\/\" \/>\n<meta property=\"article:modified_time\" content=\"2026-02-26T17:02:33+00:00\" \/>\n<meta property=\"og:image\" content=\"https:\/\/www.fint.is\/wp-content\/uploads\/snowfox_black_3.jpg\" \/>\n\t<meta property=\"og:image:width\" content=\"1500\" \/>\n\t<meta property=\"og:image:height\" content=\"1125\" \/>\n\t<meta property=\"og:image:type\" content=\"image\/jpeg\" \/>\n<script type=\"application\/ld+json\" class=\"yoast-schema-graph\">{\"@context\":\"https:\\\/\\\/schema.org\",\"@graph\":[{\"@type\":\"WebPage\",\"@id\":\"https:\\\/\\\/www.fint.is\\\/product\\\/be-lenka-snowfox\\\/\",\"url\":\"https:\\\/\\\/www.fint.is\\\/product\\\/be-lenka-snowfox\\\/\",\"name\":\"Be Lenka Snowfox - F\u00ednt\",\"isPartOf\":{\"@id\":\"https:\\\/\\\/www.fint.is\\\/is\\\/#website\"},\"primaryImageOfPage\":{\"@id\":\"https:\\\/\\\/www.fint.is\\\/product\\\/be-lenka-snowfox\\\/#primaryimage\"},\"image\":{\"@id\":\"https:\\\/\\\/www.fint.is\\\/product\\\/be-lenka-snowfox\\\/#primaryimage\"},\"thumbnailUrl\":\"https:\\\/\\\/www.fint.is\\\/wp-content\\\/uploads\\\/snowfox_black_3.jpg\",\"datePublished\":\"2024-11-22T10:45:40+00:00\",\"dateModified\":\"2026-02-26T17:02:33+00:00\",\"description\":\"Be Lenka Snowfox F\u00ednt Be Lenka Snowfox for kids is practical footwear and offers fabulous comfort even in the coldest time of the year.\",\"breadcrumb\":{\"@id\":\"https:\\\/\\\/www.fint.is\\\/product\\\/be-lenka-snowfox\\\/#breadcrumb\"},\"inLanguage\":\"is\",\"potentialAction\":[{\"@type\":\"ReadAction\",\"target\":[\"https:\\\/\\\/www.fint.is\\\/product\\\/be-lenka-snowfox\\\/\"]}]},{\"@type\":\"ImageObject\",\"inLanguage\":\"is\",\"@id\":\"https:\\\/\\\/www.fint.is\\\/product\\\/be-lenka-snowfox\\\/#primaryimage\",\"url\":\"https:\\\/\\\/www.fint.is\\\/wp-content\\\/uploads\\\/snowfox_black_3.jpg\",\"contentUrl\":\"https:\\\/\\\/www.fint.is\\\/wp-content\\\/uploads\\\/snowfox_black_3.jpg\",\"width\":1500,\"height\":1125},{\"@type\":\"BreadcrumbList\",\"@id\":\"https:\\\/\\\/www.fint.is\\\/product\\\/be-lenka-snowfox\\\/#breadcrumb\",\"itemListElement\":[{\"@type\":\"ListItem\",\"position\":1,\"name\":\"Home\",\"item\":\"https:\\\/\\\/www.fint.is\\\/\"},{\"@type\":\"ListItem\",\"position\":2,\"name\":\"Shop\",\"item\":\"https:\\\/\\\/www.fint.is\\\/is\\\/shop\\\/\"},{\"@type\":\"ListItem\",\"position\":3,\"name\":\"Barefoot shoes\",\"item\":\"https:\\\/\\\/www.fint.is\\\/is\\\/product-category\\\/shoes\\\/\"},{\"@type\":\"ListItem\",\"position\":4,\"name\":\"Be Lenka Snowfox\"}]},{\"@type\":\"WebSite\",\"@id\":\"https:\\\/\\\/www.fint.is\\\/is\\\/#website\",\"url\":\"https:\\\/\\\/www.fint.is\\\/is\\\/\",\"name\":\"F\u00ednt\",\"description\":\"Barefoot sk\u00f3r, t\u00e1susokkar, og bur\u00f0arpokar\",\"publisher\":{\"@id\":\"https:\\\/\\\/www.fint.is\\\/is\\\/#organization\"},\"alternateName\":\"f\u00ednt.is\",\"potentialAction\":[{\"@type\":\"SearchAction\",\"target\":{\"@type\":\"EntryPoint\",\"urlTemplate\":\"https:\\\/\\\/www.fint.is\\\/is\\\/?s={search_term_string}\"},\"query-input\":{\"@type\":\"PropertyValueSpecification\",\"valueRequired\":true,\"valueName\":\"search_term_string\"}}],\"inLanguage\":\"is\"},{\"@type\":\"Organization\",\"@id\":\"https:\\\/\\\/www.fint.is\\\/is\\\/#organization\",\"name\":\"F\u00ednt\",\"alternateName\":\"Fint\",\"url\":\"https:\\\/\\\/www.fint.is\\\/is\\\/\",\"logo\":{\"@type\":\"ImageObject\",\"inLanguage\":\"is\",\"@id\":\"https:\\\/\\\/www.fint.is\\\/is\\\/#\\\/schema\\\/logo\\\/image\\\/\",\"url\":\"https:\\\/\\\/www.fint.is\\\/wp-content\\\/uploads\\\/logo-colour-small-2.png\",\"contentUrl\":\"https:\\\/\\\/www.fint.is\\\/wp-content\\\/uploads\\\/logo-colour-small-2.png\",\"width\":930,\"height\":711,\"caption\":\"F\u00ednt\"},\"image\":{\"@id\":\"https:\\\/\\\/www.fint.is\\\/is\\\/#\\\/schema\\\/logo\\\/image\\\/\"},\"sameAs\":[\"https:\\\/\\\/www.facebook.com\\\/100090983666893\\\/\",\"https:\\\/\\\/www.instagram.com\\\/fint.verslun\\\/\"]}]}<\/script>\n<!-- \/ Yoast SEO plugin. -->","yoast_head_json":{"title":"Be Lenka Snowfox - F\u00ednt","description":"Be Lenka Snowfox F\u00ednt Be Lenka Snowfox for kids is practical footwear and offers fabulous comfort even in the coldest time of the year.","robots":{"index":"index","follow":"follow","max-snippet":"max-snippet:-1","max-image-preview":"max-image-preview:large","max-video-preview":"max-video-preview:-1"},"canonical":"https:\/\/www.fint.is\/is\/product\/be-lenka-snowfox\/","og_locale":"is_IS","og_type":"article","og_title":"Be Lenka Snowfox - F\u00ednt","og_description":"Be Lenka Snowfox F\u00ednt Be Lenka Snowfox for kids is practical footwear and offers fabulous comfort even in the coldest time of the year.","og_url":"https:\/\/www.fint.is\/is\/product\/be-lenka-snowfox\/","og_site_name":"F\u00ednt","article_publisher":"https:\/\/www.facebook.com\/100090983666893\/","article_modified_time":"2026-02-26T17:02:33+00:00","og_image":[{"width":1500,"height":1125,"url":"https:\/\/www.fint.is\/wp-content\/uploads\/snowfox_black_3.jpg","type":"image\/jpeg"}],"schema":{"@context":"https:\/\/schema.org","@graph":[{"@type":"WebPage","@id":"https:\/\/www.fint.is\/product\/be-lenka-snowfox\/","url":"https:\/\/www.fint.is\/product\/be-lenka-snowfox\/","name":"Be Lenka Snowfox - F\u00ednt","isPartOf":{"@id":"https:\/\/www.fint.is\/is\/#website"},"primaryImageOfPage":{"@id":"https:\/\/www.fint.is\/product\/be-lenka-snowfox\/#primaryimage"},"image":{"@id":"https:\/\/www.fint.is\/product\/be-lenka-snowfox\/#primaryimage"},"thumbnailUrl":"https:\/\/www.fint.is\/wp-content\/uploads\/snowfox_black_3.jpg","datePublished":"2024-11-22T10:45:40+00:00","dateModified":"2026-02-26T17:02:33+00:00","description":"Be Lenka Snowfox F\u00ednt Be Lenka Snowfox for kids is practical footwear and offers fabulous comfort even in the coldest time of the year.","breadcrumb":{"@id":"https:\/\/www.fint.is\/product\/be-lenka-snowfox\/#breadcrumb"},"inLanguage":"is","potentialAction":[{"@type":"ReadAction","target":["https:\/\/www.fint.is\/product\/be-lenka-snowfox\/"]}]},{"@type":"ImageObject","inLanguage":"is","@id":"https:\/\/www.fint.is\/product\/be-lenka-snowfox\/#primaryimage","url":"https:\/\/www.fint.is\/wp-content\/uploads\/snowfox_black_3.jpg","contentUrl":"https:\/\/www.fint.is\/wp-content\/uploads\/snowfox_black_3.jpg","width":1500,"height":1125},{"@type":"BreadcrumbList","@id":"https:\/\/www.fint.is\/product\/be-lenka-snowfox\/#breadcrumb","itemListElement":[{"@type":"ListItem","position":1,"name":"Home","item":"https:\/\/www.fint.is\/"},{"@type":"ListItem","position":2,"name":"Shop","item":"https:\/\/www.fint.is\/is\/shop\/"},{"@type":"ListItem","position":3,"name":"Barefoot shoes","item":"https:\/\/www.fint.is\/is\/product-category\/shoes\/"},{"@type":"ListItem","position":4,"name":"Be Lenka Snowfox"}]},{"@type":"WebSite","@id":"https:\/\/www.fint.is\/is\/#website","url":"https:\/\/www.fint.is\/is\/","name":"F\u00ednt","description":"Barefoot sk\u00f3r, t\u00e1sokkar, og bur\u00f0arpokar","publisher":{"@id":"https:\/\/www.fint.is\/is\/#organization"},"alternateName":"f\u00ednt.is","potentialAction":[{"@type":"SearchAction","target":{"@type":"EntryPoint","urlTemplate":"https:\/\/www.fint.is\/is\/?s={search_term_string}"},"query-input":{"@type":"PropertyValueSpecification","valueRequired":true,"valueName":"search_term_string"}}],"inLanguage":"is"},{"@type":"Organization","@id":"https:\/\/www.fint.is\/is\/#organization","name":"F\u00ednt","alternateName":"Fint","url":"https:\/\/www.fint.is\/is\/","logo":{"@type":"ImageObject","inLanguage":"is","@id":"https:\/\/www.fint.is\/is\/#\/schema\/logo\/image\/","url":"https:\/\/www.fint.is\/wp-content\/uploads\/logo-colour-small-2.png","contentUrl":"https:\/\/www.fint.is\/wp-content\/uploads\/logo-colour-small-2.png","width":930,"height":711,"caption":"F\u00ednt"},"image":{"@id":"https:\/\/www.fint.is\/is\/#\/schema\/logo\/image\/"},"sameAs":["https:\/\/www.facebook.com\/100090983666893\/","https:\/\/www.instagram.com\/fint.verslun\/"]}]}},"_links":{"self":[{"href":"https:\/\/www.fint.is\/is\/wp-json\/wp\/v2\/product\/2590","targetHints":{"allow":["GET"]}}],"collection":[{"href":"https:\/\/www.fint.is\/is\/wp-json\/wp\/v2\/product"}],"about":[{"href":"https:\/\/www.fint.is\/is\/wp-json\/wp\/v2\/types\/product"}],"replies":[{"embeddable":true,"href":"https:\/\/www.fint.is\/is\/wp-json\/wp\/v2\/comments?post=2590"}],"wp:featuredmedia":[{"embeddable":true,"href":"https:\/\/www.fint.is\/is\/wp-json\/wp\/v2\/media\/2597"}],"wp:attachment":[{"href":"https:\/\/www.fint.is\/is\/wp-json\/wp\/v2\/media?parent=2590"}],"wp:term":[{"taxonomy":"product_brand","embeddable":true,"href":"https:\/\/www.fint.is\/is\/wp-json\/wp\/v2\/product_brand?post=2590"},{"taxonomy":"product_cat","embeddable":true,"href":"https:\/\/www.fint.is\/is\/wp-json\/wp\/v2\/product_cat?post=2590"},{"taxonomy":"product_tag","embeddable":true,"href":"https:\/\/www.fint.is\/is\/wp-json\/wp\/v2\/product_tag?post=2590"}],"curies":[{"name":"wp","href":"https:\/\/api.w.org\/{rel}","templated":true}]}}