{"id":2451,"date":"2024-10-11T10:00:05","date_gmt":"2024-10-11T10:00:05","guid":{"rendered":"https:\/\/www.fint.is\/?post_type=product&#038;p=2451"},"modified":"2026-02-26T17:02:33","modified_gmt":"2026-02-26T17:02:33","slug":"sill-wool-cotton-blend","status":"publish","type":"product","link":"https:\/\/www.fint.is\/is\/product\/sill-wool-cotton-blend\/","title":{"rendered":"Sill (ullar- og b\u00f3mullarblanda) \u2013 t\u00e1sokkar"},"content":{"rendered":"<p><strong>\u00de\u00e6gilegir sokkar sem aldrei fyrr.<\/strong> Upplif\u00f0u k\u00f3s\u00ed t\u00e1sokka me\u00f0 fallegu mynstri. \u00de\u00e6gilegir og s\u00e9rlega hl\u00fdjir sokkar \u00e1n saums \u00far mer\u00edn\u00f3- og b\u00f3mullarbl\u00f6ndu. Framleiddir \u00ed Japan.<\/p>\n<div>\nHelstu uppl\u00fdsingar:<\/p>\n<ul>\n<li>Enginn saumur, gerir sokkana s\u00e9rlega \u00fe\u00e6gilega<\/li>\n<li>\u00de\u00e6gilegt stroff sem tryggir a\u00f0 sokkarnir passi vel<\/li>\n<li>Teygjanlegir og mj\u00fakir<\/li>\n<li>Framleiddir \u00far mer\u00edn\u00f3- og b\u00f3mullarbl\u00f6ndu<\/li>\n<li>Mj\u00f6g n\u00e1kv\u00e6mt sni\u00f0 me\u00f0 3D prj\u00f3nat\u00e6kni<\/li>\n<li>Sokkar sem mann kl\u00e6jar ekki undan og kreista ekki f\u00e6tur e\u00f0a t\u00e6r<\/li>\n<\/ul>\n<p>Efni: 46% b\u00f3mull, 43% ull, 9% n\u00e6lon, 1% p\u00f3l\u00edester, 1% elast\u00edn<\/p>\n<p>Lengd: 21cm (mi\u00f0ur k\u00e1lfi)<\/p>\n<p>Umhir\u00f0a: M\u00e1 \u00fevo me\u00f0 vi\u00f0kv\u00e6mum \u00fevotti \u00e1 allt a\u00f0 30\u00b0. Ekki strauja, hentar ekki \u00ed \u00feurrkara.<\/p>\n<\/div>","protected":false},"excerpt":{"rendered":"<p>Experience cozy toe socks from Knitido with a stylish herringbone pattern &#8211; seamless, comfortable and extra warm thanks to high-quality merino wool and cotton.<\/p>","protected":false},"featured_media":2461,"comment_status":"closed","ping_status":"closed","template":"","meta":[],"product_brand":[166],"product_cat":[36],"product_tag":[52,51,156,167,54],"class_list":{"0":"post-2451","1":"product","2":"type-product","3":"status-publish","4":"has-post-thumbnail","6":"product_brand-knitido","7":"product_cat-socks","8":"product_tag-cosy-toe-socks","9":"product_tag-knitido","10":"product_tag-tasokkar","11":"product_tag-winter","12":"product_tag-winter-toe-socks","13":"product_shipping_class-toe-socks","15":"first","16":"instock","17":"taxable","18":"shipping-taxable","19":"purchasable","20":"product-type-variable"},"yoast_head":"<!-- This site is optimized with the Yoast SEO plugin v27.5 - https:\/\/yoast.com\/product\/yoast-seo-wordpress\/ -->\n<title>Sill (wool\/cotton blend) - t\u00e1sokkar - F\u00ednt<\/title>\n<meta name=\"description\" content=\"Sill (wool\/cotton blend) - t\u00e1sokkar F\u00ednt Experience cozy toe socks with a stylish herringbone pattern - seamless, comfortable and extra warm thanks to high-quality merino wool and cotton. T\u00e1susokkar\" \/>\n<meta name=\"robots\" content=\"index, follow, max-snippet:-1, max-image-preview:large, max-video-preview:-1\" \/>\n<link rel=\"canonical\" href=\"https:\/\/www.fint.is\/is\/product\/sill-wool-cotton-blend\/\" \/>\n<meta property=\"og:locale\" content=\"is_IS\" \/>\n<meta property=\"og:type\" content=\"article\" \/>\n<meta property=\"og:title\" content=\"Sill (wool\/cotton blend) - t\u00e1sokkar - F\u00ednt\" \/>\n<meta property=\"og:description\" content=\"Sill (wool\/cotton blend) - t\u00e1sokkar F\u00ednt Experience cozy toe socks with a stylish herringbone pattern - seamless, comfortable and extra warm thanks to high-quality merino wool and cotton. T\u00e1susokkar\" \/>\n<meta property=\"og:url\" content=\"https:\/\/www.fint.is\/is\/product\/sill-wool-cotton-blend\/\" \/>\n<meta property=\"og:site_name\" content=\"F\u00ednt\" \/>\n<meta property=\"article:publisher\" content=\"https:\/\/www.facebook.com\/100090983666893\/\" \/>\n<meta property=\"article:modified_time\" content=\"2026-02-26T17:02:33+00:00\" \/>\n<meta property=\"og:image\" content=\"https:\/\/www.fint.is\/wp-content\/uploads\/8312-SILL-Zehensocken-aus-Wolle-und-Baumwolle_1080x.png.webp\" \/>\n\t<meta property=\"og:image:width\" content=\"1000\" \/>\n\t<meta property=\"og:image:height\" content=\"1000\" \/>\n\t<meta property=\"og:image:type\" content=\"image\/webp\" \/>\n<script type=\"application\/ld+json\" class=\"yoast-schema-graph\">{\"@context\":\"https:\\\/\\\/schema.org\",\"@graph\":[{\"@type\":\"WebPage\",\"@id\":\"https:\\\/\\\/www.fint.is\\\/product\\\/sill-wool-cotton-blend\\\/\",\"url\":\"https:\\\/\\\/www.fint.is\\\/product\\\/sill-wool-cotton-blend\\\/\",\"name\":\"Sill (wool\\\/cotton blend) - t\u00e1sokkar - F\u00ednt\",\"isPartOf\":{\"@id\":\"https:\\\/\\\/www.fint.is\\\/is\\\/#website\"},\"primaryImageOfPage\":{\"@id\":\"https:\\\/\\\/www.fint.is\\\/product\\\/sill-wool-cotton-blend\\\/#primaryimage\"},\"image\":{\"@id\":\"https:\\\/\\\/www.fint.is\\\/product\\\/sill-wool-cotton-blend\\\/#primaryimage\"},\"thumbnailUrl\":\"https:\\\/\\\/www.fint.is\\\/wp-content\\\/uploads\\\/8312-SILL-Zehensocken-aus-Wolle-und-Baumwolle_1080x.png.webp\",\"datePublished\":\"2024-10-11T10:00:05+00:00\",\"dateModified\":\"2026-02-26T17:02:33+00:00\",\"description\":\"Sill (wool\\\/cotton blend) - t\u00e1sokkar F\u00ednt Experience cozy toe socks with a stylish herringbone pattern - seamless, comfortable and extra warm thanks to high-quality merino wool and cotton. T\u00e1susokkar\",\"breadcrumb\":{\"@id\":\"https:\\\/\\\/www.fint.is\\\/product\\\/sill-wool-cotton-blend\\\/#breadcrumb\"},\"inLanguage\":\"is\",\"potentialAction\":[{\"@type\":\"ReadAction\",\"target\":[\"https:\\\/\\\/www.fint.is\\\/product\\\/sill-wool-cotton-blend\\\/\"]}]},{\"@type\":\"ImageObject\",\"inLanguage\":\"is\",\"@id\":\"https:\\\/\\\/www.fint.is\\\/product\\\/sill-wool-cotton-blend\\\/#primaryimage\",\"url\":\"https:\\\/\\\/www.fint.is\\\/wp-content\\\/uploads\\\/8312-SILL-Zehensocken-aus-Wolle-und-Baumwolle_1080x.png.webp\",\"contentUrl\":\"https:\\\/\\\/www.fint.is\\\/wp-content\\\/uploads\\\/8312-SILL-Zehensocken-aus-Wolle-und-Baumwolle_1080x.png.webp\",\"width\":1000,\"height\":1000},{\"@type\":\"BreadcrumbList\",\"@id\":\"https:\\\/\\\/www.fint.is\\\/product\\\/sill-wool-cotton-blend\\\/#breadcrumb\",\"itemListElement\":[{\"@type\":\"ListItem\",\"position\":1,\"name\":\"Home\",\"item\":\"https:\\\/\\\/www.fint.is\\\/\"},{\"@type\":\"ListItem\",\"position\":2,\"name\":\"Shop\",\"item\":\"https:\\\/\\\/www.fint.is\\\/is\\\/shop\\\/\"},{\"@type\":\"ListItem\",\"position\":3,\"name\":\"Toe socks\",\"item\":\"https:\\\/\\\/www.fint.is\\\/is\\\/product-category\\\/socks\\\/\"},{\"@type\":\"ListItem\",\"position\":4,\"name\":\"Sill (wool\\\/cotton blend) &#8211; t\u00e1sokkar\"}]},{\"@type\":\"WebSite\",\"@id\":\"https:\\\/\\\/www.fint.is\\\/is\\\/#website\",\"url\":\"https:\\\/\\\/www.fint.is\\\/is\\\/\",\"name\":\"F\u00ednt\",\"description\":\"Barefoot sk\u00f3r, t\u00e1susokkar, og bur\u00f0arpokar\",\"publisher\":{\"@id\":\"https:\\\/\\\/www.fint.is\\\/is\\\/#organization\"},\"alternateName\":\"f\u00ednt.is\",\"potentialAction\":[{\"@type\":\"SearchAction\",\"target\":{\"@type\":\"EntryPoint\",\"urlTemplate\":\"https:\\\/\\\/www.fint.is\\\/is\\\/?s={search_term_string}\"},\"query-input\":{\"@type\":\"PropertyValueSpecification\",\"valueRequired\":true,\"valueName\":\"search_term_string\"}}],\"inLanguage\":\"is\"},{\"@type\":\"Organization\",\"@id\":\"https:\\\/\\\/www.fint.is\\\/is\\\/#organization\",\"name\":\"F\u00ednt\",\"alternateName\":\"Fint\",\"url\":\"https:\\\/\\\/www.fint.is\\\/is\\\/\",\"logo\":{\"@type\":\"ImageObject\",\"inLanguage\":\"is\",\"@id\":\"https:\\\/\\\/www.fint.is\\\/is\\\/#\\\/schema\\\/logo\\\/image\\\/\",\"url\":\"https:\\\/\\\/www.fint.is\\\/wp-content\\\/uploads\\\/logo-colour-small-2.png\",\"contentUrl\":\"https:\\\/\\\/www.fint.is\\\/wp-content\\\/uploads\\\/logo-colour-small-2.png\",\"width\":930,\"height\":711,\"caption\":\"F\u00ednt\"},\"image\":{\"@id\":\"https:\\\/\\\/www.fint.is\\\/is\\\/#\\\/schema\\\/logo\\\/image\\\/\"},\"sameAs\":[\"https:\\\/\\\/www.facebook.com\\\/100090983666893\\\/\",\"https:\\\/\\\/www.instagram.com\\\/fint.verslun\\\/\"]}]}<\/script>\n<!-- \/ Yoast SEO plugin. -->","yoast_head_json":{"title":"Sill (wool\/cotton blend) - t\u00e1sokkar - F\u00ednt","description":"Sill (wool\/cotton blend) - t\u00e1sokkar F\u00ednt Experience cozy toe socks with a stylish herringbone pattern - seamless, comfortable and extra warm thanks to high-quality merino wool and cotton. T\u00e1susokkar","robots":{"index":"index","follow":"follow","max-snippet":"max-snippet:-1","max-image-preview":"max-image-preview:large","max-video-preview":"max-video-preview:-1"},"canonical":"https:\/\/www.fint.is\/is\/product\/sill-wool-cotton-blend\/","og_locale":"is_IS","og_type":"article","og_title":"Sill (wool\/cotton blend) - t\u00e1sokkar - F\u00ednt","og_description":"Sill (wool\/cotton blend) - t\u00e1sokkar F\u00ednt Experience cozy toe socks with a stylish herringbone pattern - seamless, comfortable and extra warm thanks to high-quality merino wool and cotton. T\u00e1susokkar","og_url":"https:\/\/www.fint.is\/is\/product\/sill-wool-cotton-blend\/","og_site_name":"F\u00ednt","article_publisher":"https:\/\/www.facebook.com\/100090983666893\/","article_modified_time":"2026-02-26T17:02:33+00:00","og_image":[{"width":1000,"height":1000,"url":"https:\/\/www.fint.is\/wp-content\/uploads\/8312-SILL-Zehensocken-aus-Wolle-und-Baumwolle_1080x.png.webp","type":"image\/webp"}],"schema":{"@context":"https:\/\/schema.org","@graph":[{"@type":"WebPage","@id":"https:\/\/www.fint.is\/product\/sill-wool-cotton-blend\/","url":"https:\/\/www.fint.is\/product\/sill-wool-cotton-blend\/","name":"Sill (wool\/cotton blend) - t\u00e1sokkar - F\u00ednt","isPartOf":{"@id":"https:\/\/www.fint.is\/is\/#website"},"primaryImageOfPage":{"@id":"https:\/\/www.fint.is\/product\/sill-wool-cotton-blend\/#primaryimage"},"image":{"@id":"https:\/\/www.fint.is\/product\/sill-wool-cotton-blend\/#primaryimage"},"thumbnailUrl":"https:\/\/www.fint.is\/wp-content\/uploads\/8312-SILL-Zehensocken-aus-Wolle-und-Baumwolle_1080x.png.webp","datePublished":"2024-10-11T10:00:05+00:00","dateModified":"2026-02-26T17:02:33+00:00","description":"Sill (wool\/cotton blend) - t\u00e1sokkar F\u00ednt Experience cozy toe socks with a stylish herringbone pattern - seamless, comfortable and extra warm thanks to high-quality merino wool and cotton. T\u00e1susokkar","breadcrumb":{"@id":"https:\/\/www.fint.is\/product\/sill-wool-cotton-blend\/#breadcrumb"},"inLanguage":"is","potentialAction":[{"@type":"ReadAction","target":["https:\/\/www.fint.is\/product\/sill-wool-cotton-blend\/"]}]},{"@type":"ImageObject","inLanguage":"is","@id":"https:\/\/www.fint.is\/product\/sill-wool-cotton-blend\/#primaryimage","url":"https:\/\/www.fint.is\/wp-content\/uploads\/8312-SILL-Zehensocken-aus-Wolle-und-Baumwolle_1080x.png.webp","contentUrl":"https:\/\/www.fint.is\/wp-content\/uploads\/8312-SILL-Zehensocken-aus-Wolle-und-Baumwolle_1080x.png.webp","width":1000,"height":1000},{"@type":"BreadcrumbList","@id":"https:\/\/www.fint.is\/product\/sill-wool-cotton-blend\/#breadcrumb","itemListElement":[{"@type":"ListItem","position":1,"name":"Home","item":"https:\/\/www.fint.is\/"},{"@type":"ListItem","position":2,"name":"Shop","item":"https:\/\/www.fint.is\/is\/shop\/"},{"@type":"ListItem","position":3,"name":"Toe socks","item":"https:\/\/www.fint.is\/is\/product-category\/socks\/"},{"@type":"ListItem","position":4,"name":"Sill (wool\/cotton blend) &#8211; t\u00e1sokkar"}]},{"@type":"WebSite","@id":"https:\/\/www.fint.is\/is\/#website","url":"https:\/\/www.fint.is\/is\/","name":"F\u00ednt","description":"Barefoot sk\u00f3r, t\u00e1sokkar, og bur\u00f0arpokar","publisher":{"@id":"https:\/\/www.fint.is\/is\/#organization"},"alternateName":"f\u00ednt.is","potentialAction":[{"@type":"SearchAction","target":{"@type":"EntryPoint","urlTemplate":"https:\/\/www.fint.is\/is\/?s={search_term_string}"},"query-input":{"@type":"PropertyValueSpecification","valueRequired":true,"valueName":"search_term_string"}}],"inLanguage":"is"},{"@type":"Organization","@id":"https:\/\/www.fint.is\/is\/#organization","name":"F\u00ednt","alternateName":"Fint","url":"https:\/\/www.fint.is\/is\/","logo":{"@type":"ImageObject","inLanguage":"is","@id":"https:\/\/www.fint.is\/is\/#\/schema\/logo\/image\/","url":"https:\/\/www.fint.is\/wp-content\/uploads\/logo-colour-small-2.png","contentUrl":"https:\/\/www.fint.is\/wp-content\/uploads\/logo-colour-small-2.png","width":930,"height":711,"caption":"F\u00ednt"},"image":{"@id":"https:\/\/www.fint.is\/is\/#\/schema\/logo\/image\/"},"sameAs":["https:\/\/www.facebook.com\/100090983666893\/","https:\/\/www.instagram.com\/fint.verslun\/"]}]}},"_links":{"self":[{"href":"https:\/\/www.fint.is\/is\/wp-json\/wp\/v2\/product\/2451","targetHints":{"allow":["GET"]}}],"collection":[{"href":"https:\/\/www.fint.is\/is\/wp-json\/wp\/v2\/product"}],"about":[{"href":"https:\/\/www.fint.is\/is\/wp-json\/wp\/v2\/types\/product"}],"replies":[{"embeddable":true,"href":"https:\/\/www.fint.is\/is\/wp-json\/wp\/v2\/comments?post=2451"}],"wp:featuredmedia":[{"embeddable":true,"href":"https:\/\/www.fint.is\/is\/wp-json\/wp\/v2\/media\/2461"}],"wp:attachment":[{"href":"https:\/\/www.fint.is\/is\/wp-json\/wp\/v2\/media?parent=2451"}],"wp:term":[{"taxonomy":"product_brand","embeddable":true,"href":"https:\/\/www.fint.is\/is\/wp-json\/wp\/v2\/product_brand?post=2451"},{"taxonomy":"product_cat","embeddable":true,"href":"https:\/\/www.fint.is\/is\/wp-json\/wp\/v2\/product_cat?post=2451"},{"taxonomy":"product_tag","embeddable":true,"href":"https:\/\/www.fint.is\/is\/wp-json\/wp\/v2\/product_tag?post=2451"}],"curies":[{"name":"wp","href":"https:\/\/api.w.org\/{rel}","templated":true}]}}