{"id":2434,"date":"2024-10-09T20:20:28","date_gmt":"2024-10-09T20:20:28","guid":{"rendered":"https:\/\/www.fint.is\/?post_type=product&#038;p=2434"},"modified":"2026-04-27T11:24:46","modified_gmt":"2026-04-27T11:24:46","slug":"yama-for-pilates-yoga-and-dance","status":"publish","type":"product","link":"https:\/\/www.fint.is\/is\/product\/yama-for-pilates-yoga-and-dance\/","title":{"rendered":"Yama for pilates, yoga, and dance &#8211; t\u00e1sokkar"},"content":{"rendered":"<p>Yama eru fullkomnir \u00ed pilates, j\u00f3ga, e\u00f0a dans \u00fear sem \u00fe\u00fa \u00fearft a\u00f0 nota alla v\u00f6\u00f0vana \u00ed f\u00e6tinum.<\/p>\n<h3>Stu\u00f0ningurinn \u00ed Knitido+<\/h3>\n<p>F\u00e6r\u00f0u stundum \u00e1 tilfinninguna a\u00f0 \u00fe\u00fa s\u00e9rt a\u00f0 setja \u00feyngdina vitlaust \u00e1 f\u00f3tinn, e\u00f0a a\u00f0 \u00fe\u00fa n\u00e1ir ekki fullu taki \u00e1 g\u00f3lfinu \u00feegar \u00fe\u00fa ert berf\u00e6tt(ur)? Stundum eru f\u00e6turnir svo vanir \u00fev\u00ed a\u00f0 vera \u00ed sk\u00f3m a\u00f0 \u00feeir missa hluta af h\u00e6fninni sem \u00feeim er eiginleg. \u00deetta \u00e1 s\u00e9rstaklega vi\u00f0 um sk\u00f3 me\u00f0 h\u00e6lum, en \u00fe\u00e1 er oft of mikil \u00feyngd \u00e1 k\u00falunni aftan vi\u00f0 st\u00f3ru t\u00e1 sem hefur s\u00ed\u00f0an \u00e1hrif \u00e1 alla l\u00edkamsbeitingu. \u00deessir t\u00e1sokkar eru hanna\u00f0ir til \u00feess a\u00f0 takast \u00e1 vi\u00f0 sl\u00edk vandam\u00e1l.<\/p>\n<h3>Helstu eiginleikar:<\/h3>\n<div>\n<p><img loading=\"lazy\" decoding=\"async\" class=\"alignright\" src=\"https:\/\/cdn.shopify.com\/s\/files\/1\/0602\/7762\/0917\/files\/Embedded_Posture__Icons.png?v=1650625347\" alt=\"Knitido Plus Toe socks with grip for better posture\" width=\"200\" height=\"200\" \/><\/p>\n<ul>\n<li>\u00deunn <strong>motta undir k\u00falunni<\/strong> \u00e1 f\u00e6tinum tekur vi\u00f0 \u00fer\u00fdstingi og flytur \u00feyngdarmi\u00f0ju f\u00f3tarins \u00f6rl\u00edti\u00f0 aftar. Baki\u00f0 lagar sig \u00fe\u00e1 af og l\u00edkaminn r\u00e9ttir \u00far s\u00e9r.<\/li>\n<li>V\u00edtt <strong>stu\u00f0ningsbindi undir mi\u00f0ri il<\/strong> sty\u00f0ur enn frekar vi\u00f0 f\u00f3tinn. Aflei\u00f0ingin er a\u00f0 f\u00e6turnir ver\u00f0a minna \u00fereyttir.<\/li>\n<li><strong>St\u00f6m \u00e1fer\u00f0<\/strong> \u00e1 s\u00f3lanum gefur f\u00f3tunum betra grip.<\/li>\n<\/ul>\n<\/div>","protected":false},"excerpt":{"rendered":"<p>Perfect for pilates, yoga, or dance where you need to use all the muscles in your foot!<\/p>","protected":false},"featured_media":2437,"comment_status":"closed","ping_status":"closed","template":"","meta":[],"product_brand":[166],"product_cat":[36],"product_tag":[51,156,50],"class_list":{"0":"post-2434","1":"product","2":"type-product","3":"status-publish","4":"has-post-thumbnail","6":"product_brand-knitido","7":"product_cat-socks","8":"product_tag-knitido","9":"product_tag-tasokkar","10":"product_tag-toe-socks","12":"first","13":"instock","14":"taxable","15":"shipping-taxable","16":"purchasable","17":"product-type-variable"},"yoast_head":"<!-- This site is optimized with the Yoast SEO plugin v27.5 - https:\/\/yoast.com\/product\/yoast-seo-wordpress\/ -->\n<title>Yama for pilates, yoga, and dance - t\u00e1sokkar - F\u00ednt<\/title>\n<meta name=\"description\" content=\"Yama for pilates, yoga, and dance - t\u00e1sokkar F\u00ednt knitdo yama toe socks t\u00e1sokkar\" \/>\n<meta name=\"robots\" content=\"index, follow, max-snippet:-1, max-image-preview:large, max-video-preview:-1\" \/>\n<link rel=\"canonical\" href=\"https:\/\/www.fint.is\/is\/product\/yama-for-pilates-yoga-and-dance\/\" \/>\n<meta property=\"og:locale\" content=\"is_IS\" \/>\n<meta property=\"og:type\" content=\"article\" \/>\n<meta property=\"og:title\" content=\"Yama for pilates, yoga, and dance - t\u00e1sokkar - F\u00ednt\" \/>\n<meta property=\"og:description\" content=\"Yama for pilates, yoga, and dance - t\u00e1sokkar F\u00ednt knitdo yama toe socks t\u00e1sokkar\" \/>\n<meta property=\"og:url\" content=\"https:\/\/www.fint.is\/is\/product\/yama-for-pilates-yoga-and-dance\/\" \/>\n<meta property=\"og:site_name\" content=\"F\u00ednt\" \/>\n<meta property=\"article:publisher\" content=\"https:\/\/www.facebook.com\/100090983666893\/\" \/>\n<meta property=\"article:modified_time\" content=\"2026-04-27T11:24:46+00:00\" \/>\n<meta property=\"og:image\" content=\"https:\/\/www.fint.is\/wp-content\/uploads\/110061_09.png\" \/>\n\t<meta property=\"og:image:width\" content=\"1000\" \/>\n\t<meta property=\"og:image:height\" content=\"1200\" \/>\n\t<meta property=\"og:image:type\" content=\"image\/png\" \/>\n<script type=\"application\/ld+json\" class=\"yoast-schema-graph\">{\"@context\":\"https:\\\/\\\/schema.org\",\"@graph\":[{\"@type\":\"WebPage\",\"@id\":\"https:\\\/\\\/www.fint.is\\\/product\\\/yama-for-pilates-yoga-and-dance\\\/\",\"url\":\"https:\\\/\\\/www.fint.is\\\/product\\\/yama-for-pilates-yoga-and-dance\\\/\",\"name\":\"Yama for pilates, yoga, and dance - t\u00e1sokkar - F\u00ednt\",\"isPartOf\":{\"@id\":\"https:\\\/\\\/www.fint.is\\\/is\\\/#website\"},\"primaryImageOfPage\":{\"@id\":\"https:\\\/\\\/www.fint.is\\\/product\\\/yama-for-pilates-yoga-and-dance\\\/#primaryimage\"},\"image\":{\"@id\":\"https:\\\/\\\/www.fint.is\\\/product\\\/yama-for-pilates-yoga-and-dance\\\/#primaryimage\"},\"thumbnailUrl\":\"https:\\\/\\\/www.fint.is\\\/wp-content\\\/uploads\\\/110061_09.png\",\"datePublished\":\"2024-10-09T20:20:28+00:00\",\"dateModified\":\"2026-04-27T11:24:46+00:00\",\"description\":\"Yama for pilates, yoga, and dance - t\u00e1sokkar F\u00ednt knitdo yama toe socks t\u00e1sokkar\",\"breadcrumb\":{\"@id\":\"https:\\\/\\\/www.fint.is\\\/product\\\/yama-for-pilates-yoga-and-dance\\\/#breadcrumb\"},\"inLanguage\":\"is\",\"potentialAction\":[{\"@type\":\"ReadAction\",\"target\":[\"https:\\\/\\\/www.fint.is\\\/product\\\/yama-for-pilates-yoga-and-dance\\\/\"]}]},{\"@type\":\"ImageObject\",\"inLanguage\":\"is\",\"@id\":\"https:\\\/\\\/www.fint.is\\\/product\\\/yama-for-pilates-yoga-and-dance\\\/#primaryimage\",\"url\":\"https:\\\/\\\/www.fint.is\\\/wp-content\\\/uploads\\\/110061_09.png\",\"contentUrl\":\"https:\\\/\\\/www.fint.is\\\/wp-content\\\/uploads\\\/110061_09.png\",\"width\":1000,\"height\":1200},{\"@type\":\"BreadcrumbList\",\"@id\":\"https:\\\/\\\/www.fint.is\\\/product\\\/yama-for-pilates-yoga-and-dance\\\/#breadcrumb\",\"itemListElement\":[{\"@type\":\"ListItem\",\"position\":1,\"name\":\"Home\",\"item\":\"https:\\\/\\\/www.fint.is\\\/\"},{\"@type\":\"ListItem\",\"position\":2,\"name\":\"Shop\",\"item\":\"https:\\\/\\\/www.fint.is\\\/is\\\/shop\\\/\"},{\"@type\":\"ListItem\",\"position\":3,\"name\":\"Toe socks\",\"item\":\"https:\\\/\\\/www.fint.is\\\/is\\\/product-category\\\/socks\\\/\"},{\"@type\":\"ListItem\",\"position\":4,\"name\":\"Yama for pilates, yoga, and dance &#8211; t\u00e1sokkar\"}]},{\"@type\":\"WebSite\",\"@id\":\"https:\\\/\\\/www.fint.is\\\/is\\\/#website\",\"url\":\"https:\\\/\\\/www.fint.is\\\/is\\\/\",\"name\":\"F\u00ednt\",\"description\":\"Barefoot sk\u00f3r, t\u00e1susokkar, og bur\u00f0arpokar\",\"publisher\":{\"@id\":\"https:\\\/\\\/www.fint.is\\\/is\\\/#organization\"},\"alternateName\":\"f\u00ednt.is\",\"potentialAction\":[{\"@type\":\"SearchAction\",\"target\":{\"@type\":\"EntryPoint\",\"urlTemplate\":\"https:\\\/\\\/www.fint.is\\\/is\\\/?s={search_term_string}\"},\"query-input\":{\"@type\":\"PropertyValueSpecification\",\"valueRequired\":true,\"valueName\":\"search_term_string\"}}],\"inLanguage\":\"is\"},{\"@type\":\"Organization\",\"@id\":\"https:\\\/\\\/www.fint.is\\\/is\\\/#organization\",\"name\":\"F\u00ednt\",\"alternateName\":\"Fint\",\"url\":\"https:\\\/\\\/www.fint.is\\\/is\\\/\",\"logo\":{\"@type\":\"ImageObject\",\"inLanguage\":\"is\",\"@id\":\"https:\\\/\\\/www.fint.is\\\/is\\\/#\\\/schema\\\/logo\\\/image\\\/\",\"url\":\"https:\\\/\\\/www.fint.is\\\/wp-content\\\/uploads\\\/logo-colour-small-2.png\",\"contentUrl\":\"https:\\\/\\\/www.fint.is\\\/wp-content\\\/uploads\\\/logo-colour-small-2.png\",\"width\":930,\"height\":711,\"caption\":\"F\u00ednt\"},\"image\":{\"@id\":\"https:\\\/\\\/www.fint.is\\\/is\\\/#\\\/schema\\\/logo\\\/image\\\/\"},\"sameAs\":[\"https:\\\/\\\/www.facebook.com\\\/100090983666893\\\/\",\"https:\\\/\\\/www.instagram.com\\\/fint.verslun\\\/\"]}]}<\/script>\n<!-- \/ Yoast SEO plugin. -->","yoast_head_json":{"title":"Yama for pilates, yoga, and dance - t\u00e1sokkar - F\u00ednt","description":"Yama for pilates, yoga, and dance - t\u00e1sokkar F\u00ednt knitdo yama toe socks t\u00e1sokkar","robots":{"index":"index","follow":"follow","max-snippet":"max-snippet:-1","max-image-preview":"max-image-preview:large","max-video-preview":"max-video-preview:-1"},"canonical":"https:\/\/www.fint.is\/is\/product\/yama-for-pilates-yoga-and-dance\/","og_locale":"is_IS","og_type":"article","og_title":"Yama for pilates, yoga, and dance - t\u00e1sokkar - F\u00ednt","og_description":"Yama for pilates, yoga, and dance - t\u00e1sokkar F\u00ednt knitdo yama toe socks t\u00e1sokkar","og_url":"https:\/\/www.fint.is\/is\/product\/yama-for-pilates-yoga-and-dance\/","og_site_name":"F\u00ednt","article_publisher":"https:\/\/www.facebook.com\/100090983666893\/","article_modified_time":"2026-04-27T11:24:46+00:00","og_image":[{"width":1000,"height":1200,"url":"https:\/\/www.fint.is\/wp-content\/uploads\/110061_09.png","type":"image\/png"}],"schema":{"@context":"https:\/\/schema.org","@graph":[{"@type":"WebPage","@id":"https:\/\/www.fint.is\/product\/yama-for-pilates-yoga-and-dance\/","url":"https:\/\/www.fint.is\/product\/yama-for-pilates-yoga-and-dance\/","name":"Yama for pilates, yoga, and dance - t\u00e1sokkar - F\u00ednt","isPartOf":{"@id":"https:\/\/www.fint.is\/is\/#website"},"primaryImageOfPage":{"@id":"https:\/\/www.fint.is\/product\/yama-for-pilates-yoga-and-dance\/#primaryimage"},"image":{"@id":"https:\/\/www.fint.is\/product\/yama-for-pilates-yoga-and-dance\/#primaryimage"},"thumbnailUrl":"https:\/\/www.fint.is\/wp-content\/uploads\/110061_09.png","datePublished":"2024-10-09T20:20:28+00:00","dateModified":"2026-04-27T11:24:46+00:00","description":"Yama for pilates, yoga, and dance - t\u00e1sokkar F\u00ednt knitdo yama toe socks t\u00e1sokkar","breadcrumb":{"@id":"https:\/\/www.fint.is\/product\/yama-for-pilates-yoga-and-dance\/#breadcrumb"},"inLanguage":"is","potentialAction":[{"@type":"ReadAction","target":["https:\/\/www.fint.is\/product\/yama-for-pilates-yoga-and-dance\/"]}]},{"@type":"ImageObject","inLanguage":"is","@id":"https:\/\/www.fint.is\/product\/yama-for-pilates-yoga-and-dance\/#primaryimage","url":"https:\/\/www.fint.is\/wp-content\/uploads\/110061_09.png","contentUrl":"https:\/\/www.fint.is\/wp-content\/uploads\/110061_09.png","width":1000,"height":1200},{"@type":"BreadcrumbList","@id":"https:\/\/www.fint.is\/product\/yama-for-pilates-yoga-and-dance\/#breadcrumb","itemListElement":[{"@type":"ListItem","position":1,"name":"Home","item":"https:\/\/www.fint.is\/"},{"@type":"ListItem","position":2,"name":"Shop","item":"https:\/\/www.fint.is\/is\/shop\/"},{"@type":"ListItem","position":3,"name":"Toe socks","item":"https:\/\/www.fint.is\/is\/product-category\/socks\/"},{"@type":"ListItem","position":4,"name":"Yama for pilates, yoga, and dance &#8211; t\u00e1sokkar"}]},{"@type":"WebSite","@id":"https:\/\/www.fint.is\/is\/#website","url":"https:\/\/www.fint.is\/is\/","name":"F\u00ednt","description":"Barefoot sk\u00f3r, t\u00e1sokkar, og bur\u00f0arpokar","publisher":{"@id":"https:\/\/www.fint.is\/is\/#organization"},"alternateName":"f\u00ednt.is","potentialAction":[{"@type":"SearchAction","target":{"@type":"EntryPoint","urlTemplate":"https:\/\/www.fint.is\/is\/?s={search_term_string}"},"query-input":{"@type":"PropertyValueSpecification","valueRequired":true,"valueName":"search_term_string"}}],"inLanguage":"is"},{"@type":"Organization","@id":"https:\/\/www.fint.is\/is\/#organization","name":"F\u00ednt","alternateName":"Fint","url":"https:\/\/www.fint.is\/is\/","logo":{"@type":"ImageObject","inLanguage":"is","@id":"https:\/\/www.fint.is\/is\/#\/schema\/logo\/image\/","url":"https:\/\/www.fint.is\/wp-content\/uploads\/logo-colour-small-2.png","contentUrl":"https:\/\/www.fint.is\/wp-content\/uploads\/logo-colour-small-2.png","width":930,"height":711,"caption":"F\u00ednt"},"image":{"@id":"https:\/\/www.fint.is\/is\/#\/schema\/logo\/image\/"},"sameAs":["https:\/\/www.facebook.com\/100090983666893\/","https:\/\/www.instagram.com\/fint.verslun\/"]}]}},"_links":{"self":[{"href":"https:\/\/www.fint.is\/is\/wp-json\/wp\/v2\/product\/2434","targetHints":{"allow":["GET"]}}],"collection":[{"href":"https:\/\/www.fint.is\/is\/wp-json\/wp\/v2\/product"}],"about":[{"href":"https:\/\/www.fint.is\/is\/wp-json\/wp\/v2\/types\/product"}],"replies":[{"embeddable":true,"href":"https:\/\/www.fint.is\/is\/wp-json\/wp\/v2\/comments?post=2434"}],"wp:featuredmedia":[{"embeddable":true,"href":"https:\/\/www.fint.is\/is\/wp-json\/wp\/v2\/media\/2437"}],"wp:attachment":[{"href":"https:\/\/www.fint.is\/is\/wp-json\/wp\/v2\/media?parent=2434"}],"wp:term":[{"taxonomy":"product_brand","embeddable":true,"href":"https:\/\/www.fint.is\/is\/wp-json\/wp\/v2\/product_brand?post=2434"},{"taxonomy":"product_cat","embeddable":true,"href":"https:\/\/www.fint.is\/is\/wp-json\/wp\/v2\/product_cat?post=2434"},{"taxonomy":"product_tag","embeddable":true,"href":"https:\/\/www.fint.is\/is\/wp-json\/wp\/v2\/product_tag?post=2434"}],"curies":[{"name":"wp","href":"https:\/\/api.w.org\/{rel}","templated":true}]}}