{"id":2406,"date":"2024-10-04T10:00:57","date_gmt":"2024-10-04T10:00:57","guid":{"rendered":"https:\/\/www.fint.is\/?post_type=product&#038;p=2406"},"modified":"2026-02-27T22:56:23","modified_gmt":"2026-02-27T22:56:23","slug":"be-lenka-nimbus","status":"publish","type":"product","link":"https:\/\/www.fint.is\/is\/product\/be-lenka-nimbus\/","title":{"rendered":"Be Lenka Nimbus &#8211; barefoot sk\u00f3r"},"content":{"rendered":"<p><strong>Viltu l\u00edta vel \u00fat, vera hl\u00fdtt, og fara vel me\u00f0 f\u00e6turna? \u00de\u00e1 g\u00e6tu Nimbus fr\u00e1 Be Lenka veri\u00f0 r\u00e9ttu sk\u00f3rnir fyrir \u00feig. L\u00e1gir, reimalausir haust- og vetrarsk\u00f3r.<\/strong><\/p>\n<p>Be Lenka Nimbus eru fr\u00e1b\u00e6rir \u00ed borgarr\u00f6lti\u00f0, hversdaginn e\u00f0a vinnuna. \u00deeir hafa einstakt \u00fatlit \u00e1n \u00feess a\u00f0 gefa afsl\u00e1tt \u00e1 prakt\u00edsku hli\u00f0unum: \u00deeir hafa h\u00e1an kant sem ver fyrir slabbi og aur, og hrinda \u00fear a\u00f0 auki fr\u00e1 s\u00e9r vatni. Ef \u00fe\u00fa ert a\u00f0 leita a\u00f0 sk\u00f3m sem eru hl\u00fdjir, prakt\u00edskir og reimalausir og virka a\u00f0 vetri til, \u00fe\u00e1 eru \u00fea\u00f0 \u00feessir.<\/p>\n<p>Hanna\u00f0ir fyrir konur me\u00f0 l\u00e1ga til mi\u00f0lungs rist. Vi\u00f0 h\u00e6linn er lykkja sem gerir \u00fea\u00f0 au\u00f0veldara a\u00f0 fara \u00ed sk\u00f3na. Ef \u00fe\u00fa ert ekki viss hva\u00f0a st\u00e6r\u00f0 \u00fe\u00fa \u00e6ttir a\u00f0 panta m\u00e6lum vi\u00f0 me\u00f0 a\u00f0 taka frekar a\u00f0eins st\u00e6rra n\u00famer en \u00fe\u00fa gerir venjulega.<\/p>\n<h3><span style=\"color: #993300;\">Efni<\/span><\/h3>\n<div>\n<ul>\n<li>Efra lag: Le\u00f0ur + Text\u00edll (me\u00f0h\u00f6ndla\u00f0 til a\u00f0 hrinda fr\u00e1 s\u00e9r vatni)<\/li>\n<li>F\u00f3\u00f0run: Text\u00edll<\/li>\n<li>Inns\u00f3li: Endurunni\u00f0 PU + b\u00f3mull (h\u00e6gt a\u00f0 fjarl\u00e6gja)<\/li>\n<li>S\u00f3li: TR (ThermoGrip)<\/li>\n<li>Framleiddir \u00ed Port\u00fagal<\/li>\n<\/ul>\n<h3><span style=\"color: #993300;\">Eiginleikar:\u00a0<\/span><\/h3>\n<ul>\n<li>ThermoGrip s\u00f3li (5mm \u00feykkur + 3mm grip) er sauma\u00f0ur \u00e1 til \u00feess a\u00f0 tryggja betri endingu<\/li>\n<li>N\u00fdtt og betra grip fremst og vi\u00f0 h\u00e6l<\/li>\n<li>Prakt\u00edskir hversdagssk\u00f3r sem er einfalt a\u00f0 fara \u00ed og \u00far<\/li>\n<li>Handh\u00e6g lykkja a\u00f0 aftan til a\u00f0 gera \u00fea\u00f0 au\u00f0velt a\u00f0 fara \u00ed<\/li>\n<li>Efra lag sem hrindir fr\u00e1 s\u00e9r vatni<\/li>\n<\/ul>\n<h3><span style=\"color: #993300;\">Barefoot eiginleikar:\u00a0<\/span><\/h3>\n<ul>\n<li>Sveigjanlegur s\u00f3li<\/li>\n<li>Engin h\u00e6kkun fr\u00e1 h\u00e6l a\u00f0 t\u00e1, sty\u00f0ur vi\u00f0 g\u00f3\u00f0a l\u00edkamsst\u00f6\u00f0u<\/li>\n<li>V\u00edtt t\u00e1box<\/li>\n<li>L\u00e9ttir<\/li>\n<\/ul>\n<\/div>\n<div class=\"product-badges\"><img decoding=\"async\" src=\"https:\/\/belenkacdn.com\/media\/2023\/12\/6\/0\/1-Barefoot-footwear-Green-size-badge-square-v-1.png\" alt=\"\" \/> <img decoding=\"async\" src=\"https:\/\/belenkacdn.com\/media\/2023\/12\/6\/0\/2-Premium-quality-Green-size-badge-square-v-1.png\" alt=\"\" \/> <img decoding=\"async\" src=\"https:\/\/belenkacdn.com\/media\/2023\/12\/6\/0\/3-Handmade-in-eu-Green-size-badge-square-v-1.png\" alt=\"\" \/> <img decoding=\"async\" src=\"https:\/\/belenkacdn.com\/media\/2023\/12\/6\/0\/25-lightweight-Green-size-badge-square-v-1.png\" alt=\"\" \/><\/div>\n<div><span style=\"color: #ffffff;\">barefoot sk\u00f3r<\/span><\/div>","protected":false},"excerpt":{"rendered":"<p>St\u00edlhreinir l\u00e1gir og reimalausir haust- og vetrarsk\u00f3r, sem fara vel me\u00f0 f\u00e6turna.<br \/>\n<span style=\"color: #ffffff;\">barefoot sk\u00f3r<\/span><\/p>\n<p>&nbsp;<\/p>","protected":false},"featured_media":2410,"comment_status":"closed","ping_status":"closed","template":"","meta":[],"product_brand":[160],"product_cat":[39,35],"product_tag":[111,138,115,167],"class_list":{"0":"post-2406","1":"product","2":"type-product","3":"status-publish","4":"has-post-thumbnail","6":"product_brand-be-lenka","7":"product_cat-adult","8":"product_cat-shoes","9":"product_tag-barefoot-shoe","10":"product_tag-barefoot-skor","11":"product_tag-be-lenka","12":"product_tag-winter","14":"first","15":"instock","16":"sale","17":"taxable","18":"shipping-taxable","19":"purchasable","20":"product-type-variable"},"yoast_head":"<!-- This site is optimized with the Yoast SEO plugin v27.5 - https:\/\/yoast.com\/product\/yoast-seo-wordpress\/ -->\n<title>Be Lenka Nimbus - barefoot sk\u00f3r - F\u00ednt - Barefoot sk\u00f3r<\/title>\n<meta name=\"description\" content=\"Viltu l\u00edta vel \u00fat, halda \u00e1 \u00fe\u00e9r hita, og fara vel me\u00f0 f\u00e6turna? \u00de\u00e1 g\u00e6tu Nimbus veri\u00f0 r\u00e9ttu sk\u00f3rnir fyrir \u00feig. L\u00e1gir, reimalausir barefoot haust- og vetrarsk\u00f3r.\" \/>\n<meta name=\"robots\" content=\"index, follow, max-snippet:-1, max-image-preview:large, max-video-preview:-1\" \/>\n<link rel=\"canonical\" href=\"https:\/\/www.fint.is\/is\/product\/be-lenka-nimbus\/\" \/>\n<meta property=\"og:locale\" content=\"is_IS\" \/>\n<meta property=\"og:type\" content=\"article\" \/>\n<meta property=\"og:title\" content=\"Be Lenka Nimbus - barefoot sk\u00f3r - F\u00ednt - Barefoot sk\u00f3r\" \/>\n<meta property=\"og:description\" content=\"Viltu l\u00edta vel \u00fat, halda \u00e1 \u00fe\u00e9r hita, og fara vel me\u00f0 f\u00e6turna? \u00de\u00e1 g\u00e6tu Nimbus veri\u00f0 r\u00e9ttu sk\u00f3rnir fyrir \u00feig. L\u00e1gir, reimalausir barefoot haust- og vetrarsk\u00f3r.\" \/>\n<meta property=\"og:url\" content=\"https:\/\/www.fint.is\/is\/product\/be-lenka-nimbus\/\" \/>\n<meta property=\"og:site_name\" content=\"F\u00ednt\" \/>\n<meta property=\"article:publisher\" content=\"https:\/\/www.facebook.com\/100090983666893\/\" \/>\n<meta property=\"article:modified_time\" content=\"2026-02-27T22:56:23+00:00\" \/>\n<meta property=\"og:image\" content=\"https:\/\/www.fint.is\/wp-content\/uploads\/JPG_4.jpg\" \/>\n\t<meta property=\"og:image:width\" content=\"1500\" \/>\n\t<meta property=\"og:image:height\" content=\"1000\" \/>\n\t<meta property=\"og:image:type\" content=\"image\/jpeg\" \/>\n<script type=\"application\/ld+json\" class=\"yoast-schema-graph\">{\"@context\":\"https:\\\/\\\/schema.org\",\"@graph\":[{\"@type\":\"WebPage\",\"@id\":\"https:\\\/\\\/www.fint.is\\\/product\\\/be-lenka-nimbus\\\/\",\"url\":\"https:\\\/\\\/www.fint.is\\\/product\\\/be-lenka-nimbus\\\/\",\"name\":\"Be Lenka Nimbus - barefoot sk\u00f3r - F\u00ednt - Barefoot sk\u00f3r\",\"isPartOf\":{\"@id\":\"https:\\\/\\\/www.fint.is\\\/is\\\/#website\"},\"primaryImageOfPage\":{\"@id\":\"https:\\\/\\\/www.fint.is\\\/product\\\/be-lenka-nimbus\\\/#primaryimage\"},\"image\":{\"@id\":\"https:\\\/\\\/www.fint.is\\\/product\\\/be-lenka-nimbus\\\/#primaryimage\"},\"thumbnailUrl\":\"https:\\\/\\\/www.fint.is\\\/wp-content\\\/uploads\\\/JPG_4.jpg\",\"datePublished\":\"2024-10-04T10:00:57+00:00\",\"dateModified\":\"2026-02-27T22:56:23+00:00\",\"description\":\"Viltu l\u00edta vel \u00fat, halda \u00e1 \u00fe\u00e9r hita, og fara vel me\u00f0 f\u00e6turna? \u00de\u00e1 g\u00e6tu Nimbus veri\u00f0 r\u00e9ttu sk\u00f3rnir fyrir \u00feig. L\u00e1gir, reimalausir barefoot haust- og vetrarsk\u00f3r.\",\"breadcrumb\":{\"@id\":\"https:\\\/\\\/www.fint.is\\\/product\\\/be-lenka-nimbus\\\/#breadcrumb\"},\"inLanguage\":\"is\",\"potentialAction\":[{\"@type\":\"ReadAction\",\"target\":[\"https:\\\/\\\/www.fint.is\\\/product\\\/be-lenka-nimbus\\\/\"]}]},{\"@type\":\"ImageObject\",\"inLanguage\":\"is\",\"@id\":\"https:\\\/\\\/www.fint.is\\\/product\\\/be-lenka-nimbus\\\/#primaryimage\",\"url\":\"https:\\\/\\\/www.fint.is\\\/wp-content\\\/uploads\\\/JPG_4.jpg\",\"contentUrl\":\"https:\\\/\\\/www.fint.is\\\/wp-content\\\/uploads\\\/JPG_4.jpg\",\"width\":1500,\"height\":1000},{\"@type\":\"BreadcrumbList\",\"@id\":\"https:\\\/\\\/www.fint.is\\\/product\\\/be-lenka-nimbus\\\/#breadcrumb\",\"itemListElement\":[{\"@type\":\"ListItem\",\"position\":1,\"name\":\"Home\",\"item\":\"https:\\\/\\\/www.fint.is\\\/\"},{\"@type\":\"ListItem\",\"position\":2,\"name\":\"Shop\",\"item\":\"https:\\\/\\\/www.fint.is\\\/is\\\/shop\\\/\"},{\"@type\":\"ListItem\",\"position\":3,\"name\":\"Barefoot shoes\",\"item\":\"https:\\\/\\\/www.fint.is\\\/is\\\/product-category\\\/shoes\\\/\"},{\"@type\":\"ListItem\",\"position\":4,\"name\":\"Be Lenka Nimbus &#8211; barefoot sk\u00f3r\"}]},{\"@type\":\"WebSite\",\"@id\":\"https:\\\/\\\/www.fint.is\\\/is\\\/#website\",\"url\":\"https:\\\/\\\/www.fint.is\\\/is\\\/\",\"name\":\"F\u00ednt\",\"description\":\"Barefoot sk\u00f3r, t\u00e1susokkar, og bur\u00f0arpokar\",\"publisher\":{\"@id\":\"https:\\\/\\\/www.fint.is\\\/is\\\/#organization\"},\"alternateName\":\"f\u00ednt.is\",\"potentialAction\":[{\"@type\":\"SearchAction\",\"target\":{\"@type\":\"EntryPoint\",\"urlTemplate\":\"https:\\\/\\\/www.fint.is\\\/is\\\/?s={search_term_string}\"},\"query-input\":{\"@type\":\"PropertyValueSpecification\",\"valueRequired\":true,\"valueName\":\"search_term_string\"}}],\"inLanguage\":\"is\"},{\"@type\":\"Organization\",\"@id\":\"https:\\\/\\\/www.fint.is\\\/is\\\/#organization\",\"name\":\"F\u00ednt\",\"alternateName\":\"Fint\",\"url\":\"https:\\\/\\\/www.fint.is\\\/is\\\/\",\"logo\":{\"@type\":\"ImageObject\",\"inLanguage\":\"is\",\"@id\":\"https:\\\/\\\/www.fint.is\\\/is\\\/#\\\/schema\\\/logo\\\/image\\\/\",\"url\":\"https:\\\/\\\/www.fint.is\\\/wp-content\\\/uploads\\\/logo-colour-small-2.png\",\"contentUrl\":\"https:\\\/\\\/www.fint.is\\\/wp-content\\\/uploads\\\/logo-colour-small-2.png\",\"width\":930,\"height\":711,\"caption\":\"F\u00ednt\"},\"image\":{\"@id\":\"https:\\\/\\\/www.fint.is\\\/is\\\/#\\\/schema\\\/logo\\\/image\\\/\"},\"sameAs\":[\"https:\\\/\\\/www.facebook.com\\\/100090983666893\\\/\",\"https:\\\/\\\/www.instagram.com\\\/fint.verslun\\\/\"]}]}<\/script>\n<!-- \/ Yoast SEO plugin. -->","yoast_head_json":{"title":"Be Lenka Nimbus - barefoot sk\u00f3r - F\u00ednt - Barefoot sk\u00f3r","description":"Viltu l\u00edta vel \u00fat, halda \u00e1 \u00fe\u00e9r hita, og fara vel me\u00f0 f\u00e6turna? \u00de\u00e1 g\u00e6tu Nimbus veri\u00f0 r\u00e9ttu sk\u00f3rnir fyrir \u00feig. L\u00e1gir, reimalausir barefoot haust- og vetrarsk\u00f3r.","robots":{"index":"index","follow":"follow","max-snippet":"max-snippet:-1","max-image-preview":"max-image-preview:large","max-video-preview":"max-video-preview:-1"},"canonical":"https:\/\/www.fint.is\/is\/product\/be-lenka-nimbus\/","og_locale":"is_IS","og_type":"article","og_title":"Be Lenka Nimbus - barefoot sk\u00f3r - F\u00ednt - Barefoot sk\u00f3r","og_description":"Viltu l\u00edta vel \u00fat, halda \u00e1 \u00fe\u00e9r hita, og fara vel me\u00f0 f\u00e6turna? \u00de\u00e1 g\u00e6tu Nimbus veri\u00f0 r\u00e9ttu sk\u00f3rnir fyrir \u00feig. L\u00e1gir, reimalausir barefoot haust- og vetrarsk\u00f3r.","og_url":"https:\/\/www.fint.is\/is\/product\/be-lenka-nimbus\/","og_site_name":"F\u00ednt","article_publisher":"https:\/\/www.facebook.com\/100090983666893\/","article_modified_time":"2026-02-27T22:56:23+00:00","og_image":[{"width":1500,"height":1000,"url":"https:\/\/www.fint.is\/wp-content\/uploads\/JPG_4.jpg","type":"image\/jpeg"}],"schema":{"@context":"https:\/\/schema.org","@graph":[{"@type":"WebPage","@id":"https:\/\/www.fint.is\/product\/be-lenka-nimbus\/","url":"https:\/\/www.fint.is\/product\/be-lenka-nimbus\/","name":"Be Lenka Nimbus - barefoot sk\u00f3r - F\u00ednt - Barefoot sk\u00f3r","isPartOf":{"@id":"https:\/\/www.fint.is\/is\/#website"},"primaryImageOfPage":{"@id":"https:\/\/www.fint.is\/product\/be-lenka-nimbus\/#primaryimage"},"image":{"@id":"https:\/\/www.fint.is\/product\/be-lenka-nimbus\/#primaryimage"},"thumbnailUrl":"https:\/\/www.fint.is\/wp-content\/uploads\/JPG_4.jpg","datePublished":"2024-10-04T10:00:57+00:00","dateModified":"2026-02-27T22:56:23+00:00","description":"Viltu l\u00edta vel \u00fat, halda \u00e1 \u00fe\u00e9r hita, og fara vel me\u00f0 f\u00e6turna? \u00de\u00e1 g\u00e6tu Nimbus veri\u00f0 r\u00e9ttu sk\u00f3rnir fyrir \u00feig. L\u00e1gir, reimalausir barefoot haust- og vetrarsk\u00f3r.","breadcrumb":{"@id":"https:\/\/www.fint.is\/product\/be-lenka-nimbus\/#breadcrumb"},"inLanguage":"is","potentialAction":[{"@type":"ReadAction","target":["https:\/\/www.fint.is\/product\/be-lenka-nimbus\/"]}]},{"@type":"ImageObject","inLanguage":"is","@id":"https:\/\/www.fint.is\/product\/be-lenka-nimbus\/#primaryimage","url":"https:\/\/www.fint.is\/wp-content\/uploads\/JPG_4.jpg","contentUrl":"https:\/\/www.fint.is\/wp-content\/uploads\/JPG_4.jpg","width":1500,"height":1000},{"@type":"BreadcrumbList","@id":"https:\/\/www.fint.is\/product\/be-lenka-nimbus\/#breadcrumb","itemListElement":[{"@type":"ListItem","position":1,"name":"Home","item":"https:\/\/www.fint.is\/"},{"@type":"ListItem","position":2,"name":"Shop","item":"https:\/\/www.fint.is\/is\/shop\/"},{"@type":"ListItem","position":3,"name":"Barefoot shoes","item":"https:\/\/www.fint.is\/is\/product-category\/shoes\/"},{"@type":"ListItem","position":4,"name":"Be Lenka Nimbus &#8211; barefoot sk\u00f3r"}]},{"@type":"WebSite","@id":"https:\/\/www.fint.is\/is\/#website","url":"https:\/\/www.fint.is\/is\/","name":"F\u00ednt","description":"Barefoot sk\u00f3r, t\u00e1sokkar, og bur\u00f0arpokar","publisher":{"@id":"https:\/\/www.fint.is\/is\/#organization"},"alternateName":"f\u00ednt.is","potentialAction":[{"@type":"SearchAction","target":{"@type":"EntryPoint","urlTemplate":"https:\/\/www.fint.is\/is\/?s={search_term_string}"},"query-input":{"@type":"PropertyValueSpecification","valueRequired":true,"valueName":"search_term_string"}}],"inLanguage":"is"},{"@type":"Organization","@id":"https:\/\/www.fint.is\/is\/#organization","name":"F\u00ednt","alternateName":"Fint","url":"https:\/\/www.fint.is\/is\/","logo":{"@type":"ImageObject","inLanguage":"is","@id":"https:\/\/www.fint.is\/is\/#\/schema\/logo\/image\/","url":"https:\/\/www.fint.is\/wp-content\/uploads\/logo-colour-small-2.png","contentUrl":"https:\/\/www.fint.is\/wp-content\/uploads\/logo-colour-small-2.png","width":930,"height":711,"caption":"F\u00ednt"},"image":{"@id":"https:\/\/www.fint.is\/is\/#\/schema\/logo\/image\/"},"sameAs":["https:\/\/www.facebook.com\/100090983666893\/","https:\/\/www.instagram.com\/fint.verslun\/"]}]}},"_links":{"self":[{"href":"https:\/\/www.fint.is\/is\/wp-json\/wp\/v2\/product\/2406","targetHints":{"allow":["GET"]}}],"collection":[{"href":"https:\/\/www.fint.is\/is\/wp-json\/wp\/v2\/product"}],"about":[{"href":"https:\/\/www.fint.is\/is\/wp-json\/wp\/v2\/types\/product"}],"replies":[{"embeddable":true,"href":"https:\/\/www.fint.is\/is\/wp-json\/wp\/v2\/comments?post=2406"}],"wp:featuredmedia":[{"embeddable":true,"href":"https:\/\/www.fint.is\/is\/wp-json\/wp\/v2\/media\/2410"}],"wp:attachment":[{"href":"https:\/\/www.fint.is\/is\/wp-json\/wp\/v2\/media?parent=2406"}],"wp:term":[{"taxonomy":"product_brand","embeddable":true,"href":"https:\/\/www.fint.is\/is\/wp-json\/wp\/v2\/product_brand?post=2406"},{"taxonomy":"product_cat","embeddable":true,"href":"https:\/\/www.fint.is\/is\/wp-json\/wp\/v2\/product_cat?post=2406"},{"taxonomy":"product_tag","embeddable":true,"href":"https:\/\/www.fint.is\/is\/wp-json\/wp\/v2\/product_tag?post=2406"}],"curies":[{"name":"wp","href":"https:\/\/api.w.org\/{rel}","templated":true}]}}