{"id":2345,"date":"2024-09-05T13:45:32","date_gmt":"2024-09-05T13:45:32","guid":{"rendered":"https:\/\/www.fint.is\/?post_type=product&#038;p=2345"},"modified":"2026-02-26T17:02:33","modified_gmt":"2026-02-26T17:02:33","slug":"koel-dean","status":"publish","type":"product","link":"https:\/\/www.fint.is\/is\/product\/koel-dean\/","title":{"rendered":"Koel Dean &#8211; barefoot sk\u00f3r"},"content":{"rendered":"<p><strong>Hvernig hlj\u00f3ma kuldask\u00f3r fyrir minnstu f\u00e6turna, sem eru b\u00e6\u00f0i flottir og \u00fe\u00e6gilegir? <\/strong>Dean eru fallegir barefoot kuldask\u00f3r fyrir b\u00f6rn. A\u00f0 utan eru sk\u00f3rnir \u00far hydro le\u00f0ri, endingargott efni sem hrindir fr\u00e1 s\u00e9r vatni. A\u00f0 innan eru \u00feeir svo kl\u00e6ddir me\u00f0 ullartexf\u00f3\u00f0run, sem gerir \u00fe\u00e1 hl\u00fdja og \u00fe\u00e6gilega, fullkomnir \u00ed allskonar lei\u00f0angra \u00f3h\u00e1\u00f0 ve\u00f0ri. Tv\u00e6r \u00f3lar me\u00f0 fr\u00f6nskum rennil\u00e1s gera \u00fea\u00f0 au\u00f0velt fyrir b\u00f6rn a\u00f0 fara \u00ed og komast \u00far sk\u00f3num. N\u00fa geta \u00e6vint\u00fdrin hafist!<\/p>\n<div>\n<h3><span style=\"color: #993300;\">Efni:<\/span><\/h3>\n<ul class=\"ul1\">\n<li class=\"li3\">Efra yfirbor\u00f0: Hydro le\u00f0ur<\/li>\n<li class=\"li3\">F\u00f3\u00f0run: Ullartex<\/li>\n<li class=\"li3\">S\u00f3li: 100% n\u00e1tt\u00farulegt g\u00famm\u00ed<\/li>\n<li class=\"li3\">Inns\u00f3li: \u00dar endurunnu efni, h\u00e6gt a\u00f0 skipta \u00fat<\/li>\n<li class=\"li3\">Lokun: \u00d3lar me\u00f0 fr\u00f6nskum rennil\u00e1s<\/li>\n<li class=\"li3\">Flatur s\u00f3li: 0.5mm<\/li>\n<\/ul>\n<h3><span style=\"color: #993300;\">Barefoot eiginleikar:<\/span><\/h3>\n<ul>\n<li>V\u00edtt t\u00e1box<\/li>\n<li>Sveigjanlegur s\u00f3li<\/li>\n<li>Engin h\u00e6kkun fr\u00e1 h\u00e6l a\u00f0 t\u00e1, sty\u00f0ur vi\u00f0 g\u00f3\u00f0a l\u00edkamsst\u00f6\u00f0u<\/li>\n<li>L\u00e9ttir<\/li>\n<\/ul>\n<p><span style=\"color: #6b8332;\"><b><img loading=\"lazy\" decoding=\"async\" src=\"https:\/\/cdn.shopify.com\/s\/files\/1\/0577\/1067\/4091\/files\/FlatSolepng_480x480.png?v=1679079721\" alt=\"\" width=\"74\" height=\"74\" \/>\u00a0 \u00a0\u00a0\u00a0<img loading=\"lazy\" decoding=\"async\" src=\"https:\/\/cdn.shopify.com\/s\/files\/1\/0577\/1067\/4091\/files\/Comfortpng_480x480.png?v=1679079728\" alt=\"\" width=\"78\" height=\"78\" \/>\u00a0\u00a0 \u00a0<img loading=\"lazy\" decoding=\"async\" src=\"https:\/\/cdn.shopify.com\/s\/files\/1\/0577\/1067\/4091\/files\/AntiSlippng_480x480.png?v=1679080048\" alt=\"\" width=\"73\" height=\"73\" \/>\u00a0\u00a0\u00a0\u00a0<img loading=\"lazy\" decoding=\"async\" src=\"https:\/\/cdn.shopify.com\/s\/files\/1\/0577\/1067\/4091\/files\/Fit_Medium_png_480x480.png?v=1686665918\" alt=\"\" width=\"79\" height=\"78\" \/>\u00a0 \u00a0<img loading=\"lazy\" decoding=\"async\" src=\"https:\/\/cdn.shopify.com\/s\/files\/1\/0577\/1067\/4091\/files\/Lamb_Woolpng_480x480.png?v=1686665917\" alt=\"\" width=\"77\" height=\"77\" \/><\/b><\/span><\/p>\n<h3><span style=\"color: #993300;\">Umhir\u00f0a:<\/span><\/h3>\n<p class=\"p2\">Til \u00feess a\u00f0 fjarl\u00e6gja \u00f3hreinindi er best a\u00f0 \u00feurrka af sk\u00f3num me\u00f0 votum kl\u00fat. For\u00f0ist a\u00f0 nota ertandi hreinsiefni sem geta skemmt efnin. For\u00f0ist l\u00edka a\u00f0 geyma sk\u00f3na \u00e1 sta\u00f0 \u00fear sem \u00feeir hitna miki\u00f0, til a\u00f0 mynda vi\u00f0 ofn e\u00f0a \u00ed s\u00f3larlj\u00f3si, \u00fear sem \u00fea\u00f0 getur valdi\u00f0 efnisskemmdum.<\/p>\n<p><span style=\"color: #ffffff;\">barefoot sk\u00f3r<\/span><\/p>\n<\/div>","protected":false},"excerpt":{"rendered":"<p>Dean eru \u00fe\u00e6gilegir barefoot kuldask\u00f3r fyrir b\u00f6rn me\u00f0 skemmtilegum litum til a\u00f0 l\u00edfga upp \u00e1 tilveruna.<\/p>","protected":false},"featured_media":2351,"comment_status":"closed","ping_status":"closed","template":"","meta":[],"product_brand":[161],"product_cat":[35,40],"product_tag":[133,110,167,102],"class_list":{"0":"post-2345","1":"product","2":"type-product","3":"status-publish","4":"has-post-thumbnail","6":"product_brand-koel","7":"product_cat-shoes","8":"product_cat-children","9":"product_tag-barefoot-kuldaskor","10":"product_tag-koel-kids","11":"product_tag-winter","12":"product_tag-winter-shoe-kids","13":"product_shipping_class-kids-shoes","15":"first","16":"instock","17":"taxable","18":"shipping-taxable","19":"purchasable","20":"product-type-variable"},"yoast_head":"<!-- This site is optimized with the Yoast SEO plugin v27.5 - https:\/\/yoast.com\/product\/yoast-seo-wordpress\/ -->\n<title>Koel Dean - barefoot sk\u00f3r - F\u00ednt - Barefoot sk\u00f3r<\/title>\n<meta name=\"description\" content=\"Fallegir barefoot kuldask\u00f3r fyrir b\u00f6rn. Gefa f\u00f3tunum pl\u00e1ss til \u00feess a\u00f0 vaxa og \u00feroskast. Einfalt fyrir b\u00f6rn a\u00f0 fara \u00ed og \u00far sj\u00e1lf.\" \/>\n<meta name=\"robots\" content=\"index, follow, max-snippet:-1, max-image-preview:large, max-video-preview:-1\" \/>\n<link rel=\"canonical\" href=\"https:\/\/www.fint.is\/is\/product\/koel-dean\/\" \/>\n<meta property=\"og:locale\" content=\"is_IS\" \/>\n<meta property=\"og:type\" content=\"article\" \/>\n<meta property=\"og:title\" content=\"Koel Dean - barefoot sk\u00f3r - F\u00ednt - Barefoot sk\u00f3r\" \/>\n<meta property=\"og:description\" content=\"Fallegir barefoot kuldask\u00f3r fyrir b\u00f6rn. Gefa f\u00f3tunum pl\u00e1ss til \u00feess a\u00f0 vaxa og \u00feroskast. Einfalt fyrir b\u00f6rn a\u00f0 fara \u00ed og \u00far sj\u00e1lf.\" \/>\n<meta property=\"og:url\" content=\"https:\/\/www.fint.is\/is\/product\/koel-dean\/\" \/>\n<meta property=\"og:site_name\" content=\"F\u00ednt\" \/>\n<meta property=\"article:publisher\" content=\"https:\/\/www.facebook.com\/100090983666893\/\" \/>\n<meta property=\"article:modified_time\" content=\"2026-02-26T17:02:33+00:00\" \/>\n<meta property=\"og:image\" content=\"https:\/\/www.fint.is\/wp-content\/uploads\/07T024.232-400_2.jpg.webp\" \/>\n\t<meta property=\"og:image:width\" content=\"600\" \/>\n\t<meta property=\"og:image:height\" content=\"600\" \/>\n\t<meta property=\"og:image:type\" content=\"image\/webp\" \/>\n<script type=\"application\/ld+json\" class=\"yoast-schema-graph\">{\"@context\":\"https:\\\/\\\/schema.org\",\"@graph\":[{\"@type\":\"WebPage\",\"@id\":\"https:\\\/\\\/www.fint.is\\\/product\\\/koel-dean\\\/\",\"url\":\"https:\\\/\\\/www.fint.is\\\/product\\\/koel-dean\\\/\",\"name\":\"Koel Dean - barefoot sk\u00f3r - F\u00ednt - Barefoot sk\u00f3r\",\"isPartOf\":{\"@id\":\"https:\\\/\\\/www.fint.is\\\/is\\\/#website\"},\"primaryImageOfPage\":{\"@id\":\"https:\\\/\\\/www.fint.is\\\/product\\\/koel-dean\\\/#primaryimage\"},\"image\":{\"@id\":\"https:\\\/\\\/www.fint.is\\\/product\\\/koel-dean\\\/#primaryimage\"},\"thumbnailUrl\":\"https:\\\/\\\/www.fint.is\\\/wp-content\\\/uploads\\\/07T024.232-400_2.jpg.webp\",\"datePublished\":\"2024-09-05T13:45:32+00:00\",\"dateModified\":\"2026-02-26T17:02:33+00:00\",\"description\":\"Fallegir barefoot kuldask\u00f3r fyrir b\u00f6rn. Gefa f\u00f3tunum pl\u00e1ss til \u00feess a\u00f0 vaxa og \u00feroskast. Einfalt fyrir b\u00f6rn a\u00f0 fara \u00ed og \u00far sj\u00e1lf.\",\"breadcrumb\":{\"@id\":\"https:\\\/\\\/www.fint.is\\\/product\\\/koel-dean\\\/#breadcrumb\"},\"inLanguage\":\"is\",\"potentialAction\":[{\"@type\":\"ReadAction\",\"target\":[\"https:\\\/\\\/www.fint.is\\\/product\\\/koel-dean\\\/\"]}]},{\"@type\":\"ImageObject\",\"inLanguage\":\"is\",\"@id\":\"https:\\\/\\\/www.fint.is\\\/product\\\/koel-dean\\\/#primaryimage\",\"url\":\"https:\\\/\\\/www.fint.is\\\/wp-content\\\/uploads\\\/07T024.232-400_2.jpg.webp\",\"contentUrl\":\"https:\\\/\\\/www.fint.is\\\/wp-content\\\/uploads\\\/07T024.232-400_2.jpg.webp\",\"width\":600,\"height\":600},{\"@type\":\"BreadcrumbList\",\"@id\":\"https:\\\/\\\/www.fint.is\\\/product\\\/koel-dean\\\/#breadcrumb\",\"itemListElement\":[{\"@type\":\"ListItem\",\"position\":1,\"name\":\"Home\",\"item\":\"https:\\\/\\\/www.fint.is\\\/\"},{\"@type\":\"ListItem\",\"position\":2,\"name\":\"Shop\",\"item\":\"https:\\\/\\\/www.fint.is\\\/is\\\/shop\\\/\"},{\"@type\":\"ListItem\",\"position\":3,\"name\":\"Barefoot shoes\",\"item\":\"https:\\\/\\\/www.fint.is\\\/is\\\/product-category\\\/shoes\\\/\"},{\"@type\":\"ListItem\",\"position\":4,\"name\":\"Koel Dean &#8211; barefoot sk\u00f3r\"}]},{\"@type\":\"WebSite\",\"@id\":\"https:\\\/\\\/www.fint.is\\\/is\\\/#website\",\"url\":\"https:\\\/\\\/www.fint.is\\\/is\\\/\",\"name\":\"F\u00ednt\",\"description\":\"Barefoot sk\u00f3r, t\u00e1susokkar, og bur\u00f0arpokar\",\"publisher\":{\"@id\":\"https:\\\/\\\/www.fint.is\\\/is\\\/#organization\"},\"alternateName\":\"f\u00ednt.is\",\"potentialAction\":[{\"@type\":\"SearchAction\",\"target\":{\"@type\":\"EntryPoint\",\"urlTemplate\":\"https:\\\/\\\/www.fint.is\\\/is\\\/?s={search_term_string}\"},\"query-input\":{\"@type\":\"PropertyValueSpecification\",\"valueRequired\":true,\"valueName\":\"search_term_string\"}}],\"inLanguage\":\"is\"},{\"@type\":\"Organization\",\"@id\":\"https:\\\/\\\/www.fint.is\\\/is\\\/#organization\",\"name\":\"F\u00ednt\",\"alternateName\":\"Fint\",\"url\":\"https:\\\/\\\/www.fint.is\\\/is\\\/\",\"logo\":{\"@type\":\"ImageObject\",\"inLanguage\":\"is\",\"@id\":\"https:\\\/\\\/www.fint.is\\\/is\\\/#\\\/schema\\\/logo\\\/image\\\/\",\"url\":\"https:\\\/\\\/www.fint.is\\\/wp-content\\\/uploads\\\/logo-colour-small-2.png\",\"contentUrl\":\"https:\\\/\\\/www.fint.is\\\/wp-content\\\/uploads\\\/logo-colour-small-2.png\",\"width\":930,\"height\":711,\"caption\":\"F\u00ednt\"},\"image\":{\"@id\":\"https:\\\/\\\/www.fint.is\\\/is\\\/#\\\/schema\\\/logo\\\/image\\\/\"},\"sameAs\":[\"https:\\\/\\\/www.facebook.com\\\/100090983666893\\\/\",\"https:\\\/\\\/www.instagram.com\\\/fint.verslun\\\/\"]}]}<\/script>\n<!-- \/ Yoast SEO plugin. -->","yoast_head_json":{"title":"Koel Dean - barefoot sk\u00f3r - F\u00ednt - Barefoot sk\u00f3r","description":"Fallegir barefoot kuldask\u00f3r fyrir b\u00f6rn. Gefa f\u00f3tunum pl\u00e1ss til \u00feess a\u00f0 vaxa og \u00feroskast. Einfalt fyrir b\u00f6rn a\u00f0 fara \u00ed og \u00far sj\u00e1lf.","robots":{"index":"index","follow":"follow","max-snippet":"max-snippet:-1","max-image-preview":"max-image-preview:large","max-video-preview":"max-video-preview:-1"},"canonical":"https:\/\/www.fint.is\/is\/product\/koel-dean\/","og_locale":"is_IS","og_type":"article","og_title":"Koel Dean - barefoot sk\u00f3r - F\u00ednt - Barefoot sk\u00f3r","og_description":"Fallegir barefoot kuldask\u00f3r fyrir b\u00f6rn. Gefa f\u00f3tunum pl\u00e1ss til \u00feess a\u00f0 vaxa og \u00feroskast. Einfalt fyrir b\u00f6rn a\u00f0 fara \u00ed og \u00far sj\u00e1lf.","og_url":"https:\/\/www.fint.is\/is\/product\/koel-dean\/","og_site_name":"F\u00ednt","article_publisher":"https:\/\/www.facebook.com\/100090983666893\/","article_modified_time":"2026-02-26T17:02:33+00:00","og_image":[{"width":600,"height":600,"url":"https:\/\/www.fint.is\/wp-content\/uploads\/07T024.232-400_2.jpg.webp","type":"image\/webp"}],"schema":{"@context":"https:\/\/schema.org","@graph":[{"@type":"WebPage","@id":"https:\/\/www.fint.is\/product\/koel-dean\/","url":"https:\/\/www.fint.is\/product\/koel-dean\/","name":"Koel Dean - barefoot sk\u00f3r - F\u00ednt - Barefoot sk\u00f3r","isPartOf":{"@id":"https:\/\/www.fint.is\/is\/#website"},"primaryImageOfPage":{"@id":"https:\/\/www.fint.is\/product\/koel-dean\/#primaryimage"},"image":{"@id":"https:\/\/www.fint.is\/product\/koel-dean\/#primaryimage"},"thumbnailUrl":"https:\/\/www.fint.is\/wp-content\/uploads\/07T024.232-400_2.jpg.webp","datePublished":"2024-09-05T13:45:32+00:00","dateModified":"2026-02-26T17:02:33+00:00","description":"Fallegir barefoot kuldask\u00f3r fyrir b\u00f6rn. Gefa f\u00f3tunum pl\u00e1ss til \u00feess a\u00f0 vaxa og \u00feroskast. Einfalt fyrir b\u00f6rn a\u00f0 fara \u00ed og \u00far sj\u00e1lf.","breadcrumb":{"@id":"https:\/\/www.fint.is\/product\/koel-dean\/#breadcrumb"},"inLanguage":"is","potentialAction":[{"@type":"ReadAction","target":["https:\/\/www.fint.is\/product\/koel-dean\/"]}]},{"@type":"ImageObject","inLanguage":"is","@id":"https:\/\/www.fint.is\/product\/koel-dean\/#primaryimage","url":"https:\/\/www.fint.is\/wp-content\/uploads\/07T024.232-400_2.jpg.webp","contentUrl":"https:\/\/www.fint.is\/wp-content\/uploads\/07T024.232-400_2.jpg.webp","width":600,"height":600},{"@type":"BreadcrumbList","@id":"https:\/\/www.fint.is\/product\/koel-dean\/#breadcrumb","itemListElement":[{"@type":"ListItem","position":1,"name":"Home","item":"https:\/\/www.fint.is\/"},{"@type":"ListItem","position":2,"name":"Shop","item":"https:\/\/www.fint.is\/is\/shop\/"},{"@type":"ListItem","position":3,"name":"Barefoot shoes","item":"https:\/\/www.fint.is\/is\/product-category\/shoes\/"},{"@type":"ListItem","position":4,"name":"Koel Dean &#8211; barefoot sk\u00f3r"}]},{"@type":"WebSite","@id":"https:\/\/www.fint.is\/is\/#website","url":"https:\/\/www.fint.is\/is\/","name":"F\u00ednt","description":"Barefoot sk\u00f3r, t\u00e1sokkar, og bur\u00f0arpokar","publisher":{"@id":"https:\/\/www.fint.is\/is\/#organization"},"alternateName":"f\u00ednt.is","potentialAction":[{"@type":"SearchAction","target":{"@type":"EntryPoint","urlTemplate":"https:\/\/www.fint.is\/is\/?s={search_term_string}"},"query-input":{"@type":"PropertyValueSpecification","valueRequired":true,"valueName":"search_term_string"}}],"inLanguage":"is"},{"@type":"Organization","@id":"https:\/\/www.fint.is\/is\/#organization","name":"F\u00ednt","alternateName":"Fint","url":"https:\/\/www.fint.is\/is\/","logo":{"@type":"ImageObject","inLanguage":"is","@id":"https:\/\/www.fint.is\/is\/#\/schema\/logo\/image\/","url":"https:\/\/www.fint.is\/wp-content\/uploads\/logo-colour-small-2.png","contentUrl":"https:\/\/www.fint.is\/wp-content\/uploads\/logo-colour-small-2.png","width":930,"height":711,"caption":"F\u00ednt"},"image":{"@id":"https:\/\/www.fint.is\/is\/#\/schema\/logo\/image\/"},"sameAs":["https:\/\/www.facebook.com\/100090983666893\/","https:\/\/www.instagram.com\/fint.verslun\/"]}]}},"_links":{"self":[{"href":"https:\/\/www.fint.is\/is\/wp-json\/wp\/v2\/product\/2345","targetHints":{"allow":["GET"]}}],"collection":[{"href":"https:\/\/www.fint.is\/is\/wp-json\/wp\/v2\/product"}],"about":[{"href":"https:\/\/www.fint.is\/is\/wp-json\/wp\/v2\/types\/product"}],"replies":[{"embeddable":true,"href":"https:\/\/www.fint.is\/is\/wp-json\/wp\/v2\/comments?post=2345"}],"wp:featuredmedia":[{"embeddable":true,"href":"https:\/\/www.fint.is\/is\/wp-json\/wp\/v2\/media\/2351"}],"wp:attachment":[{"href":"https:\/\/www.fint.is\/is\/wp-json\/wp\/v2\/media?parent=2345"}],"wp:term":[{"taxonomy":"product_brand","embeddable":true,"href":"https:\/\/www.fint.is\/is\/wp-json\/wp\/v2\/product_brand?post=2345"},{"taxonomy":"product_cat","embeddable":true,"href":"https:\/\/www.fint.is\/is\/wp-json\/wp\/v2\/product_cat?post=2345"},{"taxonomy":"product_tag","embeddable":true,"href":"https:\/\/www.fint.is\/is\/wp-json\/wp\/v2\/product_tag?post=2345"}],"curies":[{"name":"wp","href":"https:\/\/api.w.org\/{rel}","templated":true}]}}