{"id":2236,"date":"2024-08-29T15:58:50","date_gmt":"2024-08-29T15:58:50","guid":{"rendered":"https:\/\/www.fint.is\/?post_type=product&#038;p=2236"},"modified":"2026-02-26T17:02:34","modified_gmt":"2026-02-26T17:02:34","slug":"koel-emil","status":"publish","type":"product","link":"https:\/\/www.fint.is\/is\/product\/koel-emil\/","title":{"rendered":"Koel Emil &#8211; barefoot sk\u00f3r"},"content":{"rendered":"<p><strong>Krakkar eiga a\u00f0 geta leiki\u00f0 s\u00e9r \u00fati \u00ed \u00fe\u00e6gilegum sk\u00f3m allt \u00e1ri\u00f0 um kring!<\/strong> Emil fr\u00e1 Koel eru fr\u00e1b\u00e6rir kuldask\u00f3r fyrir krakka, f\u00f3\u00f0ra\u00f0ir me\u00f0 ull sem heldur f\u00f3tunum hl\u00fdjum og kl\u00e6ddir me\u00f0 Tex-himnu sem heldur \u00feeim \u00feurrum. \u00dea\u00f0 er au\u00f0velt fyrir b\u00f6rn a\u00f0 fara \u00ed og \u00far sk\u00f3num sj\u00e1lf, \u00fear sem \u00feeir eru me\u00f0 franskan rennil\u00e1s. S\u00f3linn er v\u00ed\u00f0ur og sveigjanlegur og hentar \u00feannig vel hvort sem er til a\u00f0 leika s\u00e9r, hlaupa, labba e\u00f0a klifra. \u00deessir sk\u00f3r eru fr\u00e1b\u00e6r lei\u00f0 til \u00feess a\u00f0 hj\u00e1lpa barninu \u00fe\u00ednu a\u00f0 nj\u00f3ta \u00feess a\u00f0 vera \u00fati vi\u00f0 \u00edslenskar vetrara\u00f0st\u00e6\u00f0ur.<\/p>\n<div>\n<h3><span style=\"color: #993300;\">Efni:<\/span><\/h3>\n<ul>\n<li>Efra lag: Nappa le\u00f0ur<\/li>\n<li>F\u00f3\u00f0run: Ull<\/li>\n<li>Inns\u00f3li: \u00dar endurunnu efni (h\u00e6gt a\u00f0 fjarl\u00e6gja)<\/li>\n<li>S\u00f3li: G\u00famm\u00ed, me\u00f0 skri\u00f0v\u00f6rn (Bernardino)<\/li>\n<\/ul>\n<h3><span style=\"color: #993300;\">Barefoot eiginleikar:<\/span><\/h3>\n<ul>\n<li>V\u00edtt t\u00e1box<\/li>\n<li>Sveigjanlegur s\u00f3li<\/li>\n<li>Engin h\u00e6kkun fr\u00e1 h\u00e6l a\u00f0 t\u00e1, sty\u00f0ur vi\u00f0 g\u00f3\u00f0a l\u00edkamsst\u00f6\u00f0u<\/li>\n<li>L\u00e9ttir<\/li>\n<\/ul>\n<\/div>","protected":false},"excerpt":{"rendered":"<p>Kuldask\u00f3r sem hj\u00e1lpa barninu \u00fe\u00edn a\u00f0 leika s\u00e9r, hlaupa, labba e\u00f0a klifra, \u00f3h\u00e1\u00f0 ve\u00f0ri<\/p>","protected":false},"featured_media":2326,"comment_status":"closed","ping_status":"closed","template":"","meta":[],"product_brand":[161],"product_cat":[35,40],"product_tag":[133,110,167,102],"class_list":{"0":"post-2236","1":"product","2":"type-product","3":"status-publish","4":"has-post-thumbnail","6":"product_brand-koel","7":"product_cat-shoes","8":"product_cat-children","9":"product_tag-barefoot-kuldaskor","10":"product_tag-koel-kids","11":"product_tag-winter","12":"product_tag-winter-shoe-kids","13":"product_shipping_class-kids-shoes","15":"first","16":"instock","17":"taxable","18":"shipping-taxable","19":"purchasable","20":"product-type-variable"},"yoast_head":"<!-- This site is optimized with the Yoast SEO plugin v27.5 - https:\/\/yoast.com\/product\/yoast-seo-wordpress\/ -->\n<title>Koel Emil - barefoot sk\u00f3r - F\u00ednt - Barefoot sk\u00f3r<\/title>\n<meta name=\"description\" content=\"Barefoot kuldask\u00f3r fyrir b\u00f6rn. F\u00f3\u00f0ra\u00f0ir a\u00f0 innan me\u00f0 ull. Hrinda fr\u00e1 s\u00e9r vatni. Me\u00f0 fr\u00f6nskum rennil\u00e1s.\" \/>\n<meta name=\"robots\" content=\"index, follow, max-snippet:-1, max-image-preview:large, max-video-preview:-1\" \/>\n<link rel=\"canonical\" href=\"https:\/\/www.fint.is\/is\/product\/koel-emil\/\" \/>\n<meta property=\"og:locale\" content=\"is_IS\" \/>\n<meta property=\"og:type\" content=\"article\" \/>\n<meta property=\"og:title\" content=\"Koel Emil - barefoot sk\u00f3r - F\u00ednt - Barefoot sk\u00f3r\" \/>\n<meta property=\"og:description\" content=\"Barefoot kuldask\u00f3r fyrir b\u00f6rn. F\u00f3\u00f0ra\u00f0ir a\u00f0 innan me\u00f0 ull. Hrinda fr\u00e1 s\u00e9r vatni. Me\u00f0 fr\u00f6nskum rennil\u00e1s.\" \/>\n<meta property=\"og:url\" content=\"https:\/\/www.fint.is\/is\/product\/koel-emil\/\" \/>\n<meta property=\"og:site_name\" content=\"F\u00ednt\" \/>\n<meta property=\"article:publisher\" content=\"https:\/\/www.facebook.com\/100090983666893\/\" \/>\n<meta property=\"article:modified_time\" content=\"2026-02-26T17:02:34+00:00\" \/>\n<meta property=\"og:image\" content=\"https:\/\/www.fint.is\/wp-content\/uploads\/DSC0762-copy-scaled.jpg\" \/>\n\t<meta property=\"og:image:width\" content=\"2560\" \/>\n\t<meta property=\"og:image:height\" content=\"2015\" \/>\n\t<meta property=\"og:image:type\" content=\"image\/jpeg\" \/>\n<script type=\"application\/ld+json\" class=\"yoast-schema-graph\">{\"@context\":\"https:\\\/\\\/schema.org\",\"@graph\":[{\"@type\":\"WebPage\",\"@id\":\"https:\\\/\\\/www.fint.is\\\/product\\\/koel-emil\\\/\",\"url\":\"https:\\\/\\\/www.fint.is\\\/product\\\/koel-emil\\\/\",\"name\":\"Koel Emil - barefoot sk\u00f3r - F\u00ednt - Barefoot sk\u00f3r\",\"isPartOf\":{\"@id\":\"https:\\\/\\\/www.fint.is\\\/is\\\/#website\"},\"primaryImageOfPage\":{\"@id\":\"https:\\\/\\\/www.fint.is\\\/product\\\/koel-emil\\\/#primaryimage\"},\"image\":{\"@id\":\"https:\\\/\\\/www.fint.is\\\/product\\\/koel-emil\\\/#primaryimage\"},\"thumbnailUrl\":\"https:\\\/\\\/www.fint.is\\\/wp-content\\\/uploads\\\/DSC0762-copy-scaled.jpg\",\"datePublished\":\"2024-08-29T15:58:50+00:00\",\"dateModified\":\"2026-02-26T17:02:34+00:00\",\"description\":\"Barefoot kuldask\u00f3r fyrir b\u00f6rn. F\u00f3\u00f0ra\u00f0ir a\u00f0 innan me\u00f0 ull. Hrinda fr\u00e1 s\u00e9r vatni. Me\u00f0 fr\u00f6nskum rennil\u00e1s.\",\"breadcrumb\":{\"@id\":\"https:\\\/\\\/www.fint.is\\\/product\\\/koel-emil\\\/#breadcrumb\"},\"inLanguage\":\"is\",\"potentialAction\":[{\"@type\":\"ReadAction\",\"target\":[\"https:\\\/\\\/www.fint.is\\\/product\\\/koel-emil\\\/\"]}]},{\"@type\":\"ImageObject\",\"inLanguage\":\"is\",\"@id\":\"https:\\\/\\\/www.fint.is\\\/product\\\/koel-emil\\\/#primaryimage\",\"url\":\"https:\\\/\\\/www.fint.is\\\/wp-content\\\/uploads\\\/DSC0762-copy-scaled.jpg\",\"contentUrl\":\"https:\\\/\\\/www.fint.is\\\/wp-content\\\/uploads\\\/DSC0762-copy-scaled.jpg\",\"width\":2560,\"height\":2015},{\"@type\":\"BreadcrumbList\",\"@id\":\"https:\\\/\\\/www.fint.is\\\/product\\\/koel-emil\\\/#breadcrumb\",\"itemListElement\":[{\"@type\":\"ListItem\",\"position\":1,\"name\":\"Home\",\"item\":\"https:\\\/\\\/www.fint.is\\\/\"},{\"@type\":\"ListItem\",\"position\":2,\"name\":\"Shop\",\"item\":\"https:\\\/\\\/www.fint.is\\\/is\\\/shop\\\/\"},{\"@type\":\"ListItem\",\"position\":3,\"name\":\"Barefoot shoes\",\"item\":\"https:\\\/\\\/www.fint.is\\\/is\\\/product-category\\\/shoes\\\/\"},{\"@type\":\"ListItem\",\"position\":4,\"name\":\"Koel Emil &#8211; barefoot sk\u00f3r\"}]},{\"@type\":\"WebSite\",\"@id\":\"https:\\\/\\\/www.fint.is\\\/is\\\/#website\",\"url\":\"https:\\\/\\\/www.fint.is\\\/is\\\/\",\"name\":\"F\u00ednt\",\"description\":\"Barefoot sk\u00f3r, t\u00e1susokkar, og bur\u00f0arpokar\",\"publisher\":{\"@id\":\"https:\\\/\\\/www.fint.is\\\/is\\\/#organization\"},\"alternateName\":\"f\u00ednt.is\",\"potentialAction\":[{\"@type\":\"SearchAction\",\"target\":{\"@type\":\"EntryPoint\",\"urlTemplate\":\"https:\\\/\\\/www.fint.is\\\/is\\\/?s={search_term_string}\"},\"query-input\":{\"@type\":\"PropertyValueSpecification\",\"valueRequired\":true,\"valueName\":\"search_term_string\"}}],\"inLanguage\":\"is\"},{\"@type\":\"Organization\",\"@id\":\"https:\\\/\\\/www.fint.is\\\/is\\\/#organization\",\"name\":\"F\u00ednt\",\"alternateName\":\"Fint\",\"url\":\"https:\\\/\\\/www.fint.is\\\/is\\\/\",\"logo\":{\"@type\":\"ImageObject\",\"inLanguage\":\"is\",\"@id\":\"https:\\\/\\\/www.fint.is\\\/is\\\/#\\\/schema\\\/logo\\\/image\\\/\",\"url\":\"https:\\\/\\\/www.fint.is\\\/wp-content\\\/uploads\\\/logo-colour-small-2.png\",\"contentUrl\":\"https:\\\/\\\/www.fint.is\\\/wp-content\\\/uploads\\\/logo-colour-small-2.png\",\"width\":930,\"height\":711,\"caption\":\"F\u00ednt\"},\"image\":{\"@id\":\"https:\\\/\\\/www.fint.is\\\/is\\\/#\\\/schema\\\/logo\\\/image\\\/\"},\"sameAs\":[\"https:\\\/\\\/www.facebook.com\\\/100090983666893\\\/\",\"https:\\\/\\\/www.instagram.com\\\/fint.verslun\\\/\"]}]}<\/script>\n<!-- \/ Yoast SEO plugin. -->","yoast_head_json":{"title":"Koel Emil - barefoot sk\u00f3r - F\u00ednt - Barefoot sk\u00f3r","description":"Barefoot kuldask\u00f3r fyrir b\u00f6rn. F\u00f3\u00f0ra\u00f0ir a\u00f0 innan me\u00f0 ull. Hrinda fr\u00e1 s\u00e9r vatni. Me\u00f0 fr\u00f6nskum rennil\u00e1s.","robots":{"index":"index","follow":"follow","max-snippet":"max-snippet:-1","max-image-preview":"max-image-preview:large","max-video-preview":"max-video-preview:-1"},"canonical":"https:\/\/www.fint.is\/is\/product\/koel-emil\/","og_locale":"is_IS","og_type":"article","og_title":"Koel Emil - barefoot sk\u00f3r - F\u00ednt - Barefoot sk\u00f3r","og_description":"Barefoot kuldask\u00f3r fyrir b\u00f6rn. F\u00f3\u00f0ra\u00f0ir a\u00f0 innan me\u00f0 ull. Hrinda fr\u00e1 s\u00e9r vatni. Me\u00f0 fr\u00f6nskum rennil\u00e1s.","og_url":"https:\/\/www.fint.is\/is\/product\/koel-emil\/","og_site_name":"F\u00ednt","article_publisher":"https:\/\/www.facebook.com\/100090983666893\/","article_modified_time":"2026-02-26T17:02:34+00:00","og_image":[{"width":2560,"height":2015,"url":"https:\/\/www.fint.is\/wp-content\/uploads\/DSC0762-copy-scaled.jpg","type":"image\/jpeg"}],"schema":{"@context":"https:\/\/schema.org","@graph":[{"@type":"WebPage","@id":"https:\/\/www.fint.is\/product\/koel-emil\/","url":"https:\/\/www.fint.is\/product\/koel-emil\/","name":"Koel Emil - barefoot sk\u00f3r - F\u00ednt - Barefoot sk\u00f3r","isPartOf":{"@id":"https:\/\/www.fint.is\/is\/#website"},"primaryImageOfPage":{"@id":"https:\/\/www.fint.is\/product\/koel-emil\/#primaryimage"},"image":{"@id":"https:\/\/www.fint.is\/product\/koel-emil\/#primaryimage"},"thumbnailUrl":"https:\/\/www.fint.is\/wp-content\/uploads\/DSC0762-copy-scaled.jpg","datePublished":"2024-08-29T15:58:50+00:00","dateModified":"2026-02-26T17:02:34+00:00","description":"Barefoot kuldask\u00f3r fyrir b\u00f6rn. F\u00f3\u00f0ra\u00f0ir a\u00f0 innan me\u00f0 ull. Hrinda fr\u00e1 s\u00e9r vatni. Me\u00f0 fr\u00f6nskum rennil\u00e1s.","breadcrumb":{"@id":"https:\/\/www.fint.is\/product\/koel-emil\/#breadcrumb"},"inLanguage":"is","potentialAction":[{"@type":"ReadAction","target":["https:\/\/www.fint.is\/product\/koel-emil\/"]}]},{"@type":"ImageObject","inLanguage":"is","@id":"https:\/\/www.fint.is\/product\/koel-emil\/#primaryimage","url":"https:\/\/www.fint.is\/wp-content\/uploads\/DSC0762-copy-scaled.jpg","contentUrl":"https:\/\/www.fint.is\/wp-content\/uploads\/DSC0762-copy-scaled.jpg","width":2560,"height":2015},{"@type":"BreadcrumbList","@id":"https:\/\/www.fint.is\/product\/koel-emil\/#breadcrumb","itemListElement":[{"@type":"ListItem","position":1,"name":"Home","item":"https:\/\/www.fint.is\/"},{"@type":"ListItem","position":2,"name":"Shop","item":"https:\/\/www.fint.is\/is\/shop\/"},{"@type":"ListItem","position":3,"name":"Barefoot shoes","item":"https:\/\/www.fint.is\/is\/product-category\/shoes\/"},{"@type":"ListItem","position":4,"name":"Koel Emil &#8211; barefoot sk\u00f3r"}]},{"@type":"WebSite","@id":"https:\/\/www.fint.is\/is\/#website","url":"https:\/\/www.fint.is\/is\/","name":"F\u00ednt","description":"Barefoot sk\u00f3r, t\u00e1sokkar, og bur\u00f0arpokar","publisher":{"@id":"https:\/\/www.fint.is\/is\/#organization"},"alternateName":"f\u00ednt.is","potentialAction":[{"@type":"SearchAction","target":{"@type":"EntryPoint","urlTemplate":"https:\/\/www.fint.is\/is\/?s={search_term_string}"},"query-input":{"@type":"PropertyValueSpecification","valueRequired":true,"valueName":"search_term_string"}}],"inLanguage":"is"},{"@type":"Organization","@id":"https:\/\/www.fint.is\/is\/#organization","name":"F\u00ednt","alternateName":"Fint","url":"https:\/\/www.fint.is\/is\/","logo":{"@type":"ImageObject","inLanguage":"is","@id":"https:\/\/www.fint.is\/is\/#\/schema\/logo\/image\/","url":"https:\/\/www.fint.is\/wp-content\/uploads\/logo-colour-small-2.png","contentUrl":"https:\/\/www.fint.is\/wp-content\/uploads\/logo-colour-small-2.png","width":930,"height":711,"caption":"F\u00ednt"},"image":{"@id":"https:\/\/www.fint.is\/is\/#\/schema\/logo\/image\/"},"sameAs":["https:\/\/www.facebook.com\/100090983666893\/","https:\/\/www.instagram.com\/fint.verslun\/"]}]}},"_links":{"self":[{"href":"https:\/\/www.fint.is\/is\/wp-json\/wp\/v2\/product\/2236","targetHints":{"allow":["GET"]}}],"collection":[{"href":"https:\/\/www.fint.is\/is\/wp-json\/wp\/v2\/product"}],"about":[{"href":"https:\/\/www.fint.is\/is\/wp-json\/wp\/v2\/types\/product"}],"replies":[{"embeddable":true,"href":"https:\/\/www.fint.is\/is\/wp-json\/wp\/v2\/comments?post=2236"}],"wp:featuredmedia":[{"embeddable":true,"href":"https:\/\/www.fint.is\/is\/wp-json\/wp\/v2\/media\/2326"}],"wp:attachment":[{"href":"https:\/\/www.fint.is\/is\/wp-json\/wp\/v2\/media?parent=2236"}],"wp:term":[{"taxonomy":"product_brand","embeddable":true,"href":"https:\/\/www.fint.is\/is\/wp-json\/wp\/v2\/product_brand?post=2236"},{"taxonomy":"product_cat","embeddable":true,"href":"https:\/\/www.fint.is\/is\/wp-json\/wp\/v2\/product_cat?post=2236"},{"taxonomy":"product_tag","embeddable":true,"href":"https:\/\/www.fint.is\/is\/wp-json\/wp\/v2\/product_tag?post=2236"}],"curies":[{"name":"wp","href":"https:\/\/api.w.org\/{rel}","templated":true}]}}