{"id":2118,"date":"2024-07-14T14:40:56","date_gmt":"2024-07-14T14:40:56","guid":{"rendered":"https:\/\/www.fint.is\/?post_type=product&#038;p=2118"},"modified":"2026-02-26T17:02:34","modified_gmt":"2026-02-26T17:02:34","slug":"didymos-didyclick-rent","status":"publish","type":"product","link":"https:\/\/www.fint.is\/is\/product\/didymos-didyclick-rent\/","title":{"rendered":"[RENTAL] Didymos DidyClick &#8211; bur\u00f0arpoki"},"content":{"rendered":"<p><strong><em>A one time administration and maintenance fee of 1500 ISK is added to the price for the rental period.\u00a0<\/em><\/strong><\/p>\n<p>Bur\u00f0arpoki sem er b\u00e6\u00f0i \u00fe\u00e6gilegur og einfaldur. DidyClick er sauma\u00f0ur \u00far s\u00f6mu v\u00f6ndu\u00f0u efnunum og bur\u00f0arsj\u00f6lin fr\u00e1 Didymos, sty\u00f0ur vel vi\u00f0 barni\u00f0 og b\u00fd\u00f0ur upp \u00e1 m\u00f6guleika til \u00feess a\u00f0 bera barni\u00f0 \u00e1 marga \u00f3l\u00edka vegu. \u00dea\u00f0 \u00fearf ekki a\u00f0 stilla \u00f3larnar upp \u00e1 n\u00fdtt \u00feegar mismunandi a\u00f0ilar nota pokann, vegna \u00feess a\u00f0 pokinn er a\u00f0 hluta til hn\u00fdttur saman.<\/p>\n<p>DidyClick Monochrome er me\u00f0 graf\u00edsku mynstri \u00ed s\u00edgildum litum sem v\u00edxlast \u00e1 bakhli\u00f0inni.<br \/>\nDidyClick Leopard er me\u00f0 fallegu hl\u00e9bar\u00f0amynstri sem  v\u00edxlast \u00e1 bakhli\u00f0inni.<\/p>\n<p>Efni\u00f0 er ofi\u00f0 \u00far l\u00edfr\u00e6nni b\u00f3mull og er me\u00f0al\u00feungt, mj\u00fakt og au\u00f0velt a\u00f0 m\u00f3ta. \u00dea\u00f0 teygist \u00e1 \u00fev\u00ed horn \u00ed horn, l\u00edkt og \u00f6nnur efni fr\u00e1 Didymos, og er einfalt a\u00f0 laga a\u00f0 \u00f3l\u00edkum \u00fe\u00f6rfum og bur\u00f0ara\u00f0fer\u00f0um. Fj\u00f6lh\u00e6fur bur\u00f0arpoki sem hentar til \u00feess a\u00f0 bera b\u00f6rn \u00e1 \u00f6llum aldri.<\/p>\n<h3>Efni og eiginleikar<\/h3>\n<p><b>Aldur barns: <\/b>Fr\u00e1 f\u00e6\u00f0ingu<\/p>\n<p><em>Metro Monochrome<\/em><br \/>\n<b>Litur <\/b>Antras\u00edt, hr\u00e1r hv\u00edtur<br \/>\n<b>Efni: <\/b>100% l\u00edfr\u00e6n b\u00f3mull<br \/>\n<b>Yfirbor\u00f0s\u00feyngd <\/b>210 g\/m\u00b2<\/p>\n<p><em>Leopard<\/em><b><br \/>\nLitur <\/b>Antras\u00edt, sandur, \u00f3lita\u00f0<br \/>\n<b>Efni: <\/b>100% l\u00edfr\u00e6n b\u00f3mull<br \/>\n<b>Yfirbor\u00f0s\u00feyngd <\/b>240 g\/m\u00b2<\/p>\n<p>&nbsp;<\/p>\n<p><span style=\"color: #f0f0f0;\">magapoki, bur\u00f0arpoki, bur\u00f0arsjal<\/span><\/p>","protected":false},"excerpt":{"rendered":"<p>Einfaldir og \u00fe\u00e6gilegir bur\u00f0arpokar fr\u00e1 Didymos til leigu.<\/p>","protected":false},"featured_media":2125,"comment_status":"closed","ping_status":"closed","template":"","meta":[],"product_brand":[163],"product_cat":[147],"product_tag":[144,131,98,143,145,141],"class_list":{"0":"post-2118","1":"product","2":"type-product","3":"status-publish","4":"has-post-thumbnail","6":"product_brand-didymos","7":"product_cat-carriers-for-rent","8":"product_tag-baby","9":"product_tag-carrier","10":"product_tag-didymos","11":"product_tag-half-buckle","12":"product_tag-rent","13":"product_tag-toddler","14":"bookacti-activity","16":"first","17":"instock","18":"taxable","19":"shipping-taxable","20":"purchasable","21":"product-type-variable"},"yoast_head":"<!-- This site is optimized with the Yoast SEO plugin v27.5 - https:\/\/yoast.com\/product\/yoast-seo-wordpress\/ -->\n<title>[RENTAL] Didymos DidyClick - bur\u00f0arpoki - F\u00ednt<\/title>\n<meta name=\"description\" content=\"[RENTAL] Didymos DidyClick - bur\u00f0arpoki F\u00ednt % Easy-to-put on, pre-structered soft carrier from Didymos for rent.\" \/>\n<meta name=\"robots\" content=\"index, follow, max-snippet:-1, max-image-preview:large, max-video-preview:-1\" \/>\n<link rel=\"canonical\" href=\"https:\/\/www.fint.is\/is\/product\/didymos-didyclick-rent\/\" \/>\n<meta property=\"og:locale\" content=\"is_IS\" \/>\n<meta property=\"og:type\" content=\"article\" \/>\n<meta property=\"og:title\" content=\"[RENTAL] Didymos DidyClick - bur\u00f0arpoki - F\u00ednt\" \/>\n<meta property=\"og:description\" content=\"[RENTAL] Didymos DidyClick - bur\u00f0arpoki F\u00ednt % Easy-to-put on, pre-structered soft carrier from Didymos for rent.\" \/>\n<meta property=\"og:url\" content=\"https:\/\/www.fint.is\/is\/product\/didymos-didyclick-rent\/\" \/>\n<meta property=\"og:site_name\" content=\"F\u00ednt\" \/>\n<meta property=\"article:publisher\" content=\"https:\/\/www.facebook.com\/100090983666893\/\" \/>\n<meta property=\"article:modified_time\" content=\"2026-02-26T17:02:34+00:00\" \/>\n<meta property=\"og:image\" content=\"https:\/\/www.fint.is\/wp-content\/uploads\/84360_stamm_1.jpg\" \/>\n\t<meta property=\"og:image:width\" content=\"1000\" \/>\n\t<meta property=\"og:image:height\" content=\"1000\" \/>\n\t<meta property=\"og:image:type\" content=\"image\/jpeg\" \/>\n<script type=\"application\/ld+json\" class=\"yoast-schema-graph\">{\"@context\":\"https:\\\/\\\/schema.org\",\"@graph\":[{\"@type\":\"WebPage\",\"@id\":\"https:\\\/\\\/www.fint.is\\\/product\\\/didymos-didyclick-rent\\\/\",\"url\":\"https:\\\/\\\/www.fint.is\\\/product\\\/didymos-didyclick-rent\\\/\",\"name\":\"[RENTAL] Didymos DidyClick - bur\u00f0arpoki - F\u00ednt\",\"isPartOf\":{\"@id\":\"https:\\\/\\\/www.fint.is\\\/is\\\/#website\"},\"primaryImageOfPage\":{\"@id\":\"https:\\\/\\\/www.fint.is\\\/product\\\/didymos-didyclick-rent\\\/#primaryimage\"},\"image\":{\"@id\":\"https:\\\/\\\/www.fint.is\\\/product\\\/didymos-didyclick-rent\\\/#primaryimage\"},\"thumbnailUrl\":\"https:\\\/\\\/www.fint.is\\\/wp-content\\\/uploads\\\/84360_stamm_1.jpg\",\"datePublished\":\"2024-07-14T14:40:56+00:00\",\"dateModified\":\"2026-02-26T17:02:34+00:00\",\"description\":\"[RENTAL] Didymos DidyClick - bur\u00f0arpoki F\u00ednt % Easy-to-put on, pre-structered soft carrier from Didymos for rent.\",\"breadcrumb\":{\"@id\":\"https:\\\/\\\/www.fint.is\\\/product\\\/didymos-didyclick-rent\\\/#breadcrumb\"},\"inLanguage\":\"is\",\"potentialAction\":[{\"@type\":\"ReadAction\",\"target\":[\"https:\\\/\\\/www.fint.is\\\/product\\\/didymos-didyclick-rent\\\/\"]}]},{\"@type\":\"ImageObject\",\"inLanguage\":\"is\",\"@id\":\"https:\\\/\\\/www.fint.is\\\/product\\\/didymos-didyclick-rent\\\/#primaryimage\",\"url\":\"https:\\\/\\\/www.fint.is\\\/wp-content\\\/uploads\\\/84360_stamm_1.jpg\",\"contentUrl\":\"https:\\\/\\\/www.fint.is\\\/wp-content\\\/uploads\\\/84360_stamm_1.jpg\",\"width\":1000,\"height\":1000},{\"@type\":\"BreadcrumbList\",\"@id\":\"https:\\\/\\\/www.fint.is\\\/product\\\/didymos-didyclick-rent\\\/#breadcrumb\",\"itemListElement\":[{\"@type\":\"ListItem\",\"position\":1,\"name\":\"Home\",\"item\":\"https:\\\/\\\/www.fint.is\\\/\"},{\"@type\":\"ListItem\",\"position\":2,\"name\":\"Shop\",\"item\":\"https:\\\/\\\/www.fint.is\\\/is\\\/shop\\\/\"},{\"@type\":\"ListItem\",\"position\":3,\"name\":\"Carriers for rent\",\"item\":\"https:\\\/\\\/www.fint.is\\\/product-category\\\/carriers-for-rent\\\/\"},{\"@type\":\"ListItem\",\"position\":4,\"name\":\"[RENTAL] Didymos DidyClick &#8211; bur\u00f0arpoki\"}]},{\"@type\":\"WebSite\",\"@id\":\"https:\\\/\\\/www.fint.is\\\/is\\\/#website\",\"url\":\"https:\\\/\\\/www.fint.is\\\/is\\\/\",\"name\":\"F\u00ednt\",\"description\":\"Barefoot sk\u00f3r, t\u00e1susokkar, og bur\u00f0arpokar\",\"publisher\":{\"@id\":\"https:\\\/\\\/www.fint.is\\\/is\\\/#organization\"},\"alternateName\":\"f\u00ednt.is\",\"potentialAction\":[{\"@type\":\"SearchAction\",\"target\":{\"@type\":\"EntryPoint\",\"urlTemplate\":\"https:\\\/\\\/www.fint.is\\\/is\\\/?s={search_term_string}\"},\"query-input\":{\"@type\":\"PropertyValueSpecification\",\"valueRequired\":true,\"valueName\":\"search_term_string\"}}],\"inLanguage\":\"is\"},{\"@type\":\"Organization\",\"@id\":\"https:\\\/\\\/www.fint.is\\\/is\\\/#organization\",\"name\":\"F\u00ednt\",\"alternateName\":\"Fint\",\"url\":\"https:\\\/\\\/www.fint.is\\\/is\\\/\",\"logo\":{\"@type\":\"ImageObject\",\"inLanguage\":\"is\",\"@id\":\"https:\\\/\\\/www.fint.is\\\/is\\\/#\\\/schema\\\/logo\\\/image\\\/\",\"url\":\"https:\\\/\\\/www.fint.is\\\/wp-content\\\/uploads\\\/logo-colour-small-2.png\",\"contentUrl\":\"https:\\\/\\\/www.fint.is\\\/wp-content\\\/uploads\\\/logo-colour-small-2.png\",\"width\":930,\"height\":711,\"caption\":\"F\u00ednt\"},\"image\":{\"@id\":\"https:\\\/\\\/www.fint.is\\\/is\\\/#\\\/schema\\\/logo\\\/image\\\/\"},\"sameAs\":[\"https:\\\/\\\/www.facebook.com\\\/100090983666893\\\/\",\"https:\\\/\\\/www.instagram.com\\\/fint.verslun\\\/\"]}]}<\/script>\n<!-- \/ Yoast SEO plugin. -->","yoast_head_json":{"title":"[RENTAL] Didymos DidyClick - bur\u00f0arpoki - F\u00ednt","description":"[RENTAL] Didymos DidyClick - bur\u00f0arpoki F\u00ednt % Easy-to-put on, pre-structered soft carrier from Didymos for rent.","robots":{"index":"index","follow":"follow","max-snippet":"max-snippet:-1","max-image-preview":"max-image-preview:large","max-video-preview":"max-video-preview:-1"},"canonical":"https:\/\/www.fint.is\/is\/product\/didymos-didyclick-rent\/","og_locale":"is_IS","og_type":"article","og_title":"[RENTAL] Didymos DidyClick - bur\u00f0arpoki - F\u00ednt","og_description":"[RENTAL] Didymos DidyClick - bur\u00f0arpoki F\u00ednt % Easy-to-put on, pre-structered soft carrier from Didymos for rent.","og_url":"https:\/\/www.fint.is\/is\/product\/didymos-didyclick-rent\/","og_site_name":"F\u00ednt","article_publisher":"https:\/\/www.facebook.com\/100090983666893\/","article_modified_time":"2026-02-26T17:02:34+00:00","og_image":[{"width":1000,"height":1000,"url":"https:\/\/www.fint.is\/wp-content\/uploads\/84360_stamm_1.jpg","type":"image\/jpeg"}],"schema":{"@context":"https:\/\/schema.org","@graph":[{"@type":"WebPage","@id":"https:\/\/www.fint.is\/product\/didymos-didyclick-rent\/","url":"https:\/\/www.fint.is\/product\/didymos-didyclick-rent\/","name":"[RENTAL] Didymos DidyClick - bur\u00f0arpoki - F\u00ednt","isPartOf":{"@id":"https:\/\/www.fint.is\/is\/#website"},"primaryImageOfPage":{"@id":"https:\/\/www.fint.is\/product\/didymos-didyclick-rent\/#primaryimage"},"image":{"@id":"https:\/\/www.fint.is\/product\/didymos-didyclick-rent\/#primaryimage"},"thumbnailUrl":"https:\/\/www.fint.is\/wp-content\/uploads\/84360_stamm_1.jpg","datePublished":"2024-07-14T14:40:56+00:00","dateModified":"2026-02-26T17:02:34+00:00","description":"[RENTAL] Didymos DidyClick - bur\u00f0arpoki F\u00ednt % Easy-to-put on, pre-structered soft carrier from Didymos for rent.","breadcrumb":{"@id":"https:\/\/www.fint.is\/product\/didymos-didyclick-rent\/#breadcrumb"},"inLanguage":"is","potentialAction":[{"@type":"ReadAction","target":["https:\/\/www.fint.is\/product\/didymos-didyclick-rent\/"]}]},{"@type":"ImageObject","inLanguage":"is","@id":"https:\/\/www.fint.is\/product\/didymos-didyclick-rent\/#primaryimage","url":"https:\/\/www.fint.is\/wp-content\/uploads\/84360_stamm_1.jpg","contentUrl":"https:\/\/www.fint.is\/wp-content\/uploads\/84360_stamm_1.jpg","width":1000,"height":1000},{"@type":"BreadcrumbList","@id":"https:\/\/www.fint.is\/product\/didymos-didyclick-rent\/#breadcrumb","itemListElement":[{"@type":"ListItem","position":1,"name":"Home","item":"https:\/\/www.fint.is\/"},{"@type":"ListItem","position":2,"name":"Shop","item":"https:\/\/www.fint.is\/is\/shop\/"},{"@type":"ListItem","position":3,"name":"Carriers for rent","item":"https:\/\/www.fint.is\/product-category\/carriers-for-rent\/"},{"@type":"ListItem","position":4,"name":"[RENTAL] Didymos DidyClick &#8211; bur\u00f0arpoki"}]},{"@type":"WebSite","@id":"https:\/\/www.fint.is\/is\/#website","url":"https:\/\/www.fint.is\/is\/","name":"F\u00ednt","description":"Barefoot sk\u00f3r, t\u00e1sokkar, og bur\u00f0arpokar","publisher":{"@id":"https:\/\/www.fint.is\/is\/#organization"},"alternateName":"f\u00ednt.is","potentialAction":[{"@type":"SearchAction","target":{"@type":"EntryPoint","urlTemplate":"https:\/\/www.fint.is\/is\/?s={search_term_string}"},"query-input":{"@type":"PropertyValueSpecification","valueRequired":true,"valueName":"search_term_string"}}],"inLanguage":"is"},{"@type":"Organization","@id":"https:\/\/www.fint.is\/is\/#organization","name":"F\u00ednt","alternateName":"Fint","url":"https:\/\/www.fint.is\/is\/","logo":{"@type":"ImageObject","inLanguage":"is","@id":"https:\/\/www.fint.is\/is\/#\/schema\/logo\/image\/","url":"https:\/\/www.fint.is\/wp-content\/uploads\/logo-colour-small-2.png","contentUrl":"https:\/\/www.fint.is\/wp-content\/uploads\/logo-colour-small-2.png","width":930,"height":711,"caption":"F\u00ednt"},"image":{"@id":"https:\/\/www.fint.is\/is\/#\/schema\/logo\/image\/"},"sameAs":["https:\/\/www.facebook.com\/100090983666893\/","https:\/\/www.instagram.com\/fint.verslun\/"]}]}},"_links":{"self":[{"href":"https:\/\/www.fint.is\/is\/wp-json\/wp\/v2\/product\/2118","targetHints":{"allow":["GET"]}}],"collection":[{"href":"https:\/\/www.fint.is\/is\/wp-json\/wp\/v2\/product"}],"about":[{"href":"https:\/\/www.fint.is\/is\/wp-json\/wp\/v2\/types\/product"}],"replies":[{"embeddable":true,"href":"https:\/\/www.fint.is\/is\/wp-json\/wp\/v2\/comments?post=2118"}],"wp:featuredmedia":[{"embeddable":true,"href":"https:\/\/www.fint.is\/is\/wp-json\/wp\/v2\/media\/2125"}],"wp:attachment":[{"href":"https:\/\/www.fint.is\/is\/wp-json\/wp\/v2\/media?parent=2118"}],"wp:term":[{"taxonomy":"product_brand","embeddable":true,"href":"https:\/\/www.fint.is\/is\/wp-json\/wp\/v2\/product_brand?post=2118"},{"taxonomy":"product_cat","embeddable":true,"href":"https:\/\/www.fint.is\/is\/wp-json\/wp\/v2\/product_cat?post=2118"},{"taxonomy":"product_tag","embeddable":true,"href":"https:\/\/www.fint.is\/is\/wp-json\/wp\/v2\/product_tag?post=2118"}],"curies":[{"name":"wp","href":"https:\/\/api.w.org\/{rel}","templated":true}]}}