{"id":2001,"date":"2024-05-18T21:25:46","date_gmt":"2024-05-18T21:25:46","guid":{"rendered":"https:\/\/www.fint.is\/?post_type=product&#038;p=2001"},"modified":"2026-03-15T14:39:40","modified_gmt":"2026-03-15T14:39:40","slug":"didymos-didyfix-toddler","status":"publish","type":"product","link":"https:\/\/www.fint.is\/is\/product\/didymos-didyfix-toddler\/","title":{"rendered":"Didymos Didyfix Toddler &#8211; bur\u00f0arpoki"},"content":{"rendered":"<p>The <strong>DidyFix Toddler<\/strong> <em>(bur\u00f0arpoki)<\/em> (for 9-month olds to 5 year olds) is a full buckle carrier specially designed for carrying larger babies and toddlers. As the big sister of the DidyFix, this carrier is particularly quick to set up, can be individually adjusted, and also offers a cosy place very close to mum or dad. You can keep carrying your child for much longer, both on the front and on the back!<\/p>\n<p>The large seat width is personally customisable and supports the ergonomic and comfortable spread-squat position. The long back panel can also be adjusted for a perfect fit.<\/p>\n<p>The ergonomic waist belt and the padded shoulder straps are closed and adjusted with buckles &#8211; easily, quickly, and with optimum wearing comfort.<\/p>\n<p>Whether centred on front, on the back or on the hip, with the DidyFix Toddler you can discover the world together with your child, on journeys short and long.<\/p>\n<p>In short:<br \/>\n\u2022 <strong>Simple full buckle carrier<\/strong><br \/>\n\u2022 For babies and toddlers from about 9 months until 5 years, <strong>from 7 kg to 25 kg<\/strong><br \/>\n\u2022 <strong>Carrying positions:<\/strong> centred on front, on the back and on the hip<br \/>\n\u2022 <strong>Ergonomic hip strap<\/strong> with continuously adjustable seat width options<br \/>\n\u2022 Large back panel with an integrated head rest, simply size-adjusted with drawstrings<br \/>\n\u2022 Padded, individually <strong>adjustable shoulder straps<\/strong>, can be worn crossed or uncrossed over the back<br \/>\n\u2022 <strong>Two-way buckle<\/strong> on the shoulder straps with freely adjustable padding<br \/>\n\u2022 Padded leg cut-outs for your baby\u2019s comfort<br \/>\n\u2022 All outer fabrics &#8211; back panel and padding &#8211; made from well-loved <strong>organic DIDYMOS sling fabrics\u00a0<\/strong><br \/>\n\u2022 Manufactured with carefully selected partner companies<br \/>\n\u2022 Complies with the applicable technical safety standards of CEN\/TR 16512:2015 and ASTM F2236-16a\/16CFR 1226<\/p>\n<p><span style=\"color: #808080;\"><em>DIDYMOS is a company with a long tradition. We play a significant role in the successful story of baby- and child wearing since 1972. Our Baby Wrap Slings and Baby Carriers have found their places in the everyday lives of families and enthusiastic parents and children throughout the world. The DIDYMOS name is synonymous with high quality, beauty, commitment to the future.<\/em><\/span><\/p>\n<p><span style=\"color: #f0f0f0;\">magapoki, bur\u00f0arpoki, bur\u00f0arsjal, burdarpoki<\/span><\/p>","protected":false},"excerpt":{"rendered":"<p>The Didyfix toddler is especially designed for 9-month olds to 5 year olds and is a full buckle carrier. It can be used for front carrying as well as back carrying.<\/p>","protected":false},"featured_media":2752,"comment_status":"closed","ping_status":"closed","template":"","meta":[],"product_brand":[163],"product_cat":[42,21],"product_tag":[132,136,98,142,141],"class_list":{"0":"post-2001","1":"product","2":"type-product","3":"status-publish","4":"has-post-thumbnail","6":"product_brand-didymos","7":"product_cat-baby-wearing","8":"product_cat-carry-bags-wraps-burdarpokar","9":"product_tag-burdarpoka","10":"product_tag-burdarpoki","11":"product_tag-didymos","12":"product_tag-full-buckle","13":"product_tag-toddler","15":"first","16":"instock","17":"taxable","18":"shipping-taxable","19":"purchasable","20":"product-type-variable"},"yoast_head":"<!-- This site is optimized with the Yoast SEO plugin v27.4 - https:\/\/yoast.com\/product\/yoast-seo-wordpress\/ -->\n<title>Didymos Didyfix Toddler - bur\u00f0arpoki - F\u00ednt<\/title>\n<meta name=\"description\" content=\"Didymos Didyfix Toddler - bur\u00f0arpoki F\u00ednt The Didyfix toddler is especially designed for 9-month olds to 5 year olds and is a full buckle carrier.\" \/>\n<meta name=\"robots\" content=\"index, follow, max-snippet:-1, max-image-preview:large, max-video-preview:-1\" \/>\n<link rel=\"canonical\" href=\"https:\/\/www.fint.is\/is\/product\/didymos-didyfix-toddler\/\" \/>\n<meta property=\"og:locale\" content=\"is_IS\" \/>\n<meta property=\"og:type\" content=\"article\" \/>\n<meta property=\"og:title\" content=\"Didymos Didyfix Toddler - bur\u00f0arpoki - F\u00ednt\" \/>\n<meta property=\"og:description\" content=\"Didymos Didyfix Toddler - bur\u00f0arpoki F\u00ednt The Didyfix toddler is especially designed for 9-month olds to 5 year olds and is a full buckle carrier.\" \/>\n<meta property=\"og:url\" content=\"https:\/\/www.fint.is\/is\/product\/didymos-didyfix-toddler\/\" \/>\n<meta property=\"og:site_name\" content=\"F\u00ednt\" \/>\n<meta property=\"article:publisher\" content=\"https:\/\/www.facebook.com\/100090983666893\/\" \/>\n<meta property=\"article:modified_time\" content=\"2026-03-15T14:39:40+00:00\" \/>\n<meta property=\"og:image\" content=\"https:\/\/www.fint.is\/wp-content\/uploads\/40073_4.jpg\" \/>\n\t<meta property=\"og:image:width\" content=\"1000\" \/>\n\t<meta property=\"og:image:height\" content=\"1000\" \/>\n\t<meta property=\"og:image:type\" content=\"image\/jpeg\" \/>\n<script type=\"application\/ld+json\" class=\"yoast-schema-graph\">{\"@context\":\"https:\\\/\\\/schema.org\",\"@graph\":[{\"@type\":\"WebPage\",\"@id\":\"https:\\\/\\\/www.fint.is\\\/product\\\/didymos-didyfix-toddler\\\/\",\"url\":\"https:\\\/\\\/www.fint.is\\\/product\\\/didymos-didyfix-toddler\\\/\",\"name\":\"Didymos Didyfix Toddler - bur\u00f0arpoki - F\u00ednt\",\"isPartOf\":{\"@id\":\"https:\\\/\\\/www.fint.is\\\/is\\\/#website\"},\"primaryImageOfPage\":{\"@id\":\"https:\\\/\\\/www.fint.is\\\/product\\\/didymos-didyfix-toddler\\\/#primaryimage\"},\"image\":{\"@id\":\"https:\\\/\\\/www.fint.is\\\/product\\\/didymos-didyfix-toddler\\\/#primaryimage\"},\"thumbnailUrl\":\"https:\\\/\\\/www.fint.is\\\/wp-content\\\/uploads\\\/40073_4.jpg\",\"datePublished\":\"2024-05-18T21:25:46+00:00\",\"dateModified\":\"2026-03-15T14:39:40+00:00\",\"description\":\"Didymos Didyfix Toddler - bur\u00f0arpoki F\u00ednt The Didyfix toddler is especially designed for 9-month olds to 5 year olds and is a full buckle carrier.\",\"breadcrumb\":{\"@id\":\"https:\\\/\\\/www.fint.is\\\/product\\\/didymos-didyfix-toddler\\\/#breadcrumb\"},\"inLanguage\":\"is\",\"potentialAction\":[{\"@type\":\"ReadAction\",\"target\":[\"https:\\\/\\\/www.fint.is\\\/product\\\/didymos-didyfix-toddler\\\/\"]}]},{\"@type\":\"ImageObject\",\"inLanguage\":\"is\",\"@id\":\"https:\\\/\\\/www.fint.is\\\/product\\\/didymos-didyfix-toddler\\\/#primaryimage\",\"url\":\"https:\\\/\\\/www.fint.is\\\/wp-content\\\/uploads\\\/40073_4.jpg\",\"contentUrl\":\"https:\\\/\\\/www.fint.is\\\/wp-content\\\/uploads\\\/40073_4.jpg\",\"width\":1000,\"height\":1000},{\"@type\":\"BreadcrumbList\",\"@id\":\"https:\\\/\\\/www.fint.is\\\/product\\\/didymos-didyfix-toddler\\\/#breadcrumb\",\"itemListElement\":[{\"@type\":\"ListItem\",\"position\":1,\"name\":\"Home\",\"item\":\"https:\\\/\\\/www.fint.is\\\/\"},{\"@type\":\"ListItem\",\"position\":2,\"name\":\"Shop\",\"item\":\"https:\\\/\\\/www.fint.is\\\/is\\\/shop\\\/\"},{\"@type\":\"ListItem\",\"position\":3,\"name\":\"Baby wearing\",\"item\":\"https:\\\/\\\/www.fint.is\\\/en\\\/product-category\\\/baby-wearing\\\/\"},{\"@type\":\"ListItem\",\"position\":4,\"name\":\"Didymos Didyfix Toddler &#8211; bur\u00f0arpoki\"}]},{\"@type\":\"WebSite\",\"@id\":\"https:\\\/\\\/www.fint.is\\\/is\\\/#website\",\"url\":\"https:\\\/\\\/www.fint.is\\\/is\\\/\",\"name\":\"F\u00ednt\",\"description\":\"Barefoot sk\u00f3r, t\u00e1susokkar, og bur\u00f0arpokar\",\"publisher\":{\"@id\":\"https:\\\/\\\/www.fint.is\\\/is\\\/#organization\"},\"alternateName\":\"f\u00ednt.is\",\"potentialAction\":[{\"@type\":\"SearchAction\",\"target\":{\"@type\":\"EntryPoint\",\"urlTemplate\":\"https:\\\/\\\/www.fint.is\\\/is\\\/?s={search_term_string}\"},\"query-input\":{\"@type\":\"PropertyValueSpecification\",\"valueRequired\":true,\"valueName\":\"search_term_string\"}}],\"inLanguage\":\"is\"},{\"@type\":\"Organization\",\"@id\":\"https:\\\/\\\/www.fint.is\\\/is\\\/#organization\",\"name\":\"F\u00ednt\",\"alternateName\":\"Fint\",\"url\":\"https:\\\/\\\/www.fint.is\\\/is\\\/\",\"logo\":{\"@type\":\"ImageObject\",\"inLanguage\":\"is\",\"@id\":\"https:\\\/\\\/www.fint.is\\\/is\\\/#\\\/schema\\\/logo\\\/image\\\/\",\"url\":\"https:\\\/\\\/www.fint.is\\\/wp-content\\\/uploads\\\/logo-colour-small-2.png\",\"contentUrl\":\"https:\\\/\\\/www.fint.is\\\/wp-content\\\/uploads\\\/logo-colour-small-2.png\",\"width\":930,\"height\":711,\"caption\":\"F\u00ednt\"},\"image\":{\"@id\":\"https:\\\/\\\/www.fint.is\\\/is\\\/#\\\/schema\\\/logo\\\/image\\\/\"},\"sameAs\":[\"https:\\\/\\\/www.facebook.com\\\/100090983666893\\\/\",\"https:\\\/\\\/www.instagram.com\\\/fint.verslun\\\/\"]}]}<\/script>\n<!-- \/ Yoast SEO plugin. -->","yoast_head_json":{"title":"Didymos Didyfix Toddler - bur\u00f0arpoki - F\u00ednt","description":"Didymos Didyfix Toddler - bur\u00f0arpoki F\u00ednt The Didyfix toddler is especially designed for 9-month olds to 5 year olds and is a full buckle carrier.","robots":{"index":"index","follow":"follow","max-snippet":"max-snippet:-1","max-image-preview":"max-image-preview:large","max-video-preview":"max-video-preview:-1"},"canonical":"https:\/\/www.fint.is\/is\/product\/didymos-didyfix-toddler\/","og_locale":"is_IS","og_type":"article","og_title":"Didymos Didyfix Toddler - bur\u00f0arpoki - F\u00ednt","og_description":"Didymos Didyfix Toddler - bur\u00f0arpoki F\u00ednt The Didyfix toddler is especially designed for 9-month olds to 5 year olds and is a full buckle carrier.","og_url":"https:\/\/www.fint.is\/is\/product\/didymos-didyfix-toddler\/","og_site_name":"F\u00ednt","article_publisher":"https:\/\/www.facebook.com\/100090983666893\/","article_modified_time":"2026-03-15T14:39:40+00:00","og_image":[{"width":1000,"height":1000,"url":"https:\/\/www.fint.is\/wp-content\/uploads\/40073_4.jpg","type":"image\/jpeg"}],"schema":{"@context":"https:\/\/schema.org","@graph":[{"@type":"WebPage","@id":"https:\/\/www.fint.is\/product\/didymos-didyfix-toddler\/","url":"https:\/\/www.fint.is\/product\/didymos-didyfix-toddler\/","name":"Didymos Didyfix Toddler - bur\u00f0arpoki - F\u00ednt","isPartOf":{"@id":"https:\/\/www.fint.is\/is\/#website"},"primaryImageOfPage":{"@id":"https:\/\/www.fint.is\/product\/didymos-didyfix-toddler\/#primaryimage"},"image":{"@id":"https:\/\/www.fint.is\/product\/didymos-didyfix-toddler\/#primaryimage"},"thumbnailUrl":"https:\/\/www.fint.is\/wp-content\/uploads\/40073_4.jpg","datePublished":"2024-05-18T21:25:46+00:00","dateModified":"2026-03-15T14:39:40+00:00","description":"Didymos Didyfix Toddler - bur\u00f0arpoki F\u00ednt The Didyfix toddler is especially designed for 9-month olds to 5 year olds and is a full buckle carrier.","breadcrumb":{"@id":"https:\/\/www.fint.is\/product\/didymos-didyfix-toddler\/#breadcrumb"},"inLanguage":"is","potentialAction":[{"@type":"ReadAction","target":["https:\/\/www.fint.is\/product\/didymos-didyfix-toddler\/"]}]},{"@type":"ImageObject","inLanguage":"is","@id":"https:\/\/www.fint.is\/product\/didymos-didyfix-toddler\/#primaryimage","url":"https:\/\/www.fint.is\/wp-content\/uploads\/40073_4.jpg","contentUrl":"https:\/\/www.fint.is\/wp-content\/uploads\/40073_4.jpg","width":1000,"height":1000},{"@type":"BreadcrumbList","@id":"https:\/\/www.fint.is\/product\/didymos-didyfix-toddler\/#breadcrumb","itemListElement":[{"@type":"ListItem","position":1,"name":"Home","item":"https:\/\/www.fint.is\/"},{"@type":"ListItem","position":2,"name":"Shop","item":"https:\/\/www.fint.is\/is\/shop\/"},{"@type":"ListItem","position":3,"name":"Baby wearing","item":"https:\/\/www.fint.is\/en\/product-category\/baby-wearing\/"},{"@type":"ListItem","position":4,"name":"Didymos Didyfix Toddler &#8211; bur\u00f0arpoki"}]},{"@type":"WebSite","@id":"https:\/\/www.fint.is\/is\/#website","url":"https:\/\/www.fint.is\/is\/","name":"F\u00ednt","description":"Barefoot sk\u00f3r, t\u00e1sokkar, og bur\u00f0arpokar","publisher":{"@id":"https:\/\/www.fint.is\/is\/#organization"},"alternateName":"f\u00ednt.is","potentialAction":[{"@type":"SearchAction","target":{"@type":"EntryPoint","urlTemplate":"https:\/\/www.fint.is\/is\/?s={search_term_string}"},"query-input":{"@type":"PropertyValueSpecification","valueRequired":true,"valueName":"search_term_string"}}],"inLanguage":"is"},{"@type":"Organization","@id":"https:\/\/www.fint.is\/is\/#organization","name":"F\u00ednt","alternateName":"Fint","url":"https:\/\/www.fint.is\/is\/","logo":{"@type":"ImageObject","inLanguage":"is","@id":"https:\/\/www.fint.is\/is\/#\/schema\/logo\/image\/","url":"https:\/\/www.fint.is\/wp-content\/uploads\/logo-colour-small-2.png","contentUrl":"https:\/\/www.fint.is\/wp-content\/uploads\/logo-colour-small-2.png","width":930,"height":711,"caption":"F\u00ednt"},"image":{"@id":"https:\/\/www.fint.is\/is\/#\/schema\/logo\/image\/"},"sameAs":["https:\/\/www.facebook.com\/100090983666893\/","https:\/\/www.instagram.com\/fint.verslun\/"]}]}},"_links":{"self":[{"href":"https:\/\/www.fint.is\/is\/wp-json\/wp\/v2\/product\/2001","targetHints":{"allow":["GET"]}}],"collection":[{"href":"https:\/\/www.fint.is\/is\/wp-json\/wp\/v2\/product"}],"about":[{"href":"https:\/\/www.fint.is\/is\/wp-json\/wp\/v2\/types\/product"}],"replies":[{"embeddable":true,"href":"https:\/\/www.fint.is\/is\/wp-json\/wp\/v2\/comments?post=2001"}],"wp:featuredmedia":[{"embeddable":true,"href":"https:\/\/www.fint.is\/is\/wp-json\/wp\/v2\/media\/2752"}],"wp:attachment":[{"href":"https:\/\/www.fint.is\/is\/wp-json\/wp\/v2\/media?parent=2001"}],"wp:term":[{"taxonomy":"product_brand","embeddable":true,"href":"https:\/\/www.fint.is\/is\/wp-json\/wp\/v2\/product_brand?post=2001"},{"taxonomy":"product_cat","embeddable":true,"href":"https:\/\/www.fint.is\/is\/wp-json\/wp\/v2\/product_cat?post=2001"},{"taxonomy":"product_tag","embeddable":true,"href":"https:\/\/www.fint.is\/is\/wp-json\/wp\/v2\/product_tag?post=2001"}],"curies":[{"name":"wp","href":"https:\/\/api.w.org\/{rel}","templated":true}]}}