{"id":1995,"date":"2024-05-17T21:52:19","date_gmt":"2024-05-17T21:52:19","guid":{"rendered":"https:\/\/www.fint.is\/?post_type=product&#038;p=1995"},"modified":"2026-02-26T17:02:34","modified_gmt":"2026-02-26T17:02:34","slug":"rings-to-make-a-ring-sling","status":"publish","type":"product","link":"https:\/\/www.fint.is\/is\/product\/rings-to-make-a-ring-sling\/","title":{"rendered":"Hringir fyrir hringjasj\u00f6l"},"content":{"rendered":"<p>\u00deessir hringir henta s\u00e9rlega vel til \u00feess a\u00f0 breyta stuttu bur\u00f0arsjali (til d\u00e6mis \u00ed st\u00e6r\u00f0 2) \u00ed hringjasjal. \u00dea\u00f0 er h\u00e6gt a\u00f0 nota hringina til \u00feess a\u00f0 breyta sjalinu varanlega og \u00fe\u00e1 sauma\u00f0 \u00fe\u00e1 \u00ed, e\u00f0a hafa \u00feau lausa og hafa \u00fe\u00e1 sjal sem h\u00e6gt er a\u00f0 nota hvort sem er sem venjulegt bur\u00f0arsjal e\u00f0a sem hringjasjal. \u00de\u00e1 m\u00e1 au\u00f0vita\u00f0 l\u00edka nota hringina me\u00f0 lengra bur\u00f0arsjali.<\/p>\n<p>Hringirnir eru \u00far gegnheilu \u00e1li og framleiddir \u00e1 einstakan h\u00e1tt \u00e1n logsu\u00f0u. \u00deeir eru 5mm \u00feykkir, nikkellausir og ekki ofn\u00e6misvaldandi. Hringirnir eru seldir \u00ed p\u00f6rum.<\/p>","protected":false},"excerpt":{"rendered":"<p>Hringir til \u00feess a\u00f0 breyta hef\u00f0bundnu bur\u00f0arsjali \u00ed hringjasjal.<\/p>","protected":false},"featured_media":1998,"comment_status":"closed","ping_status":"closed","template":"","meta":[],"product_brand":[163],"product_cat":[42,21],"product_tag":[139,140],"class_list":{"0":"post-1995","1":"product","2":"type-product","3":"status-publish","4":"has-post-thumbnail","6":"product_brand-didymos","7":"product_cat-baby-wearing","8":"product_cat-carry-bags-wraps-burdarpokar","9":"product_tag-ring-sling","10":"product_tag-woven-wrap","12":"first","13":"instock","14":"taxable","15":"shipping-taxable","16":"purchasable","17":"product-type-variable"},"yoast_head":"<!-- This site is optimized with the Yoast SEO plugin v27.4 - https:\/\/yoast.com\/product\/yoast-seo-wordpress\/ -->\n<title>Hringir fyrir hringjasj\u00f6l - F\u00ednt<\/title>\n<meta name=\"description\" content=\"Hringir til \u00feess a\u00f0 breyta hef\u00f0bundnu bur\u00f0arsjali \u00ed hringjasjal. \u00dar \u00e1li, seldir \u00ed p\u00f6rum. Litir: Silfur og antras\u00edt.\" \/>\n<meta name=\"robots\" content=\"index, follow, max-snippet:-1, max-image-preview:large, max-video-preview:-1\" \/>\n<link rel=\"canonical\" href=\"https:\/\/www.fint.is\/is\/product\/rings-to-make-a-ring-sling\/\" \/>\n<meta property=\"og:locale\" content=\"is_IS\" \/>\n<meta property=\"og:type\" content=\"article\" \/>\n<meta property=\"og:title\" content=\"Hringir fyrir hringjasj\u00f6l - F\u00ednt\" \/>\n<meta property=\"og:description\" content=\"Hringir til \u00feess a\u00f0 breyta hef\u00f0bundnu bur\u00f0arsjali \u00ed hringjasjal. \u00dar \u00e1li, seldir \u00ed p\u00f6rum. Litir: Silfur og antras\u00edt.\" \/>\n<meta property=\"og:url\" content=\"https:\/\/www.fint.is\/is\/product\/rings-to-make-a-ring-sling\/\" \/>\n<meta property=\"og:site_name\" content=\"F\u00ednt\" \/>\n<meta property=\"article:publisher\" content=\"https:\/\/www.facebook.com\/100090983666893\/\" \/>\n<meta property=\"article:modified_time\" content=\"2026-02-26T17:02:34+00:00\" \/>\n<meta property=\"og:image\" content=\"https:\/\/www.fint.is\/wp-content\/uploads\/00862_stamm_1.jpg\" \/>\n\t<meta property=\"og:image:width\" content=\"1000\" \/>\n\t<meta property=\"og:image:height\" content=\"1000\" \/>\n\t<meta property=\"og:image:type\" content=\"image\/jpeg\" \/>\n<script type=\"application\/ld+json\" class=\"yoast-schema-graph\">{\"@context\":\"https:\\\/\\\/schema.org\",\"@graph\":[{\"@type\":\"WebPage\",\"@id\":\"https:\\\/\\\/www.fint.is\\\/product\\\/rings-to-make-a-ring-sling\\\/\",\"url\":\"https:\\\/\\\/www.fint.is\\\/product\\\/rings-to-make-a-ring-sling\\\/\",\"name\":\"Hringir fyrir hringjasj\u00f6l - F\u00ednt\",\"isPartOf\":{\"@id\":\"https:\\\/\\\/www.fint.is\\\/is\\\/#website\"},\"primaryImageOfPage\":{\"@id\":\"https:\\\/\\\/www.fint.is\\\/product\\\/rings-to-make-a-ring-sling\\\/#primaryimage\"},\"image\":{\"@id\":\"https:\\\/\\\/www.fint.is\\\/product\\\/rings-to-make-a-ring-sling\\\/#primaryimage\"},\"thumbnailUrl\":\"https:\\\/\\\/www.fint.is\\\/wp-content\\\/uploads\\\/00862_stamm_1.jpg\",\"datePublished\":\"2024-05-17T21:52:19+00:00\",\"dateModified\":\"2026-02-26T17:02:34+00:00\",\"description\":\"Hringir til \u00feess a\u00f0 breyta hef\u00f0bundnu bur\u00f0arsjali \u00ed hringjasjal. \u00dar \u00e1li, seldir \u00ed p\u00f6rum. Litir: Silfur og antras\u00edt.\",\"breadcrumb\":{\"@id\":\"https:\\\/\\\/www.fint.is\\\/product\\\/rings-to-make-a-ring-sling\\\/#breadcrumb\"},\"inLanguage\":\"is\",\"potentialAction\":[{\"@type\":\"ReadAction\",\"target\":[\"https:\\\/\\\/www.fint.is\\\/product\\\/rings-to-make-a-ring-sling\\\/\"]}]},{\"@type\":\"ImageObject\",\"inLanguage\":\"is\",\"@id\":\"https:\\\/\\\/www.fint.is\\\/product\\\/rings-to-make-a-ring-sling\\\/#primaryimage\",\"url\":\"https:\\\/\\\/www.fint.is\\\/wp-content\\\/uploads\\\/00862_stamm_1.jpg\",\"contentUrl\":\"https:\\\/\\\/www.fint.is\\\/wp-content\\\/uploads\\\/00862_stamm_1.jpg\",\"width\":1000,\"height\":1000},{\"@type\":\"BreadcrumbList\",\"@id\":\"https:\\\/\\\/www.fint.is\\\/product\\\/rings-to-make-a-ring-sling\\\/#breadcrumb\",\"itemListElement\":[{\"@type\":\"ListItem\",\"position\":1,\"name\":\"Home\",\"item\":\"https:\\\/\\\/www.fint.is\\\/\"},{\"@type\":\"ListItem\",\"position\":2,\"name\":\"Shop\",\"item\":\"https:\\\/\\\/www.fint.is\\\/is\\\/shop\\\/\"},{\"@type\":\"ListItem\",\"position\":3,\"name\":\"Baby wearing\",\"item\":\"https:\\\/\\\/www.fint.is\\\/en\\\/product-category\\\/baby-wearing\\\/\"},{\"@type\":\"ListItem\",\"position\":4,\"name\":\"Rings to make a ring sling\"}]},{\"@type\":\"WebSite\",\"@id\":\"https:\\\/\\\/www.fint.is\\\/is\\\/#website\",\"url\":\"https:\\\/\\\/www.fint.is\\\/is\\\/\",\"name\":\"F\u00ednt\",\"description\":\"Barefoot sk\u00f3r, t\u00e1susokkar, og bur\u00f0arpokar\",\"publisher\":{\"@id\":\"https:\\\/\\\/www.fint.is\\\/is\\\/#organization\"},\"alternateName\":\"f\u00ednt.is\",\"potentialAction\":[{\"@type\":\"SearchAction\",\"target\":{\"@type\":\"EntryPoint\",\"urlTemplate\":\"https:\\\/\\\/www.fint.is\\\/is\\\/?s={search_term_string}\"},\"query-input\":{\"@type\":\"PropertyValueSpecification\",\"valueRequired\":true,\"valueName\":\"search_term_string\"}}],\"inLanguage\":\"is\"},{\"@type\":\"Organization\",\"@id\":\"https:\\\/\\\/www.fint.is\\\/is\\\/#organization\",\"name\":\"F\u00ednt\",\"alternateName\":\"Fint\",\"url\":\"https:\\\/\\\/www.fint.is\\\/is\\\/\",\"logo\":{\"@type\":\"ImageObject\",\"inLanguage\":\"is\",\"@id\":\"https:\\\/\\\/www.fint.is\\\/is\\\/#\\\/schema\\\/logo\\\/image\\\/\",\"url\":\"https:\\\/\\\/www.fint.is\\\/wp-content\\\/uploads\\\/logo-colour-small-2.png\",\"contentUrl\":\"https:\\\/\\\/www.fint.is\\\/wp-content\\\/uploads\\\/logo-colour-small-2.png\",\"width\":930,\"height\":711,\"caption\":\"F\u00ednt\"},\"image\":{\"@id\":\"https:\\\/\\\/www.fint.is\\\/is\\\/#\\\/schema\\\/logo\\\/image\\\/\"},\"sameAs\":[\"https:\\\/\\\/www.facebook.com\\\/100090983666893\\\/\",\"https:\\\/\\\/www.instagram.com\\\/fint.verslun\\\/\"]}]}<\/script>\n<!-- \/ Yoast SEO plugin. -->","yoast_head_json":{"title":"Hringir fyrir hringjasj\u00f6l - F\u00ednt","description":"Hringir til \u00feess a\u00f0 breyta hef\u00f0bundnu bur\u00f0arsjali \u00ed hringjasjal. \u00dar \u00e1li, seldir \u00ed p\u00f6rum. Litir: Silfur og antras\u00edt.","robots":{"index":"index","follow":"follow","max-snippet":"max-snippet:-1","max-image-preview":"max-image-preview:large","max-video-preview":"max-video-preview:-1"},"canonical":"https:\/\/www.fint.is\/is\/product\/rings-to-make-a-ring-sling\/","og_locale":"is_IS","og_type":"article","og_title":"Hringir fyrir hringjasj\u00f6l - F\u00ednt","og_description":"Hringir til \u00feess a\u00f0 breyta hef\u00f0bundnu bur\u00f0arsjali \u00ed hringjasjal. \u00dar \u00e1li, seldir \u00ed p\u00f6rum. Litir: Silfur og antras\u00edt.","og_url":"https:\/\/www.fint.is\/is\/product\/rings-to-make-a-ring-sling\/","og_site_name":"F\u00ednt","article_publisher":"https:\/\/www.facebook.com\/100090983666893\/","article_modified_time":"2026-02-26T17:02:34+00:00","og_image":[{"width":1000,"height":1000,"url":"https:\/\/www.fint.is\/wp-content\/uploads\/00862_stamm_1.jpg","type":"image\/jpeg"}],"schema":{"@context":"https:\/\/schema.org","@graph":[{"@type":"WebPage","@id":"https:\/\/www.fint.is\/product\/rings-to-make-a-ring-sling\/","url":"https:\/\/www.fint.is\/product\/rings-to-make-a-ring-sling\/","name":"Hringir fyrir hringjasj\u00f6l - F\u00ednt","isPartOf":{"@id":"https:\/\/www.fint.is\/is\/#website"},"primaryImageOfPage":{"@id":"https:\/\/www.fint.is\/product\/rings-to-make-a-ring-sling\/#primaryimage"},"image":{"@id":"https:\/\/www.fint.is\/product\/rings-to-make-a-ring-sling\/#primaryimage"},"thumbnailUrl":"https:\/\/www.fint.is\/wp-content\/uploads\/00862_stamm_1.jpg","datePublished":"2024-05-17T21:52:19+00:00","dateModified":"2026-02-26T17:02:34+00:00","description":"Hringir til \u00feess a\u00f0 breyta hef\u00f0bundnu bur\u00f0arsjali \u00ed hringjasjal. \u00dar \u00e1li, seldir \u00ed p\u00f6rum. Litir: Silfur og antras\u00edt.","breadcrumb":{"@id":"https:\/\/www.fint.is\/product\/rings-to-make-a-ring-sling\/#breadcrumb"},"inLanguage":"is","potentialAction":[{"@type":"ReadAction","target":["https:\/\/www.fint.is\/product\/rings-to-make-a-ring-sling\/"]}]},{"@type":"ImageObject","inLanguage":"is","@id":"https:\/\/www.fint.is\/product\/rings-to-make-a-ring-sling\/#primaryimage","url":"https:\/\/www.fint.is\/wp-content\/uploads\/00862_stamm_1.jpg","contentUrl":"https:\/\/www.fint.is\/wp-content\/uploads\/00862_stamm_1.jpg","width":1000,"height":1000},{"@type":"BreadcrumbList","@id":"https:\/\/www.fint.is\/product\/rings-to-make-a-ring-sling\/#breadcrumb","itemListElement":[{"@type":"ListItem","position":1,"name":"Home","item":"https:\/\/www.fint.is\/"},{"@type":"ListItem","position":2,"name":"Shop","item":"https:\/\/www.fint.is\/is\/shop\/"},{"@type":"ListItem","position":3,"name":"Baby wearing","item":"https:\/\/www.fint.is\/en\/product-category\/baby-wearing\/"},{"@type":"ListItem","position":4,"name":"Rings to make a ring sling"}]},{"@type":"WebSite","@id":"https:\/\/www.fint.is\/is\/#website","url":"https:\/\/www.fint.is\/is\/","name":"F\u00ednt","description":"Barefoot sk\u00f3r, t\u00e1sokkar, og bur\u00f0arpokar","publisher":{"@id":"https:\/\/www.fint.is\/is\/#organization"},"alternateName":"f\u00ednt.is","potentialAction":[{"@type":"SearchAction","target":{"@type":"EntryPoint","urlTemplate":"https:\/\/www.fint.is\/is\/?s={search_term_string}"},"query-input":{"@type":"PropertyValueSpecification","valueRequired":true,"valueName":"search_term_string"}}],"inLanguage":"is"},{"@type":"Organization","@id":"https:\/\/www.fint.is\/is\/#organization","name":"F\u00ednt","alternateName":"Fint","url":"https:\/\/www.fint.is\/is\/","logo":{"@type":"ImageObject","inLanguage":"is","@id":"https:\/\/www.fint.is\/is\/#\/schema\/logo\/image\/","url":"https:\/\/www.fint.is\/wp-content\/uploads\/logo-colour-small-2.png","contentUrl":"https:\/\/www.fint.is\/wp-content\/uploads\/logo-colour-small-2.png","width":930,"height":711,"caption":"F\u00ednt"},"image":{"@id":"https:\/\/www.fint.is\/is\/#\/schema\/logo\/image\/"},"sameAs":["https:\/\/www.facebook.com\/100090983666893\/","https:\/\/www.instagram.com\/fint.verslun\/"]}]}},"_links":{"self":[{"href":"https:\/\/www.fint.is\/is\/wp-json\/wp\/v2\/product\/1995","targetHints":{"allow":["GET"]}}],"collection":[{"href":"https:\/\/www.fint.is\/is\/wp-json\/wp\/v2\/product"}],"about":[{"href":"https:\/\/www.fint.is\/is\/wp-json\/wp\/v2\/types\/product"}],"replies":[{"embeddable":true,"href":"https:\/\/www.fint.is\/is\/wp-json\/wp\/v2\/comments?post=1995"}],"wp:featuredmedia":[{"embeddable":true,"href":"https:\/\/www.fint.is\/is\/wp-json\/wp\/v2\/media\/1998"}],"wp:attachment":[{"href":"https:\/\/www.fint.is\/is\/wp-json\/wp\/v2\/media?parent=1995"}],"wp:term":[{"taxonomy":"product_brand","embeddable":true,"href":"https:\/\/www.fint.is\/is\/wp-json\/wp\/v2\/product_brand?post=1995"},{"taxonomy":"product_cat","embeddable":true,"href":"https:\/\/www.fint.is\/is\/wp-json\/wp\/v2\/product_cat?post=1995"},{"taxonomy":"product_tag","embeddable":true,"href":"https:\/\/www.fint.is\/is\/wp-json\/wp\/v2\/product_tag?post=1995"}],"curies":[{"name":"wp","href":"https:\/\/api.w.org\/{rel}","templated":true}]}}