{"id":191,"date":"2023-04-12T15:46:54","date_gmt":"2023-04-12T15:46:54","guid":{"rendered":"https:\/\/www.fint.is\/?post_type=product&#038;p=191"},"modified":"2026-02-26T17:02:39","modified_gmt":"2026-02-26T17:02:39","slug":"baby-wearing-pregnancy-coat-eco-wool-oslo","status":"publish","type":"product","link":"https:\/\/www.fint.is\/is\/product\/baby-wearing-pregnancy-coat-eco-wool-oslo\/","title":{"rendered":"Mamalila Baby Wearing &#038; Pregnancy Coat Wool Oslo &#8211; me\u00f0g\u00f6ngu \u00falpa"},"content":{"rendered":"<p>Mj\u00fak, l\u00edfr\u00e6n ull gerir \u00feessa fallegu k\u00e1pu einstaklega \u00fe\u00e6gilega og endingarg\u00f3\u00f0a fl\u00edk \u00ed hva\u00f0a fatask\u00e1p sem er, sem m\u00e1 vel nota lengi eftir a\u00f0 ma\u00f0ur er h\u00e6ttur a\u00f0 ganga um me\u00f0 b\u00f6rn \u00ed bur\u00f0arpoka. Innra lag k\u00e1punnar er vindhelt og \u00far l\u00edfr\u00e6nni b\u00f3mull. Eco Wool Oslo k\u00e1pan hentar jafn vel \u00e1 lei\u00f0inni me\u00f0 b\u00f6rnin \u00e1 leiksk\u00f3lann e\u00f0a \u00e1 lei\u00f0ini \u00ed f\u00edna veislu.<\/p>\n<div>\n<p>HELSTU ATRI\u00d0I<\/p>\n<ul>\n<li>L\u00edfr\u00e6n so\u00f0in ull<\/li>\n<li>Vindheld og hitajafnandi<\/li>\n<li>\u00de\u00e6gileg<\/li>\n<li>Fallegt sni\u00f0 sem hentar \u00e1 me\u00f0g\u00f6ngu, \u00feegar veri\u00f0 er a\u00f0 bera barn, og l\u00edka \u00e1n barns<\/li>\n<li>Innlegg me\u00f0 stillanlegri breidd<\/li>\n<\/ul>\n<p>EFNI<\/p>\n<ul>\n<li>N\u00e1tturuleg, l\u00edfr\u00e6n, so\u00f0in ull: Hl\u00fd, andar og hrindir fr\u00e1 s\u00e9r \u00f3hreinindum<\/li>\n<li>Vindheld og andandi f\u00f3\u00f0run \u00far l\u00edfr\u00e6nni b\u00f3mull<\/li>\n<li>Engin PFOS\/PFOA efni<\/li>\n<\/ul>\n<p>EIGINLEIKAR<\/p>\n<ul>\n<li>Vindv\u00f6rn vi\u00f0 h\u00e1lsinn \u00e1 barninu<\/li>\n<li>Uppbrettanlegur kragi fyrir \u00feann fullor\u00f0na<\/li>\n<li>Ermar eru lengri vi\u00f0 handarbak en vi\u00f0 l\u00f3fa<\/li>\n<li>Me\u00f0g\u00f6nguk\u00e1pa, bur\u00f0ark\u00e1pa, og g\u00f3\u00f0 ullark\u00e1pa \u00ed einni<\/li>\n<\/ul>\n<p>\u00deVOTTALEI\u00d0BEININGAR<\/p>\n<ul>\n<li>M\u00e1 a\u00f0eins \u00fevo \u00ed hand\u00fevotti e\u00f0a \u00feurrhreinsun<\/li>\n<li>Vi\u00f0 hand\u00fevott m\u00e1 a\u00f0eins nota \u00fevottaefni fyrir ull, s\u00ed\u00f0an skal leggja fl\u00edkina flata til \u00feerris. Ekki vinda!<\/li>\n<li>Ullin hrindir fr\u00e1 s\u00e9r \u00f3hreinindum, af \u00feeim s\u00f6kum \u00fearf sjaldan a\u00f0 \u00fevo k\u00e1puna<\/li>\n<\/ul>\n<p>ST\u00c6R\u00d0<\/p>\n<ul class=\"custom\">\n<li>Panta\u00f0u \u00fe\u00e1 st\u00e6r\u00f0 sem \u00fe\u00fa notar venjulega. Me\u00f0 jakkanum fylgja innlegg sem tryggja n\u00e6gt r\u00fdmi \u00e1 me\u00f0g\u00f6ngu og \u00feegar barn er bori\u00f0 \u00ed bur\u00f0arpoka e\u00f0a bur\u00f0arsjali (upp a\u00f0 u.\u00fe.b. 2 \u00e1ra aldri)<\/li>\n<li>\u00deegar \u00fe\u00fa \u00e1kve\u00f0ur hva\u00f0a st\u00e6r\u00f0 \u00fe\u00fa pantar getur l\u00edka veri\u00f0 gott a\u00f0 hugsa um hverju \u00fe\u00fa munt oftast vera \u00ed undir jakkanum, og hvort \u00fe\u00fa viljir frekar jakka sem er \u00ed \u00ferengri e\u00f0a v\u00ed\u00f0ari kantinum.<\/li>\n<\/ul>\n<\/div>\n<p>Mamalila jakkar eru framleiddir \u00ed st\u00e6r\u00f0unum XS-XXL. \u00de\u00f3 sni\u00f0in \u00e1 j\u00f6kkunum s\u00e9u \u00f3l\u00edk, samsvara \u00feessar st\u00e6r\u00f0ir almennt eftirfarandi t\u00f6lusettum st\u00e6r\u00f0um:<\/p>\n<div>\n<table>\n<tbody>\n<tr>\n<th>St\u00e6r\u00f0ir hj\u00e1 Mamalila<\/th>\n<th style=\"padding-left: 2em;\">Me\u00f0alst\u00e6r\u00f0<\/th>\n<\/tr>\n<tr>\n<td>XS<\/td>\n<td style=\"padding-left: 2em;\">36 (fits up to a height of +\/- 1.67cm)<\/td>\n<\/tr>\n<tr>\n<td>S<\/td>\n<td style=\"padding-left: 2em;\">38<\/td>\n<\/tr>\n<tr>\n<td>M<\/td>\n<td style=\"padding-left: 2em;\">40<\/td>\n<\/tr>\n<tr>\n<td>L<\/td>\n<td style=\"padding-left: 2em;\">42<\/td>\n<\/tr>\n<tr>\n<td>XL<\/td>\n<td style=\"padding-left: 2em;\">44<\/td>\n<\/tr>\n<tr>\n<td>XXL<\/td>\n<td style=\"padding-left: 2em;\">46<\/td>\n<\/tr>\n<\/tbody>\n<\/table>\n<p><span style=\"color: #f0f0f0;\">magapoki, bur\u00f0arpoki, bur\u00f0arsjal<span style=\"color: #ffffff;\">l, burdarpoki<\/span><\/span><\/p>\n<\/div>","protected":false},"excerpt":{"rendered":"<p>\u00deessi fallega k\u00e1pa \u00far mj\u00fakri, l\u00edfr\u00e6nni, ull er yndislega \u00fe\u00e6gileg. H\u00fan hefur klass\u00edskt sni\u00f0 sem fellur aldrei \u00far t\u00edsku.<\/p>","protected":false},"featured_media":725,"comment_status":"closed","ping_status":"closed","template":"","meta":[],"product_brand":[162],"product_cat":[42,20],"product_tag":[63,132,116,97,100,135,64],"class_list":{"0":"post-191","1":"product","2":"type-product","3":"status-publish","4":"has-post-thumbnail","6":"product_brand-mamalila","7":"product_cat-baby-wearing","8":"product_cat-jackets","9":"product_tag-baby-wearing","10":"product_tag-burdarpoka","11":"product_tag-burdarsjal","12":"product_tag-mamalila","13":"product_tag-medgongu-ulpa","14":"product_tag-not-winter","15":"product_tag-pregnancy-coat","16":"product_shipping_class-jacket","18":"first","19":"instock","20":"taxable","21":"shipping-taxable","22":"purchasable","23":"product-type-variable"},"yoast_head":"<!-- This site is optimized with the Yoast SEO plugin v27.5 - https:\/\/yoast.com\/product\/yoast-seo-wordpress\/ -->\n<title>Mamalila Oslo ullark\u00e1pa - F\u00ednt<\/title>\n<meta name=\"description\" content=\"Falleg og \u00fe\u00e6gileg k\u00e1pa \u00far l\u00edfr\u00e6nni ull fr\u00e1 Mamalila. Hentar jafnt sem bur\u00f0ark\u00e1pa utan um bur\u00f0arpoka e\u00f0a -sjal, sem me\u00f0g\u00f6nguk\u00e1pa, e\u00f0a sem \u201evenjuleg\u201c k\u00e1pa.\" \/>\n<meta name=\"robots\" content=\"index, follow, max-snippet:-1, max-image-preview:large, max-video-preview:-1\" \/>\n<link rel=\"canonical\" href=\"https:\/\/www.fint.is\/is\/product\/baby-wearing-pregnancy-coat-eco-wool-oslo\/\" \/>\n<meta property=\"og:locale\" content=\"is_IS\" \/>\n<meta property=\"og:type\" content=\"article\" \/>\n<meta property=\"og:title\" content=\"Mamalila Oslo ullark\u00e1pa - F\u00ednt\" \/>\n<meta property=\"og:description\" content=\"Falleg og \u00fe\u00e6gileg k\u00e1pa \u00far l\u00edfr\u00e6nni ull fr\u00e1 Mamalila. Hentar jafnt sem bur\u00f0ark\u00e1pa utan um bur\u00f0arpoka e\u00f0a -sjal, sem me\u00f0g\u00f6nguk\u00e1pa, e\u00f0a sem \u201evenjuleg\u201c k\u00e1pa.\" \/>\n<meta property=\"og:url\" content=\"https:\/\/www.fint.is\/is\/product\/baby-wearing-pregnancy-coat-eco-wool-oslo\/\" \/>\n<meta property=\"og:site_name\" content=\"F\u00ednt\" \/>\n<meta property=\"article:publisher\" content=\"https:\/\/www.facebook.com\/100090983666893\/\" \/>\n<meta property=\"article:modified_time\" content=\"2026-02-26T17:02:39+00:00\" \/>\n<meta property=\"og:image\" content=\"https:\/\/www.fint.is\/wp-content\/uploads\/Mamalila_EWJ_camel_d1.jpg\" \/>\n\t<meta property=\"og:image:width\" content=\"2000\" \/>\n\t<meta property=\"og:image:height\" content=\"2000\" \/>\n\t<meta property=\"og:image:type\" content=\"image\/jpeg\" \/>\n<script type=\"application\/ld+json\" class=\"yoast-schema-graph\">{\"@context\":\"https:\\\/\\\/schema.org\",\"@graph\":[{\"@type\":\"WebPage\",\"@id\":\"https:\\\/\\\/www.fint.is\\\/product\\\/baby-wearing-pregnancy-coat-eco-wool-oslo\\\/\",\"url\":\"https:\\\/\\\/www.fint.is\\\/product\\\/baby-wearing-pregnancy-coat-eco-wool-oslo\\\/\",\"name\":\"Mamalila Oslo ullark\u00e1pa - F\u00ednt\",\"isPartOf\":{\"@id\":\"https:\\\/\\\/www.fint.is\\\/is\\\/#website\"},\"primaryImageOfPage\":{\"@id\":\"https:\\\/\\\/www.fint.is\\\/product\\\/baby-wearing-pregnancy-coat-eco-wool-oslo\\\/#primaryimage\"},\"image\":{\"@id\":\"https:\\\/\\\/www.fint.is\\\/product\\\/baby-wearing-pregnancy-coat-eco-wool-oslo\\\/#primaryimage\"},\"thumbnailUrl\":\"https:\\\/\\\/www.fint.is\\\/wp-content\\\/uploads\\\/Mamalila_EWJ_camel_d1.jpg\",\"datePublished\":\"2023-04-12T15:46:54+00:00\",\"dateModified\":\"2026-02-26T17:02:39+00:00\",\"description\":\"Falleg og \u00fe\u00e6gileg k\u00e1pa \u00far l\u00edfr\u00e6nni ull fr\u00e1 Mamalila. Hentar jafnt sem bur\u00f0ark\u00e1pa utan um bur\u00f0arpoka e\u00f0a -sjal, sem me\u00f0g\u00f6nguk\u00e1pa, e\u00f0a sem \u201evenjuleg\u201c k\u00e1pa.\",\"breadcrumb\":{\"@id\":\"https:\\\/\\\/www.fint.is\\\/product\\\/baby-wearing-pregnancy-coat-eco-wool-oslo\\\/#breadcrumb\"},\"inLanguage\":\"is\",\"potentialAction\":[{\"@type\":\"ReadAction\",\"target\":[\"https:\\\/\\\/www.fint.is\\\/product\\\/baby-wearing-pregnancy-coat-eco-wool-oslo\\\/\"]}]},{\"@type\":\"ImageObject\",\"inLanguage\":\"is\",\"@id\":\"https:\\\/\\\/www.fint.is\\\/product\\\/baby-wearing-pregnancy-coat-eco-wool-oslo\\\/#primaryimage\",\"url\":\"https:\\\/\\\/www.fint.is\\\/wp-content\\\/uploads\\\/Mamalila_EWJ_camel_d1.jpg\",\"contentUrl\":\"https:\\\/\\\/www.fint.is\\\/wp-content\\\/uploads\\\/Mamalila_EWJ_camel_d1.jpg\",\"width\":2000,\"height\":2000},{\"@type\":\"BreadcrumbList\",\"@id\":\"https:\\\/\\\/www.fint.is\\\/product\\\/baby-wearing-pregnancy-coat-eco-wool-oslo\\\/#breadcrumb\",\"itemListElement\":[{\"@type\":\"ListItem\",\"position\":1,\"name\":\"Home\",\"item\":\"https:\\\/\\\/www.fint.is\\\/\"},{\"@type\":\"ListItem\",\"position\":2,\"name\":\"Shop\",\"item\":\"https:\\\/\\\/www.fint.is\\\/is\\\/shop\\\/\"},{\"@type\":\"ListItem\",\"position\":3,\"name\":\"Baby wearing\",\"item\":\"https:\\\/\\\/www.fint.is\\\/en\\\/product-category\\\/baby-wearing\\\/\"},{\"@type\":\"ListItem\",\"position\":4,\"name\":\"Mamalila Baby Wearing &#038; Pregnancy Coat Wool Oslo &#8211; me\u00f0g\u00f6ngu \u00falpa\"}]},{\"@type\":\"WebSite\",\"@id\":\"https:\\\/\\\/www.fint.is\\\/is\\\/#website\",\"url\":\"https:\\\/\\\/www.fint.is\\\/is\\\/\",\"name\":\"F\u00ednt\",\"description\":\"Barefoot sk\u00f3r, t\u00e1susokkar, og bur\u00f0arpokar\",\"publisher\":{\"@id\":\"https:\\\/\\\/www.fint.is\\\/is\\\/#organization\"},\"alternateName\":\"f\u00ednt.is\",\"potentialAction\":[{\"@type\":\"SearchAction\",\"target\":{\"@type\":\"EntryPoint\",\"urlTemplate\":\"https:\\\/\\\/www.fint.is\\\/is\\\/?s={search_term_string}\"},\"query-input\":{\"@type\":\"PropertyValueSpecification\",\"valueRequired\":true,\"valueName\":\"search_term_string\"}}],\"inLanguage\":\"is\"},{\"@type\":\"Organization\",\"@id\":\"https:\\\/\\\/www.fint.is\\\/is\\\/#organization\",\"name\":\"F\u00ednt\",\"alternateName\":\"Fint\",\"url\":\"https:\\\/\\\/www.fint.is\\\/is\\\/\",\"logo\":{\"@type\":\"ImageObject\",\"inLanguage\":\"is\",\"@id\":\"https:\\\/\\\/www.fint.is\\\/is\\\/#\\\/schema\\\/logo\\\/image\\\/\",\"url\":\"https:\\\/\\\/www.fint.is\\\/wp-content\\\/uploads\\\/logo-colour-small-2.png\",\"contentUrl\":\"https:\\\/\\\/www.fint.is\\\/wp-content\\\/uploads\\\/logo-colour-small-2.png\",\"width\":930,\"height\":711,\"caption\":\"F\u00ednt\"},\"image\":{\"@id\":\"https:\\\/\\\/www.fint.is\\\/is\\\/#\\\/schema\\\/logo\\\/image\\\/\"},\"sameAs\":[\"https:\\\/\\\/www.facebook.com\\\/100090983666893\\\/\",\"https:\\\/\\\/www.instagram.com\\\/fint.verslun\\\/\"]}]}<\/script>\n<!-- \/ Yoast SEO plugin. -->","yoast_head_json":{"title":"Mamalila Oslo ullark\u00e1pa - F\u00ednt","description":"Falleg og \u00fe\u00e6gileg k\u00e1pa \u00far l\u00edfr\u00e6nni ull fr\u00e1 Mamalila. Hentar jafnt sem bur\u00f0ark\u00e1pa utan um bur\u00f0arpoka e\u00f0a -sjal, sem me\u00f0g\u00f6nguk\u00e1pa, e\u00f0a sem \u201evenjuleg\u201c k\u00e1pa.","robots":{"index":"index","follow":"follow","max-snippet":"max-snippet:-1","max-image-preview":"max-image-preview:large","max-video-preview":"max-video-preview:-1"},"canonical":"https:\/\/www.fint.is\/is\/product\/baby-wearing-pregnancy-coat-eco-wool-oslo\/","og_locale":"is_IS","og_type":"article","og_title":"Mamalila Oslo ullark\u00e1pa - F\u00ednt","og_description":"Falleg og \u00fe\u00e6gileg k\u00e1pa \u00far l\u00edfr\u00e6nni ull fr\u00e1 Mamalila. Hentar jafnt sem bur\u00f0ark\u00e1pa utan um bur\u00f0arpoka e\u00f0a -sjal, sem me\u00f0g\u00f6nguk\u00e1pa, e\u00f0a sem \u201evenjuleg\u201c k\u00e1pa.","og_url":"https:\/\/www.fint.is\/is\/product\/baby-wearing-pregnancy-coat-eco-wool-oslo\/","og_site_name":"F\u00ednt","article_publisher":"https:\/\/www.facebook.com\/100090983666893\/","article_modified_time":"2026-02-26T17:02:39+00:00","og_image":[{"width":2000,"height":2000,"url":"https:\/\/www.fint.is\/wp-content\/uploads\/Mamalila_EWJ_camel_d1.jpg","type":"image\/jpeg"}],"schema":{"@context":"https:\/\/schema.org","@graph":[{"@type":"WebPage","@id":"https:\/\/www.fint.is\/product\/baby-wearing-pregnancy-coat-eco-wool-oslo\/","url":"https:\/\/www.fint.is\/product\/baby-wearing-pregnancy-coat-eco-wool-oslo\/","name":"Mamalila Oslo ullark\u00e1pa - F\u00ednt","isPartOf":{"@id":"https:\/\/www.fint.is\/is\/#website"},"primaryImageOfPage":{"@id":"https:\/\/www.fint.is\/product\/baby-wearing-pregnancy-coat-eco-wool-oslo\/#primaryimage"},"image":{"@id":"https:\/\/www.fint.is\/product\/baby-wearing-pregnancy-coat-eco-wool-oslo\/#primaryimage"},"thumbnailUrl":"https:\/\/www.fint.is\/wp-content\/uploads\/Mamalila_EWJ_camel_d1.jpg","datePublished":"2023-04-12T15:46:54+00:00","dateModified":"2026-02-26T17:02:39+00:00","description":"Falleg og \u00fe\u00e6gileg k\u00e1pa \u00far l\u00edfr\u00e6nni ull fr\u00e1 Mamalila. Hentar jafnt sem bur\u00f0ark\u00e1pa utan um bur\u00f0arpoka e\u00f0a -sjal, sem me\u00f0g\u00f6nguk\u00e1pa, e\u00f0a sem \u201evenjuleg\u201c k\u00e1pa.","breadcrumb":{"@id":"https:\/\/www.fint.is\/product\/baby-wearing-pregnancy-coat-eco-wool-oslo\/#breadcrumb"},"inLanguage":"is","potentialAction":[{"@type":"ReadAction","target":["https:\/\/www.fint.is\/product\/baby-wearing-pregnancy-coat-eco-wool-oslo\/"]}]},{"@type":"ImageObject","inLanguage":"is","@id":"https:\/\/www.fint.is\/product\/baby-wearing-pregnancy-coat-eco-wool-oslo\/#primaryimage","url":"https:\/\/www.fint.is\/wp-content\/uploads\/Mamalila_EWJ_camel_d1.jpg","contentUrl":"https:\/\/www.fint.is\/wp-content\/uploads\/Mamalila_EWJ_camel_d1.jpg","width":2000,"height":2000},{"@type":"BreadcrumbList","@id":"https:\/\/www.fint.is\/product\/baby-wearing-pregnancy-coat-eco-wool-oslo\/#breadcrumb","itemListElement":[{"@type":"ListItem","position":1,"name":"Home","item":"https:\/\/www.fint.is\/"},{"@type":"ListItem","position":2,"name":"Shop","item":"https:\/\/www.fint.is\/is\/shop\/"},{"@type":"ListItem","position":3,"name":"Baby wearing","item":"https:\/\/www.fint.is\/en\/product-category\/baby-wearing\/"},{"@type":"ListItem","position":4,"name":"Mamalila Baby Wearing &#038; Pregnancy Coat Wool Oslo &#8211; me\u00f0g\u00f6ngu \u00falpa"}]},{"@type":"WebSite","@id":"https:\/\/www.fint.is\/is\/#website","url":"https:\/\/www.fint.is\/is\/","name":"F\u00ednt","description":"Barefoot sk\u00f3r, t\u00e1sokkar, og bur\u00f0arpokar","publisher":{"@id":"https:\/\/www.fint.is\/is\/#organization"},"alternateName":"f\u00ednt.is","potentialAction":[{"@type":"SearchAction","target":{"@type":"EntryPoint","urlTemplate":"https:\/\/www.fint.is\/is\/?s={search_term_string}"},"query-input":{"@type":"PropertyValueSpecification","valueRequired":true,"valueName":"search_term_string"}}],"inLanguage":"is"},{"@type":"Organization","@id":"https:\/\/www.fint.is\/is\/#organization","name":"F\u00ednt","alternateName":"Fint","url":"https:\/\/www.fint.is\/is\/","logo":{"@type":"ImageObject","inLanguage":"is","@id":"https:\/\/www.fint.is\/is\/#\/schema\/logo\/image\/","url":"https:\/\/www.fint.is\/wp-content\/uploads\/logo-colour-small-2.png","contentUrl":"https:\/\/www.fint.is\/wp-content\/uploads\/logo-colour-small-2.png","width":930,"height":711,"caption":"F\u00ednt"},"image":{"@id":"https:\/\/www.fint.is\/is\/#\/schema\/logo\/image\/"},"sameAs":["https:\/\/www.facebook.com\/100090983666893\/","https:\/\/www.instagram.com\/fint.verslun\/"]}]}},"_links":{"self":[{"href":"https:\/\/www.fint.is\/is\/wp-json\/wp\/v2\/product\/191","targetHints":{"allow":["GET"]}}],"collection":[{"href":"https:\/\/www.fint.is\/is\/wp-json\/wp\/v2\/product"}],"about":[{"href":"https:\/\/www.fint.is\/is\/wp-json\/wp\/v2\/types\/product"}],"replies":[{"embeddable":true,"href":"https:\/\/www.fint.is\/is\/wp-json\/wp\/v2\/comments?post=191"}],"wp:featuredmedia":[{"embeddable":true,"href":"https:\/\/www.fint.is\/is\/wp-json\/wp\/v2\/media\/725"}],"wp:attachment":[{"href":"https:\/\/www.fint.is\/is\/wp-json\/wp\/v2\/media?parent=191"}],"wp:term":[{"taxonomy":"product_brand","embeddable":true,"href":"https:\/\/www.fint.is\/is\/wp-json\/wp\/v2\/product_brand?post=191"},{"taxonomy":"product_cat","embeddable":true,"href":"https:\/\/www.fint.is\/is\/wp-json\/wp\/v2\/product_cat?post=191"},{"taxonomy":"product_tag","embeddable":true,"href":"https:\/\/www.fint.is\/is\/wp-json\/wp\/v2\/product_tag?post=191"}],"curies":[{"name":"wp","href":"https:\/\/api.w.org\/{rel}","templated":true}]}}