{"id":1788,"date":"2024-02-09T15:28:34","date_gmt":"2024-02-09T15:28:34","guid":{"rendered":"https:\/\/www.fint.is\/?post_type=product&#038;p=1788"},"modified":"2026-02-28T22:31:31","modified_gmt":"2026-02-28T22:31:31","slug":"koel-faro","status":"publish","type":"product","link":"https:\/\/www.fint.is\/is\/product\/koel-faro\/","title":{"rendered":"Koel Faro &#8211; barefoot sk\u00f3r"},"content":{"rendered":"<div>\n<p><strong>Hver segir a\u00f0 kuldask\u00f3r geti ekki veri\u00f0 b\u00e6\u00f0i flottir og \u00fe\u00e6gilegir?<\/strong> Faro fr\u00e1 Koel eru s\u00e9rlega vel hanna\u00f0ir barefoot kuldask\u00f3r sem henta vel vi\u00f0 \u00edslenskar a\u00f0st\u00e6\u00f0ur. \u00deeir eru mj\u00f6g hl\u00fdir, f\u00f3\u00f0ra\u00f0ir me\u00f0 lambsull, og \u00far hydro le\u00f0ri sem hrindir fr\u00e1 s\u00e9r vatni og heldur f\u00f3tunum \u00feurrum. S\u00f3linn \u00e1 Faro er stamur og hentar \u00feannig vel \u00ed h\u00e1lku, framleiddur \u00far 100% n\u00e1tt\u00farulegu g\u00famm\u00edi og 0,5cm \u00feykkur. Faro hafa b\u00e6\u00f0i reimar og rennil\u00e1s: Reimarnar tryggja a\u00f0 \u00feeir laga sig vel a\u00f0 \u00f6kklanum, en rennil\u00e1sinn gerir \u00fea\u00f0 einfalt a\u00f0 fara \u00ed og \u00far.<\/p>\n<p>Til \u00feess a\u00f0 hreinsa sk\u00f3na a\u00f0 utan er best a\u00f0 nota rakan kl\u00fat.<\/p>\n<h3>Efni:<\/h3>\n<ul class=\"ul1\">\n<li class=\"li3\">Efra lag: Hydro le\u00f0ur<\/li>\n<li class=\"li3\">F\u00f3\u00f0run: Lambsull<\/li>\n<li class=\"li3\">S\u00f3li: 100% n\u00e1tt\u00farulegt g\u00famm\u00ed<\/li>\n<li class=\"li3\">\u00a0Inns\u00f3li: \u00dar endurunnu efni, h\u00e6gt a\u00f0 skipta \u00fat<\/li>\n<li class=\"li3\">Lokun: Reimar og rennil\u00e1s<\/li>\n<li class=\"li3\">Flatur s\u00f3li: 0,5cm<\/li>\n<\/ul>\n<h3>Eiginleikar:<\/h3>\n<p><b><img loading=\"lazy\" decoding=\"async\" src=\"https:\/\/cdn.shopify.com\/s\/files\/1\/0577\/1067\/4091\/files\/FlatSolepng_480x480.png?v=1679079721\" alt=\"\" width=\"74\" height=\"74\" \/>\u00a0 \u00a0\u00a0<img loading=\"lazy\" decoding=\"async\" src=\"https:\/\/cdn.shopify.com\/s\/files\/1\/0577\/1067\/4091\/files\/Comfortpng_480x480.png?v=1679079728\" alt=\"\" width=\"78\" height=\"78\" \/>\u00a0\u00a0\u00a0\u00a0<img loading=\"lazy\" decoding=\"async\" src=\"https:\/\/cdn.shopify.com\/s\/files\/1\/0577\/1067\/4091\/files\/AntiSlippng_480x480.png?v=1679080048\" alt=\"\" width=\"73\" height=\"73\" \/>\u00a0 \u00a0<img loading=\"lazy\" decoding=\"async\" src=\"https:\/\/cdn.shopify.com\/s\/files\/1\/0577\/1067\/4091\/files\/Eco_Friendlypng_480x480.png?v=1686665917\" alt=\"\" width=\"77\" height=\"77\" \/>\u00a0 \u00a0<img loading=\"lazy\" decoding=\"async\" src=\"https:\/\/cdn.shopify.com\/s\/files\/1\/0577\/1067\/4091\/files\/Fit_Widepng_480x480.png?v=1686665917\" alt=\"\" width=\"77\" height=\"77\" \/><\/b><\/p>\n<p>&nbsp;<\/p>\n<h3>Um Koel:<\/h3>\n<p>Koel leggur \u00e1herslu \u00e1 g\u00e6\u00f0i, g\u00f3\u00f0 sni\u00f0, n\u00fdsk\u00f6pun, h\u00f6nnun og sj\u00e1lfb\u00e6rni. Sk\u00f3rnir fr\u00e1 Koel eru hanna\u00f0ir og framleiddir \u00ed port\u00fagal og byggja \u00e1 langri reynslu \u00ed \u00fev\u00ed a\u00f0 b\u00faa til s\u00f3la sem endast, \u00e1samt n\u00fdjustu \u00feekkingu \u00e1 sj\u00e1lfb\u00e6rum efnum og sk\u00f3m sem passa vel.<\/p>\n<\/div>","protected":false},"excerpt":{"rendered":"<p>Faro eru kuldask\u00f3r fr\u00e1 Koel sem eru hl\u00fdjir, hrinda fr\u00e1 s\u00e9r vatni, og hafa b\u00e6\u00f0i reimar og rennil\u00e1s.<\/p>","protected":false},"featured_media":3484,"comment_status":"closed","ping_status":"closed","template":"","meta":[],"product_brand":[161],"product_cat":[39,35],"product_tag":[133,109,167,117],"class_list":{"0":"post-1788","1":"product","2":"type-product","3":"status-publish","4":"has-post-thumbnail","6":"product_brand-koel","7":"product_cat-adult","8":"product_cat-shoes","9":"product_tag-barefoot-kuldaskor","10":"product_tag-koel","11":"product_tag-winter","12":"product_tag-winter-barefoot-shoes","13":"product_shipping_class-adult-shoes","15":"first","16":"instock","17":"taxable","18":"shipping-taxable","19":"purchasable","20":"product-type-variable"},"yoast_head":"<!-- This site is optimized with the Yoast SEO plugin v27.3 - https:\/\/yoast.com\/product\/yoast-seo-wordpress\/ -->\n<title>Koel Faro - barefoot sk\u00f3r - Barefoot kuldask\u00f3r - F\u00ednt<\/title>\n<meta name=\"description\" content=\"Faro eru barefoot kuldask\u00f3r fr\u00e1 F\u00ednt. \u00deeir eru hl\u00fdjir og hrinda fr\u00e1 s\u00e9r vatni. Sk\u00f3rnir hafa b\u00e6\u00f0i reimar og rennil\u00e1s, \u00feannig a\u00f0 au\u00f0velt er a\u00f0 fara \u00ed \u00fe\u00e1 og \u00far \u00feeim.\" \/>\n<meta name=\"robots\" content=\"index, follow, max-snippet:-1, max-image-preview:large, max-video-preview:-1\" \/>\n<link rel=\"canonical\" href=\"https:\/\/www.fint.is\/is\/product\/koel-faro\/\" \/>\n<meta property=\"og:locale\" content=\"is_IS\" \/>\n<meta property=\"og:type\" content=\"article\" \/>\n<meta property=\"og:title\" content=\"Koel Faro - barefoot sk\u00f3r - Barefoot kuldask\u00f3r - F\u00ednt\" \/>\n<meta property=\"og:description\" content=\"Faro eru barefoot kuldask\u00f3r fr\u00e1 F\u00ednt. \u00deeir eru hl\u00fdjir og hrinda fr\u00e1 s\u00e9r vatni. Sk\u00f3rnir hafa b\u00e6\u00f0i reimar og rennil\u00e1s, \u00feannig a\u00f0 au\u00f0velt er a\u00f0 fara \u00ed \u00fe\u00e1 og \u00far \u00feeim.\" \/>\n<meta property=\"og:url\" content=\"https:\/\/www.fint.is\/is\/product\/koel-faro\/\" \/>\n<meta property=\"og:site_name\" content=\"F\u00ednt\" \/>\n<meta property=\"article:publisher\" content=\"https:\/\/www.facebook.com\/100090983666893\/\" \/>\n<meta property=\"article:modified_time\" content=\"2026-02-28T22:31:31+00:00\" \/>\n<meta property=\"og:image\" content=\"https:\/\/www.fint.is\/wp-content\/uploads\/08L008.237-000_1.jpg-scaled.webp\" \/>\n\t<meta property=\"og:image:width\" content=\"2560\" \/>\n\t<meta property=\"og:image:height\" content=\"2560\" \/>\n\t<meta property=\"og:image:type\" content=\"image\/webp\" \/>\n<script type=\"application\/ld+json\" class=\"yoast-schema-graph\">{\"@context\":\"https:\\\/\\\/schema.org\",\"@graph\":[{\"@type\":\"WebPage\",\"@id\":\"https:\\\/\\\/www.fint.is\\\/product\\\/koel-faro\\\/\",\"url\":\"https:\\\/\\\/www.fint.is\\\/product\\\/koel-faro\\\/\",\"name\":\"Koel Faro - barefoot sk\u00f3r - Barefoot kuldask\u00f3r - F\u00ednt\",\"isPartOf\":{\"@id\":\"https:\\\/\\\/www.fint.is\\\/is\\\/#website\"},\"primaryImageOfPage\":{\"@id\":\"https:\\\/\\\/www.fint.is\\\/product\\\/koel-faro\\\/#primaryimage\"},\"image\":{\"@id\":\"https:\\\/\\\/www.fint.is\\\/product\\\/koel-faro\\\/#primaryimage\"},\"thumbnailUrl\":\"https:\\\/\\\/www.fint.is\\\/wp-content\\\/uploads\\\/08L008.237-000_1.jpg-scaled.webp\",\"datePublished\":\"2024-02-09T15:28:34+00:00\",\"dateModified\":\"2026-02-28T22:31:31+00:00\",\"description\":\"Faro eru barefoot kuldask\u00f3r fr\u00e1 F\u00ednt. \u00deeir eru hl\u00fdjir og hrinda fr\u00e1 s\u00e9r vatni. Sk\u00f3rnir hafa b\u00e6\u00f0i reimar og rennil\u00e1s, \u00feannig a\u00f0 au\u00f0velt er a\u00f0 fara \u00ed \u00fe\u00e1 og \u00far \u00feeim.\",\"breadcrumb\":{\"@id\":\"https:\\\/\\\/www.fint.is\\\/product\\\/koel-faro\\\/#breadcrumb\"},\"inLanguage\":\"is\",\"potentialAction\":[{\"@type\":\"ReadAction\",\"target\":[\"https:\\\/\\\/www.fint.is\\\/product\\\/koel-faro\\\/\"]}]},{\"@type\":\"ImageObject\",\"inLanguage\":\"is\",\"@id\":\"https:\\\/\\\/www.fint.is\\\/product\\\/koel-faro\\\/#primaryimage\",\"url\":\"https:\\\/\\\/www.fint.is\\\/wp-content\\\/uploads\\\/08L008.237-000_1.jpg-scaled.webp\",\"contentUrl\":\"https:\\\/\\\/www.fint.is\\\/wp-content\\\/uploads\\\/08L008.237-000_1.jpg-scaled.webp\",\"width\":2560,\"height\":2560},{\"@type\":\"BreadcrumbList\",\"@id\":\"https:\\\/\\\/www.fint.is\\\/product\\\/koel-faro\\\/#breadcrumb\",\"itemListElement\":[{\"@type\":\"ListItem\",\"position\":1,\"name\":\"Home\",\"item\":\"https:\\\/\\\/www.fint.is\\\/\"},{\"@type\":\"ListItem\",\"position\":2,\"name\":\"Shop\",\"item\":\"https:\\\/\\\/www.fint.is\\\/is\\\/shop\\\/\"},{\"@type\":\"ListItem\",\"position\":3,\"name\":\"Barefoot shoes\",\"item\":\"https:\\\/\\\/www.fint.is\\\/is\\\/product-category\\\/shoes\\\/\"},{\"@type\":\"ListItem\",\"position\":4,\"name\":\"Adult's barefoot shoes\",\"item\":\"https:\\\/\\\/www.fint.is\\\/product-category\\\/shoes\\\/adult\\\/\"},{\"@type\":\"ListItem\",\"position\":5,\"name\":\"Koel Faro &#8211; barefoot sk\u00f3r\"}]},{\"@type\":\"WebSite\",\"@id\":\"https:\\\/\\\/www.fint.is\\\/is\\\/#website\",\"url\":\"https:\\\/\\\/www.fint.is\\\/is\\\/\",\"name\":\"F\u00ednt\",\"description\":\"Barefoot sk\u00f3r, t\u00e1susokkar, og bur\u00f0arpokar\",\"publisher\":{\"@id\":\"https:\\\/\\\/www.fint.is\\\/is\\\/#organization\"},\"alternateName\":\"f\u00ednt.is\",\"potentialAction\":[{\"@type\":\"SearchAction\",\"target\":{\"@type\":\"EntryPoint\",\"urlTemplate\":\"https:\\\/\\\/www.fint.is\\\/is\\\/?s={search_term_string}\"},\"query-input\":{\"@type\":\"PropertyValueSpecification\",\"valueRequired\":true,\"valueName\":\"search_term_string\"}}],\"inLanguage\":\"is\"},{\"@type\":\"Organization\",\"@id\":\"https:\\\/\\\/www.fint.is\\\/is\\\/#organization\",\"name\":\"F\u00ednt\",\"alternateName\":\"Fint\",\"url\":\"https:\\\/\\\/www.fint.is\\\/is\\\/\",\"logo\":{\"@type\":\"ImageObject\",\"inLanguage\":\"is\",\"@id\":\"https:\\\/\\\/www.fint.is\\\/is\\\/#\\\/schema\\\/logo\\\/image\\\/\",\"url\":\"https:\\\/\\\/www.fint.is\\\/wp-content\\\/uploads\\\/logo-colour-small-2.png\",\"contentUrl\":\"https:\\\/\\\/www.fint.is\\\/wp-content\\\/uploads\\\/logo-colour-small-2.png\",\"width\":930,\"height\":711,\"caption\":\"F\u00ednt\"},\"image\":{\"@id\":\"https:\\\/\\\/www.fint.is\\\/is\\\/#\\\/schema\\\/logo\\\/image\\\/\"},\"sameAs\":[\"https:\\\/\\\/www.facebook.com\\\/100090983666893\\\/\",\"https:\\\/\\\/www.instagram.com\\\/fint.verslun\\\/\"]}]}<\/script>\n<!-- \/ Yoast SEO plugin. -->","yoast_head_json":{"title":"Koel Faro - barefoot sk\u00f3r - Barefoot kuldask\u00f3r - F\u00ednt","description":"Faro eru barefoot kuldask\u00f3r fr\u00e1 F\u00ednt. \u00deeir eru hl\u00fdjir og hrinda fr\u00e1 s\u00e9r vatni. Sk\u00f3rnir hafa b\u00e6\u00f0i reimar og rennil\u00e1s, \u00feannig a\u00f0 au\u00f0velt er a\u00f0 fara \u00ed \u00fe\u00e1 og \u00far \u00feeim.","robots":{"index":"index","follow":"follow","max-snippet":"max-snippet:-1","max-image-preview":"max-image-preview:large","max-video-preview":"max-video-preview:-1"},"canonical":"https:\/\/www.fint.is\/is\/product\/koel-faro\/","og_locale":"is_IS","og_type":"article","og_title":"Koel Faro - barefoot sk\u00f3r - Barefoot kuldask\u00f3r - F\u00ednt","og_description":"Faro eru barefoot kuldask\u00f3r fr\u00e1 F\u00ednt. \u00deeir eru hl\u00fdjir og hrinda fr\u00e1 s\u00e9r vatni. Sk\u00f3rnir hafa b\u00e6\u00f0i reimar og rennil\u00e1s, \u00feannig a\u00f0 au\u00f0velt er a\u00f0 fara \u00ed \u00fe\u00e1 og \u00far \u00feeim.","og_url":"https:\/\/www.fint.is\/is\/product\/koel-faro\/","og_site_name":"F\u00ednt","article_publisher":"https:\/\/www.facebook.com\/100090983666893\/","article_modified_time":"2026-02-28T22:31:31+00:00","og_image":[{"width":2560,"height":2560,"url":"https:\/\/www.fint.is\/wp-content\/uploads\/08L008.237-000_1.jpg-scaled.webp","type":"image\/webp"}],"schema":{"@context":"https:\/\/schema.org","@graph":[{"@type":"WebPage","@id":"https:\/\/www.fint.is\/product\/koel-faro\/","url":"https:\/\/www.fint.is\/product\/koel-faro\/","name":"Koel Faro - barefoot sk\u00f3r - Barefoot kuldask\u00f3r - F\u00ednt","isPartOf":{"@id":"https:\/\/www.fint.is\/is\/#website"},"primaryImageOfPage":{"@id":"https:\/\/www.fint.is\/product\/koel-faro\/#primaryimage"},"image":{"@id":"https:\/\/www.fint.is\/product\/koel-faro\/#primaryimage"},"thumbnailUrl":"https:\/\/www.fint.is\/wp-content\/uploads\/08L008.237-000_1.jpg-scaled.webp","datePublished":"2024-02-09T15:28:34+00:00","dateModified":"2026-02-28T22:31:31+00:00","description":"Faro eru barefoot kuldask\u00f3r fr\u00e1 F\u00ednt. \u00deeir eru hl\u00fdjir og hrinda fr\u00e1 s\u00e9r vatni. Sk\u00f3rnir hafa b\u00e6\u00f0i reimar og rennil\u00e1s, \u00feannig a\u00f0 au\u00f0velt er a\u00f0 fara \u00ed \u00fe\u00e1 og \u00far \u00feeim.","breadcrumb":{"@id":"https:\/\/www.fint.is\/product\/koel-faro\/#breadcrumb"},"inLanguage":"is","potentialAction":[{"@type":"ReadAction","target":["https:\/\/www.fint.is\/product\/koel-faro\/"]}]},{"@type":"ImageObject","inLanguage":"is","@id":"https:\/\/www.fint.is\/product\/koel-faro\/#primaryimage","url":"https:\/\/www.fint.is\/wp-content\/uploads\/08L008.237-000_1.jpg-scaled.webp","contentUrl":"https:\/\/www.fint.is\/wp-content\/uploads\/08L008.237-000_1.jpg-scaled.webp","width":2560,"height":2560},{"@type":"BreadcrumbList","@id":"https:\/\/www.fint.is\/product\/koel-faro\/#breadcrumb","itemListElement":[{"@type":"ListItem","position":1,"name":"Home","item":"https:\/\/www.fint.is\/"},{"@type":"ListItem","position":2,"name":"Shop","item":"https:\/\/www.fint.is\/is\/shop\/"},{"@type":"ListItem","position":3,"name":"Barefoot shoes","item":"https:\/\/www.fint.is\/is\/product-category\/shoes\/"},{"@type":"ListItem","position":4,"name":"Adult's barefoot shoes","item":"https:\/\/www.fint.is\/product-category\/shoes\/adult\/"},{"@type":"ListItem","position":5,"name":"Koel Faro &#8211; barefoot sk\u00f3r"}]},{"@type":"WebSite","@id":"https:\/\/www.fint.is\/is\/#website","url":"https:\/\/www.fint.is\/is\/","name":"F\u00ednt","description":"Barefoot sk\u00f3r, t\u00e1sokkar, og bur\u00f0arpokar","publisher":{"@id":"https:\/\/www.fint.is\/is\/#organization"},"alternateName":"f\u00ednt.is","potentialAction":[{"@type":"SearchAction","target":{"@type":"EntryPoint","urlTemplate":"https:\/\/www.fint.is\/is\/?s={search_term_string}"},"query-input":{"@type":"PropertyValueSpecification","valueRequired":true,"valueName":"search_term_string"}}],"inLanguage":"is"},{"@type":"Organization","@id":"https:\/\/www.fint.is\/is\/#organization","name":"F\u00ednt","alternateName":"Fint","url":"https:\/\/www.fint.is\/is\/","logo":{"@type":"ImageObject","inLanguage":"is","@id":"https:\/\/www.fint.is\/is\/#\/schema\/logo\/image\/","url":"https:\/\/www.fint.is\/wp-content\/uploads\/logo-colour-small-2.png","contentUrl":"https:\/\/www.fint.is\/wp-content\/uploads\/logo-colour-small-2.png","width":930,"height":711,"caption":"F\u00ednt"},"image":{"@id":"https:\/\/www.fint.is\/is\/#\/schema\/logo\/image\/"},"sameAs":["https:\/\/www.facebook.com\/100090983666893\/","https:\/\/www.instagram.com\/fint.verslun\/"]}]}},"_links":{"self":[{"href":"https:\/\/www.fint.is\/is\/wp-json\/wp\/v2\/product\/1788","targetHints":{"allow":["GET"]}}],"collection":[{"href":"https:\/\/www.fint.is\/is\/wp-json\/wp\/v2\/product"}],"about":[{"href":"https:\/\/www.fint.is\/is\/wp-json\/wp\/v2\/types\/product"}],"replies":[{"embeddable":true,"href":"https:\/\/www.fint.is\/is\/wp-json\/wp\/v2\/comments?post=1788"}],"wp:featuredmedia":[{"embeddable":true,"href":"https:\/\/www.fint.is\/is\/wp-json\/wp\/v2\/media\/3484"}],"wp:attachment":[{"href":"https:\/\/www.fint.is\/is\/wp-json\/wp\/v2\/media?parent=1788"}],"wp:term":[{"taxonomy":"product_brand","embeddable":true,"href":"https:\/\/www.fint.is\/is\/wp-json\/wp\/v2\/product_brand?post=1788"},{"taxonomy":"product_cat","embeddable":true,"href":"https:\/\/www.fint.is\/is\/wp-json\/wp\/v2\/product_cat?post=1788"},{"taxonomy":"product_tag","embeddable":true,"href":"https:\/\/www.fint.is\/is\/wp-json\/wp\/v2\/product_tag?post=1788"}],"curies":[{"name":"wp","href":"https:\/\/api.w.org\/{rel}","templated":true}]}}