{"id":1763,"date":"2024-02-06T20:39:28","date_gmt":"2024-02-06T20:39:28","guid":{"rendered":"https:\/\/www.fint.is\/?post_type=product&#038;p=1763"},"modified":"2026-02-26T17:02:35","modified_gmt":"2026-02-26T17:02:35","slug":"bykay-mei-tai","status":"publish","type":"product","link":"https:\/\/www.fint.is\/is\/product\/bykay-mei-tai\/","title":{"rendered":"ByKay half-buckle- bur\u00f0arpoki"},"content":{"rendered":"<div>\n<p>Mei Tai er eins konar blanda af bur\u00f0arpoka og bur\u00f0arsjali. \u00dea\u00f0 b\u00fd\u00f0ur upp \u00e1 \u00fe\u00e6gindin sem fylgja bur\u00f0arsjali en er jafnframt einfalt \u00ed notkun l\u00edkt og bur\u00f0arpoki!<\/p>\n<p>Mei Tai fr\u00e1 BeKay er h\u00e6gt a\u00f0 f\u00e1 anna\u00f0 hvort me\u00f0 f\u00f3\u00f0ru\u00f0u mittisbelti sem er fest me\u00f0 sylgju. Axlar\u00f3larnar er s\u00ed\u00f0an h\u00e6gt a\u00f0 vefja og hn\u00fdta a\u00f0 vild, eftir \u00fev\u00ed hva\u00f0 hentar best. \u00deetta hentar s\u00e9rstaklega vel \u00feegar nota \u00e1 Mei Tai fyrir m\u00f6rg b\u00f6rn, e\u00f0a \u00feegar mismunandi a\u00f0ilar nota Mei Tai til a\u00f0 bera b\u00f6rn \u00ed, en \u00fe\u00e1 \u00fearf ekki st\u00f6\u00f0ugt a\u00f0 vera a\u00f0 breyta stillingum.<\/p>\n<p>Mei Tai fr\u00e1 BeKay m\u00e1 nota til \u00feess a\u00f0 bera b\u00f6rn a\u00f0 framan, \u00e1 mj\u00f6\u00f0m e\u00f0a \u00e1 baki, og hentar fyrir b\u00f6rn fr\u00e1 f\u00e6\u00f0ingu upp \u00ed 23kg e\u00f0a um 3 \u00e1ra aldur. Axlar\u00f3larnar eru brei\u00f0ar og dreifa \u00feyngdinni vel um axlir og bak. \u00de\u00e1 er l\u00edka hetta \u00e1 Mei Tai sem hentar b\u00e6\u00f0i \u00feegar barni\u00f0 sefur, en m\u00e1 l\u00edka r\u00falla upp til \u00feess a\u00f0 veita aukastu\u00f0ning vi\u00f0 h\u00e1ls. \u00de\u00e1 fylgja l\u00edka f\u00f3\u00f0ra\u00f0ar axlar\u00f3lar me\u00f0, sem h\u00e6gt er a\u00f0 setja \u00e1 til \u00feess a\u00f0 auka \u00e1 \u00fe\u00e6gindi til a\u00f0 mynda \u00feegar \u00feyngri b\u00f6rn eru borin e\u00f0a b\u00f6rn eru borin \u00e1 bakinu.<\/p>\n<p>Stilla m\u00e1 h\u00e6\u00f0ina \u00e1 stykkinu sem liggur \u00e1 baki barnsins me\u00f0 \u00fev\u00ed a\u00f0 r\u00falla \u00fev\u00ed upp, og breiddina m\u00e1 stilla me\u00f0 smellum. \u00deannig er h\u00e6gt a\u00f0 laga \u00feetta Mei Tai a\u00f0 st\u00e6r\u00f0 barnsins.<\/p>\n<p>Mei Tai fr\u00e1 ByKay er \u00far l\u00edfr\u00e6nni b\u00f3mull.<\/p>\n<h3><span style=\"color: #993300;\">Um ByKay<\/span><\/h3>\n<p>ByKay er hollenskt fyrirt\u00e6ki sem framlei\u00f0ir erg\u00f3n\u00f3m\u00edska bur\u00f0arpoka og bur\u00f0arsj\u00f6l. \u00deau leggja \u00e1herslu \u00e1 sj\u00e1lfb\u00e6rni, me\u00f0al annars me\u00f0 \u00fev\u00ed a\u00f0 nota l\u00edfr\u00e6na b\u00f3mull og endurunninn papp\u00edr, og planta trj\u00e1m fyrir allan papp\u00edr sem \u00feau nota. ByKay hefur unni\u00f0 til \u00fdmissa h\u00f6nnunarver\u00f0launa.<\/p>\n<p>Vottanir<\/p>\n<ul>\n<li>Hip Dysplasia Institute<\/li>\n<li>OEKOtex 100<\/li>\n<li>Evr\u00f3pa: EN13209-2 og CEN\/TR 16512<\/li>\n<li>Bandar\u00edkin: ASTM, CPSIA og ISO<\/li>\n<\/ul>\n<p><span style=\"color: #f0f0f0;\">magapoki, bur\u00f0arpoki, bur\u00f0arsjal<span style=\"color: #ffffff;\">l, burdarpoki<\/span><\/span><\/p>\n<\/div>","protected":false},"excerpt":{"rendered":"<p>Mei Tai er h\u00e6gt a\u00f0 nota til \u00feess a\u00f0 bera b\u00f6rn framan \u00e1, aftan \u00e1, og \u00e1 mj\u00f6\u00f0m, og hentar fr\u00e1 n\u00fdf\u00e6ddum upp \u00ed leiksk\u00f3lakrakka.<\/p>","protected":false},"featured_media":1776,"comment_status":"closed","ping_status":"closed","template":"","meta":[],"product_brand":[165],"product_cat":[42,21],"product_tag":[144,62,132,116,128,131,143,135,141],"class_list":{"0":"post-1763","1":"product","2":"type-product","3":"status-publish","4":"has-post-thumbnail","6":"product_brand-bykay","7":"product_cat-baby-wearing","8":"product_cat-carry-bags-wraps-burdarpokar","9":"product_tag-baby","10":"product_tag-baby-carrier","11":"product_tag-burdarpoka","12":"product_tag-burdarsjal","13":"product_tag-bykay","14":"product_tag-carrier","15":"product_tag-half-buckle","16":"product_tag-not-winter","17":"product_tag-toddler","19":"first","20":"instock","21":"taxable","22":"shipping-taxable","23":"purchasable","24":"product-type-variable"},"yoast_head":"<!-- This site is optimized with the Yoast SEO plugin v27.5 - https:\/\/yoast.com\/product\/yoast-seo-wordpress\/ -->\n<title>ByKay half-buckle- bur\u00f0arpoki - F\u00ednt<\/title>\n<meta name=\"description\" content=\"Mei Tai m\u00e1 nota til \u00feess a\u00f0 bera b\u00f6rn fr\u00e1 f\u00e6\u00f0ingu til um 3 \u00e1ra aldurs, jafnt a\u00f0 framan, \u00e1 hli\u00f0 og \u00e1 baki.\" \/>\n<meta name=\"robots\" content=\"index, follow, max-snippet:-1, max-image-preview:large, max-video-preview:-1\" \/>\n<link rel=\"canonical\" href=\"https:\/\/www.fint.is\/is\/product\/bykay-mei-tai\/\" \/>\n<meta property=\"og:locale\" content=\"is_IS\" \/>\n<meta property=\"og:type\" content=\"article\" \/>\n<meta property=\"og:title\" content=\"ByKay half-buckle- bur\u00f0arpoki - F\u00ednt\" \/>\n<meta property=\"og:description\" content=\"Mei Tai m\u00e1 nota til \u00feess a\u00f0 bera b\u00f6rn fr\u00e1 f\u00e6\u00f0ingu til um 3 \u00e1ra aldurs, jafnt a\u00f0 framan, \u00e1 hli\u00f0 og \u00e1 baki.\" \/>\n<meta property=\"og:url\" content=\"https:\/\/www.fint.is\/is\/product\/bykay-mei-tai\/\" \/>\n<meta property=\"og:site_name\" content=\"F\u00ednt\" \/>\n<meta property=\"article:publisher\" content=\"https:\/\/www.facebook.com\/100090983666893\/\" \/>\n<meta property=\"article:modified_time\" content=\"2026-02-26T17:02:35+00:00\" \/>\n<meta property=\"og:image\" content=\"https:\/\/www.fint.is\/wp-content\/uploads\/51799833635_482345f992_k.jpg\" \/>\n\t<meta property=\"og:image:width\" content=\"1638\" \/>\n\t<meta property=\"og:image:height\" content=\"2047\" \/>\n\t<meta property=\"og:image:type\" content=\"image\/jpeg\" \/>\n<script type=\"application\/ld+json\" class=\"yoast-schema-graph\">{\"@context\":\"https:\\\/\\\/schema.org\",\"@graph\":[{\"@type\":\"WebPage\",\"@id\":\"https:\\\/\\\/www.fint.is\\\/product\\\/bykay-mei-tai\\\/\",\"url\":\"https:\\\/\\\/www.fint.is\\\/product\\\/bykay-mei-tai\\\/\",\"name\":\"ByKay half-buckle- bur\u00f0arpoki - F\u00ednt\",\"isPartOf\":{\"@id\":\"https:\\\/\\\/www.fint.is\\\/is\\\/#website\"},\"primaryImageOfPage\":{\"@id\":\"https:\\\/\\\/www.fint.is\\\/product\\\/bykay-mei-tai\\\/#primaryimage\"},\"image\":{\"@id\":\"https:\\\/\\\/www.fint.is\\\/product\\\/bykay-mei-tai\\\/#primaryimage\"},\"thumbnailUrl\":\"https:\\\/\\\/www.fint.is\\\/wp-content\\\/uploads\\\/51799833635_482345f992_k.jpg\",\"datePublished\":\"2024-02-06T20:39:28+00:00\",\"dateModified\":\"2026-02-26T17:02:35+00:00\",\"description\":\"Mei Tai m\u00e1 nota til \u00feess a\u00f0 bera b\u00f6rn fr\u00e1 f\u00e6\u00f0ingu til um 3 \u00e1ra aldurs, jafnt a\u00f0 framan, \u00e1 hli\u00f0 og \u00e1 baki.\",\"breadcrumb\":{\"@id\":\"https:\\\/\\\/www.fint.is\\\/product\\\/bykay-mei-tai\\\/#breadcrumb\"},\"inLanguage\":\"is\",\"potentialAction\":[{\"@type\":\"ReadAction\",\"target\":[\"https:\\\/\\\/www.fint.is\\\/product\\\/bykay-mei-tai\\\/\"]}]},{\"@type\":\"ImageObject\",\"inLanguage\":\"is\",\"@id\":\"https:\\\/\\\/www.fint.is\\\/product\\\/bykay-mei-tai\\\/#primaryimage\",\"url\":\"https:\\\/\\\/www.fint.is\\\/wp-content\\\/uploads\\\/51799833635_482345f992_k.jpg\",\"contentUrl\":\"https:\\\/\\\/www.fint.is\\\/wp-content\\\/uploads\\\/51799833635_482345f992_k.jpg\",\"width\":1638,\"height\":2047},{\"@type\":\"BreadcrumbList\",\"@id\":\"https:\\\/\\\/www.fint.is\\\/product\\\/bykay-mei-tai\\\/#breadcrumb\",\"itemListElement\":[{\"@type\":\"ListItem\",\"position\":1,\"name\":\"Home\",\"item\":\"https:\\\/\\\/www.fint.is\\\/\"},{\"@type\":\"ListItem\",\"position\":2,\"name\":\"Shop\",\"item\":\"https:\\\/\\\/www.fint.is\\\/is\\\/shop\\\/\"},{\"@type\":\"ListItem\",\"position\":3,\"name\":\"Baby wearing\",\"item\":\"https:\\\/\\\/www.fint.is\\\/en\\\/product-category\\\/baby-wearing\\\/\"},{\"@type\":\"ListItem\",\"position\":4,\"name\":\"ByKay half-buckle- bur\u00f0arpoki\"}]},{\"@type\":\"WebSite\",\"@id\":\"https:\\\/\\\/www.fint.is\\\/is\\\/#website\",\"url\":\"https:\\\/\\\/www.fint.is\\\/is\\\/\",\"name\":\"F\u00ednt\",\"description\":\"Barefoot sk\u00f3r, t\u00e1susokkar, og bur\u00f0arpokar\",\"publisher\":{\"@id\":\"https:\\\/\\\/www.fint.is\\\/is\\\/#organization\"},\"alternateName\":\"f\u00ednt.is\",\"potentialAction\":[{\"@type\":\"SearchAction\",\"target\":{\"@type\":\"EntryPoint\",\"urlTemplate\":\"https:\\\/\\\/www.fint.is\\\/is\\\/?s={search_term_string}\"},\"query-input\":{\"@type\":\"PropertyValueSpecification\",\"valueRequired\":true,\"valueName\":\"search_term_string\"}}],\"inLanguage\":\"is\"},{\"@type\":\"Organization\",\"@id\":\"https:\\\/\\\/www.fint.is\\\/is\\\/#organization\",\"name\":\"F\u00ednt\",\"alternateName\":\"Fint\",\"url\":\"https:\\\/\\\/www.fint.is\\\/is\\\/\",\"logo\":{\"@type\":\"ImageObject\",\"inLanguage\":\"is\",\"@id\":\"https:\\\/\\\/www.fint.is\\\/is\\\/#\\\/schema\\\/logo\\\/image\\\/\",\"url\":\"https:\\\/\\\/www.fint.is\\\/wp-content\\\/uploads\\\/logo-colour-small-2.png\",\"contentUrl\":\"https:\\\/\\\/www.fint.is\\\/wp-content\\\/uploads\\\/logo-colour-small-2.png\",\"width\":930,\"height\":711,\"caption\":\"F\u00ednt\"},\"image\":{\"@id\":\"https:\\\/\\\/www.fint.is\\\/is\\\/#\\\/schema\\\/logo\\\/image\\\/\"},\"sameAs\":[\"https:\\\/\\\/www.facebook.com\\\/100090983666893\\\/\",\"https:\\\/\\\/www.instagram.com\\\/fint.verslun\\\/\"]}]}<\/script>\n<!-- \/ Yoast SEO plugin. -->","yoast_head_json":{"title":"ByKay half-buckle- bur\u00f0arpoki - F\u00ednt","description":"Mei Tai m\u00e1 nota til \u00feess a\u00f0 bera b\u00f6rn fr\u00e1 f\u00e6\u00f0ingu til um 3 \u00e1ra aldurs, jafnt a\u00f0 framan, \u00e1 hli\u00f0 og \u00e1 baki.","robots":{"index":"index","follow":"follow","max-snippet":"max-snippet:-1","max-image-preview":"max-image-preview:large","max-video-preview":"max-video-preview:-1"},"canonical":"https:\/\/www.fint.is\/is\/product\/bykay-mei-tai\/","og_locale":"is_IS","og_type":"article","og_title":"ByKay half-buckle- bur\u00f0arpoki - F\u00ednt","og_description":"Mei Tai m\u00e1 nota til \u00feess a\u00f0 bera b\u00f6rn fr\u00e1 f\u00e6\u00f0ingu til um 3 \u00e1ra aldurs, jafnt a\u00f0 framan, \u00e1 hli\u00f0 og \u00e1 baki.","og_url":"https:\/\/www.fint.is\/is\/product\/bykay-mei-tai\/","og_site_name":"F\u00ednt","article_publisher":"https:\/\/www.facebook.com\/100090983666893\/","article_modified_time":"2026-02-26T17:02:35+00:00","og_image":[{"width":1638,"height":2047,"url":"https:\/\/www.fint.is\/wp-content\/uploads\/51799833635_482345f992_k.jpg","type":"image\/jpeg"}],"schema":{"@context":"https:\/\/schema.org","@graph":[{"@type":"WebPage","@id":"https:\/\/www.fint.is\/product\/bykay-mei-tai\/","url":"https:\/\/www.fint.is\/product\/bykay-mei-tai\/","name":"ByKay half-buckle- bur\u00f0arpoki - F\u00ednt","isPartOf":{"@id":"https:\/\/www.fint.is\/is\/#website"},"primaryImageOfPage":{"@id":"https:\/\/www.fint.is\/product\/bykay-mei-tai\/#primaryimage"},"image":{"@id":"https:\/\/www.fint.is\/product\/bykay-mei-tai\/#primaryimage"},"thumbnailUrl":"https:\/\/www.fint.is\/wp-content\/uploads\/51799833635_482345f992_k.jpg","datePublished":"2024-02-06T20:39:28+00:00","dateModified":"2026-02-26T17:02:35+00:00","description":"Mei Tai m\u00e1 nota til \u00feess a\u00f0 bera b\u00f6rn fr\u00e1 f\u00e6\u00f0ingu til um 3 \u00e1ra aldurs, jafnt a\u00f0 framan, \u00e1 hli\u00f0 og \u00e1 baki.","breadcrumb":{"@id":"https:\/\/www.fint.is\/product\/bykay-mei-tai\/#breadcrumb"},"inLanguage":"is","potentialAction":[{"@type":"ReadAction","target":["https:\/\/www.fint.is\/product\/bykay-mei-tai\/"]}]},{"@type":"ImageObject","inLanguage":"is","@id":"https:\/\/www.fint.is\/product\/bykay-mei-tai\/#primaryimage","url":"https:\/\/www.fint.is\/wp-content\/uploads\/51799833635_482345f992_k.jpg","contentUrl":"https:\/\/www.fint.is\/wp-content\/uploads\/51799833635_482345f992_k.jpg","width":1638,"height":2047},{"@type":"BreadcrumbList","@id":"https:\/\/www.fint.is\/product\/bykay-mei-tai\/#breadcrumb","itemListElement":[{"@type":"ListItem","position":1,"name":"Home","item":"https:\/\/www.fint.is\/"},{"@type":"ListItem","position":2,"name":"Shop","item":"https:\/\/www.fint.is\/is\/shop\/"},{"@type":"ListItem","position":3,"name":"Baby wearing","item":"https:\/\/www.fint.is\/en\/product-category\/baby-wearing\/"},{"@type":"ListItem","position":4,"name":"ByKay half-buckle- bur\u00f0arpoki"}]},{"@type":"WebSite","@id":"https:\/\/www.fint.is\/is\/#website","url":"https:\/\/www.fint.is\/is\/","name":"F\u00ednt","description":"Barefoot sk\u00f3r, t\u00e1sokkar, og bur\u00f0arpokar","publisher":{"@id":"https:\/\/www.fint.is\/is\/#organization"},"alternateName":"f\u00ednt.is","potentialAction":[{"@type":"SearchAction","target":{"@type":"EntryPoint","urlTemplate":"https:\/\/www.fint.is\/is\/?s={search_term_string}"},"query-input":{"@type":"PropertyValueSpecification","valueRequired":true,"valueName":"search_term_string"}}],"inLanguage":"is"},{"@type":"Organization","@id":"https:\/\/www.fint.is\/is\/#organization","name":"F\u00ednt","alternateName":"Fint","url":"https:\/\/www.fint.is\/is\/","logo":{"@type":"ImageObject","inLanguage":"is","@id":"https:\/\/www.fint.is\/is\/#\/schema\/logo\/image\/","url":"https:\/\/www.fint.is\/wp-content\/uploads\/logo-colour-small-2.png","contentUrl":"https:\/\/www.fint.is\/wp-content\/uploads\/logo-colour-small-2.png","width":930,"height":711,"caption":"F\u00ednt"},"image":{"@id":"https:\/\/www.fint.is\/is\/#\/schema\/logo\/image\/"},"sameAs":["https:\/\/www.facebook.com\/100090983666893\/","https:\/\/www.instagram.com\/fint.verslun\/"]}]}},"_links":{"self":[{"href":"https:\/\/www.fint.is\/is\/wp-json\/wp\/v2\/product\/1763","targetHints":{"allow":["GET"]}}],"collection":[{"href":"https:\/\/www.fint.is\/is\/wp-json\/wp\/v2\/product"}],"about":[{"href":"https:\/\/www.fint.is\/is\/wp-json\/wp\/v2\/types\/product"}],"replies":[{"embeddable":true,"href":"https:\/\/www.fint.is\/is\/wp-json\/wp\/v2\/comments?post=1763"}],"wp:featuredmedia":[{"embeddable":true,"href":"https:\/\/www.fint.is\/is\/wp-json\/wp\/v2\/media\/1776"}],"wp:attachment":[{"href":"https:\/\/www.fint.is\/is\/wp-json\/wp\/v2\/media?parent=1763"}],"wp:term":[{"taxonomy":"product_brand","embeddable":true,"href":"https:\/\/www.fint.is\/is\/wp-json\/wp\/v2\/product_brand?post=1763"},{"taxonomy":"product_cat","embeddable":true,"href":"https:\/\/www.fint.is\/is\/wp-json\/wp\/v2\/product_cat?post=1763"},{"taxonomy":"product_tag","embeddable":true,"href":"https:\/\/www.fint.is\/is\/wp-json\/wp\/v2\/product_tag?post=1763"}],"curies":[{"name":"wp","href":"https:\/\/api.w.org\/{rel}","templated":true}]}}