{"id":1725,"date":"2024-02-06T20:12:01","date_gmt":"2024-02-06T20:12:01","guid":{"rendered":"https:\/\/www.fint.is\/?post_type=product&#038;p=1725"},"modified":"2026-02-26T17:02:35","modified_gmt":"2026-02-26T17:02:35","slug":"bykay-stretchy-wrap-deluxe","status":"publish","type":"product","link":"https:\/\/www.fint.is\/is\/product\/bykay-stretchy-wrap-deluxe\/","title":{"rendered":"ByKay stretchy wrap Deluxe &#8211; teygusjal"},"content":{"rendered":"<div>\n<p>Deluxe teygjusjali\u00f0 fr\u00e1 ByKay er erg\u00f3n\u00f3m\u00edskt bur\u00f0arsjal sem hentar fyrir b\u00f6rn allt a\u00f0 18 kg (um 3 \u00e1ra). Sjali\u00f0 er a\u00f0eins brei\u00f0ara en flest teygjusj\u00f6l, e\u00f0a 70cm, og hentar \u00fear af lei\u00f0ir l\u00edka eldri b\u00f6rnum en flest \u00f6nnur teygjusj\u00f6l. \u00deegar \u00fe\u00fa ert komin(n) upp \u00e1 lagi\u00f0 me\u00f0 a\u00f0 hn\u00fdta sjali\u00f0 getur\u00f0u \u00feannig nota\u00f0 \u00fea\u00f0 \u00ed um \u00ferj\u00fa \u00e1r!<\/p>\n<p>Teygjusj\u00f6l eru \u00f3l\u00edk ofnum bur\u00f0arsj\u00f6lum \u00e1 nokkra m\u00e1ta:<\/p>\n<ul>\n<li>\u00deau geta veri\u00f0 \u00fe\u00e6gilegri, \u00fear sem \u00fea\u00f0 teygist \u00e1 \u00feeim \u00feegar \u00fe\u00fa og barni\u00f0 hreyfi\u00f0 ykkur.<\/li>\n<li>\u00deau hald a\u00f0eins betur hita \u00e1 barninu, vegna \u00feess a\u00f0 sjali\u00f0 liggur \u00ed fleiri l\u00f6gum utan um barni\u00f0.<\/li>\n<li>\u00dea\u00f0 getur veri\u00f0 erfi\u00f0ara a\u00f0 f\u00e1 \u00feau til a\u00f0 liggja \u00fe\u00e9tt, \u00fat af \u00fev\u00ed a\u00f0 \u00fea\u00f0 teygist \u00e1 \u00feeim.<\/li>\n<li>\u00dea\u00f0 er h\u00e6gt a\u00f0 nota \u00feau til \u00feess a\u00f0 bera barn \u00e1 mj\u00f6\u00f0minni.<\/li>\n<\/ul>\n<p>&nbsp;<\/p>\n<h3><span style=\"color: #993300;\">Um ByKay<\/span><\/h3>\n<p>ByKay is a Dutch brand that makes all types of ergonomic baby carriers and wraps. They focus on sustainability by using organic cotton, using recycled paper and planting new trees for the paper they do use. They have won multiple design awards.<\/p>\n<p>Vottanir<\/p>\n<ul>\n<li>Hip Dysplasia Institute<\/li>\n<li>OEKOtex 100<\/li>\n<li>Evr\u00f3pa: EN13209-2 og CEN\/TR 16512<\/li>\n<li>Bandar\u00edkin: ASTM, CPSIA og ISO<\/li>\n<\/ul>\n<p><span style=\"color: #f0f0f0;\">magapoki, bur\u00f0arpoki, bur\u00f0arsjal<span style=\"color: #ffffff;\">l, burdarpoki<\/span><\/span><\/p>\n<\/div>","protected":false},"excerpt":{"rendered":"<p>Deluxe teygjusjali\u00f0 fr\u00e1 ByKay er erg\u00f3n\u00f3m\u00edskt bur\u00f0arsjal sem hentar fyrir b\u00f6rn allt a\u00f0 18kg.<\/p>","protected":false},"featured_media":1740,"comment_status":"closed","ping_status":"closed","template":"","meta":[],"product_brand":[165],"product_cat":[42,21],"product_tag":[144,62,116,128,135,127,141],"class_list":{"0":"post-1725","1":"product","2":"type-product","3":"status-publish","4":"has-post-thumbnail","6":"product_brand-bykay","7":"product_cat-baby-wearing","8":"product_cat-carry-bags-wraps-burdarpokar","9":"product_tag-baby","10":"product_tag-baby-carrier","11":"product_tag-burdarsjal","12":"product_tag-bykay","13":"product_tag-not-winter","14":"product_tag-stretchy-wrap","15":"product_tag-toddler","17":"first","18":"instock","19":"taxable","20":"shipping-taxable","21":"purchasable","22":"product-type-variable"},"yoast_head":"<!-- This site is optimized with the Yoast SEO plugin v27.3 - https:\/\/yoast.com\/product\/yoast-seo-wordpress\/ -->\n<title>ByKay stretchy wrap Deluxe - teygusjal - F\u00ednt<\/title>\n<meta name=\"description\" content=\"The Stretchy Wrap Deluxe from ByKay is an ergonomic wrap that can be used for your baby until 18 kilos (app. 3 year old).\" \/>\n<meta name=\"robots\" content=\"index, follow, max-snippet:-1, max-image-preview:large, max-video-preview:-1\" \/>\n<link rel=\"canonical\" href=\"https:\/\/www.fint.is\/is\/product\/bykay-stretchy-wrap-deluxe\/\" \/>\n<meta property=\"og:locale\" content=\"is_IS\" \/>\n<meta property=\"og:type\" content=\"article\" \/>\n<meta property=\"og:title\" content=\"ByKay stretchy wrap Deluxe - teygusjal - F\u00ednt\" \/>\n<meta property=\"og:description\" content=\"The Stretchy Wrap Deluxe from ByKay is an ergonomic wrap that can be used for your baby until 18 kilos (app. 3 year old).\" \/>\n<meta property=\"og:url\" content=\"https:\/\/www.fint.is\/is\/product\/bykay-stretchy-wrap-deluxe\/\" \/>\n<meta property=\"og:site_name\" content=\"F\u00ednt\" \/>\n<meta property=\"article:publisher\" content=\"https:\/\/www.facebook.com\/100090983666893\/\" \/>\n<meta property=\"article:modified_time\" content=\"2026-02-26T17:02:35+00:00\" \/>\n<meta property=\"og:image\" content=\"https:\/\/www.fint.is\/wp-content\/uploads\/51797974732_5f7314faa8_c.jpg\" \/>\n\t<meta property=\"og:image:width\" content=\"640\" \/>\n\t<meta property=\"og:image:height\" content=\"800\" \/>\n\t<meta property=\"og:image:type\" content=\"image\/jpeg\" \/>\n<script type=\"application\/ld+json\" class=\"yoast-schema-graph\">{\"@context\":\"https:\\\/\\\/schema.org\",\"@graph\":[{\"@type\":\"WebPage\",\"@id\":\"https:\\\/\\\/www.fint.is\\\/product\\\/bykay-stretchy-wrap-deluxe\\\/\",\"url\":\"https:\\\/\\\/www.fint.is\\\/product\\\/bykay-stretchy-wrap-deluxe\\\/\",\"name\":\"ByKay stretchy wrap Deluxe - teygusjal - F\u00ednt\",\"isPartOf\":{\"@id\":\"https:\\\/\\\/www.fint.is\\\/is\\\/#website\"},\"primaryImageOfPage\":{\"@id\":\"https:\\\/\\\/www.fint.is\\\/product\\\/bykay-stretchy-wrap-deluxe\\\/#primaryimage\"},\"image\":{\"@id\":\"https:\\\/\\\/www.fint.is\\\/product\\\/bykay-stretchy-wrap-deluxe\\\/#primaryimage\"},\"thumbnailUrl\":\"https:\\\/\\\/www.fint.is\\\/wp-content\\\/uploads\\\/51797974732_5f7314faa8_c.jpg\",\"datePublished\":\"2024-02-06T20:12:01+00:00\",\"dateModified\":\"2026-02-26T17:02:35+00:00\",\"description\":\"The Stretchy Wrap Deluxe from ByKay is an ergonomic wrap that can be used for your baby until 18 kilos (app. 3 year old).\",\"breadcrumb\":{\"@id\":\"https:\\\/\\\/www.fint.is\\\/product\\\/bykay-stretchy-wrap-deluxe\\\/#breadcrumb\"},\"inLanguage\":\"is\",\"potentialAction\":[{\"@type\":\"ReadAction\",\"target\":[\"https:\\\/\\\/www.fint.is\\\/product\\\/bykay-stretchy-wrap-deluxe\\\/\"]}]},{\"@type\":\"ImageObject\",\"inLanguage\":\"is\",\"@id\":\"https:\\\/\\\/www.fint.is\\\/product\\\/bykay-stretchy-wrap-deluxe\\\/#primaryimage\",\"url\":\"https:\\\/\\\/www.fint.is\\\/wp-content\\\/uploads\\\/51797974732_5f7314faa8_c.jpg\",\"contentUrl\":\"https:\\\/\\\/www.fint.is\\\/wp-content\\\/uploads\\\/51797974732_5f7314faa8_c.jpg\",\"width\":640,\"height\":800},{\"@type\":\"BreadcrumbList\",\"@id\":\"https:\\\/\\\/www.fint.is\\\/product\\\/bykay-stretchy-wrap-deluxe\\\/#breadcrumb\",\"itemListElement\":[{\"@type\":\"ListItem\",\"position\":1,\"name\":\"Home\",\"item\":\"https:\\\/\\\/www.fint.is\\\/\"},{\"@type\":\"ListItem\",\"position\":2,\"name\":\"Shop\",\"item\":\"https:\\\/\\\/www.fint.is\\\/is\\\/shop\\\/\"},{\"@type\":\"ListItem\",\"position\":3,\"name\":\"Baby wearing\",\"item\":\"https:\\\/\\\/www.fint.is\\\/en\\\/product-category\\\/baby-wearing\\\/\"},{\"@type\":\"ListItem\",\"position\":4,\"name\":\"ByKay stretchy wrap Deluxe &#8211; teygusjal\"}]},{\"@type\":\"WebSite\",\"@id\":\"https:\\\/\\\/www.fint.is\\\/is\\\/#website\",\"url\":\"https:\\\/\\\/www.fint.is\\\/is\\\/\",\"name\":\"F\u00ednt\",\"description\":\"Barefoot sk\u00f3r, t\u00e1susokkar, og bur\u00f0arpokar\",\"publisher\":{\"@id\":\"https:\\\/\\\/www.fint.is\\\/is\\\/#organization\"},\"alternateName\":\"f\u00ednt.is\",\"potentialAction\":[{\"@type\":\"SearchAction\",\"target\":{\"@type\":\"EntryPoint\",\"urlTemplate\":\"https:\\\/\\\/www.fint.is\\\/is\\\/?s={search_term_string}\"},\"query-input\":{\"@type\":\"PropertyValueSpecification\",\"valueRequired\":true,\"valueName\":\"search_term_string\"}}],\"inLanguage\":\"is\"},{\"@type\":\"Organization\",\"@id\":\"https:\\\/\\\/www.fint.is\\\/is\\\/#organization\",\"name\":\"F\u00ednt\",\"alternateName\":\"Fint\",\"url\":\"https:\\\/\\\/www.fint.is\\\/is\\\/\",\"logo\":{\"@type\":\"ImageObject\",\"inLanguage\":\"is\",\"@id\":\"https:\\\/\\\/www.fint.is\\\/is\\\/#\\\/schema\\\/logo\\\/image\\\/\",\"url\":\"https:\\\/\\\/www.fint.is\\\/wp-content\\\/uploads\\\/logo-colour-small-2.png\",\"contentUrl\":\"https:\\\/\\\/www.fint.is\\\/wp-content\\\/uploads\\\/logo-colour-small-2.png\",\"width\":930,\"height\":711,\"caption\":\"F\u00ednt\"},\"image\":{\"@id\":\"https:\\\/\\\/www.fint.is\\\/is\\\/#\\\/schema\\\/logo\\\/image\\\/\"},\"sameAs\":[\"https:\\\/\\\/www.facebook.com\\\/100090983666893\\\/\",\"https:\\\/\\\/www.instagram.com\\\/fint.verslun\\\/\"]}]}<\/script>\n<!-- \/ Yoast SEO plugin. -->","yoast_head_json":{"title":"ByKay stretchy wrap Deluxe - teygusjal - F\u00ednt","description":"The Stretchy Wrap Deluxe from ByKay is an ergonomic wrap that can be used for your baby until 18 kilos (app. 3 year old).","robots":{"index":"index","follow":"follow","max-snippet":"max-snippet:-1","max-image-preview":"max-image-preview:large","max-video-preview":"max-video-preview:-1"},"canonical":"https:\/\/www.fint.is\/is\/product\/bykay-stretchy-wrap-deluxe\/","og_locale":"is_IS","og_type":"article","og_title":"ByKay stretchy wrap Deluxe - teygusjal - F\u00ednt","og_description":"The Stretchy Wrap Deluxe from ByKay is an ergonomic wrap that can be used for your baby until 18 kilos (app. 3 year old).","og_url":"https:\/\/www.fint.is\/is\/product\/bykay-stretchy-wrap-deluxe\/","og_site_name":"F\u00ednt","article_publisher":"https:\/\/www.facebook.com\/100090983666893\/","article_modified_time":"2026-02-26T17:02:35+00:00","og_image":[{"width":640,"height":800,"url":"https:\/\/www.fint.is\/wp-content\/uploads\/51797974732_5f7314faa8_c.jpg","type":"image\/jpeg"}],"schema":{"@context":"https:\/\/schema.org","@graph":[{"@type":"WebPage","@id":"https:\/\/www.fint.is\/product\/bykay-stretchy-wrap-deluxe\/","url":"https:\/\/www.fint.is\/product\/bykay-stretchy-wrap-deluxe\/","name":"ByKay stretchy wrap Deluxe - teygusjal - F\u00ednt","isPartOf":{"@id":"https:\/\/www.fint.is\/is\/#website"},"primaryImageOfPage":{"@id":"https:\/\/www.fint.is\/product\/bykay-stretchy-wrap-deluxe\/#primaryimage"},"image":{"@id":"https:\/\/www.fint.is\/product\/bykay-stretchy-wrap-deluxe\/#primaryimage"},"thumbnailUrl":"https:\/\/www.fint.is\/wp-content\/uploads\/51797974732_5f7314faa8_c.jpg","datePublished":"2024-02-06T20:12:01+00:00","dateModified":"2026-02-26T17:02:35+00:00","description":"The Stretchy Wrap Deluxe from ByKay is an ergonomic wrap that can be used for your baby until 18 kilos (app. 3 year old).","breadcrumb":{"@id":"https:\/\/www.fint.is\/product\/bykay-stretchy-wrap-deluxe\/#breadcrumb"},"inLanguage":"is","potentialAction":[{"@type":"ReadAction","target":["https:\/\/www.fint.is\/product\/bykay-stretchy-wrap-deluxe\/"]}]},{"@type":"ImageObject","inLanguage":"is","@id":"https:\/\/www.fint.is\/product\/bykay-stretchy-wrap-deluxe\/#primaryimage","url":"https:\/\/www.fint.is\/wp-content\/uploads\/51797974732_5f7314faa8_c.jpg","contentUrl":"https:\/\/www.fint.is\/wp-content\/uploads\/51797974732_5f7314faa8_c.jpg","width":640,"height":800},{"@type":"BreadcrumbList","@id":"https:\/\/www.fint.is\/product\/bykay-stretchy-wrap-deluxe\/#breadcrumb","itemListElement":[{"@type":"ListItem","position":1,"name":"Home","item":"https:\/\/www.fint.is\/"},{"@type":"ListItem","position":2,"name":"Shop","item":"https:\/\/www.fint.is\/is\/shop\/"},{"@type":"ListItem","position":3,"name":"Baby wearing","item":"https:\/\/www.fint.is\/en\/product-category\/baby-wearing\/"},{"@type":"ListItem","position":4,"name":"ByKay stretchy wrap Deluxe &#8211; teygusjal"}]},{"@type":"WebSite","@id":"https:\/\/www.fint.is\/is\/#website","url":"https:\/\/www.fint.is\/is\/","name":"F\u00ednt","description":"Barefoot sk\u00f3r, t\u00e1sokkar, og bur\u00f0arpokar","publisher":{"@id":"https:\/\/www.fint.is\/is\/#organization"},"alternateName":"f\u00ednt.is","potentialAction":[{"@type":"SearchAction","target":{"@type":"EntryPoint","urlTemplate":"https:\/\/www.fint.is\/is\/?s={search_term_string}"},"query-input":{"@type":"PropertyValueSpecification","valueRequired":true,"valueName":"search_term_string"}}],"inLanguage":"is"},{"@type":"Organization","@id":"https:\/\/www.fint.is\/is\/#organization","name":"F\u00ednt","alternateName":"Fint","url":"https:\/\/www.fint.is\/is\/","logo":{"@type":"ImageObject","inLanguage":"is","@id":"https:\/\/www.fint.is\/is\/#\/schema\/logo\/image\/","url":"https:\/\/www.fint.is\/wp-content\/uploads\/logo-colour-small-2.png","contentUrl":"https:\/\/www.fint.is\/wp-content\/uploads\/logo-colour-small-2.png","width":930,"height":711,"caption":"F\u00ednt"},"image":{"@id":"https:\/\/www.fint.is\/is\/#\/schema\/logo\/image\/"},"sameAs":["https:\/\/www.facebook.com\/100090983666893\/","https:\/\/www.instagram.com\/fint.verslun\/"]}]}},"_links":{"self":[{"href":"https:\/\/www.fint.is\/is\/wp-json\/wp\/v2\/product\/1725","targetHints":{"allow":["GET"]}}],"collection":[{"href":"https:\/\/www.fint.is\/is\/wp-json\/wp\/v2\/product"}],"about":[{"href":"https:\/\/www.fint.is\/is\/wp-json\/wp\/v2\/types\/product"}],"replies":[{"embeddable":true,"href":"https:\/\/www.fint.is\/is\/wp-json\/wp\/v2\/comments?post=1725"}],"wp:featuredmedia":[{"embeddable":true,"href":"https:\/\/www.fint.is\/is\/wp-json\/wp\/v2\/media\/1740"}],"wp:attachment":[{"href":"https:\/\/www.fint.is\/is\/wp-json\/wp\/v2\/media?parent=1725"}],"wp:term":[{"taxonomy":"product_brand","embeddable":true,"href":"https:\/\/www.fint.is\/is\/wp-json\/wp\/v2\/product_brand?post=1725"},{"taxonomy":"product_cat","embeddable":true,"href":"https:\/\/www.fint.is\/is\/wp-json\/wp\/v2\/product_cat?post=1725"},{"taxonomy":"product_tag","embeddable":true,"href":"https:\/\/www.fint.is\/is\/wp-json\/wp\/v2\/product_tag?post=1725"}],"curies":[{"name":"wp","href":"https:\/\/api.w.org\/{rel}","templated":true}]}}