{"id":1577,"date":"2023-12-12T20:25:58","date_gmt":"2023-12-12T20:25:58","guid":{"rendered":"https:\/\/www.fint.is\/?post_type=product&#038;p=1577"},"modified":"2026-02-26T17:02:36","modified_gmt":"2026-02-26T17:02:36","slug":"barefoot-wellies-koel","status":"publish","type":"product","link":"https:\/\/www.fint.is\/is\/product\/barefoot-wellies-koel\/","title":{"rendered":"G\u00famm\u00edst\u00edgv\u00e9l fr\u00e1 Koel \u2013 barefoot st\u00edgv\u00e9l"},"content":{"rendered":"<p><strong>Hva\u00f0 er skemmtilegra en a\u00f0 leika s\u00e9r \u00ed pollunum?<\/strong> Barefoot g\u00famm\u00edst\u00edgv\u00e9lin fr\u00e1 Koel eru fr\u00e1b\u00e6r fyrir krakka sem vilja fara \u00fat \u00ed rigninguna e\u00f0a a\u00f0 ganga \u00ed blautu grasi \u2013 og me\u00f0 ullarsokkum innan undir eru \u00feau svo fullkomin \u00ed snj\u00f3inn. St\u00edgv\u00e9lin sty\u00f0ja vi\u00f0 gott g\u00f6ngulag barnsins, me\u00f0 fl\u00f6tum s\u00f3la og n\u00f3gu pl\u00e1ssi fyrir t\u00e6rnar, og \u00fea\u00f0 er mj\u00f6g au\u00f0velt fyrir b\u00f6rn a\u00f0 fara sj\u00e1lf \u00ed og \u00far.<\/p>\n<div>\n<ul>\n<li>100% g\u00famm\u00ed<\/li>\n<li>Einfalt a\u00f0 fara \u00ed<\/li>\n<li>Inns\u00f3li \u00far text\u00edl<\/li>\n<li>Kl\u00e6\u00f0ning a\u00f0 innan \u00far text\u00edl<\/li>\n<li>3mm \u00feykkur g\u00famm\u00eds\u00f3li me\u00f0 skri\u00f0v\u00f6rn<\/li>\n<li>Endurskinsfl\u00f6tur vi\u00f0 h\u00e6l til a\u00f0 auka s\u00fdnileika<\/li>\n<\/ul>\n<p class=\"translation-block\">Athugi\u00f0 a\u00f0 \u00fea\u00f0 er ekki gott a\u00f0 geyma st\u00edgv\u00e9lin upp vi\u00f0 ofn, \u00fear sem \u00feetta getur valdi\u00f0 skemmdum og dregi\u00f0 \u00far vatnsheldni efnisins, l\u00edkt og \u00e1 einnig vi\u00f0 um regnf\u00f6t. Athuga\u00f0u l\u00edka a\u00f0 g\u00famm\u00edst\u00edgv\u00e9lin eru \u00e6tlu\u00f0 til notkunar \u00ed rigningu og pollum (\u00feetta eru ekki hversdagssk\u00f3r), en ef barni\u00f0 notar \u00feau \u00e1 hlaupa- e\u00f0a jafnv\u00e6gishj\u00f3li e\u00f0a til \u00feess a\u00f0 st\u00f6\u00f0va r\u00f3lu, e\u00f0a ef \u00feau eru a\u00f0eins of st\u00f3r, getur \u00fea\u00f0 valdi\u00f0 auknu sliti \u00e1 st\u00edgv\u00e9lunum.<\/p>\n<\/div>\n<p>Koel leggur \u00e1herslu \u00e1 g\u00e6\u00f0i, g\u00f3\u00f0 sni\u00f0, n\u00fdsk\u00f6pun, h\u00f6nnun og sj\u00e1lfb\u00e6rni. Sk\u00f3rnir fr\u00e1 Koel eru hanna\u00f0ir og framleiddir \u00ed port\u00fagal og byggja \u00e1 langri reynslu \u00ed \u00fev\u00ed a\u00f0 b\u00faa til s\u00f3la sem endast, \u00e1samt n\u00fdjustu \u00feekkingu \u00e1 sj\u00e1lfb\u00e6rum efnum og sk\u00f3m sem passa vel.<\/p>","protected":false},"excerpt":{"rendered":"<p>\u00deessi barefoot, g\u00famm\u00edst\u00edgv\u00e9l fyrir b\u00f6rn fr\u00e1 Koel bj\u00f3\u00f0a upp \u00e1 s\u00f6mu upplifun og barefoot sk\u00f3r, me\u00f0al annars me\u00f0 fl\u00f6tum s\u00f3la og n\u00f3gu pl\u00e1ssi fyrir t\u00e6rnar, \u00feegar blautt er \u00ed ve\u00f0ri!<\/p>","protected":false},"featured_media":1597,"comment_status":"closed","ping_status":"closed","template":"","meta":[],"product_brand":[161],"product_cat":[35,40],"product_tag":[126,110,135,125,124],"class_list":{"0":"post-1577","1":"product","2":"type-product","3":"status-publish","4":"has-post-thumbnail","6":"product_brand-koel","7":"product_cat-shoes","8":"product_cat-children","9":"product_tag-barefoot-boots","10":"product_tag-koel-kids","11":"product_tag-not-winter","12":"product_tag-rain-boots","13":"product_tag-wellies","15":"first","16":"outofstock","17":"taxable","18":"shipping-taxable","19":"product-type-variable"},"yoast_head":"<!-- This site is optimized with the Yoast SEO plugin v27.5 - https:\/\/yoast.com\/product\/yoast-seo-wordpress\/ -->\n<title>G\u00famm\u00edst\u00edgv\u00e9l fr\u00e1 Koel - Barefoot - F\u00ednt<\/title>\n<meta name=\"description\" content=\"\u00de\u00e6gileg barefoot g\u00famm\u00edst\u00edgv\u00e9l fyrir b\u00f6rn, me\u00f0 fl\u00f6tum s\u00f3la og n\u00f3gu pl\u00e1ssi fyrir t\u00e6rnar. 100% g\u00famm\u00ed.\" \/>\n<meta name=\"robots\" content=\"index, follow, max-snippet:-1, max-image-preview:large, max-video-preview:-1\" \/>\n<link rel=\"canonical\" href=\"https:\/\/www.fint.is\/is\/product\/barefoot-wellies-koel\/\" \/>\n<meta property=\"og:locale\" content=\"is_IS\" \/>\n<meta property=\"og:type\" content=\"article\" \/>\n<meta property=\"og:title\" content=\"G\u00famm\u00edst\u00edgv\u00e9l fr\u00e1 Koel - Barefoot - F\u00ednt\" \/>\n<meta property=\"og:description\" content=\"\u00de\u00e6gileg barefoot g\u00famm\u00edst\u00edgv\u00e9l fyrir b\u00f6rn, me\u00f0 fl\u00f6tum s\u00f3la og n\u00f3gu pl\u00e1ssi fyrir t\u00e6rnar. 100% g\u00famm\u00ed.\" \/>\n<meta property=\"og:url\" content=\"https:\/\/www.fint.is\/is\/product\/barefoot-wellies-koel\/\" \/>\n<meta property=\"og:site_name\" content=\"F\u00ednt\" \/>\n<meta property=\"article:publisher\" content=\"https:\/\/www.facebook.com\/100090983666893\/\" \/>\n<meta property=\"article:modified_time\" content=\"2026-02-26T17:02:36+00:00\" \/>\n<meta property=\"og:image\" content=\"https:\/\/www.fint.is\/wp-content\/uploads\/27m001.70e-700.jpg\" \/>\n\t<meta property=\"og:image:width\" content=\"670\" \/>\n\t<meta property=\"og:image:height\" content=\"720\" \/>\n\t<meta property=\"og:image:type\" content=\"image\/jpeg\" \/>\n<script type=\"application\/ld+json\" class=\"yoast-schema-graph\">{\"@context\":\"https:\\\/\\\/schema.org\",\"@graph\":[{\"@type\":\"WebPage\",\"@id\":\"https:\\\/\\\/www.fint.is\\\/product\\\/barefoot-wellies-koel\\\/\",\"url\":\"https:\\\/\\\/www.fint.is\\\/product\\\/barefoot-wellies-koel\\\/\",\"name\":\"G\u00famm\u00edst\u00edgv\u00e9l fr\u00e1 Koel - Barefoot - F\u00ednt\",\"isPartOf\":{\"@id\":\"https:\\\/\\\/www.fint.is\\\/is\\\/#website\"},\"primaryImageOfPage\":{\"@id\":\"https:\\\/\\\/www.fint.is\\\/product\\\/barefoot-wellies-koel\\\/#primaryimage\"},\"image\":{\"@id\":\"https:\\\/\\\/www.fint.is\\\/product\\\/barefoot-wellies-koel\\\/#primaryimage\"},\"thumbnailUrl\":\"https:\\\/\\\/www.fint.is\\\/wp-content\\\/uploads\\\/27m001.70e-700.jpg\",\"datePublished\":\"2023-12-12T20:25:58+00:00\",\"dateModified\":\"2026-02-26T17:02:36+00:00\",\"description\":\"\u00de\u00e6gileg barefoot g\u00famm\u00edst\u00edgv\u00e9l fyrir b\u00f6rn, me\u00f0 fl\u00f6tum s\u00f3la og n\u00f3gu pl\u00e1ssi fyrir t\u00e6rnar. 100% g\u00famm\u00ed.\",\"breadcrumb\":{\"@id\":\"https:\\\/\\\/www.fint.is\\\/product\\\/barefoot-wellies-koel\\\/#breadcrumb\"},\"inLanguage\":\"is\",\"potentialAction\":[{\"@type\":\"ReadAction\",\"target\":[\"https:\\\/\\\/www.fint.is\\\/product\\\/barefoot-wellies-koel\\\/\"]}]},{\"@type\":\"ImageObject\",\"inLanguage\":\"is\",\"@id\":\"https:\\\/\\\/www.fint.is\\\/product\\\/barefoot-wellies-koel\\\/#primaryimage\",\"url\":\"https:\\\/\\\/www.fint.is\\\/wp-content\\\/uploads\\\/27m001.70e-700.jpg\",\"contentUrl\":\"https:\\\/\\\/www.fint.is\\\/wp-content\\\/uploads\\\/27m001.70e-700.jpg\",\"width\":670,\"height\":720},{\"@type\":\"BreadcrumbList\",\"@id\":\"https:\\\/\\\/www.fint.is\\\/product\\\/barefoot-wellies-koel\\\/#breadcrumb\",\"itemListElement\":[{\"@type\":\"ListItem\",\"position\":1,\"name\":\"Home\",\"item\":\"https:\\\/\\\/www.fint.is\\\/\"},{\"@type\":\"ListItem\",\"position\":2,\"name\":\"Shop\",\"item\":\"https:\\\/\\\/www.fint.is\\\/is\\\/shop\\\/\"},{\"@type\":\"ListItem\",\"position\":3,\"name\":\"Barefoot shoes\",\"item\":\"https:\\\/\\\/www.fint.is\\\/is\\\/product-category\\\/shoes\\\/\"},{\"@type\":\"ListItem\",\"position\":4,\"name\":\"Wellies from Koel &#8211; barefoot st\u00edgv\u00e9l\"}]},{\"@type\":\"WebSite\",\"@id\":\"https:\\\/\\\/www.fint.is\\\/is\\\/#website\",\"url\":\"https:\\\/\\\/www.fint.is\\\/is\\\/\",\"name\":\"F\u00ednt\",\"description\":\"Barefoot sk\u00f3r, t\u00e1susokkar, og bur\u00f0arpokar\",\"publisher\":{\"@id\":\"https:\\\/\\\/www.fint.is\\\/is\\\/#organization\"},\"alternateName\":\"f\u00ednt.is\",\"potentialAction\":[{\"@type\":\"SearchAction\",\"target\":{\"@type\":\"EntryPoint\",\"urlTemplate\":\"https:\\\/\\\/www.fint.is\\\/is\\\/?s={search_term_string}\"},\"query-input\":{\"@type\":\"PropertyValueSpecification\",\"valueRequired\":true,\"valueName\":\"search_term_string\"}}],\"inLanguage\":\"is\"},{\"@type\":\"Organization\",\"@id\":\"https:\\\/\\\/www.fint.is\\\/is\\\/#organization\",\"name\":\"F\u00ednt\",\"alternateName\":\"Fint\",\"url\":\"https:\\\/\\\/www.fint.is\\\/is\\\/\",\"logo\":{\"@type\":\"ImageObject\",\"inLanguage\":\"is\",\"@id\":\"https:\\\/\\\/www.fint.is\\\/is\\\/#\\\/schema\\\/logo\\\/image\\\/\",\"url\":\"https:\\\/\\\/www.fint.is\\\/wp-content\\\/uploads\\\/logo-colour-small-2.png\",\"contentUrl\":\"https:\\\/\\\/www.fint.is\\\/wp-content\\\/uploads\\\/logo-colour-small-2.png\",\"width\":930,\"height\":711,\"caption\":\"F\u00ednt\"},\"image\":{\"@id\":\"https:\\\/\\\/www.fint.is\\\/is\\\/#\\\/schema\\\/logo\\\/image\\\/\"},\"sameAs\":[\"https:\\\/\\\/www.facebook.com\\\/100090983666893\\\/\",\"https:\\\/\\\/www.instagram.com\\\/fint.verslun\\\/\"]}]}<\/script>\n<!-- \/ Yoast SEO plugin. -->","yoast_head_json":{"title":"G\u00famm\u00edst\u00edgv\u00e9l fr\u00e1 Koel - Barefoot - F\u00ednt","description":"\u00de\u00e6gileg barefoot g\u00famm\u00edst\u00edgv\u00e9l fyrir b\u00f6rn, me\u00f0 fl\u00f6tum s\u00f3la og n\u00f3gu pl\u00e1ssi fyrir t\u00e6rnar. 100% g\u00famm\u00ed.","robots":{"index":"index","follow":"follow","max-snippet":"max-snippet:-1","max-image-preview":"max-image-preview:large","max-video-preview":"max-video-preview:-1"},"canonical":"https:\/\/www.fint.is\/is\/product\/barefoot-wellies-koel\/","og_locale":"is_IS","og_type":"article","og_title":"G\u00famm\u00edst\u00edgv\u00e9l fr\u00e1 Koel - Barefoot - F\u00ednt","og_description":"\u00de\u00e6gileg barefoot g\u00famm\u00edst\u00edgv\u00e9l fyrir b\u00f6rn, me\u00f0 fl\u00f6tum s\u00f3la og n\u00f3gu pl\u00e1ssi fyrir t\u00e6rnar. 100% g\u00famm\u00ed.","og_url":"https:\/\/www.fint.is\/is\/product\/barefoot-wellies-koel\/","og_site_name":"F\u00ednt","article_publisher":"https:\/\/www.facebook.com\/100090983666893\/","article_modified_time":"2026-02-26T17:02:36+00:00","og_image":[{"width":670,"height":720,"url":"https:\/\/www.fint.is\/wp-content\/uploads\/27m001.70e-700.jpg","type":"image\/jpeg"}],"schema":{"@context":"https:\/\/schema.org","@graph":[{"@type":"WebPage","@id":"https:\/\/www.fint.is\/product\/barefoot-wellies-koel\/","url":"https:\/\/www.fint.is\/product\/barefoot-wellies-koel\/","name":"G\u00famm\u00edst\u00edgv\u00e9l fr\u00e1 Koel - Barefoot - F\u00ednt","isPartOf":{"@id":"https:\/\/www.fint.is\/is\/#website"},"primaryImageOfPage":{"@id":"https:\/\/www.fint.is\/product\/barefoot-wellies-koel\/#primaryimage"},"image":{"@id":"https:\/\/www.fint.is\/product\/barefoot-wellies-koel\/#primaryimage"},"thumbnailUrl":"https:\/\/www.fint.is\/wp-content\/uploads\/27m001.70e-700.jpg","datePublished":"2023-12-12T20:25:58+00:00","dateModified":"2026-02-26T17:02:36+00:00","description":"\u00de\u00e6gileg barefoot g\u00famm\u00edst\u00edgv\u00e9l fyrir b\u00f6rn, me\u00f0 fl\u00f6tum s\u00f3la og n\u00f3gu pl\u00e1ssi fyrir t\u00e6rnar. 100% g\u00famm\u00ed.","breadcrumb":{"@id":"https:\/\/www.fint.is\/product\/barefoot-wellies-koel\/#breadcrumb"},"inLanguage":"is","potentialAction":[{"@type":"ReadAction","target":["https:\/\/www.fint.is\/product\/barefoot-wellies-koel\/"]}]},{"@type":"ImageObject","inLanguage":"is","@id":"https:\/\/www.fint.is\/product\/barefoot-wellies-koel\/#primaryimage","url":"https:\/\/www.fint.is\/wp-content\/uploads\/27m001.70e-700.jpg","contentUrl":"https:\/\/www.fint.is\/wp-content\/uploads\/27m001.70e-700.jpg","width":670,"height":720},{"@type":"BreadcrumbList","@id":"https:\/\/www.fint.is\/product\/barefoot-wellies-koel\/#breadcrumb","itemListElement":[{"@type":"ListItem","position":1,"name":"Home","item":"https:\/\/www.fint.is\/"},{"@type":"ListItem","position":2,"name":"Shop","item":"https:\/\/www.fint.is\/is\/shop\/"},{"@type":"ListItem","position":3,"name":"Barefoot shoes","item":"https:\/\/www.fint.is\/is\/product-category\/shoes\/"},{"@type":"ListItem","position":4,"name":"Wellies from Koel &#8211; barefoot st\u00edgv\u00e9l"}]},{"@type":"WebSite","@id":"https:\/\/www.fint.is\/is\/#website","url":"https:\/\/www.fint.is\/is\/","name":"F\u00ednt","description":"Barefoot sk\u00f3r, t\u00e1sokkar, og bur\u00f0arpokar","publisher":{"@id":"https:\/\/www.fint.is\/is\/#organization"},"alternateName":"f\u00ednt.is","potentialAction":[{"@type":"SearchAction","target":{"@type":"EntryPoint","urlTemplate":"https:\/\/www.fint.is\/is\/?s={search_term_string}"},"query-input":{"@type":"PropertyValueSpecification","valueRequired":true,"valueName":"search_term_string"}}],"inLanguage":"is"},{"@type":"Organization","@id":"https:\/\/www.fint.is\/is\/#organization","name":"F\u00ednt","alternateName":"Fint","url":"https:\/\/www.fint.is\/is\/","logo":{"@type":"ImageObject","inLanguage":"is","@id":"https:\/\/www.fint.is\/is\/#\/schema\/logo\/image\/","url":"https:\/\/www.fint.is\/wp-content\/uploads\/logo-colour-small-2.png","contentUrl":"https:\/\/www.fint.is\/wp-content\/uploads\/logo-colour-small-2.png","width":930,"height":711,"caption":"F\u00ednt"},"image":{"@id":"https:\/\/www.fint.is\/is\/#\/schema\/logo\/image\/"},"sameAs":["https:\/\/www.facebook.com\/100090983666893\/","https:\/\/www.instagram.com\/fint.verslun\/"]}]}},"_links":{"self":[{"href":"https:\/\/www.fint.is\/is\/wp-json\/wp\/v2\/product\/1577","targetHints":{"allow":["GET"]}}],"collection":[{"href":"https:\/\/www.fint.is\/is\/wp-json\/wp\/v2\/product"}],"about":[{"href":"https:\/\/www.fint.is\/is\/wp-json\/wp\/v2\/types\/product"}],"replies":[{"embeddable":true,"href":"https:\/\/www.fint.is\/is\/wp-json\/wp\/v2\/comments?post=1577"}],"wp:featuredmedia":[{"embeddable":true,"href":"https:\/\/www.fint.is\/is\/wp-json\/wp\/v2\/media\/1597"}],"wp:attachment":[{"href":"https:\/\/www.fint.is\/is\/wp-json\/wp\/v2\/media?parent=1577"}],"wp:term":[{"taxonomy":"product_brand","embeddable":true,"href":"https:\/\/www.fint.is\/is\/wp-json\/wp\/v2\/product_brand?post=1577"},{"taxonomy":"product_cat","embeddable":true,"href":"https:\/\/www.fint.is\/is\/wp-json\/wp\/v2\/product_cat?post=1577"},{"taxonomy":"product_tag","embeddable":true,"href":"https:\/\/www.fint.is\/is\/wp-json\/wp\/v2\/product_tag?post=1577"}],"curies":[{"name":"wp","href":"https:\/\/api.w.org\/{rel}","templated":true}]}}