{"id":1568,"date":"2023-12-11T20:44:49","date_gmt":"2023-12-11T20:44:49","guid":{"rendered":"https:\/\/www.fint.is\/?post_type=product&#038;p=1568"},"modified":"2026-02-26T17:02:36","modified_gmt":"2026-02-26T17:02:36","slug":"kumo-socks-for-pilates-or-yoga","status":"publish","type":"product","link":"https:\/\/www.fint.is\/is\/product\/kumo-socks-for-pilates-or-yoga\/","title":{"rendered":"Kumo Pilates or Yoga Socks Knitido &#8211; t\u00e1sokkar"},"content":{"rendered":"<p>L\u00edttu vel \u00fat og vertu \u00ed jafnv\u00e6gi!<\/p>\n<p>Vernda\u00f0u f\u00e6turna \u00fe\u00edna \u00ed j\u00f3ga e\u00f0a p\u00edlates, en haltu tilfinningunni sem fylgir \u00fev\u00ed a\u00f0 vera bref\u00e6tt(ur). \u00deessir sokkar hafa a\u00f0greindar t\u00e6r prj\u00f3na\u00f0ar \u00ed \u00fer\u00edv\u00edddarprj\u00f3ni \u00e1n saums.<\/p>\n<p>Kumo sokkarnir sty\u00f0ja vi\u00f0 jafnv\u00e6gi\u00f0 og hj\u00e1lpa \u00fe\u00e9r a\u00f0 st\u00fdra eigin hreyfingum me\u00f0 gripi og Air Cushion Balance fr\u00e1 Knitido.<\/p>","protected":false},"excerpt":{"rendered":"<p>Vernda\u00f0u f\u00e6turna \u00fe\u00edna \u00ed j\u00f3ga e\u00f0a p\u00edlates, en haltu tilfinningunni sem fylgir \u00fev\u00ed a\u00f0 vera bref\u00e6tt(ur).<\/p>","protected":false},"featured_media":1575,"comment_status":"closed","ping_status":"closed","template":"","meta":[],"product_brand":[166],"product_cat":[155,36],"product_tag":[51,135,50,123],"class_list":{"0":"post-1568","1":"product","2":"type-product","3":"status-publish","4":"has-post-thumbnail","6":"product_brand-knitido","7":"product_cat-last_items","8":"product_cat-socks","9":"product_tag-knitido","10":"product_tag-not-winter","11":"product_tag-toe-socks","12":"product_tag-yoga","14":"first","15":"outofstock","16":"taxable","17":"shipping-taxable","18":"product-type-variable"},"yoast_head":"<!-- This site is optimized with the Yoast SEO plugin v27.5 - https:\/\/yoast.com\/product\/yoast-seo-wordpress\/ -->\n<title>Kumo p\u00edlates- og j\u00f3gasokkar Knitido - F\u00ednt<\/title>\n<meta name=\"description\" content=\"Vernda\u00f0u f\u00e6turna \u00fe\u00edna \u00ed j\u00f3ga e\u00f0a p\u00edlates, en haltu tilfinningunni sem fylgir \u00fev\u00ed a\u00f0 vera bref\u00e6tt(ur).\" \/>\n<meta name=\"robots\" content=\"index, follow, max-snippet:-1, max-image-preview:large, max-video-preview:-1\" \/>\n<link rel=\"canonical\" href=\"https:\/\/www.fint.is\/is\/product\/kumo-socks-for-pilates-or-yoga\/\" \/>\n<meta property=\"og:locale\" content=\"is_IS\" \/>\n<meta property=\"og:type\" content=\"article\" \/>\n<meta property=\"og:title\" content=\"Kumo p\u00edlates- og j\u00f3gasokkar Knitido - F\u00ednt\" \/>\n<meta property=\"og:description\" content=\"Vernda\u00f0u f\u00e6turna \u00fe\u00edna \u00ed j\u00f3ga e\u00f0a p\u00edlates, en haltu tilfinningunni sem fylgir \u00fev\u00ed a\u00f0 vera bref\u00e6tt(ur).\" \/>\n<meta property=\"og:url\" content=\"https:\/\/www.fint.is\/is\/product\/kumo-socks-for-pilates-or-yoga\/\" \/>\n<meta property=\"og:site_name\" content=\"F\u00ednt\" \/>\n<meta property=\"article:publisher\" content=\"https:\/\/www.facebook.com\/100090983666893\/\" \/>\n<meta property=\"article:modified_time\" content=\"2026-02-26T17:02:36+00:00\" \/>\n<meta property=\"og:image\" content=\"https:\/\/www.fint.is\/wp-content\/uploads\/110053_31-2.png\" \/>\n\t<meta property=\"og:image:width\" content=\"1000\" \/>\n\t<meta property=\"og:image:height\" content=\"1200\" \/>\n\t<meta property=\"og:image:type\" content=\"image\/png\" \/>\n<script type=\"application\/ld+json\" class=\"yoast-schema-graph\">{\"@context\":\"https:\\\/\\\/schema.org\",\"@graph\":[{\"@type\":\"WebPage\",\"@id\":\"https:\\\/\\\/www.fint.is\\\/product\\\/kumo-socks-for-pilates-or-yoga\\\/\",\"url\":\"https:\\\/\\\/www.fint.is\\\/product\\\/kumo-socks-for-pilates-or-yoga\\\/\",\"name\":\"Kumo p\u00edlates- og j\u00f3gasokkar Knitido - F\u00ednt\",\"isPartOf\":{\"@id\":\"https:\\\/\\\/www.fint.is\\\/is\\\/#website\"},\"primaryImageOfPage\":{\"@id\":\"https:\\\/\\\/www.fint.is\\\/product\\\/kumo-socks-for-pilates-or-yoga\\\/#primaryimage\"},\"image\":{\"@id\":\"https:\\\/\\\/www.fint.is\\\/product\\\/kumo-socks-for-pilates-or-yoga\\\/#primaryimage\"},\"thumbnailUrl\":\"https:\\\/\\\/www.fint.is\\\/wp-content\\\/uploads\\\/110053_31-2.png\",\"datePublished\":\"2023-12-11T20:44:49+00:00\",\"dateModified\":\"2026-02-26T17:02:36+00:00\",\"description\":\"Vernda\u00f0u f\u00e6turna \u00fe\u00edna \u00ed j\u00f3ga e\u00f0a p\u00edlates, en haltu tilfinningunni sem fylgir \u00fev\u00ed a\u00f0 vera bref\u00e6tt(ur).\",\"breadcrumb\":{\"@id\":\"https:\\\/\\\/www.fint.is\\\/product\\\/kumo-socks-for-pilates-or-yoga\\\/#breadcrumb\"},\"inLanguage\":\"is\",\"potentialAction\":[{\"@type\":\"ReadAction\",\"target\":[\"https:\\\/\\\/www.fint.is\\\/product\\\/kumo-socks-for-pilates-or-yoga\\\/\"]}]},{\"@type\":\"ImageObject\",\"inLanguage\":\"is\",\"@id\":\"https:\\\/\\\/www.fint.is\\\/product\\\/kumo-socks-for-pilates-or-yoga\\\/#primaryimage\",\"url\":\"https:\\\/\\\/www.fint.is\\\/wp-content\\\/uploads\\\/110053_31-2.png\",\"contentUrl\":\"https:\\\/\\\/www.fint.is\\\/wp-content\\\/uploads\\\/110053_31-2.png\",\"width\":1000,\"height\":1200},{\"@type\":\"BreadcrumbList\",\"@id\":\"https:\\\/\\\/www.fint.is\\\/product\\\/kumo-socks-for-pilates-or-yoga\\\/#breadcrumb\",\"itemListElement\":[{\"@type\":\"ListItem\",\"position\":1,\"name\":\"Home\",\"item\":\"https:\\\/\\\/www.fint.is\\\/\"},{\"@type\":\"ListItem\",\"position\":2,\"name\":\"Shop\",\"item\":\"https:\\\/\\\/www.fint.is\\\/is\\\/shop\\\/\"},{\"@type\":\"ListItem\",\"position\":3,\"name\":\"Toe socks\",\"item\":\"https:\\\/\\\/www.fint.is\\\/is\\\/product-category\\\/socks\\\/\"},{\"@type\":\"ListItem\",\"position\":4,\"name\":\"Kumo Pilates or Yoga Socks Knitido &#8211; t\u00e1sokkar\"}]},{\"@type\":\"WebSite\",\"@id\":\"https:\\\/\\\/www.fint.is\\\/is\\\/#website\",\"url\":\"https:\\\/\\\/www.fint.is\\\/is\\\/\",\"name\":\"F\u00ednt\",\"description\":\"Barefoot sk\u00f3r, t\u00e1susokkar, og bur\u00f0arpokar\",\"publisher\":{\"@id\":\"https:\\\/\\\/www.fint.is\\\/is\\\/#organization\"},\"alternateName\":\"f\u00ednt.is\",\"potentialAction\":[{\"@type\":\"SearchAction\",\"target\":{\"@type\":\"EntryPoint\",\"urlTemplate\":\"https:\\\/\\\/www.fint.is\\\/is\\\/?s={search_term_string}\"},\"query-input\":{\"@type\":\"PropertyValueSpecification\",\"valueRequired\":true,\"valueName\":\"search_term_string\"}}],\"inLanguage\":\"is\"},{\"@type\":\"Organization\",\"@id\":\"https:\\\/\\\/www.fint.is\\\/is\\\/#organization\",\"name\":\"F\u00ednt\",\"alternateName\":\"Fint\",\"url\":\"https:\\\/\\\/www.fint.is\\\/is\\\/\",\"logo\":{\"@type\":\"ImageObject\",\"inLanguage\":\"is\",\"@id\":\"https:\\\/\\\/www.fint.is\\\/is\\\/#\\\/schema\\\/logo\\\/image\\\/\",\"url\":\"https:\\\/\\\/www.fint.is\\\/wp-content\\\/uploads\\\/logo-colour-small-2.png\",\"contentUrl\":\"https:\\\/\\\/www.fint.is\\\/wp-content\\\/uploads\\\/logo-colour-small-2.png\",\"width\":930,\"height\":711,\"caption\":\"F\u00ednt\"},\"image\":{\"@id\":\"https:\\\/\\\/www.fint.is\\\/is\\\/#\\\/schema\\\/logo\\\/image\\\/\"},\"sameAs\":[\"https:\\\/\\\/www.facebook.com\\\/100090983666893\\\/\",\"https:\\\/\\\/www.instagram.com\\\/fint.verslun\\\/\"]}]}<\/script>\n<!-- \/ Yoast SEO plugin. -->","yoast_head_json":{"title":"Kumo p\u00edlates- og j\u00f3gasokkar Knitido - F\u00ednt","description":"Vernda\u00f0u f\u00e6turna \u00fe\u00edna \u00ed j\u00f3ga e\u00f0a p\u00edlates, en haltu tilfinningunni sem fylgir \u00fev\u00ed a\u00f0 vera bref\u00e6tt(ur).","robots":{"index":"index","follow":"follow","max-snippet":"max-snippet:-1","max-image-preview":"max-image-preview:large","max-video-preview":"max-video-preview:-1"},"canonical":"https:\/\/www.fint.is\/is\/product\/kumo-socks-for-pilates-or-yoga\/","og_locale":"is_IS","og_type":"article","og_title":"Kumo p\u00edlates- og j\u00f3gasokkar Knitido - F\u00ednt","og_description":"Vernda\u00f0u f\u00e6turna \u00fe\u00edna \u00ed j\u00f3ga e\u00f0a p\u00edlates, en haltu tilfinningunni sem fylgir \u00fev\u00ed a\u00f0 vera bref\u00e6tt(ur).","og_url":"https:\/\/www.fint.is\/is\/product\/kumo-socks-for-pilates-or-yoga\/","og_site_name":"F\u00ednt","article_publisher":"https:\/\/www.facebook.com\/100090983666893\/","article_modified_time":"2026-02-26T17:02:36+00:00","og_image":[{"width":1000,"height":1200,"url":"https:\/\/www.fint.is\/wp-content\/uploads\/110053_31-2.png","type":"image\/png"}],"schema":{"@context":"https:\/\/schema.org","@graph":[{"@type":"WebPage","@id":"https:\/\/www.fint.is\/product\/kumo-socks-for-pilates-or-yoga\/","url":"https:\/\/www.fint.is\/product\/kumo-socks-for-pilates-or-yoga\/","name":"Kumo p\u00edlates- og j\u00f3gasokkar Knitido - F\u00ednt","isPartOf":{"@id":"https:\/\/www.fint.is\/is\/#website"},"primaryImageOfPage":{"@id":"https:\/\/www.fint.is\/product\/kumo-socks-for-pilates-or-yoga\/#primaryimage"},"image":{"@id":"https:\/\/www.fint.is\/product\/kumo-socks-for-pilates-or-yoga\/#primaryimage"},"thumbnailUrl":"https:\/\/www.fint.is\/wp-content\/uploads\/110053_31-2.png","datePublished":"2023-12-11T20:44:49+00:00","dateModified":"2026-02-26T17:02:36+00:00","description":"Vernda\u00f0u f\u00e6turna \u00fe\u00edna \u00ed j\u00f3ga e\u00f0a p\u00edlates, en haltu tilfinningunni sem fylgir \u00fev\u00ed a\u00f0 vera bref\u00e6tt(ur).","breadcrumb":{"@id":"https:\/\/www.fint.is\/product\/kumo-socks-for-pilates-or-yoga\/#breadcrumb"},"inLanguage":"is","potentialAction":[{"@type":"ReadAction","target":["https:\/\/www.fint.is\/product\/kumo-socks-for-pilates-or-yoga\/"]}]},{"@type":"ImageObject","inLanguage":"is","@id":"https:\/\/www.fint.is\/product\/kumo-socks-for-pilates-or-yoga\/#primaryimage","url":"https:\/\/www.fint.is\/wp-content\/uploads\/110053_31-2.png","contentUrl":"https:\/\/www.fint.is\/wp-content\/uploads\/110053_31-2.png","width":1000,"height":1200},{"@type":"BreadcrumbList","@id":"https:\/\/www.fint.is\/product\/kumo-socks-for-pilates-or-yoga\/#breadcrumb","itemListElement":[{"@type":"ListItem","position":1,"name":"Home","item":"https:\/\/www.fint.is\/"},{"@type":"ListItem","position":2,"name":"Shop","item":"https:\/\/www.fint.is\/is\/shop\/"},{"@type":"ListItem","position":3,"name":"Toe socks","item":"https:\/\/www.fint.is\/is\/product-category\/socks\/"},{"@type":"ListItem","position":4,"name":"Kumo Pilates or Yoga Socks Knitido &#8211; t\u00e1sokkar"}]},{"@type":"WebSite","@id":"https:\/\/www.fint.is\/is\/#website","url":"https:\/\/www.fint.is\/is\/","name":"F\u00ednt","description":"Barefoot sk\u00f3r, t\u00e1sokkar, og bur\u00f0arpokar","publisher":{"@id":"https:\/\/www.fint.is\/is\/#organization"},"alternateName":"f\u00ednt.is","potentialAction":[{"@type":"SearchAction","target":{"@type":"EntryPoint","urlTemplate":"https:\/\/www.fint.is\/is\/?s={search_term_string}"},"query-input":{"@type":"PropertyValueSpecification","valueRequired":true,"valueName":"search_term_string"}}],"inLanguage":"is"},{"@type":"Organization","@id":"https:\/\/www.fint.is\/is\/#organization","name":"F\u00ednt","alternateName":"Fint","url":"https:\/\/www.fint.is\/is\/","logo":{"@type":"ImageObject","inLanguage":"is","@id":"https:\/\/www.fint.is\/is\/#\/schema\/logo\/image\/","url":"https:\/\/www.fint.is\/wp-content\/uploads\/logo-colour-small-2.png","contentUrl":"https:\/\/www.fint.is\/wp-content\/uploads\/logo-colour-small-2.png","width":930,"height":711,"caption":"F\u00ednt"},"image":{"@id":"https:\/\/www.fint.is\/is\/#\/schema\/logo\/image\/"},"sameAs":["https:\/\/www.facebook.com\/100090983666893\/","https:\/\/www.instagram.com\/fint.verslun\/"]}]}},"_links":{"self":[{"href":"https:\/\/www.fint.is\/is\/wp-json\/wp\/v2\/product\/1568","targetHints":{"allow":["GET"]}}],"collection":[{"href":"https:\/\/www.fint.is\/is\/wp-json\/wp\/v2\/product"}],"about":[{"href":"https:\/\/www.fint.is\/is\/wp-json\/wp\/v2\/types\/product"}],"replies":[{"embeddable":true,"href":"https:\/\/www.fint.is\/is\/wp-json\/wp\/v2\/comments?post=1568"}],"wp:featuredmedia":[{"embeddable":true,"href":"https:\/\/www.fint.is\/is\/wp-json\/wp\/v2\/media\/1575"}],"wp:attachment":[{"href":"https:\/\/www.fint.is\/is\/wp-json\/wp\/v2\/media?parent=1568"}],"wp:term":[{"taxonomy":"product_brand","embeddable":true,"href":"https:\/\/www.fint.is\/is\/wp-json\/wp\/v2\/product_brand?post=1568"},{"taxonomy":"product_cat","embeddable":true,"href":"https:\/\/www.fint.is\/is\/wp-json\/wp\/v2\/product_cat?post=1568"},{"taxonomy":"product_tag","embeddable":true,"href":"https:\/\/www.fint.is\/is\/wp-json\/wp\/v2\/product_tag?post=1568"}],"curies":[{"name":"wp","href":"https:\/\/api.w.org\/{rel}","templated":true}]}}