{"id":1530,"date":"2023-12-04T20:29:54","date_gmt":"2023-12-04T20:29:54","guid":{"rendered":"https:\/\/www.fint.is\/?post_type=product&#038;p=1530"},"modified":"2026-02-26T17:02:36","modified_gmt":"2026-02-26T17:02:36","slug":"rainbows-mid-calf","status":"publish","type":"product","link":"https:\/\/www.fint.is\/is\/product\/rainbows-mid-calf\/","title":{"rendered":"Rainbows mid-calf Knitido L &#8211; t\u00e1sokkar"},"content":{"rendered":"<p>\u00deessir regnbogasokkar fr\u00e1 Knitido n\u00e1 upp \u00e1 mi\u00f0jan k\u00e1lfann og henta vel \u00ed h\u00e1um sk\u00f3m e\u00f0a st\u00edgv\u00e9lum.<\/p>\n<p>\u00deeir eru framleiddir \u00far 95% b\u00f3mull, 4% n\u00e6lon og 1% elast\u00edn, sem gerir \u00fe\u00e1 jafnt mj\u00faka, teygjanlega og endingarg\u00f3\u00f0a.<\/p>\n<p>(t\u00e1susokkar)<\/p>","protected":false},"excerpt":{"rendered":"<p>Regnboga-t\u00e1sokkar fr\u00e1 Knitido, sem n\u00e1 upp \u00e1 mi\u00f0jan k\u00e1lfann.<\/p>","protected":false},"featured_media":1542,"comment_status":"closed","ping_status":"closed","template":"","meta":[],"product_brand":[166],"product_cat":[155,36],"product_tag":[51,135,58,50],"class_list":{"0":"post-1530","1":"product","2":"type-product","3":"status-publish","4":"has-post-thumbnail","6":"product_brand-knitido","7":"product_cat-last_items","8":"product_cat-socks","9":"product_tag-knitido","10":"product_tag-not-winter","11":"product_tag-rainbow-socks","12":"product_tag-toe-socks","14":"first","15":"instock","16":"taxable","17":"shipping-taxable","18":"purchasable","19":"product-type-variable"},"yoast_head":"<!-- This site is optimized with the Yoast SEO plugin v27.5 - https:\/\/yoast.com\/product\/yoast-seo-wordpress\/ -->\n<title>Rainbows mid-calf Knitido L - t\u00e1sokkar - F\u00ednt<\/title>\n<meta name=\"description\" content=\"These rainbow toe socks from Knitido go up to your mid-calf and are perfect for wearing boots or other types of higher shoes.\" \/>\n<meta name=\"robots\" content=\"index, follow, max-snippet:-1, max-image-preview:large, max-video-preview:-1\" \/>\n<link rel=\"canonical\" href=\"https:\/\/www.fint.is\/is\/product\/rainbows-mid-calf\/\" \/>\n<meta property=\"og:locale\" content=\"is_IS\" \/>\n<meta property=\"og:type\" content=\"article\" \/>\n<meta property=\"og:title\" content=\"Rainbows mid-calf Knitido L - t\u00e1sokkar - F\u00ednt\" \/>\n<meta property=\"og:description\" content=\"These rainbow toe socks from Knitido go up to your mid-calf and are perfect for wearing boots or other types of higher shoes.\" \/>\n<meta property=\"og:url\" content=\"https:\/\/www.fint.is\/is\/product\/rainbows-mid-calf\/\" \/>\n<meta property=\"og:site_name\" content=\"F\u00ednt\" \/>\n<meta property=\"article:publisher\" content=\"https:\/\/www.facebook.com\/100090983666893\/\" \/>\n<meta property=\"article:modified_time\" content=\"2026-02-26T17:02:36+00:00\" \/>\n<meta property=\"og:image\" content=\"https:\/\/www.fint.is\/wp-content\/uploads\/8305_131-1-1024x586.png\" \/>\n\t<meta property=\"og:image:width\" content=\"1024\" \/>\n\t<meta property=\"og:image:height\" content=\"586\" \/>\n\t<meta property=\"og:image:type\" content=\"image\/png\" \/>\n<script type=\"application\/ld+json\" class=\"yoast-schema-graph\">{\"@context\":\"https:\\\/\\\/schema.org\",\"@graph\":[{\"@type\":\"WebPage\",\"@id\":\"https:\\\/\\\/www.fint.is\\\/product\\\/rainbows-mid-calf\\\/\",\"url\":\"https:\\\/\\\/www.fint.is\\\/product\\\/rainbows-mid-calf\\\/\",\"name\":\"Rainbows mid-calf Knitido L - t\u00e1sokkar - F\u00ednt\",\"isPartOf\":{\"@id\":\"https:\\\/\\\/www.fint.is\\\/is\\\/#website\"},\"primaryImageOfPage\":{\"@id\":\"https:\\\/\\\/www.fint.is\\\/product\\\/rainbows-mid-calf\\\/#primaryimage\"},\"image\":{\"@id\":\"https:\\\/\\\/www.fint.is\\\/product\\\/rainbows-mid-calf\\\/#primaryimage\"},\"thumbnailUrl\":\"https:\\\/\\\/www.fint.is\\\/wp-content\\\/uploads\\\/8305_131-1.png\",\"datePublished\":\"2023-12-04T20:29:54+00:00\",\"dateModified\":\"2026-02-26T17:02:36+00:00\",\"description\":\"These rainbow toe socks from Knitido go up to your mid-calf and are perfect for wearing boots or other types of higher shoes.\",\"breadcrumb\":{\"@id\":\"https:\\\/\\\/www.fint.is\\\/product\\\/rainbows-mid-calf\\\/#breadcrumb\"},\"inLanguage\":\"is\",\"potentialAction\":[{\"@type\":\"ReadAction\",\"target\":[\"https:\\\/\\\/www.fint.is\\\/product\\\/rainbows-mid-calf\\\/\"]}]},{\"@type\":\"ImageObject\",\"inLanguage\":\"is\",\"@id\":\"https:\\\/\\\/www.fint.is\\\/product\\\/rainbows-mid-calf\\\/#primaryimage\",\"url\":\"https:\\\/\\\/www.fint.is\\\/wp-content\\\/uploads\\\/8305_131-1.png\",\"contentUrl\":\"https:\\\/\\\/www.fint.is\\\/wp-content\\\/uploads\\\/8305_131-1.png\",\"width\":7266,\"height\":4156},{\"@type\":\"BreadcrumbList\",\"@id\":\"https:\\\/\\\/www.fint.is\\\/product\\\/rainbows-mid-calf\\\/#breadcrumb\",\"itemListElement\":[{\"@type\":\"ListItem\",\"position\":1,\"name\":\"Home\",\"item\":\"https:\\\/\\\/www.fint.is\\\/\"},{\"@type\":\"ListItem\",\"position\":2,\"name\":\"Shop\",\"item\":\"https:\\\/\\\/www.fint.is\\\/is\\\/shop\\\/\"},{\"@type\":\"ListItem\",\"position\":3,\"name\":\"Toe socks\",\"item\":\"https:\\\/\\\/www.fint.is\\\/is\\\/product-category\\\/socks\\\/\"},{\"@type\":\"ListItem\",\"position\":4,\"name\":\"Rainbows mid-calf Knitido L &#8211; t\u00e1sokkar\"}]},{\"@type\":\"WebSite\",\"@id\":\"https:\\\/\\\/www.fint.is\\\/is\\\/#website\",\"url\":\"https:\\\/\\\/www.fint.is\\\/is\\\/\",\"name\":\"F\u00ednt\",\"description\":\"Barefoot sk\u00f3r, t\u00e1susokkar, og bur\u00f0arpokar\",\"publisher\":{\"@id\":\"https:\\\/\\\/www.fint.is\\\/is\\\/#organization\"},\"alternateName\":\"f\u00ednt.is\",\"potentialAction\":[{\"@type\":\"SearchAction\",\"target\":{\"@type\":\"EntryPoint\",\"urlTemplate\":\"https:\\\/\\\/www.fint.is\\\/is\\\/?s={search_term_string}\"},\"query-input\":{\"@type\":\"PropertyValueSpecification\",\"valueRequired\":true,\"valueName\":\"search_term_string\"}}],\"inLanguage\":\"is\"},{\"@type\":\"Organization\",\"@id\":\"https:\\\/\\\/www.fint.is\\\/is\\\/#organization\",\"name\":\"F\u00ednt\",\"alternateName\":\"Fint\",\"url\":\"https:\\\/\\\/www.fint.is\\\/is\\\/\",\"logo\":{\"@type\":\"ImageObject\",\"inLanguage\":\"is\",\"@id\":\"https:\\\/\\\/www.fint.is\\\/is\\\/#\\\/schema\\\/logo\\\/image\\\/\",\"url\":\"https:\\\/\\\/www.fint.is\\\/wp-content\\\/uploads\\\/logo-colour-small-2.png\",\"contentUrl\":\"https:\\\/\\\/www.fint.is\\\/wp-content\\\/uploads\\\/logo-colour-small-2.png\",\"width\":930,\"height\":711,\"caption\":\"F\u00ednt\"},\"image\":{\"@id\":\"https:\\\/\\\/www.fint.is\\\/is\\\/#\\\/schema\\\/logo\\\/image\\\/\"},\"sameAs\":[\"https:\\\/\\\/www.facebook.com\\\/100090983666893\\\/\",\"https:\\\/\\\/www.instagram.com\\\/fint.verslun\\\/\"]}]}<\/script>\n<!-- \/ Yoast SEO plugin. -->","yoast_head_json":{"title":"Rainbows mid-calf Knitido L - t\u00e1sokkar - F\u00ednt","description":"\u00deessir regnbogasokkar fr\u00e1 Knitido n\u00e1 upp \u00e1 mi\u00f0jan k\u00e1lfann og henta vel \u00ed h\u00e1um sk\u00f3m e\u00f0a st\u00edgv\u00e9lum.","robots":{"index":"index","follow":"follow","max-snippet":"max-snippet:-1","max-image-preview":"max-image-preview:large","max-video-preview":"max-video-preview:-1"},"canonical":"https:\/\/www.fint.is\/is\/product\/rainbows-mid-calf\/","og_locale":"is_IS","og_type":"article","og_title":"Rainbows mid-calf Knitido L - t\u00e1sokkar - F\u00ednt","og_description":"These rainbow toe socks from Knitido go up to your mid-calf and are perfect for wearing boots or other types of higher shoes.","og_url":"https:\/\/www.fint.is\/is\/product\/rainbows-mid-calf\/","og_site_name":"F\u00ednt","article_publisher":"https:\/\/www.facebook.com\/100090983666893\/","article_modified_time":"2026-02-26T17:02:36+00:00","og_image":[{"width":1024,"height":586,"url":"https:\/\/www.fint.is\/wp-content\/uploads\/8305_131-1-1024x586.png","type":"image\/png"}],"schema":{"@context":"https:\/\/schema.org","@graph":[{"@type":"WebPage","@id":"https:\/\/www.fint.is\/product\/rainbows-mid-calf\/","url":"https:\/\/www.fint.is\/product\/rainbows-mid-calf\/","name":"Rainbows mid-calf Knitido L - t\u00e1sokkar - F\u00ednt","isPartOf":{"@id":"https:\/\/www.fint.is\/is\/#website"},"primaryImageOfPage":{"@id":"https:\/\/www.fint.is\/product\/rainbows-mid-calf\/#primaryimage"},"image":{"@id":"https:\/\/www.fint.is\/product\/rainbows-mid-calf\/#primaryimage"},"thumbnailUrl":"https:\/\/www.fint.is\/wp-content\/uploads\/8305_131-1.png","datePublished":"2023-12-04T20:29:54+00:00","dateModified":"2026-02-26T17:02:36+00:00","description":"\u00deessir regnbogasokkar fr\u00e1 Knitido n\u00e1 upp \u00e1 mi\u00f0jan k\u00e1lfann og henta vel \u00ed h\u00e1um sk\u00f3m e\u00f0a st\u00edgv\u00e9lum.","breadcrumb":{"@id":"https:\/\/www.fint.is\/product\/rainbows-mid-calf\/#breadcrumb"},"inLanguage":"is","potentialAction":[{"@type":"ReadAction","target":["https:\/\/www.fint.is\/product\/rainbows-mid-calf\/"]}]},{"@type":"ImageObject","inLanguage":"is","@id":"https:\/\/www.fint.is\/product\/rainbows-mid-calf\/#primaryimage","url":"https:\/\/www.fint.is\/wp-content\/uploads\/8305_131-1.png","contentUrl":"https:\/\/www.fint.is\/wp-content\/uploads\/8305_131-1.png","width":7266,"height":4156},{"@type":"BreadcrumbList","@id":"https:\/\/www.fint.is\/product\/rainbows-mid-calf\/#breadcrumb","itemListElement":[{"@type":"ListItem","position":1,"name":"Home","item":"https:\/\/www.fint.is\/"},{"@type":"ListItem","position":2,"name":"Shop","item":"https:\/\/www.fint.is\/is\/shop\/"},{"@type":"ListItem","position":3,"name":"Toe socks","item":"https:\/\/www.fint.is\/is\/product-category\/socks\/"},{"@type":"ListItem","position":4,"name":"Rainbows mid-calf Knitido L &#8211; t\u00e1sokkar"}]},{"@type":"WebSite","@id":"https:\/\/www.fint.is\/is\/#website","url":"https:\/\/www.fint.is\/is\/","name":"F\u00ednt","description":"Barefoot sk\u00f3r, t\u00e1sokkar, og bur\u00f0arpokar","publisher":{"@id":"https:\/\/www.fint.is\/is\/#organization"},"alternateName":"f\u00ednt.is","potentialAction":[{"@type":"SearchAction","target":{"@type":"EntryPoint","urlTemplate":"https:\/\/www.fint.is\/is\/?s={search_term_string}"},"query-input":{"@type":"PropertyValueSpecification","valueRequired":true,"valueName":"search_term_string"}}],"inLanguage":"is"},{"@type":"Organization","@id":"https:\/\/www.fint.is\/is\/#organization","name":"F\u00ednt","alternateName":"Fint","url":"https:\/\/www.fint.is\/is\/","logo":{"@type":"ImageObject","inLanguage":"is","@id":"https:\/\/www.fint.is\/is\/#\/schema\/logo\/image\/","url":"https:\/\/www.fint.is\/wp-content\/uploads\/logo-colour-small-2.png","contentUrl":"https:\/\/www.fint.is\/wp-content\/uploads\/logo-colour-small-2.png","width":930,"height":711,"caption":"F\u00ednt"},"image":{"@id":"https:\/\/www.fint.is\/is\/#\/schema\/logo\/image\/"},"sameAs":["https:\/\/www.facebook.com\/100090983666893\/","https:\/\/www.instagram.com\/fint.verslun\/"]}]}},"_links":{"self":[{"href":"https:\/\/www.fint.is\/is\/wp-json\/wp\/v2\/product\/1530","targetHints":{"allow":["GET"]}}],"collection":[{"href":"https:\/\/www.fint.is\/is\/wp-json\/wp\/v2\/product"}],"about":[{"href":"https:\/\/www.fint.is\/is\/wp-json\/wp\/v2\/types\/product"}],"replies":[{"embeddable":true,"href":"https:\/\/www.fint.is\/is\/wp-json\/wp\/v2\/comments?post=1530"}],"wp:featuredmedia":[{"embeddable":true,"href":"https:\/\/www.fint.is\/is\/wp-json\/wp\/v2\/media\/1542"}],"wp:attachment":[{"href":"https:\/\/www.fint.is\/is\/wp-json\/wp\/v2\/media?parent=1530"}],"wp:term":[{"taxonomy":"product_brand","embeddable":true,"href":"https:\/\/www.fint.is\/is\/wp-json\/wp\/v2\/product_brand?post=1530"},{"taxonomy":"product_cat","embeddable":true,"href":"https:\/\/www.fint.is\/is\/wp-json\/wp\/v2\/product_cat?post=1530"},{"taxonomy":"product_tag","embeddable":true,"href":"https:\/\/www.fint.is\/is\/wp-json\/wp\/v2\/product_tag?post=1530"}],"curies":[{"name":"wp","href":"https:\/\/api.w.org\/{rel}","templated":true}]}}