{"id":1349,"date":"2023-11-03T13:58:22","date_gmt":"2023-11-03T13:58:22","guid":{"rendered":"https:\/\/www.fint.is\/?post_type=product&#038;p=1349"},"modified":"2026-02-26T17:02:36","modified_gmt":"2026-02-26T17:02:36","slug":"baby-easy-carrier-wearewovens","status":"publish","type":"product","link":"https:\/\/www.fint.is\/is\/product\/baby-easy-carrier-wearewovens\/","title":{"rendered":"WAW Easy Carrier Baby &#8211; bur\u00f0arpoki"},"content":{"rendered":"<p>The Easy Carrier (bur\u00f0arpoki) from We Are Wovens is made, as the name suggests, from woven fabric. This makes the carrier light-weight and feel as if you are carrying with a wrap, where the fabric and weight distribution easily adjusts to your and your baby&#8217;s body shape. This carrier is easy to take along (definitely compared to a stroller) if you do not know in advance if the route is accessible and when your baby wants to be held. Having this carrier allows you to adjust to every situation! The design is simple and easy, without any unnecessary features, but still with ergonomic features. This way the carrier is easy to take as it is so lightweight and small, but it also ensures that when you are carrying it is just about you and your baby. The shoulder straps can be crossed over the back, and it can be used for both front and back carrying.<\/p>\n<p>Easy Carrier Baby hentar b\u00f6rnum sem nota fatast\u00e6r\u00f0ir 56-86.<\/p>\n<p><span style=\"color: #333333;\"><em>We Are Wovens er hollenskt merki sem notast einungis vi\u00f0 h\u00e1g\u00e6\u00f0a kembda b\u00f3mull \u00ed fallegum litum. B\u00f3mullin sem \u00feau nota hefur \u00f6ll Oeko Tex vottun. \u00deessi vottun tryggir a\u00f0 b\u00f3mullin hafi litu\u00f0 \u00e1n ska\u00f0legra efna og s\u00e9 \u00fear me\u00f0 \u00f6rugg fyrir l\u00edtil b\u00f6rn sem eru gj\u00f6rn \u00e1 a\u00f0 stinga \u00f6llu upp \u00ed munninn. \u00d6ll bur\u00f0arsj\u00f6lin og bur\u00f0arpokarnir fr\u00e1 We Are Wovens eru framleidd \u00ed Evr\u00f3pu, sem tryggir a\u00f0 \u00feau geta fylgt framlei\u00f0sluferlinu n\u00e1i\u00f0 eftir og tryggt h\u00e1 g\u00e6\u00f0i.<\/em><\/span><\/p>\n<p><span style=\"color: #f0f0f0;\">magapoki, bur\u00f0arpoki, bur\u00f0arsjal<span style=\"color: #ffffff;\">l, burdarpoki<\/span><\/span><\/p>","protected":false},"excerpt":{"rendered":"<p>Easy Carrier er l\u00e9ttur bur\u00f0arpoki, einfaldur en jafnframt erg\u00f3n\u00f3m\u00edskur. Hentar st\u00e6r\u00f0um 56-86.<\/p>","protected":false},"featured_media":1378,"comment_status":"closed","ping_status":"closed","template":"","meta":[],"product_brand":[164],"product_cat":[42,21],"product_tag":[144,62,136,135,141,118,140],"class_list":{"0":"post-1349","1":"product","2":"type-product","3":"status-publish","4":"has-post-thumbnail","6":"product_brand-waw","7":"product_cat-baby-wearing","8":"product_cat-carry-bags-wraps-burdarpokar","9":"product_tag-baby","10":"product_tag-baby-carrier","11":"product_tag-burdarpoki","12":"product_tag-not-winter","13":"product_tag-toddler","14":"product_tag-we-are-wovens","15":"product_tag-woven-wrap","16":"product_shipping_class-carrier","18":"first","19":"instock","20":"taxable","21":"shipping-taxable","22":"purchasable","23":"product-type-variable"},"yoast_head":"<!-- This site is optimized with the Yoast SEO plugin v27.5 - https:\/\/yoast.com\/product\/yoast-seo-wordpress\/ -->\n<title>WAW Easy Carrier Baby - bur\u00f0arpoki - F\u00ednt<\/title>\n<meta name=\"description\" content=\"L\u00e9ttur og \u00fe\u00e6gilegur bur\u00f0arpoki sem er b\u00e6\u00f0i einfaldur og erg\u00f3n\u00f3m\u00edskur. Hentar fyrir ungab\u00f6rn, e\u00f0a b\u00f6rn sem nota fatast\u00e6r\u00f0ir 56-86.\" \/>\n<meta name=\"robots\" content=\"index, follow, max-snippet:-1, max-image-preview:large, max-video-preview:-1\" \/>\n<link rel=\"canonical\" href=\"https:\/\/www.fint.is\/is\/product\/baby-easy-carrier-wearewovens\/\" \/>\n<meta property=\"og:locale\" content=\"is_IS\" \/>\n<meta property=\"og:type\" content=\"article\" \/>\n<meta property=\"og:title\" content=\"WAW Easy Carrier Baby - bur\u00f0arpoki - F\u00ednt\" \/>\n<meta property=\"og:description\" content=\"L\u00e9ttur og \u00fe\u00e6gilegur bur\u00f0arpoki sem er b\u00e6\u00f0i einfaldur og erg\u00f3n\u00f3m\u00edskur. Hentar fyrir ungab\u00f6rn, e\u00f0a b\u00f6rn sem nota fatast\u00e6r\u00f0ir 56-86.\" \/>\n<meta property=\"og:url\" content=\"https:\/\/www.fint.is\/is\/product\/baby-easy-carrier-wearewovens\/\" \/>\n<meta property=\"og:site_name\" content=\"F\u00ednt\" \/>\n<meta property=\"article:publisher\" content=\"https:\/\/www.facebook.com\/100090983666893\/\" \/>\n<meta property=\"article:modified_time\" content=\"2026-02-26T17:02:36+00:00\" \/>\n<meta property=\"og:image\" content=\"https:\/\/www.fint.is\/wp-content\/uploads\/IMG_8460-scaled.jpg\" \/>\n\t<meta property=\"og:image:width\" content=\"1707\" \/>\n\t<meta property=\"og:image:height\" content=\"2560\" \/>\n\t<meta property=\"og:image:type\" content=\"image\/jpeg\" \/>\n<script type=\"application\/ld+json\" class=\"yoast-schema-graph\">{\"@context\":\"https:\\\/\\\/schema.org\",\"@graph\":[{\"@type\":\"WebPage\",\"@id\":\"https:\\\/\\\/www.fint.is\\\/product\\\/baby-easy-carrier-wearewovens\\\/\",\"url\":\"https:\\\/\\\/www.fint.is\\\/product\\\/baby-easy-carrier-wearewovens\\\/\",\"name\":\"WAW Easy Carrier Baby - bur\u00f0arpoki - F\u00ednt\",\"isPartOf\":{\"@id\":\"https:\\\/\\\/www.fint.is\\\/is\\\/#website\"},\"primaryImageOfPage\":{\"@id\":\"https:\\\/\\\/www.fint.is\\\/product\\\/baby-easy-carrier-wearewovens\\\/#primaryimage\"},\"image\":{\"@id\":\"https:\\\/\\\/www.fint.is\\\/product\\\/baby-easy-carrier-wearewovens\\\/#primaryimage\"},\"thumbnailUrl\":\"https:\\\/\\\/www.fint.is\\\/wp-content\\\/uploads\\\/IMG_8460-scaled.jpg\",\"datePublished\":\"2023-11-03T13:58:22+00:00\",\"dateModified\":\"2026-02-26T17:02:36+00:00\",\"description\":\"L\u00e9ttur og \u00fe\u00e6gilegur bur\u00f0arpoki sem er b\u00e6\u00f0i einfaldur og erg\u00f3n\u00f3m\u00edskur. Hentar fyrir ungab\u00f6rn, e\u00f0a b\u00f6rn sem nota fatast\u00e6r\u00f0ir 56-86.\",\"breadcrumb\":{\"@id\":\"https:\\\/\\\/www.fint.is\\\/product\\\/baby-easy-carrier-wearewovens\\\/#breadcrumb\"},\"inLanguage\":\"is\",\"potentialAction\":[{\"@type\":\"ReadAction\",\"target\":[\"https:\\\/\\\/www.fint.is\\\/product\\\/baby-easy-carrier-wearewovens\\\/\"]}]},{\"@type\":\"ImageObject\",\"inLanguage\":\"is\",\"@id\":\"https:\\\/\\\/www.fint.is\\\/product\\\/baby-easy-carrier-wearewovens\\\/#primaryimage\",\"url\":\"https:\\\/\\\/www.fint.is\\\/wp-content\\\/uploads\\\/IMG_8460-scaled.jpg\",\"contentUrl\":\"https:\\\/\\\/www.fint.is\\\/wp-content\\\/uploads\\\/IMG_8460-scaled.jpg\",\"width\":1707,\"height\":2560},{\"@type\":\"BreadcrumbList\",\"@id\":\"https:\\\/\\\/www.fint.is\\\/product\\\/baby-easy-carrier-wearewovens\\\/#breadcrumb\",\"itemListElement\":[{\"@type\":\"ListItem\",\"position\":1,\"name\":\"Home\",\"item\":\"https:\\\/\\\/www.fint.is\\\/\"},{\"@type\":\"ListItem\",\"position\":2,\"name\":\"Shop\",\"item\":\"https:\\\/\\\/www.fint.is\\\/is\\\/shop\\\/\"},{\"@type\":\"ListItem\",\"position\":3,\"name\":\"Baby wearing\",\"item\":\"https:\\\/\\\/www.fint.is\\\/en\\\/product-category\\\/baby-wearing\\\/\"},{\"@type\":\"ListItem\",\"position\":4,\"name\":\"WAW Easy Carrier Baby &#8211; bur\u00f0arpoki\"}]},{\"@type\":\"WebSite\",\"@id\":\"https:\\\/\\\/www.fint.is\\\/is\\\/#website\",\"url\":\"https:\\\/\\\/www.fint.is\\\/is\\\/\",\"name\":\"F\u00ednt\",\"description\":\"Barefoot sk\u00f3r, t\u00e1susokkar, og bur\u00f0arpokar\",\"publisher\":{\"@id\":\"https:\\\/\\\/www.fint.is\\\/is\\\/#organization\"},\"alternateName\":\"f\u00ednt.is\",\"potentialAction\":[{\"@type\":\"SearchAction\",\"target\":{\"@type\":\"EntryPoint\",\"urlTemplate\":\"https:\\\/\\\/www.fint.is\\\/is\\\/?s={search_term_string}\"},\"query-input\":{\"@type\":\"PropertyValueSpecification\",\"valueRequired\":true,\"valueName\":\"search_term_string\"}}],\"inLanguage\":\"is\"},{\"@type\":\"Organization\",\"@id\":\"https:\\\/\\\/www.fint.is\\\/is\\\/#organization\",\"name\":\"F\u00ednt\",\"alternateName\":\"Fint\",\"url\":\"https:\\\/\\\/www.fint.is\\\/is\\\/\",\"logo\":{\"@type\":\"ImageObject\",\"inLanguage\":\"is\",\"@id\":\"https:\\\/\\\/www.fint.is\\\/is\\\/#\\\/schema\\\/logo\\\/image\\\/\",\"url\":\"https:\\\/\\\/www.fint.is\\\/wp-content\\\/uploads\\\/logo-colour-small-2.png\",\"contentUrl\":\"https:\\\/\\\/www.fint.is\\\/wp-content\\\/uploads\\\/logo-colour-small-2.png\",\"width\":930,\"height\":711,\"caption\":\"F\u00ednt\"},\"image\":{\"@id\":\"https:\\\/\\\/www.fint.is\\\/is\\\/#\\\/schema\\\/logo\\\/image\\\/\"},\"sameAs\":[\"https:\\\/\\\/www.facebook.com\\\/100090983666893\\\/\",\"https:\\\/\\\/www.instagram.com\\\/fint.verslun\\\/\"]}]}<\/script>\n<!-- \/ Yoast SEO plugin. -->","yoast_head_json":{"title":"WAW Easy Carrier Baby - bur\u00f0arpoki - F\u00ednt","description":"L\u00e9ttur og \u00fe\u00e6gilegur bur\u00f0arpoki sem er b\u00e6\u00f0i einfaldur og erg\u00f3n\u00f3m\u00edskur. Hentar fyrir ungab\u00f6rn, e\u00f0a b\u00f6rn sem nota fatast\u00e6r\u00f0ir 56-86.","robots":{"index":"index","follow":"follow","max-snippet":"max-snippet:-1","max-image-preview":"max-image-preview:large","max-video-preview":"max-video-preview:-1"},"canonical":"https:\/\/www.fint.is\/is\/product\/baby-easy-carrier-wearewovens\/","og_locale":"is_IS","og_type":"article","og_title":"WAW Easy Carrier Baby - bur\u00f0arpoki - F\u00ednt","og_description":"L\u00e9ttur og \u00fe\u00e6gilegur bur\u00f0arpoki sem er b\u00e6\u00f0i einfaldur og erg\u00f3n\u00f3m\u00edskur. Hentar fyrir ungab\u00f6rn, e\u00f0a b\u00f6rn sem nota fatast\u00e6r\u00f0ir 56-86.","og_url":"https:\/\/www.fint.is\/is\/product\/baby-easy-carrier-wearewovens\/","og_site_name":"F\u00ednt","article_publisher":"https:\/\/www.facebook.com\/100090983666893\/","article_modified_time":"2026-02-26T17:02:36+00:00","og_image":[{"width":1707,"height":2560,"url":"https:\/\/www.fint.is\/wp-content\/uploads\/IMG_8460-scaled.jpg","type":"image\/jpeg"}],"schema":{"@context":"https:\/\/schema.org","@graph":[{"@type":"WebPage","@id":"https:\/\/www.fint.is\/product\/baby-easy-carrier-wearewovens\/","url":"https:\/\/www.fint.is\/product\/baby-easy-carrier-wearewovens\/","name":"WAW Easy Carrier Baby - bur\u00f0arpoki - F\u00ednt","isPartOf":{"@id":"https:\/\/www.fint.is\/is\/#website"},"primaryImageOfPage":{"@id":"https:\/\/www.fint.is\/product\/baby-easy-carrier-wearewovens\/#primaryimage"},"image":{"@id":"https:\/\/www.fint.is\/product\/baby-easy-carrier-wearewovens\/#primaryimage"},"thumbnailUrl":"https:\/\/www.fint.is\/wp-content\/uploads\/IMG_8460-scaled.jpg","datePublished":"2023-11-03T13:58:22+00:00","dateModified":"2026-02-26T17:02:36+00:00","description":"L\u00e9ttur og \u00fe\u00e6gilegur bur\u00f0arpoki sem er b\u00e6\u00f0i einfaldur og erg\u00f3n\u00f3m\u00edskur. Hentar fyrir ungab\u00f6rn, e\u00f0a b\u00f6rn sem nota fatast\u00e6r\u00f0ir 56-86.","breadcrumb":{"@id":"https:\/\/www.fint.is\/product\/baby-easy-carrier-wearewovens\/#breadcrumb"},"inLanguage":"is","potentialAction":[{"@type":"ReadAction","target":["https:\/\/www.fint.is\/product\/baby-easy-carrier-wearewovens\/"]}]},{"@type":"ImageObject","inLanguage":"is","@id":"https:\/\/www.fint.is\/product\/baby-easy-carrier-wearewovens\/#primaryimage","url":"https:\/\/www.fint.is\/wp-content\/uploads\/IMG_8460-scaled.jpg","contentUrl":"https:\/\/www.fint.is\/wp-content\/uploads\/IMG_8460-scaled.jpg","width":1707,"height":2560},{"@type":"BreadcrumbList","@id":"https:\/\/www.fint.is\/product\/baby-easy-carrier-wearewovens\/#breadcrumb","itemListElement":[{"@type":"ListItem","position":1,"name":"Home","item":"https:\/\/www.fint.is\/"},{"@type":"ListItem","position":2,"name":"Shop","item":"https:\/\/www.fint.is\/is\/shop\/"},{"@type":"ListItem","position":3,"name":"Baby wearing","item":"https:\/\/www.fint.is\/en\/product-category\/baby-wearing\/"},{"@type":"ListItem","position":4,"name":"WAW Easy Carrier Baby &#8211; bur\u00f0arpoki"}]},{"@type":"WebSite","@id":"https:\/\/www.fint.is\/is\/#website","url":"https:\/\/www.fint.is\/is\/","name":"F\u00ednt","description":"Barefoot sk\u00f3r, t\u00e1sokkar, og bur\u00f0arpokar","publisher":{"@id":"https:\/\/www.fint.is\/is\/#organization"},"alternateName":"f\u00ednt.is","potentialAction":[{"@type":"SearchAction","target":{"@type":"EntryPoint","urlTemplate":"https:\/\/www.fint.is\/is\/?s={search_term_string}"},"query-input":{"@type":"PropertyValueSpecification","valueRequired":true,"valueName":"search_term_string"}}],"inLanguage":"is"},{"@type":"Organization","@id":"https:\/\/www.fint.is\/is\/#organization","name":"F\u00ednt","alternateName":"Fint","url":"https:\/\/www.fint.is\/is\/","logo":{"@type":"ImageObject","inLanguage":"is","@id":"https:\/\/www.fint.is\/is\/#\/schema\/logo\/image\/","url":"https:\/\/www.fint.is\/wp-content\/uploads\/logo-colour-small-2.png","contentUrl":"https:\/\/www.fint.is\/wp-content\/uploads\/logo-colour-small-2.png","width":930,"height":711,"caption":"F\u00ednt"},"image":{"@id":"https:\/\/www.fint.is\/is\/#\/schema\/logo\/image\/"},"sameAs":["https:\/\/www.facebook.com\/100090983666893\/","https:\/\/www.instagram.com\/fint.verslun\/"]}]}},"_links":{"self":[{"href":"https:\/\/www.fint.is\/is\/wp-json\/wp\/v2\/product\/1349","targetHints":{"allow":["GET"]}}],"collection":[{"href":"https:\/\/www.fint.is\/is\/wp-json\/wp\/v2\/product"}],"about":[{"href":"https:\/\/www.fint.is\/is\/wp-json\/wp\/v2\/types\/product"}],"replies":[{"embeddable":true,"href":"https:\/\/www.fint.is\/is\/wp-json\/wp\/v2\/comments?post=1349"}],"wp:featuredmedia":[{"embeddable":true,"href":"https:\/\/www.fint.is\/is\/wp-json\/wp\/v2\/media\/1378"}],"wp:attachment":[{"href":"https:\/\/www.fint.is\/is\/wp-json\/wp\/v2\/media?parent=1349"}],"wp:term":[{"taxonomy":"product_brand","embeddable":true,"href":"https:\/\/www.fint.is\/is\/wp-json\/wp\/v2\/product_brand?post=1349"},{"taxonomy":"product_cat","embeddable":true,"href":"https:\/\/www.fint.is\/is\/wp-json\/wp\/v2\/product_cat?post=1349"},{"taxonomy":"product_tag","embeddable":true,"href":"https:\/\/www.fint.is\/is\/wp-json\/wp\/v2\/product_tag?post=1349"}],"curies":[{"name":"wp","href":"https:\/\/api.w.org\/{rel}","templated":true}]}}