{"id":1279,"date":"2023-10-24T10:11:45","date_gmt":"2023-10-24T10:11:45","guid":{"rendered":"https:\/\/www.fint.is\/?post_type=product&#038;p=1279"},"modified":"2026-02-26T17:02:36","modified_gmt":"2026-02-26T17:02:36","slug":"winter-3-0","status":"publish","type":"product","link":"https:\/\/www.fint.is\/is\/product\/winter-3-0\/","title":{"rendered":"Be Lenka Winter 3.0 &#8211; barefoot sk\u00f3r"},"content":{"rendered":"<p><strong>Hvers vegna \u00e6ttu kuldask\u00f3r a\u00f0 \u00feurfa a\u00f0 vera \u00feungir klossar sem \u00ferengja a\u00f0 f\u00f3tunum?<\/strong> Winter 3.0 fr\u00e1 Be Lenka eru s\u00e9rl\u00e9ga l\u00e9ttir og \u00fe\u00e6gilegir barefoot kuldask\u00f3r, f\u00f3\u00f0ra\u00f0ir me\u00f0 mer\u00edn\u00f3ull til \u00feess a\u00f0 halda \u00e1 \u00fe\u00e9r hita. \u00deeir hafa DeepGrip s\u00f3la svo \u00fe\u00fa rennir ekki \u00ed h\u00e1lkunni, og svo hrinda \u00feeir l\u00edka fr\u00e1 s\u00e9r vatni. Winter 3.0 eru sk\u00f3r sem henta s\u00e9rstaklega vel fyrir \u00edslenskar vetrara\u00f0st\u00e6\u00f0ur.<\/p>\n<p>Henta jafnt k\u00f6rlum og konum. Framleiddir \u00ed Port\u00fagal.<\/p>\n<div>\n<h3><span style=\"color: #993300;\">Efni:<\/span><\/h3>\n<ul>\n<li>Efra lag: Le\u00f0ur<\/li>\n<li>F\u00f3\u00f0run: Mer\u00edn\u00f3ull \/ Lag sem hrindir fr\u00e1 s\u00e9r vatni<\/li>\n<li>S\u00f3li: G\u00famm\u00ed (DeepGrip)<\/li>\n<li>Inns\u00f3li (h\u00e6gt a\u00f0 fjarl\u00e6gja): Mer\u00edn\u00f3ull og endurunni\u00f0 PU<\/li>\n<\/ul>\n<h3><span style=\"color: #993300;\">Barefoot eiginleikar:<\/span><\/h3>\n<ul>\n<li>V\u00edtt t\u00e1box<\/li>\n<li>Mj\u00f6g sveigjanlegur s\u00f3li<\/li>\n<li>Flatur s\u00f3li, engin h\u00e6kkun fr\u00e1 t\u00e1 a\u00f0 h\u00e6l<\/li>\n<li>L\u00e9ttir<\/li>\n<\/ul>\n<h3><span style=\"color: #993300;\">Frekari eiginleikar:<\/span><\/h3>\n<ul>\n<li>H\u00e1g\u00e6\u00f0a le\u00f0ur<\/li>\n<li>Ullarf\u00f3\u00f0run heldur hita \u00e1 f\u00f3tunum<\/li>\n<li>DeepGrip ytri s\u00f3li er hanna\u00f0ur til \u00feess a\u00f0 veita st\u00f6\u00f0ugleika vi\u00f0 \u00fdmsar a\u00f0st\u00e6\u00f0ur<\/li>\n<li>Lag milli le\u00f0urs og ullar tryggir sk\u00f3 sem eru \u00feurrir, hl\u00fdir, \u00fe\u00e6gilegir og anda<\/li>\n<li>Le\u00f0ri\u00f0 hrindir fr\u00e1 s\u00e9r vatni og v\u00e6tu ef \u00fea\u00f0 er reglulega \u00fa\u00f0a\u00f0 me\u00f0 vi\u00f0eigandi efni<\/li>\n<li>Hentugir kr\u00f3kar fyrir reimar sem gera sk\u00f3na prakt\u00edska og \u00fe\u00e6gilega<\/li>\n<\/ul>\n<\/div>","protected":false},"excerpt":{"rendered":"<p>N\u00fdjir og endurb\u00e6ttir barefoot kuldask\u00f3r fr\u00e1 Be Lenka, kl\u00e6ddir me\u00f0 hl\u00fdrri mer\u00edn\u00f3ull sem einangrar vel.<\/p>","protected":false},"featured_media":2363,"comment_status":"closed","ping_status":"closed","template":"","meta":[],"product_brand":[160],"product_cat":[39,35],"product_tag":[133,115,167,117],"class_list":{"0":"post-1279","1":"product","2":"type-product","3":"status-publish","4":"has-post-thumbnail","6":"product_brand-be-lenka","7":"product_cat-adult","8":"product_cat-shoes","9":"product_tag-barefoot-kuldaskor","10":"product_tag-be-lenka","11":"product_tag-winter","12":"product_tag-winter-barefoot-shoes","13":"product_shipping_class-adult-shoes","15":"first","16":"instock","17":"taxable","18":"shipping-taxable","19":"purchasable","20":"product-type-variable"},"yoast_head":"<!-- This site is optimized with the Yoast SEO plugin v27.4 - https:\/\/yoast.com\/product\/yoast-seo-wordpress\/ -->\n<title>Be Lenka Winter 3.0 - barefoot sk\u00f3r - M\u00ednimal\u00edskir barefoot kuldask\u00f3r - F\u00ednt<\/title>\n<meta name=\"description\" content=\"\u00de\u00e6gilegir barefoot kuldask\u00f3r fyrir fullor\u00f0na, f\u00f3\u00f0ra\u00f0ir me\u00f0 mer\u00edn\u00f3ull og me\u00f0 st\u00f6mum s\u00f3la til \u00feess a\u00f0 renna ekki \u00ed h\u00e1lkunni.\" \/>\n<meta name=\"robots\" content=\"index, follow, max-snippet:-1, max-image-preview:large, max-video-preview:-1\" \/>\n<link rel=\"canonical\" href=\"https:\/\/www.fint.is\/is\/product\/winter-3-0\/\" \/>\n<meta property=\"og:locale\" content=\"is_IS\" \/>\n<meta property=\"og:type\" content=\"article\" \/>\n<meta property=\"og:title\" content=\"Be Lenka Winter 3.0 - barefoot sk\u00f3r - M\u00ednimal\u00edskir barefoot kuldask\u00f3r - F\u00ednt\" \/>\n<meta property=\"og:description\" content=\"\u00de\u00e6gilegir barefoot kuldask\u00f3r fyrir fullor\u00f0na, f\u00f3\u00f0ra\u00f0ir me\u00f0 mer\u00edn\u00f3ull og me\u00f0 st\u00f6mum s\u00f3la til \u00feess a\u00f0 renna ekki \u00ed h\u00e1lkunni.\" \/>\n<meta property=\"og:url\" content=\"https:\/\/www.fint.is\/is\/product\/winter-3-0\/\" \/>\n<meta property=\"og:site_name\" content=\"F\u00ednt\" \/>\n<meta property=\"article:publisher\" content=\"https:\/\/www.facebook.com\/100090983666893\/\" \/>\n<meta property=\"article:modified_time\" content=\"2026-02-26T17:02:36+00:00\" \/>\n<meta property=\"og:image\" content=\"https:\/\/www.fint.is\/wp-content\/uploads\/zimne-barefoot-topanky-be-lenka-winter-3-0-black-53548-size-large-v-1.jpg\" \/>\n\t<meta property=\"og:image:width\" content=\"1500\" \/>\n\t<meta property=\"og:image:height\" content=\"1000\" \/>\n\t<meta property=\"og:image:type\" content=\"image\/jpeg\" \/>\n<script type=\"application\/ld+json\" class=\"yoast-schema-graph\">{\"@context\":\"https:\\\/\\\/schema.org\",\"@graph\":[{\"@type\":\"WebPage\",\"@id\":\"https:\\\/\\\/www.fint.is\\\/product\\\/winter-3-0\\\/\",\"url\":\"https:\\\/\\\/www.fint.is\\\/product\\\/winter-3-0\\\/\",\"name\":\"Be Lenka Winter 3.0 - barefoot sk\u00f3r - M\u00ednimal\u00edskir barefoot kuldask\u00f3r - F\u00ednt\",\"isPartOf\":{\"@id\":\"https:\\\/\\\/www.fint.is\\\/is\\\/#website\"},\"primaryImageOfPage\":{\"@id\":\"https:\\\/\\\/www.fint.is\\\/product\\\/winter-3-0\\\/#primaryimage\"},\"image\":{\"@id\":\"https:\\\/\\\/www.fint.is\\\/product\\\/winter-3-0\\\/#primaryimage\"},\"thumbnailUrl\":\"https:\\\/\\\/www.fint.is\\\/wp-content\\\/uploads\\\/zimne-barefoot-topanky-be-lenka-winter-3-0-black-53548-size-large-v-1.jpg\",\"datePublished\":\"2023-10-24T10:11:45+00:00\",\"dateModified\":\"2026-02-26T17:02:36+00:00\",\"description\":\"\u00de\u00e6gilegir barefoot kuldask\u00f3r fyrir fullor\u00f0na, f\u00f3\u00f0ra\u00f0ir me\u00f0 mer\u00edn\u00f3ull og me\u00f0 st\u00f6mum s\u00f3la til \u00feess a\u00f0 renna ekki \u00ed h\u00e1lkunni.\",\"breadcrumb\":{\"@id\":\"https:\\\/\\\/www.fint.is\\\/product\\\/winter-3-0\\\/#breadcrumb\"},\"inLanguage\":\"is\",\"potentialAction\":[{\"@type\":\"ReadAction\",\"target\":[\"https:\\\/\\\/www.fint.is\\\/product\\\/winter-3-0\\\/\"]}]},{\"@type\":\"ImageObject\",\"inLanguage\":\"is\",\"@id\":\"https:\\\/\\\/www.fint.is\\\/product\\\/winter-3-0\\\/#primaryimage\",\"url\":\"https:\\\/\\\/www.fint.is\\\/wp-content\\\/uploads\\\/zimne-barefoot-topanky-be-lenka-winter-3-0-black-53548-size-large-v-1.jpg\",\"contentUrl\":\"https:\\\/\\\/www.fint.is\\\/wp-content\\\/uploads\\\/zimne-barefoot-topanky-be-lenka-winter-3-0-black-53548-size-large-v-1.jpg\",\"width\":1500,\"height\":1000},{\"@type\":\"BreadcrumbList\",\"@id\":\"https:\\\/\\\/www.fint.is\\\/product\\\/winter-3-0\\\/#breadcrumb\",\"itemListElement\":[{\"@type\":\"ListItem\",\"position\":1,\"name\":\"Home\",\"item\":\"https:\\\/\\\/www.fint.is\\\/\"},{\"@type\":\"ListItem\",\"position\":2,\"name\":\"Shop\",\"item\":\"https:\\\/\\\/www.fint.is\\\/is\\\/shop\\\/\"},{\"@type\":\"ListItem\",\"position\":3,\"name\":\"Barefoot shoes\",\"item\":\"https:\\\/\\\/www.fint.is\\\/is\\\/product-category\\\/shoes\\\/\"},{\"@type\":\"ListItem\",\"position\":4,\"name\":\"Be Lenka Winter 3.0 &#8211; barefoot sk\u00f3r\"}]},{\"@type\":\"WebSite\",\"@id\":\"https:\\\/\\\/www.fint.is\\\/is\\\/#website\",\"url\":\"https:\\\/\\\/www.fint.is\\\/is\\\/\",\"name\":\"F\u00ednt\",\"description\":\"Barefoot sk\u00f3r, t\u00e1susokkar, og bur\u00f0arpokar\",\"publisher\":{\"@id\":\"https:\\\/\\\/www.fint.is\\\/is\\\/#organization\"},\"alternateName\":\"f\u00ednt.is\",\"potentialAction\":[{\"@type\":\"SearchAction\",\"target\":{\"@type\":\"EntryPoint\",\"urlTemplate\":\"https:\\\/\\\/www.fint.is\\\/is\\\/?s={search_term_string}\"},\"query-input\":{\"@type\":\"PropertyValueSpecification\",\"valueRequired\":true,\"valueName\":\"search_term_string\"}}],\"inLanguage\":\"is\"},{\"@type\":\"Organization\",\"@id\":\"https:\\\/\\\/www.fint.is\\\/is\\\/#organization\",\"name\":\"F\u00ednt\",\"alternateName\":\"Fint\",\"url\":\"https:\\\/\\\/www.fint.is\\\/is\\\/\",\"logo\":{\"@type\":\"ImageObject\",\"inLanguage\":\"is\",\"@id\":\"https:\\\/\\\/www.fint.is\\\/is\\\/#\\\/schema\\\/logo\\\/image\\\/\",\"url\":\"https:\\\/\\\/www.fint.is\\\/wp-content\\\/uploads\\\/logo-colour-small-2.png\",\"contentUrl\":\"https:\\\/\\\/www.fint.is\\\/wp-content\\\/uploads\\\/logo-colour-small-2.png\",\"width\":930,\"height\":711,\"caption\":\"F\u00ednt\"},\"image\":{\"@id\":\"https:\\\/\\\/www.fint.is\\\/is\\\/#\\\/schema\\\/logo\\\/image\\\/\"},\"sameAs\":[\"https:\\\/\\\/www.facebook.com\\\/100090983666893\\\/\",\"https:\\\/\\\/www.instagram.com\\\/fint.verslun\\\/\"]}]}<\/script>\n<!-- \/ Yoast SEO plugin. -->","yoast_head_json":{"title":"Be Lenka Winter 3.0 - barefoot sk\u00f3r - M\u00ednimal\u00edskir barefoot kuldask\u00f3r - F\u00ednt","description":"\u00de\u00e6gilegir barefoot kuldask\u00f3r fyrir fullor\u00f0na, f\u00f3\u00f0ra\u00f0ir me\u00f0 mer\u00edn\u00f3ull og me\u00f0 st\u00f6mum s\u00f3la til \u00feess a\u00f0 renna ekki \u00ed h\u00e1lkunni.","robots":{"index":"index","follow":"follow","max-snippet":"max-snippet:-1","max-image-preview":"max-image-preview:large","max-video-preview":"max-video-preview:-1"},"canonical":"https:\/\/www.fint.is\/is\/product\/winter-3-0\/","og_locale":"is_IS","og_type":"article","og_title":"Be Lenka Winter 3.0 - barefoot sk\u00f3r - M\u00ednimal\u00edskir barefoot kuldask\u00f3r - F\u00ednt","og_description":"\u00de\u00e6gilegir barefoot kuldask\u00f3r fyrir fullor\u00f0na, f\u00f3\u00f0ra\u00f0ir me\u00f0 mer\u00edn\u00f3ull og me\u00f0 st\u00f6mum s\u00f3la til \u00feess a\u00f0 renna ekki \u00ed h\u00e1lkunni.","og_url":"https:\/\/www.fint.is\/is\/product\/winter-3-0\/","og_site_name":"F\u00ednt","article_publisher":"https:\/\/www.facebook.com\/100090983666893\/","article_modified_time":"2026-02-26T17:02:36+00:00","og_image":[{"width":1500,"height":1000,"url":"https:\/\/www.fint.is\/wp-content\/uploads\/zimne-barefoot-topanky-be-lenka-winter-3-0-black-53548-size-large-v-1.jpg","type":"image\/jpeg"}],"schema":{"@context":"https:\/\/schema.org","@graph":[{"@type":"WebPage","@id":"https:\/\/www.fint.is\/product\/winter-3-0\/","url":"https:\/\/www.fint.is\/product\/winter-3-0\/","name":"Be Lenka Winter 3.0 - barefoot sk\u00f3r - M\u00ednimal\u00edskir barefoot kuldask\u00f3r - F\u00ednt","isPartOf":{"@id":"https:\/\/www.fint.is\/is\/#website"},"primaryImageOfPage":{"@id":"https:\/\/www.fint.is\/product\/winter-3-0\/#primaryimage"},"image":{"@id":"https:\/\/www.fint.is\/product\/winter-3-0\/#primaryimage"},"thumbnailUrl":"https:\/\/www.fint.is\/wp-content\/uploads\/zimne-barefoot-topanky-be-lenka-winter-3-0-black-53548-size-large-v-1.jpg","datePublished":"2023-10-24T10:11:45+00:00","dateModified":"2026-02-26T17:02:36+00:00","description":"\u00de\u00e6gilegir barefoot kuldask\u00f3r fyrir fullor\u00f0na, f\u00f3\u00f0ra\u00f0ir me\u00f0 mer\u00edn\u00f3ull og me\u00f0 st\u00f6mum s\u00f3la til \u00feess a\u00f0 renna ekki \u00ed h\u00e1lkunni.","breadcrumb":{"@id":"https:\/\/www.fint.is\/product\/winter-3-0\/#breadcrumb"},"inLanguage":"is","potentialAction":[{"@type":"ReadAction","target":["https:\/\/www.fint.is\/product\/winter-3-0\/"]}]},{"@type":"ImageObject","inLanguage":"is","@id":"https:\/\/www.fint.is\/product\/winter-3-0\/#primaryimage","url":"https:\/\/www.fint.is\/wp-content\/uploads\/zimne-barefoot-topanky-be-lenka-winter-3-0-black-53548-size-large-v-1.jpg","contentUrl":"https:\/\/www.fint.is\/wp-content\/uploads\/zimne-barefoot-topanky-be-lenka-winter-3-0-black-53548-size-large-v-1.jpg","width":1500,"height":1000},{"@type":"BreadcrumbList","@id":"https:\/\/www.fint.is\/product\/winter-3-0\/#breadcrumb","itemListElement":[{"@type":"ListItem","position":1,"name":"Home","item":"https:\/\/www.fint.is\/"},{"@type":"ListItem","position":2,"name":"Shop","item":"https:\/\/www.fint.is\/is\/shop\/"},{"@type":"ListItem","position":3,"name":"Barefoot shoes","item":"https:\/\/www.fint.is\/is\/product-category\/shoes\/"},{"@type":"ListItem","position":4,"name":"Be Lenka Winter 3.0 &#8211; barefoot sk\u00f3r"}]},{"@type":"WebSite","@id":"https:\/\/www.fint.is\/is\/#website","url":"https:\/\/www.fint.is\/is\/","name":"F\u00ednt","description":"Barefoot sk\u00f3r, t\u00e1sokkar, og bur\u00f0arpokar","publisher":{"@id":"https:\/\/www.fint.is\/is\/#organization"},"alternateName":"f\u00ednt.is","potentialAction":[{"@type":"SearchAction","target":{"@type":"EntryPoint","urlTemplate":"https:\/\/www.fint.is\/is\/?s={search_term_string}"},"query-input":{"@type":"PropertyValueSpecification","valueRequired":true,"valueName":"search_term_string"}}],"inLanguage":"is"},{"@type":"Organization","@id":"https:\/\/www.fint.is\/is\/#organization","name":"F\u00ednt","alternateName":"Fint","url":"https:\/\/www.fint.is\/is\/","logo":{"@type":"ImageObject","inLanguage":"is","@id":"https:\/\/www.fint.is\/is\/#\/schema\/logo\/image\/","url":"https:\/\/www.fint.is\/wp-content\/uploads\/logo-colour-small-2.png","contentUrl":"https:\/\/www.fint.is\/wp-content\/uploads\/logo-colour-small-2.png","width":930,"height":711,"caption":"F\u00ednt"},"image":{"@id":"https:\/\/www.fint.is\/is\/#\/schema\/logo\/image\/"},"sameAs":["https:\/\/www.facebook.com\/100090983666893\/","https:\/\/www.instagram.com\/fint.verslun\/"]}]}},"_links":{"self":[{"href":"https:\/\/www.fint.is\/is\/wp-json\/wp\/v2\/product\/1279","targetHints":{"allow":["GET"]}}],"collection":[{"href":"https:\/\/www.fint.is\/is\/wp-json\/wp\/v2\/product"}],"about":[{"href":"https:\/\/www.fint.is\/is\/wp-json\/wp\/v2\/types\/product"}],"replies":[{"embeddable":true,"href":"https:\/\/www.fint.is\/is\/wp-json\/wp\/v2\/comments?post=1279"}],"wp:featuredmedia":[{"embeddable":true,"href":"https:\/\/www.fint.is\/is\/wp-json\/wp\/v2\/media\/2363"}],"wp:attachment":[{"href":"https:\/\/www.fint.is\/is\/wp-json\/wp\/v2\/media?parent=1279"}],"wp:term":[{"taxonomy":"product_brand","embeddable":true,"href":"https:\/\/www.fint.is\/is\/wp-json\/wp\/v2\/product_brand?post=1279"},{"taxonomy":"product_cat","embeddable":true,"href":"https:\/\/www.fint.is\/is\/wp-json\/wp\/v2\/product_cat?post=1279"},{"taxonomy":"product_tag","embeddable":true,"href":"https:\/\/www.fint.is\/is\/wp-json\/wp\/v2\/product_tag?post=1279"}],"curies":[{"name":"wp","href":"https:\/\/api.w.org\/{rel}","templated":true}]}}