{"id":1213,"date":"2023-10-12T13:43:58","date_gmt":"2023-10-12T13:43:58","guid":{"rendered":"https:\/\/www.fint.is\/?post_type=product&#038;p=1213"},"modified":"2026-03-24T10:37:28","modified_gmt":"2026-03-24T10:37:28","slug":"harmony","status":"publish","type":"product","link":"https:\/\/www.fint.is\/is\/product\/harmony\/","title":{"rendered":"Be Lenka Harmony &#8211; barefoot sk\u00f3r"},"content":{"rendered":"<p>B\u00e6ttu \u00ed st\u00edlinn me\u00f0 Be Lenka Harmony baller\u00ednusk\u00f3m. \u00de\u00e6gilegir, barefoot sk\u00f3r me\u00f0 afslappa\u00f0 yfirbrag\u00f0. \u00deessir flatbotna sk\u00f3r l\u00edta vel \u00fat hvort sem er me\u00f0 hversdags- e\u00f0a sparif\u00f6tum. \u00deeir henta jafnt \u00ed vinnuna, \u00ed gle\u00f0skap e\u00f0a \u00e1 fj\u00f6lskyldustundum, og eru framleiddir \u00ed Evr\u00f3pu \u00far h\u00e1g\u00e6\u00f0a efnum sem eru jafnt \u00fe\u00e6gileg sem falleg. S\u00f3linn er 4mm \u00feykkur og sauma\u00f0ur \u00e1 til a\u00f0 tryggja g\u00f3\u00f0a endingu.<\/p>\n<div>\n<h3><span style=\"color: #993300;\">Efni<\/span><\/h3>\n<ul>\n<li>Efri hluti: Text\u00edll<\/li>\n<li>F\u00f3\u00f0run: \u00d6rtrefjar<\/li>\n<li>Inns\u00f3li: \u00d6rtrefjar + Latex 2,5mm + Stamt lag (h\u00e6gt a\u00f0 fjarl\u00e6gja)<\/li>\n<li>S\u00f3li: Be Lenka AlldayComfort (TR)<\/li>\n<\/ul>\n<h3><span style=\"color: #993300;\">Barefoot eiginleikar:<\/span><\/h3>\n<ul>\n<li>V\u00edtt t\u00e1box<\/li>\n<li>Sveigjanlegur s\u00f3li<\/li>\n<li>Flatur s\u00f3li, engin h\u00e6kkun fr\u00e1 h\u00e6l til t\u00e1ar<\/li>\n<li>L\u00e9ttir<\/li>\n<\/ul>\n<p>(minimal\u00edskir sk\u00f3r)<\/p>\n<\/div>","protected":false},"excerpt":{"rendered":"<p>B\u00e6ttu \u00ed st\u00edlinn me\u00f0 Be Lenka Harmony baller\u00ednusk\u00f3m.<\/p>","protected":false},"featured_media":1261,"comment_status":"closed","ping_status":"closed","template":"","meta":[],"product_brand":[160],"product_cat":[39,35,155],"product_tag":[111,115,135],"class_list":{"0":"post-1213","1":"product","2":"type-product","3":"status-publish","4":"has-post-thumbnail","6":"product_brand-be-lenka","7":"product_cat-adult","8":"product_cat-shoes","9":"product_cat-last_items","10":"product_tag-barefoot-shoe","11":"product_tag-be-lenka","12":"product_tag-not-winter","13":"product_shipping_class-adult-shoes","15":"first","16":"instock","17":"sale","18":"taxable","19":"shipping-taxable","20":"purchasable","21":"product-type-variable"},"yoast_head":"<!-- This site is optimized with the Yoast SEO plugin v27.5 - https:\/\/yoast.com\/product\/yoast-seo-wordpress\/ -->\n<title>Be Lenka Harmony - barefoot sk\u00f3r - Barefoot sk\u00f3r - F\u00ednt<\/title>\n<meta name=\"description\" content=\"Amp your style game with Be Lenka Harmony ballet flats. Casual, relaxed looks combined with unmatched barefoot comfort.\" \/>\n<meta name=\"robots\" content=\"index, follow, max-snippet:-1, max-image-preview:large, max-video-preview:-1\" \/>\n<link rel=\"canonical\" href=\"https:\/\/www.fint.is\/is\/product\/harmony\/\" \/>\n<meta property=\"og:locale\" content=\"is_IS\" \/>\n<meta property=\"og:type\" content=\"article\" \/>\n<meta property=\"og:title\" content=\"Be Lenka Harmony - barefoot sk\u00f3r - Barefoot sk\u00f3r - F\u00ednt\" \/>\n<meta property=\"og:description\" content=\"Amp your style game with Be Lenka Harmony ballet flats. Casual, relaxed looks combined with unmatched barefoot comfort.\" \/>\n<meta property=\"og:url\" content=\"https:\/\/www.fint.is\/is\/product\/harmony\/\" \/>\n<meta property=\"og:site_name\" content=\"F\u00ednt\" \/>\n<meta property=\"article:publisher\" content=\"https:\/\/www.facebook.com\/100090983666893\/\" \/>\n<meta property=\"article:modified_time\" content=\"2026-03-24T10:37:28+00:00\" \/>\n<meta property=\"og:image\" content=\"https:\/\/www.fint.is\/wp-content\/uploads\/Snapinsta.app_343042946_3503566733294904_1815370846261751171_n_1024.jpg\" \/>\n\t<meta property=\"og:image:width\" content=\"1080\" \/>\n\t<meta property=\"og:image:height\" content=\"1350\" \/>\n\t<meta property=\"og:image:type\" content=\"image\/jpeg\" \/>\n<script type=\"application\/ld+json\" class=\"yoast-schema-graph\">{\"@context\":\"https:\\\/\\\/schema.org\",\"@graph\":[{\"@type\":\"WebPage\",\"@id\":\"https:\\\/\\\/www.fint.is\\\/product\\\/harmony\\\/\",\"url\":\"https:\\\/\\\/www.fint.is\\\/product\\\/harmony\\\/\",\"name\":\"Be Lenka Harmony - barefoot sk\u00f3r - Barefoot sk\u00f3r - F\u00ednt\",\"isPartOf\":{\"@id\":\"https:\\\/\\\/www.fint.is\\\/is\\\/#website\"},\"primaryImageOfPage\":{\"@id\":\"https:\\\/\\\/www.fint.is\\\/product\\\/harmony\\\/#primaryimage\"},\"image\":{\"@id\":\"https:\\\/\\\/www.fint.is\\\/product\\\/harmony\\\/#primaryimage\"},\"thumbnailUrl\":\"https:\\\/\\\/www.fint.is\\\/wp-content\\\/uploads\\\/Snapinsta.app_343042946_3503566733294904_1815370846261751171_n_1024.jpg\",\"datePublished\":\"2023-10-12T13:43:58+00:00\",\"dateModified\":\"2026-03-24T10:37:28+00:00\",\"description\":\"Amp your style game with Be Lenka Harmony ballet flats. Casual, relaxed looks combined with unmatched barefoot comfort.\",\"breadcrumb\":{\"@id\":\"https:\\\/\\\/www.fint.is\\\/product\\\/harmony\\\/#breadcrumb\"},\"inLanguage\":\"is\",\"potentialAction\":[{\"@type\":\"ReadAction\",\"target\":[\"https:\\\/\\\/www.fint.is\\\/product\\\/harmony\\\/\"]}]},{\"@type\":\"ImageObject\",\"inLanguage\":\"is\",\"@id\":\"https:\\\/\\\/www.fint.is\\\/product\\\/harmony\\\/#primaryimage\",\"url\":\"https:\\\/\\\/www.fint.is\\\/wp-content\\\/uploads\\\/Snapinsta.app_343042946_3503566733294904_1815370846261751171_n_1024.jpg\",\"contentUrl\":\"https:\\\/\\\/www.fint.is\\\/wp-content\\\/uploads\\\/Snapinsta.app_343042946_3503566733294904_1815370846261751171_n_1024.jpg\",\"width\":1080,\"height\":1350},{\"@type\":\"BreadcrumbList\",\"@id\":\"https:\\\/\\\/www.fint.is\\\/product\\\/harmony\\\/#breadcrumb\",\"itemListElement\":[{\"@type\":\"ListItem\",\"position\":1,\"name\":\"Home\",\"item\":\"https:\\\/\\\/www.fint.is\\\/\"},{\"@type\":\"ListItem\",\"position\":2,\"name\":\"Shop\",\"item\":\"https:\\\/\\\/www.fint.is\\\/is\\\/shop\\\/\"},{\"@type\":\"ListItem\",\"position\":3,\"name\":\"Barefoot shoes\",\"item\":\"https:\\\/\\\/www.fint.is\\\/is\\\/product-category\\\/shoes\\\/\"},{\"@type\":\"ListItem\",\"position\":4,\"name\":\"Be Lenka Harmony &#8211; barefoot sk\u00f3r\"}]},{\"@type\":\"WebSite\",\"@id\":\"https:\\\/\\\/www.fint.is\\\/is\\\/#website\",\"url\":\"https:\\\/\\\/www.fint.is\\\/is\\\/\",\"name\":\"F\u00ednt\",\"description\":\"Barefoot sk\u00f3r, t\u00e1susokkar, og bur\u00f0arpokar\",\"publisher\":{\"@id\":\"https:\\\/\\\/www.fint.is\\\/is\\\/#organization\"},\"alternateName\":\"f\u00ednt.is\",\"potentialAction\":[{\"@type\":\"SearchAction\",\"target\":{\"@type\":\"EntryPoint\",\"urlTemplate\":\"https:\\\/\\\/www.fint.is\\\/is\\\/?s={search_term_string}\"},\"query-input\":{\"@type\":\"PropertyValueSpecification\",\"valueRequired\":true,\"valueName\":\"search_term_string\"}}],\"inLanguage\":\"is\"},{\"@type\":\"Organization\",\"@id\":\"https:\\\/\\\/www.fint.is\\\/is\\\/#organization\",\"name\":\"F\u00ednt\",\"alternateName\":\"Fint\",\"url\":\"https:\\\/\\\/www.fint.is\\\/is\\\/\",\"logo\":{\"@type\":\"ImageObject\",\"inLanguage\":\"is\",\"@id\":\"https:\\\/\\\/www.fint.is\\\/is\\\/#\\\/schema\\\/logo\\\/image\\\/\",\"url\":\"https:\\\/\\\/www.fint.is\\\/wp-content\\\/uploads\\\/logo-colour-small-2.png\",\"contentUrl\":\"https:\\\/\\\/www.fint.is\\\/wp-content\\\/uploads\\\/logo-colour-small-2.png\",\"width\":930,\"height\":711,\"caption\":\"F\u00ednt\"},\"image\":{\"@id\":\"https:\\\/\\\/www.fint.is\\\/is\\\/#\\\/schema\\\/logo\\\/image\\\/\"},\"sameAs\":[\"https:\\\/\\\/www.facebook.com\\\/100090983666893\\\/\",\"https:\\\/\\\/www.instagram.com\\\/fint.verslun\\\/\"]}]}<\/script>\n<!-- \/ Yoast SEO plugin. -->","yoast_head_json":{"title":"Be Lenka Harmony - barefoot sk\u00f3r - Barefoot sk\u00f3r - F\u00ednt","description":"Amp your style game with Be Lenka Harmony ballet flats. Casual, relaxed looks combined with unmatched barefoot comfort.","robots":{"index":"index","follow":"follow","max-snippet":"max-snippet:-1","max-image-preview":"max-image-preview:large","max-video-preview":"max-video-preview:-1"},"canonical":"https:\/\/www.fint.is\/is\/product\/harmony\/","og_locale":"is_IS","og_type":"article","og_title":"Be Lenka Harmony - barefoot sk\u00f3r - Barefoot sk\u00f3r - F\u00ednt","og_description":"Amp your style game with Be Lenka Harmony ballet flats. Casual, relaxed looks combined with unmatched barefoot comfort.","og_url":"https:\/\/www.fint.is\/is\/product\/harmony\/","og_site_name":"F\u00ednt","article_publisher":"https:\/\/www.facebook.com\/100090983666893\/","article_modified_time":"2026-03-24T10:37:28+00:00","og_image":[{"width":1080,"height":1350,"url":"https:\/\/www.fint.is\/wp-content\/uploads\/Snapinsta.app_343042946_3503566733294904_1815370846261751171_n_1024.jpg","type":"image\/jpeg"}],"schema":{"@context":"https:\/\/schema.org","@graph":[{"@type":"WebPage","@id":"https:\/\/www.fint.is\/product\/harmony\/","url":"https:\/\/www.fint.is\/product\/harmony\/","name":"Be Lenka Harmony - barefoot sk\u00f3r - Barefoot sk\u00f3r - F\u00ednt","isPartOf":{"@id":"https:\/\/www.fint.is\/is\/#website"},"primaryImageOfPage":{"@id":"https:\/\/www.fint.is\/product\/harmony\/#primaryimage"},"image":{"@id":"https:\/\/www.fint.is\/product\/harmony\/#primaryimage"},"thumbnailUrl":"https:\/\/www.fint.is\/wp-content\/uploads\/Snapinsta.app_343042946_3503566733294904_1815370846261751171_n_1024.jpg","datePublished":"2023-10-12T13:43:58+00:00","dateModified":"2026-03-24T10:37:28+00:00","description":"Amp your style game with Be Lenka Harmony ballet flats. Casual, relaxed looks combined with unmatched barefoot comfort.","breadcrumb":{"@id":"https:\/\/www.fint.is\/product\/harmony\/#breadcrumb"},"inLanguage":"is","potentialAction":[{"@type":"ReadAction","target":["https:\/\/www.fint.is\/product\/harmony\/"]}]},{"@type":"ImageObject","inLanguage":"is","@id":"https:\/\/www.fint.is\/product\/harmony\/#primaryimage","url":"https:\/\/www.fint.is\/wp-content\/uploads\/Snapinsta.app_343042946_3503566733294904_1815370846261751171_n_1024.jpg","contentUrl":"https:\/\/www.fint.is\/wp-content\/uploads\/Snapinsta.app_343042946_3503566733294904_1815370846261751171_n_1024.jpg","width":1080,"height":1350},{"@type":"BreadcrumbList","@id":"https:\/\/www.fint.is\/product\/harmony\/#breadcrumb","itemListElement":[{"@type":"ListItem","position":1,"name":"Home","item":"https:\/\/www.fint.is\/"},{"@type":"ListItem","position":2,"name":"Shop","item":"https:\/\/www.fint.is\/is\/shop\/"},{"@type":"ListItem","position":3,"name":"Barefoot shoes","item":"https:\/\/www.fint.is\/is\/product-category\/shoes\/"},{"@type":"ListItem","position":4,"name":"Be Lenka Harmony &#8211; barefoot sk\u00f3r"}]},{"@type":"WebSite","@id":"https:\/\/www.fint.is\/is\/#website","url":"https:\/\/www.fint.is\/is\/","name":"F\u00ednt","description":"Barefoot sk\u00f3r, t\u00e1sokkar, og bur\u00f0arpokar","publisher":{"@id":"https:\/\/www.fint.is\/is\/#organization"},"alternateName":"f\u00ednt.is","potentialAction":[{"@type":"SearchAction","target":{"@type":"EntryPoint","urlTemplate":"https:\/\/www.fint.is\/is\/?s={search_term_string}"},"query-input":{"@type":"PropertyValueSpecification","valueRequired":true,"valueName":"search_term_string"}}],"inLanguage":"is"},{"@type":"Organization","@id":"https:\/\/www.fint.is\/is\/#organization","name":"F\u00ednt","alternateName":"Fint","url":"https:\/\/www.fint.is\/is\/","logo":{"@type":"ImageObject","inLanguage":"is","@id":"https:\/\/www.fint.is\/is\/#\/schema\/logo\/image\/","url":"https:\/\/www.fint.is\/wp-content\/uploads\/logo-colour-small-2.png","contentUrl":"https:\/\/www.fint.is\/wp-content\/uploads\/logo-colour-small-2.png","width":930,"height":711,"caption":"F\u00ednt"},"image":{"@id":"https:\/\/www.fint.is\/is\/#\/schema\/logo\/image\/"},"sameAs":["https:\/\/www.facebook.com\/100090983666893\/","https:\/\/www.instagram.com\/fint.verslun\/"]}]}},"_links":{"self":[{"href":"https:\/\/www.fint.is\/is\/wp-json\/wp\/v2\/product\/1213","targetHints":{"allow":["GET"]}}],"collection":[{"href":"https:\/\/www.fint.is\/is\/wp-json\/wp\/v2\/product"}],"about":[{"href":"https:\/\/www.fint.is\/is\/wp-json\/wp\/v2\/types\/product"}],"replies":[{"embeddable":true,"href":"https:\/\/www.fint.is\/is\/wp-json\/wp\/v2\/comments?post=1213"}],"wp:featuredmedia":[{"embeddable":true,"href":"https:\/\/www.fint.is\/is\/wp-json\/wp\/v2\/media\/1261"}],"wp:attachment":[{"href":"https:\/\/www.fint.is\/is\/wp-json\/wp\/v2\/media?parent=1213"}],"wp:term":[{"taxonomy":"product_brand","embeddable":true,"href":"https:\/\/www.fint.is\/is\/wp-json\/wp\/v2\/product_brand?post=1213"},{"taxonomy":"product_cat","embeddable":true,"href":"https:\/\/www.fint.is\/is\/wp-json\/wp\/v2\/product_cat?post=1213"},{"taxonomy":"product_tag","embeddable":true,"href":"https:\/\/www.fint.is\/is\/wp-json\/wp\/v2\/product_tag?post=1213"}],"curies":[{"name":"wp","href":"https:\/\/api.w.org\/{rel}","templated":true}]}}