{"id":1194,"date":"2023-10-12T13:34:25","date_gmt":"2023-10-12T13:34:25","guid":{"rendered":"https:\/\/www.fint.is\/?post_type=product&#038;p=1194"},"modified":"2026-02-26T17:02:37","modified_gmt":"2026-02-26T17:02:37","slug":"icon","status":"publish","type":"product","link":"https:\/\/www.fint.is\/is\/product\/icon\/","title":{"rendered":"Be Lenka Icon &#8211; barefoot sk\u00f3r 38"},"content":{"rendered":"<p><strong>Ertu a\u00f0 leita a\u00f0 klass\u00edskum sv\u00f6rtum sk\u00f3m sem henta vi\u00f0 flest tilefni?<\/strong> Icon fr\u00e1 Be Lenka taka sig vel \u00fat hvort sem er vi\u00f0 formleg e\u00f0a \u00f3formleg tilefni. \u00deeir henta jafnt \u00ed vinnuna, g\u00f6ngut\u00farinn, e\u00f0a veisluna. Icon eru brei\u00f0ir \u00ed t\u00e1na og s\u00e9rlega \u00fe\u00e6gilegir, me\u00f0 \u00e1sauma\u00f0an s\u00f3la sem eykur endinguna. Framleiddir \u00ed T\u00e9kklandi.<\/p>\n<div>\n<h3><span style=\"color: #993300;\">Efni:\u00a0<\/span><\/h3>\n<ul>\n<li>Ytra lag: Le\u00f0ur<\/li>\n<li>F\u00f3\u00f0run: Le\u00f0ur og text\u00edll<\/li>\n<li>S\u00f3li: BeLenka UrbanComfort<\/li>\n<li>Inns\u00f3li: Endurunni\u00f0 PU og b\u00f3mull (ekki h\u00e6gt a\u00f0 fjarl\u00e6gja)<\/li>\n<\/ul>\n<h3><span style=\"color: #993300;\">Eiginleikar:\u00a0<\/span><\/h3>\n<ul>\n<li>Barefoot \u00f6kklask\u00f3r sem henta \u00f6llum kynjum<\/li>\n<li>Passa vel vi\u00f0 \u00fdmsar \u00f3l\u00edkar ger\u00f0ir af f\u00f6tum<\/li>\n<li>H\u00e1g\u00e6\u00f0a le\u00f0ur<\/li>\n<li>Hanna\u00f0ir til \u00feess a\u00f0 vera \u00fe\u00e6gilegir allan daginn<\/li>\n<li>UrbanComfort s\u00f3linn er \u00fe\u00e6gilegur barefoot s\u00f3li<\/li>\n<li>N\u00fdja TR blandan veitir v\u00f6rn gegn n\u00faningi en er jafnframt mj\u00f6g sveigjanleg<\/li>\n<li>S\u00f3linn er sauma\u00f0ur \u00e1 til \u00feess a\u00f0 auka endingu<\/li>\n<\/ul>\n<h3><span style=\"color: #993300;\">Barefoot eiginleikar:<\/span><\/h3>\n<ul>\n<li>V\u00edtt t\u00e1box sem veitir \u00f6llum t\u00e1num pl\u00e1ss til \u00feess a\u00f0 hreyfa sig<\/li>\n<li>Sl\u00e9ttur s\u00f3li (zero drop, enginn h\u00e6\u00f0armunur \u00e1 h\u00e6l og t\u00e1) hj\u00e1lpar a\u00f0 halda g\u00f3\u00f0ri l\u00edkamsst\u00f6\u00f0u og g\u00f6ngulagi<\/li>\n<li>\u00deunnur s\u00f3li (4mm) \u00f6rvar taugaenda \u00ed f\u00e6ti og veitir tilfinningu fyrir undirlaginu sem gengi\u00f0 er \u00e1<\/li>\n<li>Sveigjanlegir sk\u00f3r sem hj\u00e1lpa f\u00e6tinum \u00fe\u00ednum a\u00f0 hreyfa sig e\u00f0lilega<\/li>\n<li>L\u00e9ttir sk\u00f3r sem koma \u00ed veg fyrir \u00fereytu \u00ed f\u00f3tum<\/li>\n<\/ul>\n<p>(minimal\u00edskir sk\u00f3r)<\/p>\n<\/div>","protected":false},"excerpt":{"rendered":"<p>Icon \u00f6kklask\u00f3r fr\u00e1 Be Lenka henta fyrir fj\u00f6lbreyttar a\u00f0st\u00e6\u00f0ur og tilefni.<\/p>","protected":false},"featured_media":1204,"comment_status":"closed","ping_status":"closed","template":"","meta":[],"product_brand":[160],"product_cat":[39,155],"product_tag":[111,115,135],"class_list":{"0":"post-1194","1":"product","2":"type-product","3":"status-publish","4":"has-post-thumbnail","6":"product_brand-be-lenka","7":"product_cat-adult","8":"product_cat-last_items","9":"product_tag-barefoot-shoe","10":"product_tag-be-lenka","11":"product_tag-not-winter","12":"product_shipping_class-adult-shoes","14":"first","15":"outofstock","16":"taxable","17":"shipping-taxable","18":"product-type-variable"},"yoast_head":"<!-- This site is optimized with the Yoast SEO plugin v27.4 - https:\/\/yoast.com\/product\/yoast-seo-wordpress\/ -->\n<title>Be Lenka Icon - barefoot sk\u00f3r 38 - M\u00ednimal\u00edskir barefoot sk\u00f3r - F\u00ednt<\/title>\n<meta name=\"description\" content=\"Be Lenka Icon barefoot ankle boots, classic footware ideal for all sorts of occasions and conditions.\" \/>\n<meta name=\"robots\" content=\"index, follow, max-snippet:-1, max-image-preview:large, max-video-preview:-1\" \/>\n<link rel=\"canonical\" href=\"https:\/\/www.fint.is\/is\/product\/icon\/\" \/>\n<meta property=\"og:locale\" content=\"is_IS\" \/>\n<meta property=\"og:type\" content=\"article\" \/>\n<meta property=\"og:title\" content=\"Be Lenka Icon - barefoot sk\u00f3r 38 - M\u00ednimal\u00edskir barefoot sk\u00f3r - F\u00ednt\" \/>\n<meta property=\"og:description\" content=\"Be Lenka Icon barefoot ankle boots, classic footware ideal for all sorts of occasions and conditions.\" \/>\n<meta property=\"og:url\" content=\"https:\/\/www.fint.is\/is\/product\/icon\/\" \/>\n<meta property=\"og:site_name\" content=\"F\u00ednt\" \/>\n<meta property=\"article:publisher\" content=\"https:\/\/www.facebook.com\/100090983666893\/\" \/>\n<meta property=\"article:modified_time\" content=\"2026-02-26T17:02:37+00:00\" \/>\n<meta property=\"og:image\" content=\"https:\/\/www.fint.is\/wp-content\/uploads\/barefoot-be-lenka-icon-celorocne-black-43816-size-large-v-1.jpg\" \/>\n\t<meta property=\"og:image:width\" content=\"1500\" \/>\n\t<meta property=\"og:image:height\" content=\"1000\" \/>\n\t<meta property=\"og:image:type\" content=\"image\/jpeg\" \/>\n<script type=\"application\/ld+json\" class=\"yoast-schema-graph\">{\"@context\":\"https:\\\/\\\/schema.org\",\"@graph\":[{\"@type\":\"WebPage\",\"@id\":\"https:\\\/\\\/www.fint.is\\\/product\\\/icon\\\/\",\"url\":\"https:\\\/\\\/www.fint.is\\\/product\\\/icon\\\/\",\"name\":\"Be Lenka Icon - barefoot sk\u00f3r 38 - M\u00ednimal\u00edskir barefoot sk\u00f3r - F\u00ednt\",\"isPartOf\":{\"@id\":\"https:\\\/\\\/www.fint.is\\\/is\\\/#website\"},\"primaryImageOfPage\":{\"@id\":\"https:\\\/\\\/www.fint.is\\\/product\\\/icon\\\/#primaryimage\"},\"image\":{\"@id\":\"https:\\\/\\\/www.fint.is\\\/product\\\/icon\\\/#primaryimage\"},\"thumbnailUrl\":\"https:\\\/\\\/www.fint.is\\\/wp-content\\\/uploads\\\/barefoot-be-lenka-icon-celorocne-black-43816-size-large-v-1.jpg\",\"datePublished\":\"2023-10-12T13:34:25+00:00\",\"dateModified\":\"2026-02-26T17:02:37+00:00\",\"description\":\"Be Lenka Icon barefoot ankle boots, classic footware ideal for all sorts of occasions and conditions.\",\"breadcrumb\":{\"@id\":\"https:\\\/\\\/www.fint.is\\\/product\\\/icon\\\/#breadcrumb\"},\"inLanguage\":\"is\",\"potentialAction\":[{\"@type\":\"ReadAction\",\"target\":[\"https:\\\/\\\/www.fint.is\\\/product\\\/icon\\\/\"]}]},{\"@type\":\"ImageObject\",\"inLanguage\":\"is\",\"@id\":\"https:\\\/\\\/www.fint.is\\\/product\\\/icon\\\/#primaryimage\",\"url\":\"https:\\\/\\\/www.fint.is\\\/wp-content\\\/uploads\\\/barefoot-be-lenka-icon-celorocne-black-43816-size-large-v-1.jpg\",\"contentUrl\":\"https:\\\/\\\/www.fint.is\\\/wp-content\\\/uploads\\\/barefoot-be-lenka-icon-celorocne-black-43816-size-large-v-1.jpg\",\"width\":1500,\"height\":1000},{\"@type\":\"BreadcrumbList\",\"@id\":\"https:\\\/\\\/www.fint.is\\\/product\\\/icon\\\/#breadcrumb\",\"itemListElement\":[{\"@type\":\"ListItem\",\"position\":1,\"name\":\"Home\",\"item\":\"https:\\\/\\\/www.fint.is\\\/\"},{\"@type\":\"ListItem\",\"position\":2,\"name\":\"Shop\",\"item\":\"https:\\\/\\\/www.fint.is\\\/is\\\/shop\\\/\"},{\"@type\":\"ListItem\",\"position\":3,\"name\":\"Last items sale\",\"item\":\"https:\\\/\\\/www.fint.is\\\/product-category\\\/last_items\\\/\"},{\"@type\":\"ListItem\",\"position\":4,\"name\":\"Be Lenka Icon &#8211; barefoot sk\u00f3r 38\"}]},{\"@type\":\"WebSite\",\"@id\":\"https:\\\/\\\/www.fint.is\\\/is\\\/#website\",\"url\":\"https:\\\/\\\/www.fint.is\\\/is\\\/\",\"name\":\"F\u00ednt\",\"description\":\"Barefoot sk\u00f3r, t\u00e1susokkar, og bur\u00f0arpokar\",\"publisher\":{\"@id\":\"https:\\\/\\\/www.fint.is\\\/is\\\/#organization\"},\"alternateName\":\"f\u00ednt.is\",\"potentialAction\":[{\"@type\":\"SearchAction\",\"target\":{\"@type\":\"EntryPoint\",\"urlTemplate\":\"https:\\\/\\\/www.fint.is\\\/is\\\/?s={search_term_string}\"},\"query-input\":{\"@type\":\"PropertyValueSpecification\",\"valueRequired\":true,\"valueName\":\"search_term_string\"}}],\"inLanguage\":\"is\"},{\"@type\":\"Organization\",\"@id\":\"https:\\\/\\\/www.fint.is\\\/is\\\/#organization\",\"name\":\"F\u00ednt\",\"alternateName\":\"Fint\",\"url\":\"https:\\\/\\\/www.fint.is\\\/is\\\/\",\"logo\":{\"@type\":\"ImageObject\",\"inLanguage\":\"is\",\"@id\":\"https:\\\/\\\/www.fint.is\\\/is\\\/#\\\/schema\\\/logo\\\/image\\\/\",\"url\":\"https:\\\/\\\/www.fint.is\\\/wp-content\\\/uploads\\\/logo-colour-small-2.png\",\"contentUrl\":\"https:\\\/\\\/www.fint.is\\\/wp-content\\\/uploads\\\/logo-colour-small-2.png\",\"width\":930,\"height\":711,\"caption\":\"F\u00ednt\"},\"image\":{\"@id\":\"https:\\\/\\\/www.fint.is\\\/is\\\/#\\\/schema\\\/logo\\\/image\\\/\"},\"sameAs\":[\"https:\\\/\\\/www.facebook.com\\\/100090983666893\\\/\",\"https:\\\/\\\/www.instagram.com\\\/fint.verslun\\\/\"]}]}<\/script>\n<!-- \/ Yoast SEO plugin. -->","yoast_head_json":{"title":"Be Lenka Icon - barefoot sk\u00f3r 38 - M\u00ednimal\u00edskir barefoot sk\u00f3r - F\u00ednt","description":"Be Lenka Icon barefoot ankle boots, classic footware ideal for all sorts of occasions and conditions.","robots":{"index":"index","follow":"follow","max-snippet":"max-snippet:-1","max-image-preview":"max-image-preview:large","max-video-preview":"max-video-preview:-1"},"canonical":"https:\/\/www.fint.is\/is\/product\/icon\/","og_locale":"is_IS","og_type":"article","og_title":"Be Lenka Icon - barefoot sk\u00f3r 38 - M\u00ednimal\u00edskir barefoot sk\u00f3r - F\u00ednt","og_description":"Be Lenka Icon barefoot ankle boots, classic footware ideal for all sorts of occasions and conditions.","og_url":"https:\/\/www.fint.is\/is\/product\/icon\/","og_site_name":"F\u00ednt","article_publisher":"https:\/\/www.facebook.com\/100090983666893\/","article_modified_time":"2026-02-26T17:02:37+00:00","og_image":[{"width":1500,"height":1000,"url":"https:\/\/www.fint.is\/wp-content\/uploads\/barefoot-be-lenka-icon-celorocne-black-43816-size-large-v-1.jpg","type":"image\/jpeg"}],"schema":{"@context":"https:\/\/schema.org","@graph":[{"@type":"WebPage","@id":"https:\/\/www.fint.is\/product\/icon\/","url":"https:\/\/www.fint.is\/product\/icon\/","name":"Be Lenka Icon - barefoot sk\u00f3r 38 - M\u00ednimal\u00edskir barefoot sk\u00f3r - F\u00ednt","isPartOf":{"@id":"https:\/\/www.fint.is\/is\/#website"},"primaryImageOfPage":{"@id":"https:\/\/www.fint.is\/product\/icon\/#primaryimage"},"image":{"@id":"https:\/\/www.fint.is\/product\/icon\/#primaryimage"},"thumbnailUrl":"https:\/\/www.fint.is\/wp-content\/uploads\/barefoot-be-lenka-icon-celorocne-black-43816-size-large-v-1.jpg","datePublished":"2023-10-12T13:34:25+00:00","dateModified":"2026-02-26T17:02:37+00:00","description":"Be Lenka Icon barefoot ankle boots, classic footware ideal for all sorts of occasions and conditions.","breadcrumb":{"@id":"https:\/\/www.fint.is\/product\/icon\/#breadcrumb"},"inLanguage":"is","potentialAction":[{"@type":"ReadAction","target":["https:\/\/www.fint.is\/product\/icon\/"]}]},{"@type":"ImageObject","inLanguage":"is","@id":"https:\/\/www.fint.is\/product\/icon\/#primaryimage","url":"https:\/\/www.fint.is\/wp-content\/uploads\/barefoot-be-lenka-icon-celorocne-black-43816-size-large-v-1.jpg","contentUrl":"https:\/\/www.fint.is\/wp-content\/uploads\/barefoot-be-lenka-icon-celorocne-black-43816-size-large-v-1.jpg","width":1500,"height":1000},{"@type":"BreadcrumbList","@id":"https:\/\/www.fint.is\/product\/icon\/#breadcrumb","itemListElement":[{"@type":"ListItem","position":1,"name":"Home","item":"https:\/\/www.fint.is\/"},{"@type":"ListItem","position":2,"name":"Shop","item":"https:\/\/www.fint.is\/is\/shop\/"},{"@type":"ListItem","position":3,"name":"Last items sale","item":"https:\/\/www.fint.is\/product-category\/last_items\/"},{"@type":"ListItem","position":4,"name":"Be Lenka Icon &#8211; barefoot sk\u00f3r 38"}]},{"@type":"WebSite","@id":"https:\/\/www.fint.is\/is\/#website","url":"https:\/\/www.fint.is\/is\/","name":"F\u00ednt","description":"Barefoot sk\u00f3r, t\u00e1sokkar, og bur\u00f0arpokar","publisher":{"@id":"https:\/\/www.fint.is\/is\/#organization"},"alternateName":"f\u00ednt.is","potentialAction":[{"@type":"SearchAction","target":{"@type":"EntryPoint","urlTemplate":"https:\/\/www.fint.is\/is\/?s={search_term_string}"},"query-input":{"@type":"PropertyValueSpecification","valueRequired":true,"valueName":"search_term_string"}}],"inLanguage":"is"},{"@type":"Organization","@id":"https:\/\/www.fint.is\/is\/#organization","name":"F\u00ednt","alternateName":"Fint","url":"https:\/\/www.fint.is\/is\/","logo":{"@type":"ImageObject","inLanguage":"is","@id":"https:\/\/www.fint.is\/is\/#\/schema\/logo\/image\/","url":"https:\/\/www.fint.is\/wp-content\/uploads\/logo-colour-small-2.png","contentUrl":"https:\/\/www.fint.is\/wp-content\/uploads\/logo-colour-small-2.png","width":930,"height":711,"caption":"F\u00ednt"},"image":{"@id":"https:\/\/www.fint.is\/is\/#\/schema\/logo\/image\/"},"sameAs":["https:\/\/www.facebook.com\/100090983666893\/","https:\/\/www.instagram.com\/fint.verslun\/"]}]}},"_links":{"self":[{"href":"https:\/\/www.fint.is\/is\/wp-json\/wp\/v2\/product\/1194","targetHints":{"allow":["GET"]}}],"collection":[{"href":"https:\/\/www.fint.is\/is\/wp-json\/wp\/v2\/product"}],"about":[{"href":"https:\/\/www.fint.is\/is\/wp-json\/wp\/v2\/types\/product"}],"replies":[{"embeddable":true,"href":"https:\/\/www.fint.is\/is\/wp-json\/wp\/v2\/comments?post=1194"}],"wp:featuredmedia":[{"embeddable":true,"href":"https:\/\/www.fint.is\/is\/wp-json\/wp\/v2\/media\/1204"}],"wp:attachment":[{"href":"https:\/\/www.fint.is\/is\/wp-json\/wp\/v2\/media?parent=1194"}],"wp:term":[{"taxonomy":"product_brand","embeddable":true,"href":"https:\/\/www.fint.is\/is\/wp-json\/wp\/v2\/product_brand?post=1194"},{"taxonomy":"product_cat","embeddable":true,"href":"https:\/\/www.fint.is\/is\/wp-json\/wp\/v2\/product_cat?post=1194"},{"taxonomy":"product_tag","embeddable":true,"href":"https:\/\/www.fint.is\/is\/wp-json\/wp\/v2\/product_tag?post=1194"}],"curies":[{"name":"wp","href":"https:\/\/api.w.org\/{rel}","templated":true}]}}