{"id":1146,"date":"2023-10-01T20:23:37","date_gmt":"2023-10-01T20:23:37","guid":{"rendered":"https:\/\/www.fint.is\/?post_type=product&#038;p=1146"},"modified":"2026-02-26T17:02:37","modified_gmt":"2026-02-26T17:02:37","slug":"douglas","status":"publish","type":"product","link":"https:\/\/www.fint.is\/is\/product\/douglas\/","title":{"rendered":"Koel Douglas &#8211; barefoot sk\u00f3r 35"},"content":{"rendered":"<p>Douglas eru barefoot strigask\u00f3r fr\u00e1 KOEL. \u00deeir l\u00edta \u00fat eins og venjulegir strigask\u00f3r, en eru l\u00edka mj\u00f6g \u00fe\u00e6gilegir. S\u00f3linn er sveigjanlegur og ma\u00f0ur finnur fyrir \u00fev\u00ed sem ma\u00f0ur gengur \u00e1. R\u00faskinn a\u00f0 utan, mj\u00fak f\u00f3\u00f0run a\u00f0 innan. \u00de\u00e1 er rennil\u00e1s \u00e1 sk\u00f3num innanver\u00f0um.<\/p>\n<p>(minimal\u00edskir sk\u00f3r)<\/p>\n<h4>Um Koel<\/h4>\n<p>Koel leggur \u00e1herslu \u00e1 g\u00e6\u00f0i, g\u00f3\u00f0 sni\u00f0, n\u00fdsk\u00f6pun, h\u00f6nnun og sj\u00e1lfb\u00e6rni. Sk\u00f3rnir fr\u00e1 Koel eru hanna\u00f0ir og framleiddir \u00ed port\u00fagal og byggja \u00e1 langri reynslu \u00ed \u00fev\u00ed a\u00f0 b\u00faa til s\u00f3la sem endast, \u00e1samt n\u00fdjustu \u00feekkingu \u00e1 sj\u00e1lfb\u00e6rum efnum og sk\u00f3m sem passa vel.<\/p>","protected":false},"excerpt":{"rendered":"<p>The Douglas barefoot kids&#8217; sneaker from KOEL is really cool. It looks like an everyday sneaker with an attitude, and is also super comfortable with the typical barefoot feeling of flexible soles and feeling what you are walking on. Suede on top, soft lining inside. There is also a zipper on the inside of the [&hellip;]<\/p>\n","protected":false},"featured_media":1149,"comment_status":"closed","ping_status":"closed","template":"","meta":[],"product_brand":[161],"product_cat":[40,155],"product_tag":[112,114,135],"class_list":{"0":"post-1146","1":"product","2":"type-product","3":"status-publish","4":"has-post-thumbnail","6":"product_brand-koel","7":"product_cat-children","8":"product_cat-last_items","9":"product_tag-kids-barefoot-shoes","10":"product_tag-kids-barefoot-sneaker","11":"product_tag-not-winter","12":"product_shipping_class-kids-shoes","14":"first","15":"instock","16":"sale","17":"taxable","18":"shipping-taxable","19":"purchasable","20":"product-type-variable"},"yoast_head":"<!-- This site is optimized with the Yoast SEO plugin v27.5 - https:\/\/yoast.com\/product\/yoast-seo-wordpress\/ -->\n<title>Koel Douglas - barefoot sk\u00f3r 35 - M\u00ednimal\u00edskir strigask\u00f3r fyrir b\u00f6rn - F\u00ednt<\/title>\n<meta name=\"description\" content=\"The Douglas barefoot kids&#039; sneaker from KOEL is really cool.\" \/>\n<meta name=\"robots\" content=\"index, follow, max-snippet:-1, max-image-preview:large, max-video-preview:-1\" \/>\n<link rel=\"canonical\" href=\"https:\/\/www.fint.is\/is\/product\/douglas\/\" \/>\n<meta property=\"og:locale\" content=\"is_IS\" \/>\n<meta property=\"og:type\" content=\"article\" \/>\n<meta property=\"og:title\" content=\"Koel Douglas - barefoot sk\u00f3r 35 - M\u00ednimal\u00edskir strigask\u00f3r fyrir b\u00f6rn - F\u00ednt\" \/>\n<meta property=\"og:description\" content=\"The Douglas barefoot kids&#039; sneaker from KOEL is really cool.\" \/>\n<meta property=\"og:url\" content=\"https:\/\/www.fint.is\/is\/product\/douglas\/\" \/>\n<meta property=\"og:site_name\" content=\"F\u00ednt\" \/>\n<meta property=\"article:publisher\" content=\"https:\/\/www.facebook.com\/100090983666893\/\" \/>\n<meta property=\"article:modified_time\" content=\"2026-02-26T17:02:37+00:00\" \/>\n<meta property=\"og:image\" content=\"https:\/\/www.fint.is\/wp-content\/uploads\/KO912-03.jpg\" \/>\n\t<meta property=\"og:image:width\" content=\"600\" \/>\n\t<meta property=\"og:image:height\" content=\"374\" \/>\n\t<meta property=\"og:image:type\" content=\"image\/jpeg\" \/>\n<script type=\"application\/ld+json\" class=\"yoast-schema-graph\">{\"@context\":\"https:\\\/\\\/schema.org\",\"@graph\":[{\"@type\":\"WebPage\",\"@id\":\"https:\\\/\\\/www.fint.is\\\/product\\\/douglas\\\/\",\"url\":\"https:\\\/\\\/www.fint.is\\\/product\\\/douglas\\\/\",\"name\":\"Koel Douglas - barefoot sk\u00f3r 35 - M\u00ednimal\u00edskir strigask\u00f3r fyrir b\u00f6rn - F\u00ednt\",\"isPartOf\":{\"@id\":\"https:\\\/\\\/www.fint.is\\\/is\\\/#website\"},\"primaryImageOfPage\":{\"@id\":\"https:\\\/\\\/www.fint.is\\\/product\\\/douglas\\\/#primaryimage\"},\"image\":{\"@id\":\"https:\\\/\\\/www.fint.is\\\/product\\\/douglas\\\/#primaryimage\"},\"thumbnailUrl\":\"https:\\\/\\\/www.fint.is\\\/wp-content\\\/uploads\\\/KO912-03.jpg\",\"datePublished\":\"2023-10-01T20:23:37+00:00\",\"dateModified\":\"2026-02-26T17:02:37+00:00\",\"description\":\"The Douglas barefoot kids' sneaker from KOEL is really cool.\",\"breadcrumb\":{\"@id\":\"https:\\\/\\\/www.fint.is\\\/product\\\/douglas\\\/#breadcrumb\"},\"inLanguage\":\"is\",\"potentialAction\":[{\"@type\":\"ReadAction\",\"target\":[\"https:\\\/\\\/www.fint.is\\\/product\\\/douglas\\\/\"]}]},{\"@type\":\"ImageObject\",\"inLanguage\":\"is\",\"@id\":\"https:\\\/\\\/www.fint.is\\\/product\\\/douglas\\\/#primaryimage\",\"url\":\"https:\\\/\\\/www.fint.is\\\/wp-content\\\/uploads\\\/KO912-03.jpg\",\"contentUrl\":\"https:\\\/\\\/www.fint.is\\\/wp-content\\\/uploads\\\/KO912-03.jpg\",\"width\":600,\"height\":374},{\"@type\":\"BreadcrumbList\",\"@id\":\"https:\\\/\\\/www.fint.is\\\/product\\\/douglas\\\/#breadcrumb\",\"itemListElement\":[{\"@type\":\"ListItem\",\"position\":1,\"name\":\"Home\",\"item\":\"https:\\\/\\\/www.fint.is\\\/\"},{\"@type\":\"ListItem\",\"position\":2,\"name\":\"Shop\",\"item\":\"https:\\\/\\\/www.fint.is\\\/is\\\/shop\\\/\"},{\"@type\":\"ListItem\",\"position\":3,\"name\":\"Barefoot shoes\",\"item\":\"https:\\\/\\\/www.fint.is\\\/is\\\/product-category\\\/shoes\\\/\"},{\"@type\":\"ListItem\",\"position\":4,\"name\":\"Children's barefoot shoes\",\"item\":\"https:\\\/\\\/www.fint.is\\\/is\\\/product-category\\\/shoes\\\/children\\\/\"},{\"@type\":\"ListItem\",\"position\":5,\"name\":\"Koel Douglas &#8211; barefoot sk\u00f3r 35\"}]},{\"@type\":\"WebSite\",\"@id\":\"https:\\\/\\\/www.fint.is\\\/is\\\/#website\",\"url\":\"https:\\\/\\\/www.fint.is\\\/is\\\/\",\"name\":\"F\u00ednt\",\"description\":\"Barefoot sk\u00f3r, t\u00e1susokkar, og bur\u00f0arpokar\",\"publisher\":{\"@id\":\"https:\\\/\\\/www.fint.is\\\/is\\\/#organization\"},\"alternateName\":\"f\u00ednt.is\",\"potentialAction\":[{\"@type\":\"SearchAction\",\"target\":{\"@type\":\"EntryPoint\",\"urlTemplate\":\"https:\\\/\\\/www.fint.is\\\/is\\\/?s={search_term_string}\"},\"query-input\":{\"@type\":\"PropertyValueSpecification\",\"valueRequired\":true,\"valueName\":\"search_term_string\"}}],\"inLanguage\":\"is\"},{\"@type\":\"Organization\",\"@id\":\"https:\\\/\\\/www.fint.is\\\/is\\\/#organization\",\"name\":\"F\u00ednt\",\"alternateName\":\"Fint\",\"url\":\"https:\\\/\\\/www.fint.is\\\/is\\\/\",\"logo\":{\"@type\":\"ImageObject\",\"inLanguage\":\"is\",\"@id\":\"https:\\\/\\\/www.fint.is\\\/is\\\/#\\\/schema\\\/logo\\\/image\\\/\",\"url\":\"https:\\\/\\\/www.fint.is\\\/wp-content\\\/uploads\\\/logo-colour-small-2.png\",\"contentUrl\":\"https:\\\/\\\/www.fint.is\\\/wp-content\\\/uploads\\\/logo-colour-small-2.png\",\"width\":930,\"height\":711,\"caption\":\"F\u00ednt\"},\"image\":{\"@id\":\"https:\\\/\\\/www.fint.is\\\/is\\\/#\\\/schema\\\/logo\\\/image\\\/\"},\"sameAs\":[\"https:\\\/\\\/www.facebook.com\\\/100090983666893\\\/\",\"https:\\\/\\\/www.instagram.com\\\/fint.verslun\\\/\"]}]}<\/script>\n<!-- \/ Yoast SEO plugin. -->","yoast_head_json":{"title":"Koel Douglas - barefoot sk\u00f3r 35 - M\u00ednimal\u00edskir strigask\u00f3r fyrir b\u00f6rn - F\u00ednt","description":"The Douglas barefoot kids' sneaker from KOEL is really cool.","robots":{"index":"index","follow":"follow","max-snippet":"max-snippet:-1","max-image-preview":"max-image-preview:large","max-video-preview":"max-video-preview:-1"},"canonical":"https:\/\/www.fint.is\/is\/product\/douglas\/","og_locale":"is_IS","og_type":"article","og_title":"Koel Douglas - barefoot sk\u00f3r 35 - M\u00ednimal\u00edskir strigask\u00f3r fyrir b\u00f6rn - F\u00ednt","og_description":"The Douglas barefoot kids' sneaker from KOEL is really cool.","og_url":"https:\/\/www.fint.is\/is\/product\/douglas\/","og_site_name":"F\u00ednt","article_publisher":"https:\/\/www.facebook.com\/100090983666893\/","article_modified_time":"2026-02-26T17:02:37+00:00","og_image":[{"width":600,"height":374,"url":"https:\/\/www.fint.is\/wp-content\/uploads\/KO912-03.jpg","type":"image\/jpeg"}],"schema":{"@context":"https:\/\/schema.org","@graph":[{"@type":"WebPage","@id":"https:\/\/www.fint.is\/product\/douglas\/","url":"https:\/\/www.fint.is\/product\/douglas\/","name":"Koel Douglas - barefoot sk\u00f3r 35 - M\u00ednimal\u00edskir strigask\u00f3r fyrir b\u00f6rn - F\u00ednt","isPartOf":{"@id":"https:\/\/www.fint.is\/is\/#website"},"primaryImageOfPage":{"@id":"https:\/\/www.fint.is\/product\/douglas\/#primaryimage"},"image":{"@id":"https:\/\/www.fint.is\/product\/douglas\/#primaryimage"},"thumbnailUrl":"https:\/\/www.fint.is\/wp-content\/uploads\/KO912-03.jpg","datePublished":"2023-10-01T20:23:37+00:00","dateModified":"2026-02-26T17:02:37+00:00","description":"The Douglas barefoot kids' sneaker from KOEL is really cool.","breadcrumb":{"@id":"https:\/\/www.fint.is\/product\/douglas\/#breadcrumb"},"inLanguage":"is","potentialAction":[{"@type":"ReadAction","target":["https:\/\/www.fint.is\/product\/douglas\/"]}]},{"@type":"ImageObject","inLanguage":"is","@id":"https:\/\/www.fint.is\/product\/douglas\/#primaryimage","url":"https:\/\/www.fint.is\/wp-content\/uploads\/KO912-03.jpg","contentUrl":"https:\/\/www.fint.is\/wp-content\/uploads\/KO912-03.jpg","width":600,"height":374},{"@type":"BreadcrumbList","@id":"https:\/\/www.fint.is\/product\/douglas\/#breadcrumb","itemListElement":[{"@type":"ListItem","position":1,"name":"Home","item":"https:\/\/www.fint.is\/"},{"@type":"ListItem","position":2,"name":"Shop","item":"https:\/\/www.fint.is\/is\/shop\/"},{"@type":"ListItem","position":3,"name":"Barefoot shoes","item":"https:\/\/www.fint.is\/is\/product-category\/shoes\/"},{"@type":"ListItem","position":4,"name":"Children's barefoot shoes","item":"https:\/\/www.fint.is\/is\/product-category\/shoes\/children\/"},{"@type":"ListItem","position":5,"name":"Koel Douglas &#8211; barefoot sk\u00f3r 35"}]},{"@type":"WebSite","@id":"https:\/\/www.fint.is\/is\/#website","url":"https:\/\/www.fint.is\/is\/","name":"F\u00ednt","description":"Barefoot sk\u00f3r, t\u00e1sokkar, og bur\u00f0arpokar","publisher":{"@id":"https:\/\/www.fint.is\/is\/#organization"},"alternateName":"f\u00ednt.is","potentialAction":[{"@type":"SearchAction","target":{"@type":"EntryPoint","urlTemplate":"https:\/\/www.fint.is\/is\/?s={search_term_string}"},"query-input":{"@type":"PropertyValueSpecification","valueRequired":true,"valueName":"search_term_string"}}],"inLanguage":"is"},{"@type":"Organization","@id":"https:\/\/www.fint.is\/is\/#organization","name":"F\u00ednt","alternateName":"Fint","url":"https:\/\/www.fint.is\/is\/","logo":{"@type":"ImageObject","inLanguage":"is","@id":"https:\/\/www.fint.is\/is\/#\/schema\/logo\/image\/","url":"https:\/\/www.fint.is\/wp-content\/uploads\/logo-colour-small-2.png","contentUrl":"https:\/\/www.fint.is\/wp-content\/uploads\/logo-colour-small-2.png","width":930,"height":711,"caption":"F\u00ednt"},"image":{"@id":"https:\/\/www.fint.is\/is\/#\/schema\/logo\/image\/"},"sameAs":["https:\/\/www.facebook.com\/100090983666893\/","https:\/\/www.instagram.com\/fint.verslun\/"]}]}},"_links":{"self":[{"href":"https:\/\/www.fint.is\/is\/wp-json\/wp\/v2\/product\/1146","targetHints":{"allow":["GET"]}}],"collection":[{"href":"https:\/\/www.fint.is\/is\/wp-json\/wp\/v2\/product"}],"about":[{"href":"https:\/\/www.fint.is\/is\/wp-json\/wp\/v2\/types\/product"}],"replies":[{"embeddable":true,"href":"https:\/\/www.fint.is\/is\/wp-json\/wp\/v2\/comments?post=1146"}],"wp:featuredmedia":[{"embeddable":true,"href":"https:\/\/www.fint.is\/is\/wp-json\/wp\/v2\/media\/1149"}],"wp:attachment":[{"href":"https:\/\/www.fint.is\/is\/wp-json\/wp\/v2\/media?parent=1146"}],"wp:term":[{"taxonomy":"product_brand","embeddable":true,"href":"https:\/\/www.fint.is\/is\/wp-json\/wp\/v2\/product_brand?post=1146"},{"taxonomy":"product_cat","embeddable":true,"href":"https:\/\/www.fint.is\/is\/wp-json\/wp\/v2\/product_cat?post=1146"},{"taxonomy":"product_tag","embeddable":true,"href":"https:\/\/www.fint.is\/is\/wp-json\/wp\/v2\/product_tag?post=1146"}],"curies":[{"name":"wp","href":"https:\/\/api.w.org\/{rel}","templated":true}]}}