{"id":1122,"date":"2023-09-29T21:57:01","date_gmt":"2023-09-29T21:57:01","guid":{"rendered":"https:\/\/www.fint.is\/?post_type=product&#038;p=1122"},"modified":"2026-02-26T17:02:37","modified_gmt":"2026-02-26T17:02:37","slug":"ben","status":"publish","type":"product","link":"https:\/\/www.fint.is\/is\/product\/ben\/","title":{"rendered":"Koel Ben &#8211; barefoot sk\u00f3r 20 &#038; 24"},"content":{"rendered":"<p data-pm-slice=\"1 3 []\">Ben sk\u00f3rnir fr\u00e1 Koel eru fullkomnir fyrir kalda daga, me\u00f0 tv\u00edd-f\u00f3\u00f0run. S\u00f3linn er sveigjanlegur, og \u00ed st\u00e6r\u00f0 24 og 25 er hann \u00f3venju brei\u00f0ur.<\/p>\n<p data-pm-slice=\"1 3 []\">The brown version comes with dark and light brown laces, the pink merino version has pink and grey laces.<\/p>\n<p data-pm-slice=\"1 3 []\">(minimal\u00edskir sk\u00f3r)<\/p>\n<h4>Um Koel<\/h4>\n<p>Koel leggur \u00e1herslu \u00e1 g\u00e6\u00f0i, g\u00f3\u00f0 sni\u00f0, n\u00fdsk\u00f6pun, h\u00f6nnun og sj\u00e1lfb\u00e6rni. Sk\u00f3rnir fr\u00e1 Koel eru hanna\u00f0ir og framleiddir \u00ed port\u00fagal og byggja \u00e1 langri reynslu \u00ed \u00fev\u00ed a\u00f0 b\u00faa til s\u00f3la sem endast, \u00e1samt n\u00fdjustu \u00feekkingu \u00e1 sj\u00e1lfb\u00e6rum efnum og sk\u00f3m sem passa vel.<\/p>","protected":false},"excerpt":{"rendered":"<p>Ben sk\u00f3rnir fr\u00e1 Koel eru me\u00f0 Korkid s\u00f3la me\u00f0 mi\u00f0lungsv\u00ed\u00f0u t\u00e1boxi sem er s\u00e9rstaklega hanna\u00f0 fyrir b\u00f6rn og ungab\u00f6rn.<\/p>","protected":false},"featured_media":1161,"comment_status":"closed","ping_status":"closed","template":"","meta":[],"product_brand":[161],"product_cat":[40,155],"product_tag":[112],"class_list":{"0":"post-1122","1":"product","2":"type-product","3":"status-publish","4":"has-post-thumbnail","6":"product_brand-koel","7":"product_cat-children","8":"product_cat-last_items","9":"product_tag-kids-barefoot-shoes","10":"product_shipping_class-kids-shoes","12":"first","13":"instock","14":"sale","15":"taxable","16":"shipping-taxable","17":"purchasable","18":"product-type-variable"},"yoast_head":"<!-- This site is optimized with the Yoast SEO plugin v27.5 - https:\/\/yoast.com\/product\/yoast-seo-wordpress\/ -->\n<title>Koel Ben - barefoot sk\u00f3r 20 &amp; 24 - M\u00ednimal\u00edskir barefoot barnask\u00f3r - F\u00ednt<\/title>\n<meta name=\"description\" content=\"Kids lace barefoot shoe from KOEL\" \/>\n<meta name=\"robots\" content=\"index, follow, max-snippet:-1, max-image-preview:large, max-video-preview:-1\" \/>\n<link rel=\"canonical\" href=\"https:\/\/www.fint.is\/is\/product\/ben\/\" \/>\n<meta property=\"og:locale\" content=\"is_IS\" \/>\n<meta property=\"og:type\" content=\"article\" \/>\n<meta property=\"og:title\" content=\"Koel Ben - barefoot sk\u00f3r 20 &amp; 24 - M\u00ednimal\u00edskir barefoot barnask\u00f3r - F\u00ednt\" \/>\n<meta property=\"og:description\" content=\"Kids lace barefoot shoe from KOEL\" \/>\n<meta property=\"og:url\" content=\"https:\/\/www.fint.is\/is\/product\/ben\/\" \/>\n<meta property=\"og:site_name\" content=\"F\u00ednt\" \/>\n<meta property=\"article:publisher\" content=\"https:\/\/www.facebook.com\/100090983666893\/\" \/>\n<meta property=\"article:modified_time\" content=\"2026-02-26T17:02:37+00:00\" \/>\n<meta property=\"og:image\" content=\"https:\/\/www.fint.is\/wp-content\/uploads\/217482852-koel4kids-barefoot-clenkova-obuv-koel-ben-merino-melang-imperial-pink.webp\" \/>\n\t<meta property=\"og:image:width\" content=\"800\" \/>\n\t<meta property=\"og:image:height\" content=\"800\" \/>\n\t<meta property=\"og:image:type\" content=\"image\/webp\" \/>\n<script type=\"application\/ld+json\" class=\"yoast-schema-graph\">{\"@context\":\"https:\\\/\\\/schema.org\",\"@graph\":[{\"@type\":\"WebPage\",\"@id\":\"https:\\\/\\\/www.fint.is\\\/product\\\/ben\\\/\",\"url\":\"https:\\\/\\\/www.fint.is\\\/product\\\/ben\\\/\",\"name\":\"Koel Ben - barefoot sk\u00f3r 20 & 24 - M\u00ednimal\u00edskir barefoot barnask\u00f3r - F\u00ednt\",\"isPartOf\":{\"@id\":\"https:\\\/\\\/www.fint.is\\\/is\\\/#website\"},\"primaryImageOfPage\":{\"@id\":\"https:\\\/\\\/www.fint.is\\\/product\\\/ben\\\/#primaryimage\"},\"image\":{\"@id\":\"https:\\\/\\\/www.fint.is\\\/product\\\/ben\\\/#primaryimage\"},\"thumbnailUrl\":\"https:\\\/\\\/www.fint.is\\\/wp-content\\\/uploads\\\/217482852-koel4kids-barefoot-clenkova-obuv-koel-ben-merino-melang-imperial-pink.webp\",\"datePublished\":\"2023-09-29T21:57:01+00:00\",\"dateModified\":\"2026-02-26T17:02:37+00:00\",\"description\":\"Kids lace barefoot shoe from KOEL\",\"breadcrumb\":{\"@id\":\"https:\\\/\\\/www.fint.is\\\/product\\\/ben\\\/#breadcrumb\"},\"inLanguage\":\"is\",\"potentialAction\":[{\"@type\":\"ReadAction\",\"target\":[\"https:\\\/\\\/www.fint.is\\\/product\\\/ben\\\/\"]}]},{\"@type\":\"ImageObject\",\"inLanguage\":\"is\",\"@id\":\"https:\\\/\\\/www.fint.is\\\/product\\\/ben\\\/#primaryimage\",\"url\":\"https:\\\/\\\/www.fint.is\\\/wp-content\\\/uploads\\\/217482852-koel4kids-barefoot-clenkova-obuv-koel-ben-merino-melang-imperial-pink.webp\",\"contentUrl\":\"https:\\\/\\\/www.fint.is\\\/wp-content\\\/uploads\\\/217482852-koel4kids-barefoot-clenkova-obuv-koel-ben-merino-melang-imperial-pink.webp\",\"width\":800,\"height\":800},{\"@type\":\"BreadcrumbList\",\"@id\":\"https:\\\/\\\/www.fint.is\\\/product\\\/ben\\\/#breadcrumb\",\"itemListElement\":[{\"@type\":\"ListItem\",\"position\":1,\"name\":\"Home\",\"item\":\"https:\\\/\\\/www.fint.is\\\/\"},{\"@type\":\"ListItem\",\"position\":2,\"name\":\"Shop\",\"item\":\"https:\\\/\\\/www.fint.is\\\/is\\\/shop\\\/\"},{\"@type\":\"ListItem\",\"position\":3,\"name\":\"Last items sale\",\"item\":\"https:\\\/\\\/www.fint.is\\\/product-category\\\/last_items\\\/\"},{\"@type\":\"ListItem\",\"position\":4,\"name\":\"Koel Ben &#8211; barefoot sk\u00f3r 20 &#038; 24\"}]},{\"@type\":\"WebSite\",\"@id\":\"https:\\\/\\\/www.fint.is\\\/is\\\/#website\",\"url\":\"https:\\\/\\\/www.fint.is\\\/is\\\/\",\"name\":\"F\u00ednt\",\"description\":\"Barefoot sk\u00f3r, t\u00e1susokkar, og bur\u00f0arpokar\",\"publisher\":{\"@id\":\"https:\\\/\\\/www.fint.is\\\/is\\\/#organization\"},\"alternateName\":\"f\u00ednt.is\",\"potentialAction\":[{\"@type\":\"SearchAction\",\"target\":{\"@type\":\"EntryPoint\",\"urlTemplate\":\"https:\\\/\\\/www.fint.is\\\/is\\\/?s={search_term_string}\"},\"query-input\":{\"@type\":\"PropertyValueSpecification\",\"valueRequired\":true,\"valueName\":\"search_term_string\"}}],\"inLanguage\":\"is\"},{\"@type\":\"Organization\",\"@id\":\"https:\\\/\\\/www.fint.is\\\/is\\\/#organization\",\"name\":\"F\u00ednt\",\"alternateName\":\"Fint\",\"url\":\"https:\\\/\\\/www.fint.is\\\/is\\\/\",\"logo\":{\"@type\":\"ImageObject\",\"inLanguage\":\"is\",\"@id\":\"https:\\\/\\\/www.fint.is\\\/is\\\/#\\\/schema\\\/logo\\\/image\\\/\",\"url\":\"https:\\\/\\\/www.fint.is\\\/wp-content\\\/uploads\\\/logo-colour-small-2.png\",\"contentUrl\":\"https:\\\/\\\/www.fint.is\\\/wp-content\\\/uploads\\\/logo-colour-small-2.png\",\"width\":930,\"height\":711,\"caption\":\"F\u00ednt\"},\"image\":{\"@id\":\"https:\\\/\\\/www.fint.is\\\/is\\\/#\\\/schema\\\/logo\\\/image\\\/\"},\"sameAs\":[\"https:\\\/\\\/www.facebook.com\\\/100090983666893\\\/\",\"https:\\\/\\\/www.instagram.com\\\/fint.verslun\\\/\"]}]}<\/script>\n<!-- \/ Yoast SEO plugin. -->","yoast_head_json":{"title":"Koel Ben - barefoot sk\u00f3r 20 & 24 - M\u00ednimal\u00edskir barefoot barnask\u00f3r - F\u00ednt","description":"Kids lace barefoot shoe from KOEL","robots":{"index":"index","follow":"follow","max-snippet":"max-snippet:-1","max-image-preview":"max-image-preview:large","max-video-preview":"max-video-preview:-1"},"canonical":"https:\/\/www.fint.is\/is\/product\/ben\/","og_locale":"is_IS","og_type":"article","og_title":"Koel Ben - barefoot sk\u00f3r 20 & 24 - M\u00ednimal\u00edskir barefoot barnask\u00f3r - F\u00ednt","og_description":"Kids lace barefoot shoe from KOEL","og_url":"https:\/\/www.fint.is\/is\/product\/ben\/","og_site_name":"F\u00ednt","article_publisher":"https:\/\/www.facebook.com\/100090983666893\/","article_modified_time":"2026-02-26T17:02:37+00:00","og_image":[{"width":800,"height":800,"url":"https:\/\/www.fint.is\/wp-content\/uploads\/217482852-koel4kids-barefoot-clenkova-obuv-koel-ben-merino-melang-imperial-pink.webp","type":"image\/webp"}],"schema":{"@context":"https:\/\/schema.org","@graph":[{"@type":"WebPage","@id":"https:\/\/www.fint.is\/product\/ben\/","url":"https:\/\/www.fint.is\/product\/ben\/","name":"Koel Ben - barefoot sk\u00f3r 20 & 24 - M\u00ednimal\u00edskir barefoot barnask\u00f3r - F\u00ednt","isPartOf":{"@id":"https:\/\/www.fint.is\/is\/#website"},"primaryImageOfPage":{"@id":"https:\/\/www.fint.is\/product\/ben\/#primaryimage"},"image":{"@id":"https:\/\/www.fint.is\/product\/ben\/#primaryimage"},"thumbnailUrl":"https:\/\/www.fint.is\/wp-content\/uploads\/217482852-koel4kids-barefoot-clenkova-obuv-koel-ben-merino-melang-imperial-pink.webp","datePublished":"2023-09-29T21:57:01+00:00","dateModified":"2026-02-26T17:02:37+00:00","description":"Kids lace barefoot shoe from KOEL","breadcrumb":{"@id":"https:\/\/www.fint.is\/product\/ben\/#breadcrumb"},"inLanguage":"is","potentialAction":[{"@type":"ReadAction","target":["https:\/\/www.fint.is\/product\/ben\/"]}]},{"@type":"ImageObject","inLanguage":"is","@id":"https:\/\/www.fint.is\/product\/ben\/#primaryimage","url":"https:\/\/www.fint.is\/wp-content\/uploads\/217482852-koel4kids-barefoot-clenkova-obuv-koel-ben-merino-melang-imperial-pink.webp","contentUrl":"https:\/\/www.fint.is\/wp-content\/uploads\/217482852-koel4kids-barefoot-clenkova-obuv-koel-ben-merino-melang-imperial-pink.webp","width":800,"height":800},{"@type":"BreadcrumbList","@id":"https:\/\/www.fint.is\/product\/ben\/#breadcrumb","itemListElement":[{"@type":"ListItem","position":1,"name":"Home","item":"https:\/\/www.fint.is\/"},{"@type":"ListItem","position":2,"name":"Shop","item":"https:\/\/www.fint.is\/is\/shop\/"},{"@type":"ListItem","position":3,"name":"Last items sale","item":"https:\/\/www.fint.is\/product-category\/last_items\/"},{"@type":"ListItem","position":4,"name":"Koel Ben &#8211; barefoot sk\u00f3r 20 &#038; 24"}]},{"@type":"WebSite","@id":"https:\/\/www.fint.is\/is\/#website","url":"https:\/\/www.fint.is\/is\/","name":"F\u00ednt","description":"Barefoot sk\u00f3r, t\u00e1sokkar, og bur\u00f0arpokar","publisher":{"@id":"https:\/\/www.fint.is\/is\/#organization"},"alternateName":"f\u00ednt.is","potentialAction":[{"@type":"SearchAction","target":{"@type":"EntryPoint","urlTemplate":"https:\/\/www.fint.is\/is\/?s={search_term_string}"},"query-input":{"@type":"PropertyValueSpecification","valueRequired":true,"valueName":"search_term_string"}}],"inLanguage":"is"},{"@type":"Organization","@id":"https:\/\/www.fint.is\/is\/#organization","name":"F\u00ednt","alternateName":"Fint","url":"https:\/\/www.fint.is\/is\/","logo":{"@type":"ImageObject","inLanguage":"is","@id":"https:\/\/www.fint.is\/is\/#\/schema\/logo\/image\/","url":"https:\/\/www.fint.is\/wp-content\/uploads\/logo-colour-small-2.png","contentUrl":"https:\/\/www.fint.is\/wp-content\/uploads\/logo-colour-small-2.png","width":930,"height":711,"caption":"F\u00ednt"},"image":{"@id":"https:\/\/www.fint.is\/is\/#\/schema\/logo\/image\/"},"sameAs":["https:\/\/www.facebook.com\/100090983666893\/","https:\/\/www.instagram.com\/fint.verslun\/"]}]}},"_links":{"self":[{"href":"https:\/\/www.fint.is\/is\/wp-json\/wp\/v2\/product\/1122","targetHints":{"allow":["GET"]}}],"collection":[{"href":"https:\/\/www.fint.is\/is\/wp-json\/wp\/v2\/product"}],"about":[{"href":"https:\/\/www.fint.is\/is\/wp-json\/wp\/v2\/types\/product"}],"replies":[{"embeddable":true,"href":"https:\/\/www.fint.is\/is\/wp-json\/wp\/v2\/comments?post=1122"}],"wp:featuredmedia":[{"embeddable":true,"href":"https:\/\/www.fint.is\/is\/wp-json\/wp\/v2\/media\/1161"}],"wp:attachment":[{"href":"https:\/\/www.fint.is\/is\/wp-json\/wp\/v2\/media?parent=1122"}],"wp:term":[{"taxonomy":"product_brand","embeddable":true,"href":"https:\/\/www.fint.is\/is\/wp-json\/wp\/v2\/product_brand?post=1122"},{"taxonomy":"product_cat","embeddable":true,"href":"https:\/\/www.fint.is\/is\/wp-json\/wp\/v2\/product_cat?post=1122"},{"taxonomy":"product_tag","embeddable":true,"href":"https:\/\/www.fint.is\/is\/wp-json\/wp\/v2\/product_tag?post=1122"}],"curies":[{"name":"wp","href":"https:\/\/api.w.org\/{rel}","templated":true}]}}