{"id":1094,"date":"2023-09-29T11:09:17","date_gmt":"2023-09-29T11:09:17","guid":{"rendered":"https:\/\/www.fint.is\/?post_type=product&#038;p=1094"},"modified":"2026-02-26T17:02:37","modified_gmt":"2026-02-26T17:02:37","slug":"bart","status":"publish","type":"product","link":"https:\/\/www.fint.is\/is\/product\/bart\/","title":{"rendered":"Koel Bart &#8211; barefoot sk\u00f3r 20"},"content":{"rendered":"<p>Barnask\u00f3r fr\u00e1 KOEL \u00far bio Napa le\u00f0ri, f\u00f3\u00f0ra\u00f0ir me\u00f0 hl\u00fdrri mer\u00edn\u00f3ull. Franskir rennil\u00e1sar gera \u00fea\u00f0 au\u00f0velt a\u00f0 fara \u00ed og \u00far sk\u00f3num, og tryggja a\u00f0 \u00feeir haldist \u00ed sta\u00f0.<\/p>\n<p>S\u00f3linn er sveigjanlegur og skapar n\u00e6gilegt r\u00fdmi fyrir allar t\u00e6rnar til a\u00f0 hreyfa sig.<\/p>\n<p>(minimal\u00edskir sk\u00f3r)<\/p>\n<h4>Um Koel<\/h4>\n<p>Koel leggur \u00e1herslu \u00e1 g\u00e6\u00f0i, g\u00f3\u00f0 sni\u00f0, n\u00fdsk\u00f6pun, h\u00f6nnun og sj\u00e1lfb\u00e6rni. Sk\u00f3rnir fr\u00e1 Koel eru hanna\u00f0ir og framleiddir \u00ed port\u00fagal og byggja \u00e1 langri reynslu \u00ed \u00fev\u00ed a\u00f0 b\u00faa til s\u00f3la sem endast, \u00e1samt n\u00fdjustu \u00feekkingu \u00e1 sj\u00e1lfb\u00e6rum efnum og sk\u00f3m sem passa vel.<\/p>","protected":false},"excerpt":{"rendered":"<p>Barnask\u00f3r fr\u00e1 KOEL \u00far bio Napa le\u00f0ri, f\u00f3\u00f0ra\u00f0ir me\u00f0 hl\u00fdrri mer\u00edn\u00f3ull.<\/p>","protected":false},"featured_media":1103,"comment_status":"closed","ping_status":"closed","template":"","meta":[],"product_brand":[161],"product_cat":[40,155],"product_tag":[111,101,110,167,117],"class_list":{"0":"post-1094","1":"product","2":"type-product","3":"status-publish","4":"has-post-thumbnail","6":"product_brand-koel","7":"product_cat-children","8":"product_cat-last_items","9":"product_tag-barefoot-shoe","10":"product_tag-barefoot-shoes-kids","11":"product_tag-koel-kids","12":"product_tag-winter","13":"product_tag-winter-barefoot-shoes","14":"product_shipping_class-kids-shoes","16":"first","17":"instock","18":"sale","19":"taxable","20":"shipping-taxable","21":"purchasable","22":"product-type-variable"},"yoast_head":"<!-- This site is optimized with the Yoast SEO plugin v27.5 - https:\/\/yoast.com\/product\/yoast-seo-wordpress\/ -->\n<title>Koel Bart - barefoot sk\u00f3r 20 - M\u00ednimal\u00edskir barefoot barnask\u00f3r - F\u00ednt<\/title>\n<meta name=\"description\" content=\"This kids&#039; shoe from KOEL is made of bio Napa leather, and lined with merino wool for warmth.\" \/>\n<meta name=\"robots\" content=\"index, follow, max-snippet:-1, max-image-preview:large, max-video-preview:-1\" \/>\n<link rel=\"canonical\" href=\"https:\/\/www.fint.is\/is\/product\/bart\/\" \/>\n<meta property=\"og:locale\" content=\"is_IS\" \/>\n<meta property=\"og:type\" content=\"article\" \/>\n<meta property=\"og:title\" content=\"Koel Bart - barefoot sk\u00f3r 20 - M\u00ednimal\u00edskir barefoot barnask\u00f3r - F\u00ednt\" \/>\n<meta property=\"og:description\" content=\"This kids&#039; shoe from KOEL is made of bio Napa leather, and lined with merino wool for warmth.\" \/>\n<meta property=\"og:url\" content=\"https:\/\/www.fint.is\/is\/product\/bart\/\" \/>\n<meta property=\"og:site_name\" content=\"F\u00ednt\" \/>\n<meta property=\"article:publisher\" content=\"https:\/\/www.facebook.com\/100090983666893\/\" \/>\n<meta property=\"article:modified_time\" content=\"2026-02-26T17:02:37+00:00\" \/>\n<meta property=\"og:image\" content=\"https:\/\/www.fint.is\/wp-content\/uploads\/06W003.112-350.jpg\" \/>\n\t<meta property=\"og:image:width\" content=\"1350\" \/>\n\t<meta property=\"og:image:height\" content=\"1080\" \/>\n\t<meta property=\"og:image:type\" content=\"image\/jpeg\" \/>\n<script type=\"application\/ld+json\" class=\"yoast-schema-graph\">{\"@context\":\"https:\\\/\\\/schema.org\",\"@graph\":[{\"@type\":\"WebPage\",\"@id\":\"https:\\\/\\\/www.fint.is\\\/product\\\/bart\\\/\",\"url\":\"https:\\\/\\\/www.fint.is\\\/product\\\/bart\\\/\",\"name\":\"Koel Bart - barefoot sk\u00f3r 20 - M\u00ednimal\u00edskir barefoot barnask\u00f3r - F\u00ednt\",\"isPartOf\":{\"@id\":\"https:\\\/\\\/www.fint.is\\\/is\\\/#website\"},\"primaryImageOfPage\":{\"@id\":\"https:\\\/\\\/www.fint.is\\\/product\\\/bart\\\/#primaryimage\"},\"image\":{\"@id\":\"https:\\\/\\\/www.fint.is\\\/product\\\/bart\\\/#primaryimage\"},\"thumbnailUrl\":\"https:\\\/\\\/www.fint.is\\\/wp-content\\\/uploads\\\/06W003.112-350.jpg\",\"datePublished\":\"2023-09-29T11:09:17+00:00\",\"dateModified\":\"2026-02-26T17:02:37+00:00\",\"description\":\"This kids' shoe from KOEL is made of bio Napa leather, and lined with merino wool for warmth.\",\"breadcrumb\":{\"@id\":\"https:\\\/\\\/www.fint.is\\\/product\\\/bart\\\/#breadcrumb\"},\"inLanguage\":\"is\",\"potentialAction\":[{\"@type\":\"ReadAction\",\"target\":[\"https:\\\/\\\/www.fint.is\\\/product\\\/bart\\\/\"]}]},{\"@type\":\"ImageObject\",\"inLanguage\":\"is\",\"@id\":\"https:\\\/\\\/www.fint.is\\\/product\\\/bart\\\/#primaryimage\",\"url\":\"https:\\\/\\\/www.fint.is\\\/wp-content\\\/uploads\\\/06W003.112-350.jpg\",\"contentUrl\":\"https:\\\/\\\/www.fint.is\\\/wp-content\\\/uploads\\\/06W003.112-350.jpg\",\"width\":1350,\"height\":1080},{\"@type\":\"BreadcrumbList\",\"@id\":\"https:\\\/\\\/www.fint.is\\\/product\\\/bart\\\/#breadcrumb\",\"itemListElement\":[{\"@type\":\"ListItem\",\"position\":1,\"name\":\"Home\",\"item\":\"https:\\\/\\\/www.fint.is\\\/\"},{\"@type\":\"ListItem\",\"position\":2,\"name\":\"Shop\",\"item\":\"https:\\\/\\\/www.fint.is\\\/is\\\/shop\\\/\"},{\"@type\":\"ListItem\",\"position\":3,\"name\":\"Last items sale\",\"item\":\"https:\\\/\\\/www.fint.is\\\/product-category\\\/last_items\\\/\"},{\"@type\":\"ListItem\",\"position\":4,\"name\":\"Koel Bart &#8211; barefoot sk\u00f3r 20\"}]},{\"@type\":\"WebSite\",\"@id\":\"https:\\\/\\\/www.fint.is\\\/is\\\/#website\",\"url\":\"https:\\\/\\\/www.fint.is\\\/is\\\/\",\"name\":\"F\u00ednt\",\"description\":\"Barefoot sk\u00f3r, t\u00e1susokkar, og bur\u00f0arpokar\",\"publisher\":{\"@id\":\"https:\\\/\\\/www.fint.is\\\/is\\\/#organization\"},\"alternateName\":\"f\u00ednt.is\",\"potentialAction\":[{\"@type\":\"SearchAction\",\"target\":{\"@type\":\"EntryPoint\",\"urlTemplate\":\"https:\\\/\\\/www.fint.is\\\/is\\\/?s={search_term_string}\"},\"query-input\":{\"@type\":\"PropertyValueSpecification\",\"valueRequired\":true,\"valueName\":\"search_term_string\"}}],\"inLanguage\":\"is\"},{\"@type\":\"Organization\",\"@id\":\"https:\\\/\\\/www.fint.is\\\/is\\\/#organization\",\"name\":\"F\u00ednt\",\"alternateName\":\"Fint\",\"url\":\"https:\\\/\\\/www.fint.is\\\/is\\\/\",\"logo\":{\"@type\":\"ImageObject\",\"inLanguage\":\"is\",\"@id\":\"https:\\\/\\\/www.fint.is\\\/is\\\/#\\\/schema\\\/logo\\\/image\\\/\",\"url\":\"https:\\\/\\\/www.fint.is\\\/wp-content\\\/uploads\\\/logo-colour-small-2.png\",\"contentUrl\":\"https:\\\/\\\/www.fint.is\\\/wp-content\\\/uploads\\\/logo-colour-small-2.png\",\"width\":930,\"height\":711,\"caption\":\"F\u00ednt\"},\"image\":{\"@id\":\"https:\\\/\\\/www.fint.is\\\/is\\\/#\\\/schema\\\/logo\\\/image\\\/\"},\"sameAs\":[\"https:\\\/\\\/www.facebook.com\\\/100090983666893\\\/\",\"https:\\\/\\\/www.instagram.com\\\/fint.verslun\\\/\"]}]}<\/script>\n<!-- \/ Yoast SEO plugin. -->","yoast_head_json":{"title":"Koel Bart - barefoot sk\u00f3r 20 - M\u00ednimal\u00edskir barefoot barnask\u00f3r - F\u00ednt","description":"This kids' shoe from KOEL is made of bio Napa leather, and lined with merino wool for warmth.","robots":{"index":"index","follow":"follow","max-snippet":"max-snippet:-1","max-image-preview":"max-image-preview:large","max-video-preview":"max-video-preview:-1"},"canonical":"https:\/\/www.fint.is\/is\/product\/bart\/","og_locale":"is_IS","og_type":"article","og_title":"Koel Bart - barefoot sk\u00f3r 20 - M\u00ednimal\u00edskir barefoot barnask\u00f3r - F\u00ednt","og_description":"This kids' shoe from KOEL is made of bio Napa leather, and lined with merino wool for warmth.","og_url":"https:\/\/www.fint.is\/is\/product\/bart\/","og_site_name":"F\u00ednt","article_publisher":"https:\/\/www.facebook.com\/100090983666893\/","article_modified_time":"2026-02-26T17:02:37+00:00","og_image":[{"width":1350,"height":1080,"url":"https:\/\/www.fint.is\/wp-content\/uploads\/06W003.112-350.jpg","type":"image\/jpeg"}],"schema":{"@context":"https:\/\/schema.org","@graph":[{"@type":"WebPage","@id":"https:\/\/www.fint.is\/product\/bart\/","url":"https:\/\/www.fint.is\/product\/bart\/","name":"Koel Bart - barefoot sk\u00f3r 20 - M\u00ednimal\u00edskir barefoot barnask\u00f3r - F\u00ednt","isPartOf":{"@id":"https:\/\/www.fint.is\/is\/#website"},"primaryImageOfPage":{"@id":"https:\/\/www.fint.is\/product\/bart\/#primaryimage"},"image":{"@id":"https:\/\/www.fint.is\/product\/bart\/#primaryimage"},"thumbnailUrl":"https:\/\/www.fint.is\/wp-content\/uploads\/06W003.112-350.jpg","datePublished":"2023-09-29T11:09:17+00:00","dateModified":"2026-02-26T17:02:37+00:00","description":"This kids' shoe from KOEL is made of bio Napa leather, and lined with merino wool for warmth.","breadcrumb":{"@id":"https:\/\/www.fint.is\/product\/bart\/#breadcrumb"},"inLanguage":"is","potentialAction":[{"@type":"ReadAction","target":["https:\/\/www.fint.is\/product\/bart\/"]}]},{"@type":"ImageObject","inLanguage":"is","@id":"https:\/\/www.fint.is\/product\/bart\/#primaryimage","url":"https:\/\/www.fint.is\/wp-content\/uploads\/06W003.112-350.jpg","contentUrl":"https:\/\/www.fint.is\/wp-content\/uploads\/06W003.112-350.jpg","width":1350,"height":1080},{"@type":"BreadcrumbList","@id":"https:\/\/www.fint.is\/product\/bart\/#breadcrumb","itemListElement":[{"@type":"ListItem","position":1,"name":"Home","item":"https:\/\/www.fint.is\/"},{"@type":"ListItem","position":2,"name":"Shop","item":"https:\/\/www.fint.is\/is\/shop\/"},{"@type":"ListItem","position":3,"name":"Last items sale","item":"https:\/\/www.fint.is\/product-category\/last_items\/"},{"@type":"ListItem","position":4,"name":"Koel Bart &#8211; barefoot sk\u00f3r 20"}]},{"@type":"WebSite","@id":"https:\/\/www.fint.is\/is\/#website","url":"https:\/\/www.fint.is\/is\/","name":"F\u00ednt","description":"Barefoot sk\u00f3r, t\u00e1sokkar, og bur\u00f0arpokar","publisher":{"@id":"https:\/\/www.fint.is\/is\/#organization"},"alternateName":"f\u00ednt.is","potentialAction":[{"@type":"SearchAction","target":{"@type":"EntryPoint","urlTemplate":"https:\/\/www.fint.is\/is\/?s={search_term_string}"},"query-input":{"@type":"PropertyValueSpecification","valueRequired":true,"valueName":"search_term_string"}}],"inLanguage":"is"},{"@type":"Organization","@id":"https:\/\/www.fint.is\/is\/#organization","name":"F\u00ednt","alternateName":"Fint","url":"https:\/\/www.fint.is\/is\/","logo":{"@type":"ImageObject","inLanguage":"is","@id":"https:\/\/www.fint.is\/is\/#\/schema\/logo\/image\/","url":"https:\/\/www.fint.is\/wp-content\/uploads\/logo-colour-small-2.png","contentUrl":"https:\/\/www.fint.is\/wp-content\/uploads\/logo-colour-small-2.png","width":930,"height":711,"caption":"F\u00ednt"},"image":{"@id":"https:\/\/www.fint.is\/is\/#\/schema\/logo\/image\/"},"sameAs":["https:\/\/www.facebook.com\/100090983666893\/","https:\/\/www.instagram.com\/fint.verslun\/"]}]}},"_links":{"self":[{"href":"https:\/\/www.fint.is\/is\/wp-json\/wp\/v2\/product\/1094","targetHints":{"allow":["GET"]}}],"collection":[{"href":"https:\/\/www.fint.is\/is\/wp-json\/wp\/v2\/product"}],"about":[{"href":"https:\/\/www.fint.is\/is\/wp-json\/wp\/v2\/types\/product"}],"replies":[{"embeddable":true,"href":"https:\/\/www.fint.is\/is\/wp-json\/wp\/v2\/comments?post=1094"}],"wp:featuredmedia":[{"embeddable":true,"href":"https:\/\/www.fint.is\/is\/wp-json\/wp\/v2\/media\/1103"}],"wp:attachment":[{"href":"https:\/\/www.fint.is\/is\/wp-json\/wp\/v2\/media?parent=1094"}],"wp:term":[{"taxonomy":"product_brand","embeddable":true,"href":"https:\/\/www.fint.is\/is\/wp-json\/wp\/v2\/product_brand?post=1094"},{"taxonomy":"product_cat","embeddable":true,"href":"https:\/\/www.fint.is\/is\/wp-json\/wp\/v2\/product_cat?post=1094"},{"taxonomy":"product_tag","embeddable":true,"href":"https:\/\/www.fint.is\/is\/wp-json\/wp\/v2\/product_tag?post=1094"}],"curies":[{"name":"wp","href":"https:\/\/api.w.org\/{rel}","templated":true}]}}