{"id":82,"date":"2023-03-30T10:37:01","date_gmt":"2023-03-30T10:37:01","guid":{"rendered":"http:\/\/4979a7.jenny.shared.1984.is\/?page_id=82"},"modified":"2024-01-11T22:34:16","modified_gmt":"2024-01-11T22:34:16","slug":"shipping_returns","status":"publish","type":"page","link":"https:\/\/www.fint.is\/is\/shipping_returns\/","title":{"rendered":"Afgrei\u00f0sla pantana og v\u00f6ruskil"},"content":{"rendered":"<h2 class=\"wp-block-heading\">Afgrei\u00f0sla pantana<\/h2>\n\n\n\n<p>A\u00f0 jafna\u00f0i sendum vi\u00f0 pantanir innan 1-2 virkra daga fr\u00e1 \u00fev\u00ed a\u00f0 grei\u00f0sla hefur borist. Vi\u00f0 sendum pantanir me\u00f0 Dropp, og \u00fe\u00fa getur vali\u00f0 um f\u00e1 heimsent \u00e1 Su\u00f0vesturhorninu e\u00f0a s\u00e6kja \u00e1 einn af 70 <a href=\"https:\/\/dropp.is\/kort\">afhendingarst\u00f6\u00f0um Dropp<\/a> um allt land.<\/p>\n\n\n\n<p>Pantanir m\u00e1 einnig s\u00e6kja beint til okkar. F\u00ednt er ekki me\u00f0 verslunarh\u00fasn\u00e6\u00f0i, en \u00fea\u00f0 er h\u00e6gt a\u00f0 panta t\u00edma til \u00feess a\u00f0 s\u00e6kja v\u00f6rur \u00e1 Ur\u00f0arst\u00edg 3, 101 Reykjav\u00edk. \u00de\u00fa getur l\u00e1ti\u00f0 okkur vita hva\u00f0a t\u00edmi hentar best \u00ed reitnum <em>athugasemdir <\/em>\u00feegar gengi\u00f0 er fr\u00e1 p\u00f6ntun. Vi\u00f0 munum svo hafa samband til \u00feess a\u00f0 sta\u00f0festa t\u00edma.<\/p>\n\n\n\n<p>Vinsamlegast athugi\u00f0 a\u00f0 p\u00f6ntun er eing\u00f6ngu loki\u00f0 \u00feegar grei\u00f0sla fyrir hana hefur borist. \u00deegar gengi\u00f0 er fr\u00e1 p\u00f6ntun er h\u00e6gt a\u00f0 velja a\u00f0 grei\u00f0a me\u00f0 grei\u00f0slukorti e\u00f0a me\u00f0 millif\u00e6rslu. Ef \u00fe\u00fa velur a\u00f0 grei\u00f0a me\u00f0 millif\u00e6rslu munum vi\u00f0 geyma v\u00f6rurnar sem \u00fe\u00fa hefur vali\u00f0 \u00ed allt a\u00f0 48 t\u00edma til \u00feess a\u00f0 gefa \u00fe\u00e9r t\u00e6kif\u00e6ri til \u00feess a\u00f0 lj\u00faka vi\u00f0 p\u00f6ntunina.<\/p>\n\n\n\n<h2 class=\"wp-block-heading\">V\u00f6ruskil<\/h2>\n\n\n\n<p>V\u00f6rum m\u00e1 skila innan 14 daga fr\u00e1 p\u00f6ntun og f\u00e1 fulla endurgrei\u00f0slu. Ef 14 dagar hafa li\u00f0i\u00f0 s\u00ed\u00f0an loki\u00f0 var vi\u00f0 p\u00f6ntun og h\u00fan greidd getum vi\u00f0 ekki bo\u00f0i\u00f0 upp \u00e1 fulla endurgrei\u00f0slu e\u00f0a v\u00f6ruskipti. V\u00f6rum ver\u00f0ur a\u00f0 skila \u00f3notu\u00f0um og \u00ed sama \u00e1sigkomulagi og \u00fe\u00e6r voru afhentar. \u00de\u00e1 ver\u00f0a v\u00f6rur sem skila\u00f0 er a\u00f0 vera \u00ed upprunalegum pakkningum og \u00feeim \u00fearf a\u00f0 fylgja kvittun e\u00f0a \u00f6nnur sta\u00f0festing v\u00f6rukaupa.<\/p>\n\n\n\n<p>\u00dea\u00f0 er einfalt a\u00f0 skila me\u00f0 Dropp. Skilav\u00f6rur m\u00e1 fara me\u00f0 \u00e1 n\u00e6sta afhendingarsta\u00f0 Dropp. Vinsamlegast noti\u00f0 eftirfarandi tengil til \u00feess a\u00f0 hefja skilaferli\u00f0: <a href=\"https:\/\/www.dropp.is\/voruskil\">https:\/\/www.dropp.is\/voruskil<\/a> <\/p>\n\n\n\n<p>\u00dea\u00f0 m\u00e1 l\u00edka hafa samband vi\u00f0 okkur til \u00feess a\u00f0 skila v\u00f6rum \u00ed eigin pers\u00f3nu. F\u00ednt er ekki me\u00f0 verslunarh\u00fasn\u00e6\u00f0i, en \u00fea\u00f0 er h\u00e6gt a\u00f0 panta t\u00edma til \u00feess a\u00f0 skila v\u00f6rum a\u00f0 Ur\u00f0arst\u00edg 3, 101 Reykjav\u00edk, me\u00f0 \u00fev\u00ed a\u00f0 senda t\u00f6lvup\u00f3st \u00e1 <a href=\"mailto:fint@fint.is\">fint@fint.is<\/a> e\u00f0a me\u00f0 \u00fev\u00ed a\u00f0 <a href=\"https:\/\/www.fint.is\/is\/contact\/\">nota vefform<\/a>.<\/p>\n\n\n\n<p>Athugi\u00f0 a\u00f0 ekki er h\u00e6gt a\u00f0 skila gjafakortum.<\/p>\n\n\n\n<p>Vinsamlegast sendi\u00f0 v\u00f6ru sem \u00fei\u00f0 hafi\u00f0 keypt af F\u00ednt ekki aftur beint til framlei\u00f0anda.<\/p>\n\n\n\n<h3 class=\"wp-block-heading has-header-titles-color has-text-color\">Endurgrei\u00f0slur<\/h3>\n\n\n\n<p>\u00deegar vi\u00f0 h\u00f6fum m\u00f3tteki\u00f0 og yfirfari\u00f0 skilav\u00f6ru sendum vi\u00f0 \u00fe\u00e9r t\u00f6lvup\u00f3st til sta\u00f0festingar og til \u00feess a\u00f0 l\u00e1ta \u00feig vita hvort endurgrei\u00f0sla s\u00e9 sam\u00feykkt. S\u00e9 endurgrei\u00f0sla sam\u00feykkt mun andvir\u00f0i \u00feeirra vara sem skila\u00f0 er vera bakf\u00e6rt \u00e1 \u00feann bankareikning e\u00f0a \u00fea\u00f0 kort sem nota\u00f0 var vi\u00f0 grei\u00f0slu.<\/p>\n\n\n\n<p>Vi\u00f0 getum ekki endurgreitt v\u00f6rur vi\u00f0 eftirfarandi a\u00f0st\u00e6\u00f0ur:<\/p>\n\n\n\n<div class=\"wp-block-group is-layout-constrained wp-container-core-group-is-layout-fc54cf0f wp-block-group-is-layout-constrained\">\n<ul style=\"margin-right:0;margin-left:0;padding-right:0;padding-left:0\" class=\"has-small-font-size wp-block-list\">\n<li>Vi\u00f0 getum ekki endurgreitt v\u00f6rur sem voru keyptar \u00e1 \u00fats\u00f6lu<\/li>\n\n\n\n<li>Vi\u00f0 getum ekki endurgreitt v\u00f6rur sem ekki eru \u00ed upprunalegu \u00e1sigkomulagi, hafa or\u00f0i\u00f0 fyrir ska\u00f0a e\u00f0a vantar \u00edhluti, a\u00f0 \u00fev\u00ed gefnu a\u00f0 F\u00ednt hafi ekki veri\u00f0 valdur a\u00f0 ska\u00f0anum<\/li>\n\n\n\n<li>Vi\u00f0 getum ekki endurgreitt v\u00f6rur sem skila\u00f0 er meira en 14 d\u00f6gum eftir kaup<\/li>\n<\/ul>\n<\/div>\n\n\n\n<p>Ef \u00fe\u00fa ert a\u00f0 b\u00ed\u00f0a eftir endurgrei\u00f0slu sem ekki enn hefur borist m\u00e6lum vi\u00f0 me\u00f0 \u00fev\u00ed a\u00f0 athuga fyrst bankareikninginn \u00feinn. Hafi endurgrei\u00f0sla ekki borist \u00feanga\u00f0 er best a\u00f0 hafa samband vi\u00f0 kortafyrirt\u00e6ki\u00f0 \u00feitt, og \u00fev\u00ed n\u00e6st bankann \u00feinn. Tafir geta \u00e1tt s\u00e9r sta\u00f0 vi\u00f0 framkv\u00e6md endurgrei\u00f0slu. Ef \u00fe\u00fa hefur gert allt framangreint en b\u00ed\u00f0ur enn eftir endurgrei\u00f0slu getur \u00fe\u00fa haft samband vi\u00f0 okkur me\u00f0 \u00fev\u00ed a\u00f0 senda t\u00f6lvup\u00f3st til <a href=\"mailto:fint@fint.is\">fint@fint.is<\/a> e\u00f0a me\u00f0 \u00fev\u00ed a\u00f0 <a href=\"https:\/\/www.fint.is\/is\/contact\/\">nota vefform<\/a>.<\/p>\n\n\n\n<h3 class=\"wp-block-heading has-header-titles-color has-text-color\">Skipti<\/h3>\n\n\n\n<p>Keyptir\u00f0u vitlausa st\u00e6r\u00f0? L\u00edkar \u00fe\u00e9r ekki vi\u00f0 litinn? Vi\u00f0 viljum endilega hj\u00e1lpa \u00fe\u00e9r a\u00f0 finna eitthva\u00f0 sem hentar betur. Einfaldasta lei\u00f0in til \u00feess a\u00f0 gera \u00fea\u00f0 er a\u00f0 skila v\u00f6runni sem um r\u00e6\u00f0ir l\u00edkt og l\u00fdst er a\u00f0 ofan. Varan ver\u00f0ur \u00fe\u00e1 endurgreitt, og \u00fe\u00fa getur panta\u00f0 \u00fea\u00f0 sem \u00feig vantar.<\/p>\n\n\n\n<p>Ef \u00feig vantar a\u00f0sto\u00f0 vi\u00f0 v\u00f6ruskipti getur \u00fe\u00fa haft samband me\u00f0 \u00fev\u00ed a\u00f0 senda okkur t\u00f6lvup\u00f3st \u00e1 <a href=\"mailto:fint@fint.is\">fint@fint.is<\/a> e\u00f0a me\u00f0 \u00fev\u00ed a\u00f0 <a href=\"https:\/\/www.fint.is\/is\/contact\/\">nota vefform<\/a>.<\/p>","protected":false},"excerpt":{"rendered":"<p>Shipping In general, we will ship your order within 1-2 working days of an order being completed. Our delivery partner Dropp can deliver straight to your door, or you can choose to pick up your order at one of over 70 Dropp pick up points all across Iceland. Alternatively, you can pick your order up [&hellip;]<\/p>\n","protected":false},"author":1,"featured_media":0,"parent":0,"menu_order":0,"comment_status":"closed","ping_status":"closed","template":"","meta":{"footnotes":""},"class_list":["post-82","page","type-page","status-publish","hentry"],"featured_image_src":null,"yoast_head":"<!-- This site is optimized with the Yoast SEO plugin v27.5 - https:\/\/yoast.com\/product\/yoast-seo-wordpress\/ -->\n<title>Shipping and returns - F\u00ednt<\/title>\n<meta name=\"robots\" content=\"index, follow, max-snippet:-1, max-image-preview:large, max-video-preview:-1\" \/>\n<link rel=\"canonical\" href=\"https:\/\/www.fint.is\/is\/shipping_returns\/\" \/>\n<meta property=\"og:locale\" content=\"is_IS\" \/>\n<meta property=\"og:type\" content=\"article\" \/>\n<meta property=\"og:title\" content=\"Shipping and returns - F\u00ednt\" \/>\n<meta property=\"og:description\" content=\"Shipping In general, we will ship your order within 1-2 working days of an order being completed. Our delivery partner Dropp can deliver straight to your door, or you can choose to pick up your order at one of over 70 Dropp pick up points all across Iceland. Alternatively, you can pick your order up [&hellip;]\" \/>\n<meta property=\"og:url\" content=\"https:\/\/www.fint.is\/is\/shipping_returns\/\" \/>\n<meta property=\"og:site_name\" content=\"F\u00ednt\" \/>\n<meta property=\"article:publisher\" content=\"https:\/\/www.facebook.com\/100090983666893\/\" \/>\n<meta property=\"article:modified_time\" content=\"2024-01-11T22:34:16+00:00\" \/>\n<script type=\"application\/ld+json\" class=\"yoast-schema-graph\">{\"@context\":\"https:\\\/\\\/schema.org\",\"@graph\":[{\"@type\":\"WebPage\",\"@id\":\"https:\\\/\\\/www.fint.is\\\/is\\\/shipping_returns\\\/\",\"url\":\"https:\\\/\\\/www.fint.is\\\/is\\\/shipping_returns\\\/\",\"name\":\"Shipping and returns - F\u00ednt\",\"isPartOf\":{\"@id\":\"https:\\\/\\\/www.fint.is\\\/is\\\/#website\"},\"datePublished\":\"2023-03-30T10:37:01+00:00\",\"dateModified\":\"2024-01-11T22:34:16+00:00\",\"breadcrumb\":{\"@id\":\"https:\\\/\\\/www.fint.is\\\/is\\\/shipping_returns\\\/#breadcrumb\"},\"inLanguage\":\"is\",\"potentialAction\":[{\"@type\":\"ReadAction\",\"target\":[\"https:\\\/\\\/www.fint.is\\\/is\\\/shipping_returns\\\/\"]}]},{\"@type\":\"BreadcrumbList\",\"@id\":\"https:\\\/\\\/www.fint.is\\\/is\\\/shipping_returns\\\/#breadcrumb\",\"itemListElement\":[{\"@type\":\"ListItem\",\"position\":1,\"name\":\"Home\",\"item\":\"https:\\\/\\\/www.fint.is\\\/\"},{\"@type\":\"ListItem\",\"position\":2,\"name\":\"Shipping and returns\"}]},{\"@type\":\"WebSite\",\"@id\":\"https:\\\/\\\/www.fint.is\\\/is\\\/#website\",\"url\":\"https:\\\/\\\/www.fint.is\\\/is\\\/\",\"name\":\"F\u00ednt\",\"description\":\"Barefoot sk\u00f3r, t\u00e1susokkar, og bur\u00f0arpokar\",\"publisher\":{\"@id\":\"https:\\\/\\\/www.fint.is\\\/is\\\/#organization\"},\"alternateName\":\"f\u00ednt.is\",\"potentialAction\":[{\"@type\":\"SearchAction\",\"target\":{\"@type\":\"EntryPoint\",\"urlTemplate\":\"https:\\\/\\\/www.fint.is\\\/is\\\/?s={search_term_string}\"},\"query-input\":{\"@type\":\"PropertyValueSpecification\",\"valueRequired\":true,\"valueName\":\"search_term_string\"}}],\"inLanguage\":\"is\"},{\"@type\":\"Organization\",\"@id\":\"https:\\\/\\\/www.fint.is\\\/is\\\/#organization\",\"name\":\"F\u00ednt\",\"alternateName\":\"Fint\",\"url\":\"https:\\\/\\\/www.fint.is\\\/is\\\/\",\"logo\":{\"@type\":\"ImageObject\",\"inLanguage\":\"is\",\"@id\":\"https:\\\/\\\/www.fint.is\\\/is\\\/#\\\/schema\\\/logo\\\/image\\\/\",\"url\":\"https:\\\/\\\/www.fint.is\\\/wp-content\\\/uploads\\\/logo-colour-small-2.png\",\"contentUrl\":\"https:\\\/\\\/www.fint.is\\\/wp-content\\\/uploads\\\/logo-colour-small-2.png\",\"width\":930,\"height\":711,\"caption\":\"F\u00ednt\"},\"image\":{\"@id\":\"https:\\\/\\\/www.fint.is\\\/is\\\/#\\\/schema\\\/logo\\\/image\\\/\"},\"sameAs\":[\"https:\\\/\\\/www.facebook.com\\\/100090983666893\\\/\",\"https:\\\/\\\/www.instagram.com\\\/fint.verslun\\\/\"]}]}<\/script>\n<!-- \/ Yoast SEO plugin. -->","yoast_head_json":{"title":"Shipping and returns - F\u00ednt","robots":{"index":"index","follow":"follow","max-snippet":"max-snippet:-1","max-image-preview":"max-image-preview:large","max-video-preview":"max-video-preview:-1"},"canonical":"https:\/\/www.fint.is\/is\/shipping_returns\/","og_locale":"is_IS","og_type":"article","og_title":"Shipping and returns - F\u00ednt","og_description":"Shipping In general, we will ship your order within 1-2 working days of an order being completed. Our delivery partner Dropp can deliver straight to your door, or you can choose to pick up your order at one of over 70 Dropp pick up points all across Iceland. Alternatively, you can pick your order up [&hellip;]","og_url":"https:\/\/www.fint.is\/is\/shipping_returns\/","og_site_name":"F\u00ednt","article_publisher":"https:\/\/www.facebook.com\/100090983666893\/","article_modified_time":"2024-01-11T22:34:16+00:00","schema":{"@context":"https:\/\/schema.org","@graph":[{"@type":"WebPage","@id":"https:\/\/www.fint.is\/is\/shipping_returns\/","url":"https:\/\/www.fint.is\/is\/shipping_returns\/","name":"Shipping and returns - F\u00ednt","isPartOf":{"@id":"https:\/\/www.fint.is\/is\/#website"},"datePublished":"2023-03-30T10:37:01+00:00","dateModified":"2024-01-11T22:34:16+00:00","breadcrumb":{"@id":"https:\/\/www.fint.is\/is\/shipping_returns\/#breadcrumb"},"inLanguage":"is","potentialAction":[{"@type":"ReadAction","target":["https:\/\/www.fint.is\/is\/shipping_returns\/"]}]},{"@type":"BreadcrumbList","@id":"https:\/\/www.fint.is\/is\/shipping_returns\/#breadcrumb","itemListElement":[{"@type":"ListItem","position":1,"name":"Home","item":"https:\/\/www.fint.is\/"},{"@type":"ListItem","position":2,"name":"Shipping and returns"}]},{"@type":"WebSite","@id":"https:\/\/www.fint.is\/is\/#website","url":"https:\/\/www.fint.is\/is\/","name":"F\u00ednt","description":"Barefoot sk\u00f3r, t\u00e1sokkar, og bur\u00f0arpokar","publisher":{"@id":"https:\/\/www.fint.is\/is\/#organization"},"alternateName":"f\u00ednt.is","potentialAction":[{"@type":"SearchAction","target":{"@type":"EntryPoint","urlTemplate":"https:\/\/www.fint.is\/is\/?s={search_term_string}"},"query-input":{"@type":"PropertyValueSpecification","valueRequired":true,"valueName":"search_term_string"}}],"inLanguage":"is"},{"@type":"Organization","@id":"https:\/\/www.fint.is\/is\/#organization","name":"F\u00ednt","alternateName":"Fint","url":"https:\/\/www.fint.is\/is\/","logo":{"@type":"ImageObject","inLanguage":"is","@id":"https:\/\/www.fint.is\/is\/#\/schema\/logo\/image\/","url":"https:\/\/www.fint.is\/wp-content\/uploads\/logo-colour-small-2.png","contentUrl":"https:\/\/www.fint.is\/wp-content\/uploads\/logo-colour-small-2.png","width":930,"height":711,"caption":"F\u00ednt"},"image":{"@id":"https:\/\/www.fint.is\/is\/#\/schema\/logo\/image\/"},"sameAs":["https:\/\/www.facebook.com\/100090983666893\/","https:\/\/www.instagram.com\/fint.verslun\/"]}]}},"_links":{"self":[{"href":"https:\/\/www.fint.is\/is\/wp-json\/wp\/v2\/pages\/82","targetHints":{"allow":["GET"]}}],"collection":[{"href":"https:\/\/www.fint.is\/is\/wp-json\/wp\/v2\/pages"}],"about":[{"href":"https:\/\/www.fint.is\/is\/wp-json\/wp\/v2\/types\/page"}],"author":[{"embeddable":true,"href":"https:\/\/www.fint.is\/is\/wp-json\/wp\/v2\/users\/1"}],"replies":[{"embeddable":true,"href":"https:\/\/www.fint.is\/is\/wp-json\/wp\/v2\/comments?post=82"}],"version-history":[{"count":23,"href":"https:\/\/www.fint.is\/is\/wp-json\/wp\/v2\/pages\/82\/revisions"}],"predecessor-version":[{"id":1703,"href":"https:\/\/www.fint.is\/is\/wp-json\/wp\/v2\/pages\/82\/revisions\/1703"}],"wp:attachment":[{"href":"https:\/\/www.fint.is\/is\/wp-json\/wp\/v2\/media?parent=82"}],"curies":[{"name":"wp","href":"https:\/\/api.w.org\/{rel}","templated":true}]}}