{"id":3136,"date":"2025-08-18T11:03:58","date_gmt":"2025-08-18T11:03:58","guid":{"rendered":"https:\/\/www.fint.is\/?page_id=3136"},"modified":"2025-08-18T11:04:13","modified_gmt":"2025-08-18T11:04:13","slug":"book","status":"publish","type":"page","link":"https:\/\/www.fint.is\/is\/book\/","title":{"rendered":"B\u00f3ka\u00f0u t\u00edma \u00ed r\u00e1\u00f0gj\u00f6f og\/e\u00f0a m\u00e1tun"},"content":{"rendered":"\n<div style=\"height:50px\" aria-hidden=\"true\" class=\"wp-block-spacer\"><\/div>\n\n\n\n<div class=\"wp-block-columns are-vertically-aligned-center is-layout-flex wp-container-core-columns-is-layout-28f84493 wp-block-columns-is-layout-flex\">\n<div class=\"wp-block-column is-vertically-aligned-center negative-right-margin is-layout-flow wp-block-column-is-layout-flow\" style=\"flex-basis:33%\"><\/div>\n\n\n\n<div class=\"wp-block-column is-vertically-aligned-center has-secondary-foreground-color has-secondary-background-background-color has-text-color has-background is-layout-flow wp-block-column-is-layout-flow\" style=\"padding-top:var(--wp--preset--spacing--80);padding-right:15%;padding-bottom:var(--wp--preset--spacing--80);padding-left:15%\">\n<p class=\"has-medium-font-size\" style=\"font-style:normal;font-weight:600\">Make your booking<\/p>\n\n\n\n<div style=\"height:30px\" aria-hidden=\"true\" class=\"wp-block-spacer\"><\/div>\n\n\n<style id=\"wpforms-css-vars-3129-block-3fa5d2be-50ed-49ba-9d77-740c62eaad9b\">\n\t\t\t\t#wpforms-3129.wpforms-block-3fa5d2be-50ed-49ba-9d77-740c62eaad9b {\n\t\t\t\t--wpforms-field-size-input-height: 43px;\n--wpforms-field-size-input-spacing: 15px;\n--wpforms-field-size-font-size: 16px;\n--wpforms-field-size-line-height: 19px;\n--wpforms-field-size-padding-h: 14px;\n--wpforms-field-size-checkbox-size: 16px;\n--wpforms-field-size-sublabel-spacing: 5px;\n--wpforms-field-size-icon-size: 1;\n--wpforms-label-size-font-size: 16px;\n--wpforms-label-size-line-height: 19px;\n--wpforms-label-size-sublabel-font-size: 14px;\n--wpforms-label-size-sublabel-line-height: 17px;\n--wpforms-button-size-font-size: 17px;\n--wpforms-button-size-height: 41px;\n--wpforms-button-size-padding-h: 15px;\n--wpforms-button-size-margin-top: 10px;\n\t\t\t}\n\t\t\t<\/style><div class=\"wpforms-container wpforms-container-full wpforms-block wpforms-block-3fa5d2be-50ed-49ba-9d77-740c62eaad9b wpforms-render-modern\" id=\"wpforms-3129\"><form id=\"wpforms-form-3129\" class=\"wpforms-validate wpforms-form wpforms-ajax-form\" data-formid=\"3129\" method=\"post\" enctype=\"multipart\/form-data\" action=\"\/is\/wp-json\/wp\/v2\/pages\/3136\" data-token=\"b580dc25ed40bb6ff09622829077ce0c\" data-token-time=\"1778325665\"><noscript class=\"wpforms-error-noscript\">Please enable JavaScript in your browser to complete this form.<\/noscript><div id=\"wpforms-error-noscript\" style=\"display: none;\">Please enable JavaScript in your browser to complete this form.<\/div><div class=\"wpforms-field-container\"><div id=\"wpforms-3129-field_2-container\" class=\"wpforms-field wpforms-field-name\" data-field-id=\"2\"><fieldset><legend class=\"wpforms-field-label\">Name <span class=\"wpforms-required-label\" aria-hidden=\"true\">*<\/span><\/legend><div class=\"wpforms-field-row wpforms-field-medium\"><div class=\"wpforms-field-row-block wpforms-first wpforms-one-half\"><input type=\"text\" id=\"wpforms-3129-field_2\" class=\"wpforms-field-name-first wpforms-field-required\" name=\"wpforms[fields][2][first]\" aria-errormessage=\"wpforms-3129-field_2-error\" required><label for=\"wpforms-3129-field_2\" class=\"wpforms-field-sublabel after\">First<\/label><\/div><div class=\"wpforms-field-row-block wpforms-one-half\"><input type=\"text\" id=\"wpforms-3129-field_2-last\" class=\"wpforms-field-name-last wpforms-field-required\" name=\"wpforms[fields][2][last]\" aria-errormessage=\"wpforms-3129-field_2-last-error\" required><label for=\"wpforms-3129-field_2-last\" class=\"wpforms-field-sublabel after\">Last<\/label><\/div><\/div><\/fieldset><\/div><div id=\"wpforms-3129-field_3-container\" class=\"wpforms-field wpforms-field-email\" data-field-id=\"3\"><label class=\"wpforms-field-label\" for=\"wpforms-3129-field_3\">Email <span class=\"wpforms-required-label\" aria-hidden=\"true\">*<\/span><\/label><input type=\"email\" id=\"wpforms-3129-field_3\" class=\"wpforms-field-medium wpforms-field-required\" name=\"wpforms[fields][3]\" spellcheck=\"false\" aria-errormessage=\"wpforms-3129-field_3-error\" required><\/div>\t\t<div id=\"wpforms-3129-field_1-container\"\n\t\t\tclass=\"wpforms-field wpforms-field-text\"\n\t\t\tdata-field-type=\"text\"\n\t\t\tdata-field-id=\"1\"\n\t\t\t>\n\t\t\t<label class=\"wpforms-field-label\" for=\"wpforms-3129-field_1\" >of day describe<\/label>\n\t\t\t<input type=\"text\" id=\"wpforms-3129-field_1\" class=\"wpforms-field-medium\" name=\"wpforms[fields][1]\" >\n\t\t<\/div>\n\t\t<div id=\"wpforms-3129-field_12-container\" class=\"wpforms-field wpforms-field-text\" data-field-id=\"12\"><label class=\"wpforms-field-label\" for=\"wpforms-3129-field_12\">Phone number<\/label><input type=\"text\" id=\"wpforms-3129-field_12\" class=\"wpforms-field-medium\" name=\"wpforms[fields][12]\" aria-errormessage=\"wpforms-3129-field_12-error\" ><\/div><div id=\"wpforms-3129-field_10-container\" class=\"wpforms-field wpforms-field-textarea\" data-field-id=\"10\"><label class=\"wpforms-field-label\" for=\"wpforms-3129-field_10\">Please describe what you would like to try (shoe type, size, carrier) <span class=\"wpforms-required-label\" aria-hidden=\"true\">*<\/span><\/label><textarea id=\"wpforms-3129-field_10\" class=\"wpforms-field-medium wpforms-field-required\" name=\"wpforms[fields][10]\" aria-errormessage=\"wpforms-3129-field_10-error\" required><\/textarea><\/div><div id=\"wpforms-3129-field_7-container\" class=\"wpforms-field wpforms-field-radio\" data-field-id=\"7\"><fieldset><legend class=\"wpforms-field-label\">Day of the week <span class=\"wpforms-required-label\" aria-hidden=\"true\">*<\/span><\/legend><ul id=\"wpforms-3129-field_7\" class=\"wpforms-field-required\"><li class=\"choice-4 depth-1\"><input type=\"radio\" id=\"wpforms-3129-field_7_4\" name=\"wpforms[fields][7]\" value=\"Thursday\" aria-errormessage=\"wpforms-3129-field_7_4-error\" required ><label class=\"wpforms-field-label-inline\" for=\"wpforms-3129-field_7_4\">Thursday<\/label><\/li><li class=\"choice-7 depth-1\"><input type=\"radio\" id=\"wpforms-3129-field_7_7\" name=\"wpforms[fields][7]\" value=\"Friday\" aria-errormessage=\"wpforms-3129-field_7_7-error\" required ><label class=\"wpforms-field-label-inline\" for=\"wpforms-3129-field_7_7\">Friday<\/label><\/li><li class=\"choice-6 depth-1\"><input type=\"radio\" id=\"wpforms-3129-field_7_6\" name=\"wpforms[fields][7]\" value=\"Saturday\" aria-errormessage=\"wpforms-3129-field_7_6-error\" required ><label class=\"wpforms-field-label-inline\" for=\"wpforms-3129-field_7_6\">Saturday<\/label><\/li><li class=\"choice-8 depth-1\"><input type=\"radio\" id=\"wpforms-3129-field_7_8\" name=\"wpforms[fields][7]\" value=\"Sunday\" aria-errormessage=\"wpforms-3129-field_7_8-error\" required ><label class=\"wpforms-field-label-inline\" for=\"wpforms-3129-field_7_8\">Sunday<\/label><\/li><li class=\"choice-9 depth-1\"><input type=\"radio\" id=\"wpforms-3129-field_7_9\" name=\"wpforms[fields][7]\" value=\"Other (Please specify)\" aria-errormessage=\"wpforms-3129-field_7_9-error\" required ><label class=\"wpforms-field-label-inline\" for=\"wpforms-3129-field_7_9\">Other (Please specify)<\/label><\/li><\/ul><\/fieldset><\/div><div id=\"wpforms-3129-field_8-container\" class=\"wpforms-field wpforms-field-radio\" data-field-id=\"8\"><fieldset><legend class=\"wpforms-field-label\">Time of day <span class=\"wpforms-required-label\" aria-hidden=\"true\">*<\/span><\/legend><ul id=\"wpforms-3129-field_8\" class=\"wpforms-field-required\"><li class=\"choice-1 depth-1\"><input type=\"radio\" id=\"wpforms-3129-field_8_1\" name=\"wpforms[fields][8]\" value=\"09.00-10.00\" aria-errormessage=\"wpforms-3129-field_8_1-error\" required ><label class=\"wpforms-field-label-inline\" for=\"wpforms-3129-field_8_1\">09.00-10.00<\/label><\/li><li class=\"choice-2 depth-1\"><input type=\"radio\" id=\"wpforms-3129-field_8_2\" name=\"wpforms[fields][8]\" value=\"10.00-11.00\" aria-errormessage=\"wpforms-3129-field_8_2-error\" required ><label class=\"wpforms-field-label-inline\" for=\"wpforms-3129-field_8_2\">10.00-11.00<\/label><\/li><li class=\"choice-3 depth-1\"><input type=\"radio\" id=\"wpforms-3129-field_8_3\" name=\"wpforms[fields][8]\" value=\"11.00-12.00\" aria-errormessage=\"wpforms-3129-field_8_3-error\" required ><label class=\"wpforms-field-label-inline\" for=\"wpforms-3129-field_8_3\">11.00-12.00<\/label><\/li><li class=\"choice-4 depth-1\"><input type=\"radio\" id=\"wpforms-3129-field_8_4\" name=\"wpforms[fields][8]\" value=\"12.00-13.00\" aria-errormessage=\"wpforms-3129-field_8_4-error\" required ><label class=\"wpforms-field-label-inline\" for=\"wpforms-3129-field_8_4\">12.00-13.00<\/label><\/li><li class=\"choice-5 depth-1\"><input type=\"radio\" id=\"wpforms-3129-field_8_5\" name=\"wpforms[fields][8]\" value=\"13.00-14.00\" aria-errormessage=\"wpforms-3129-field_8_5-error\" required ><label class=\"wpforms-field-label-inline\" for=\"wpforms-3129-field_8_5\">13.00-14.00<\/label><\/li><li class=\"choice-6 depth-1\"><input type=\"radio\" id=\"wpforms-3129-field_8_6\" name=\"wpforms[fields][8]\" value=\"14.00-15.00\" aria-errormessage=\"wpforms-3129-field_8_6-error\" required ><label class=\"wpforms-field-label-inline\" for=\"wpforms-3129-field_8_6\">14.00-15.00<\/label><\/li><li class=\"choice-7 depth-1\"><input type=\"radio\" id=\"wpforms-3129-field_8_7\" name=\"wpforms[fields][8]\" value=\"Other (please specify)\" aria-errormessage=\"wpforms-3129-field_8_7-error\" required ><label class=\"wpforms-field-label-inline\" for=\"wpforms-3129-field_8_7\">Other (please specify)<\/label><\/li><\/ul><\/fieldset><\/div><div id=\"wpforms-3129-field_11-container\" class=\"wpforms-field wpforms-field-textarea\" data-field-id=\"11\"><label class=\"wpforms-field-label\" for=\"wpforms-3129-field_11\">Specify here if you clicked &#039;other&#039;<\/label><textarea id=\"wpforms-3129-field_11\" class=\"wpforms-field-medium\" name=\"wpforms[fields][11]\" aria-errormessage=\"wpforms-3129-field_11-error\" aria-describedby=\"wpforms-3129-field_11-description\" ><\/textarea><div id=\"wpforms-3129-field_11-description\" class=\"wpforms-field-description\">If you prefer to come at another moment than the options mentioned above, please state your preference here and we will see what we can arrange.<\/div><\/div><div id=\"wpforms-3129-field_9-container\" class=\"wpforms-field wpforms-field-checkbox\" data-field-id=\"9\"><fieldset><legend class=\"wpforms-field-label\">Booking confirmation <span class=\"wpforms-required-label\" aria-hidden=\"true\">*<\/span><\/legend><ul id=\"wpforms-3129-field_9\" class=\"wpforms-field-required\"><li class=\"choice-1 depth-1\"><input type=\"checkbox\" id=\"wpforms-3129-field_9_1\" name=\"wpforms[fields][9][]\" value=\"Yes\" aria-errormessage=\"wpforms-3129-field_9_1-error\" aria-describedby=\"wpforms-3129-field_9-description\" required ><label class=\"wpforms-field-label-inline\" for=\"wpforms-3129-field_9_1\">Yes<\/label><\/li><\/ul><div id=\"wpforms-3129-field_9-description\" class=\"wpforms-field-description\">You will get a confirmation from F\u00ednt for your booking. Please let us know if you are unable to come.<\/div><\/fieldset><\/div><script>\n\t\t\t\t( function() {\n\t\t\t\t\tconst style = document.createElement( 'style' );\n\t\t\t\t\tstyle.appendChild( document.createTextNode( '#wpforms-3129-field_1-container { position: absolute !important; overflow: hidden !important; display: inline !important; height: 1px !important; width: 1px !important; z-index: -1000 !important; padding: 0 !important; } #wpforms-3129-field_1-container input { visibility: hidden; } #wpforms-conversational-form-page #wpforms-3129-field_1-container label { counter-increment: none; }' ) );\n\t\t\t\t\tdocument.head.appendChild( style );\n\t\t\t\t\tdocument.currentScript?.remove();\n\t\t\t\t} )();\n\t\t\t<\/script><\/div><!-- .wpforms-field-container --><div class=\"wpforms-recaptcha-container wpforms-is-recaptcha wpforms-is-recaptcha-type-v2\" ><div class=\"g-recaptcha\" data-sitekey=\"6Ld2-pkpAAAAAP0qtT6XigwyjgIwzgwGuVwGNTE7\"><\/div><input type=\"text\" name=\"g-recaptcha-hidden\" class=\"wpforms-recaptcha-hidden\" style=\"position:absolute!important;clip:rect(0,0,0,0)!important;height:1px!important;width:1px!important;border:0!important;overflow:hidden!important;padding:0!important;margin:0!important;\" data-rule-recaptcha=\"1\"><\/div><div class=\"wpforms-submit-container\" ><input type=\"hidden\" name=\"wpforms[id]\" value=\"3129\"><input type=\"hidden\" name=\"page_title\" value=\"\"><input type=\"hidden\" name=\"page_url\" value=\"https:\/\/www.fint.is\/is\/wp-json\/wp\/v2\/pages\/3136\"><input type=\"hidden\" name=\"url_referer\" value=\"\"><button type=\"submit\" name=\"wpforms[submit]\" id=\"wpforms-submit-3129\" class=\"wpforms-submit\" data-alt-text=\"Sending...\" data-submit-text=\"Submit\" aria-live=\"assertive\" value=\"wpforms-submit\">Submit<\/button><img loading=\"lazy\" decoding=\"async\" src=\"https:\/\/www.fint.is\/wp-content\/plugins\/wpforms-lite\/assets\/images\/submit-spin.svg\" class=\"wpforms-submit-spinner\" style=\"display: none;\" width=\"26\" height=\"26\" alt=\"Loading\"><\/div><\/form><\/div>  <!-- .wpforms-container --><\/div>\n<\/div>\n\n\n\n<div style=\"height:100px\" aria-hidden=\"true\" class=\"wp-block-spacer\"><\/div>\n\n\n\n<div style=\"height:100px\" aria-hidden=\"true\" class=\"wp-block-spacer\"><\/div>\n","protected":false},"excerpt":{"rendered":"<p>Make your booking<\/p>","protected":false},"author":1,"featured_media":0,"parent":0,"menu_order":0,"comment_status":"closed","ping_status":"closed","template":"","meta":{"footnotes":""},"class_list":["post-3136","page","type-page","status-publish","hentry"],"featured_image_src":null,"yoast_head":"<!-- This site is optimized with the Yoast SEO plugin v27.5 - https:\/\/yoast.com\/product\/yoast-seo-wordpress\/ -->\n<title>Book an appointment - F\u00ednt<\/title>\n<meta name=\"robots\" content=\"index, follow, max-snippet:-1, max-image-preview:large, max-video-preview:-1\" \/>\n<link rel=\"canonical\" href=\"https:\/\/www.fint.is\/is\/book\/\" \/>\n<meta property=\"og:locale\" content=\"is_IS\" \/>\n<meta property=\"og:type\" content=\"article\" \/>\n<meta property=\"og:title\" content=\"Book an appointment - F\u00ednt\" \/>\n<meta property=\"og:description\" content=\"Make your booking\" \/>\n<meta property=\"og:url\" content=\"https:\/\/www.fint.is\/is\/book\/\" \/>\n<meta property=\"og:site_name\" content=\"F\u00ednt\" \/>\n<meta property=\"article:publisher\" content=\"https:\/\/www.facebook.com\/100090983666893\/\" \/>\n<meta property=\"article:modified_time\" content=\"2025-08-18T11:04:13+00:00\" \/>\n<script type=\"application\/ld+json\" class=\"yoast-schema-graph\">{\"@context\":\"https:\\\/\\\/schema.org\",\"@graph\":[{\"@type\":\"WebPage\",\"@id\":\"https:\\\/\\\/www.fint.is\\\/is\\\/book\\\/\",\"url\":\"https:\\\/\\\/www.fint.is\\\/is\\\/book\\\/\",\"name\":\"Book an appointment - F\u00ednt\",\"isPartOf\":{\"@id\":\"https:\\\/\\\/www.fint.is\\\/is\\\/#website\"},\"datePublished\":\"2025-08-18T11:03:58+00:00\",\"dateModified\":\"2025-08-18T11:04:13+00:00\",\"breadcrumb\":{\"@id\":\"https:\\\/\\\/www.fint.is\\\/is\\\/book\\\/#breadcrumb\"},\"inLanguage\":\"is\",\"potentialAction\":[{\"@type\":\"ReadAction\",\"target\":[\"https:\\\/\\\/www.fint.is\\\/is\\\/book\\\/\"]}]},{\"@type\":\"BreadcrumbList\",\"@id\":\"https:\\\/\\\/www.fint.is\\\/is\\\/book\\\/#breadcrumb\",\"itemListElement\":[{\"@type\":\"ListItem\",\"position\":1,\"name\":\"Home\",\"item\":\"https:\\\/\\\/www.fint.is\\\/\"},{\"@type\":\"ListItem\",\"position\":2,\"name\":\"Book an appointment\"}]},{\"@type\":\"WebSite\",\"@id\":\"https:\\\/\\\/www.fint.is\\\/is\\\/#website\",\"url\":\"https:\\\/\\\/www.fint.is\\\/is\\\/\",\"name\":\"F\u00ednt\",\"description\":\"Barefoot sk\u00f3r, t\u00e1susokkar, og bur\u00f0arpokar\",\"publisher\":{\"@id\":\"https:\\\/\\\/www.fint.is\\\/is\\\/#organization\"},\"alternateName\":\"f\u00ednt.is\",\"potentialAction\":[{\"@type\":\"SearchAction\",\"target\":{\"@type\":\"EntryPoint\",\"urlTemplate\":\"https:\\\/\\\/www.fint.is\\\/is\\\/?s={search_term_string}\"},\"query-input\":{\"@type\":\"PropertyValueSpecification\",\"valueRequired\":true,\"valueName\":\"search_term_string\"}}],\"inLanguage\":\"is\"},{\"@type\":\"Organization\",\"@id\":\"https:\\\/\\\/www.fint.is\\\/is\\\/#organization\",\"name\":\"F\u00ednt\",\"alternateName\":\"Fint\",\"url\":\"https:\\\/\\\/www.fint.is\\\/is\\\/\",\"logo\":{\"@type\":\"ImageObject\",\"inLanguage\":\"is\",\"@id\":\"https:\\\/\\\/www.fint.is\\\/is\\\/#\\\/schema\\\/logo\\\/image\\\/\",\"url\":\"https:\\\/\\\/www.fint.is\\\/wp-content\\\/uploads\\\/logo-colour-small-2.png\",\"contentUrl\":\"https:\\\/\\\/www.fint.is\\\/wp-content\\\/uploads\\\/logo-colour-small-2.png\",\"width\":930,\"height\":711,\"caption\":\"F\u00ednt\"},\"image\":{\"@id\":\"https:\\\/\\\/www.fint.is\\\/is\\\/#\\\/schema\\\/logo\\\/image\\\/\"},\"sameAs\":[\"https:\\\/\\\/www.facebook.com\\\/100090983666893\\\/\",\"https:\\\/\\\/www.instagram.com\\\/fint.verslun\\\/\"]}]}<\/script>\n<!-- \/ Yoast SEO plugin. -->","yoast_head_json":{"title":"Book an appointment - F\u00ednt","robots":{"index":"index","follow":"follow","max-snippet":"max-snippet:-1","max-image-preview":"max-image-preview:large","max-video-preview":"max-video-preview:-1"},"canonical":"https:\/\/www.fint.is\/is\/book\/","og_locale":"is_IS","og_type":"article","og_title":"Book an appointment - F\u00ednt","og_description":"Make your booking","og_url":"https:\/\/www.fint.is\/is\/book\/","og_site_name":"F\u00ednt","article_publisher":"https:\/\/www.facebook.com\/100090983666893\/","article_modified_time":"2025-08-18T11:04:13+00:00","schema":{"@context":"https:\/\/schema.org","@graph":[{"@type":"WebPage","@id":"https:\/\/www.fint.is\/is\/book\/","url":"https:\/\/www.fint.is\/is\/book\/","name":"Book an appointment - F\u00ednt","isPartOf":{"@id":"https:\/\/www.fint.is\/is\/#website"},"datePublished":"2025-08-18T11:03:58+00:00","dateModified":"2025-08-18T11:04:13+00:00","breadcrumb":{"@id":"https:\/\/www.fint.is\/is\/book\/#breadcrumb"},"inLanguage":"is","potentialAction":[{"@type":"ReadAction","target":["https:\/\/www.fint.is\/is\/book\/"]}]},{"@type":"BreadcrumbList","@id":"https:\/\/www.fint.is\/is\/book\/#breadcrumb","itemListElement":[{"@type":"ListItem","position":1,"name":"Home","item":"https:\/\/www.fint.is\/"},{"@type":"ListItem","position":2,"name":"Book an appointment"}]},{"@type":"WebSite","@id":"https:\/\/www.fint.is\/is\/#website","url":"https:\/\/www.fint.is\/is\/","name":"F\u00ednt","description":"Barefoot sk\u00f3r, t\u00e1sokkar, og bur\u00f0arpokar","publisher":{"@id":"https:\/\/www.fint.is\/is\/#organization"},"alternateName":"f\u00ednt.is","potentialAction":[{"@type":"SearchAction","target":{"@type":"EntryPoint","urlTemplate":"https:\/\/www.fint.is\/is\/?s={search_term_string}"},"query-input":{"@type":"PropertyValueSpecification","valueRequired":true,"valueName":"search_term_string"}}],"inLanguage":"is"},{"@type":"Organization","@id":"https:\/\/www.fint.is\/is\/#organization","name":"F\u00ednt","alternateName":"Fint","url":"https:\/\/www.fint.is\/is\/","logo":{"@type":"ImageObject","inLanguage":"is","@id":"https:\/\/www.fint.is\/is\/#\/schema\/logo\/image\/","url":"https:\/\/www.fint.is\/wp-content\/uploads\/logo-colour-small-2.png","contentUrl":"https:\/\/www.fint.is\/wp-content\/uploads\/logo-colour-small-2.png","width":930,"height":711,"caption":"F\u00ednt"},"image":{"@id":"https:\/\/www.fint.is\/is\/#\/schema\/logo\/image\/"},"sameAs":["https:\/\/www.facebook.com\/100090983666893\/","https:\/\/www.instagram.com\/fint.verslun\/"]}]}},"_links":{"self":[{"href":"https:\/\/www.fint.is\/is\/wp-json\/wp\/v2\/pages\/3136","targetHints":{"allow":["GET"]}}],"collection":[{"href":"https:\/\/www.fint.is\/is\/wp-json\/wp\/v2\/pages"}],"about":[{"href":"https:\/\/www.fint.is\/is\/wp-json\/wp\/v2\/types\/page"}],"author":[{"embeddable":true,"href":"https:\/\/www.fint.is\/is\/wp-json\/wp\/v2\/users\/1"}],"replies":[{"embeddable":true,"href":"https:\/\/www.fint.is\/is\/wp-json\/wp\/v2\/comments?post=3136"}],"version-history":[{"count":2,"href":"https:\/\/www.fint.is\/is\/wp-json\/wp\/v2\/pages\/3136\/revisions"}],"predecessor-version":[{"id":3138,"href":"https:\/\/www.fint.is\/is\/wp-json\/wp\/v2\/pages\/3136\/revisions\/3138"}],"wp:attachment":[{"href":"https:\/\/www.fint.is\/is\/wp-json\/wp\/v2\/media?parent=3136"}],"curies":[{"name":"wp","href":"https:\/\/api.w.org\/{rel}","templated":true}]}}