{"id":3035,"date":"2025-06-25T14:17:14","date_gmt":"2025-06-25T14:17:14","guid":{"rendered":"https:\/\/www.fint.is\/?page_id=3035"},"modified":"2025-06-25T14:49:46","modified_gmt":"2025-06-25T14:49:46","slug":"advice","status":"publish","type":"page","link":"https:\/\/www.fint.is\/is\/advice\/","title":{"rendered":"R\u00e1\u00f0gj\u00f6f"},"content":{"rendered":"<div class=\"wp-block-group alignfull has-v-tertiary-primary-gradient-background has-background is-layout-constrained wp-container-core-group-is-layout-639b5052 wp-block-group-is-layout-constrained\" style=\"min-height:70vh;padding-top:0;padding-right:0;padding-bottom:0;padding-left:0\">\n<div style=\"height:5vh\" aria-hidden=\"true\" class=\"wp-block-spacer\"><\/div>\n\n\n\n<div class=\"wp-block-cover alignfull is-light has-contrast-color has-text-color\" style=\"min-height:65vh;aspect-ratio:unset;\"><img decoding=\"async\" class=\"wp-block-cover__image-background\" alt=\"\" src=\"https:\/\/www.fint.is\/wp-content\/themes\/yith-wonder\/assets\/images\/demo-content\/orchid\/white-wave.svg\" style=\"object-position:50% 0%\" data-object-fit=\"cover\" data-object-position=\"50% 0%\"\/><span aria-hidden=\"true\" class=\"wp-block-cover__background has-background-dim-0 has-background-dim\"><\/span><div class=\"wp-block-cover__inner-container is-layout-constrained wp-block-cover-is-layout-constrained\">\n<div class=\"wp-block-columns are-vertically-aligned-center is-layout-flex wp-container-core-columns-is-layout-28f84493 wp-block-columns-is-layout-flex\">\n<div class=\"wp-block-column is-vertically-aligned-center is-layout-flow wp-block-column-is-layout-flow\" style=\"flex-basis:55%\">\n<p class=\"has-primary-color has-text-color has-huge-font-size\" style=\"font-style:normal;font-weight:700\">Need (free) advice?<\/p>\n\n\n\n<div style=\"height:10px\" aria-hidden=\"true\" class=\"wp-block-spacer\"><\/div>\n\n\n\n<div class=\"wp-block-group is-content-justification-left is-layout-constrained wp-container-core-group-is-layout-20f472fc wp-block-group-is-layout-constrained\">\n<p class=\"has-normal-font-size\" style=\"line-height:1.6\">Since May 2025 I am a certified baby wearing consultant. If you have questions about how and when to use a carrier, or would like to learn how to tie a stretchy or woven wrap, feel free to shoot me a message.<\/p>\n<\/div>\n\n\n\n<p>There is also a facebook group\/community (in the making) for questions, tips, and advice about baby-wearing: <a href=\"https:\/\/www.facebook.com\/groups\/389364793817956\/\">Bur\u00f0arpokaspurningar<\/a><\/p>\n\n\n\n<p>If you would like to do a 60-minute workshop on baby wearing, have a space, and at least 3 participants, please get in touch to make that happen \ud83d\ude42<\/p>\n\n\n\n<div class=\"wp-block-group is-content-justification-left is-layout-constrained wp-container-core-group-is-layout-20f472fc wp-block-group-is-layout-constrained\">\n<div style=\"height:20px\" aria-hidden=\"true\" class=\"wp-block-spacer\"><\/div>\n\n\n\n<div class=\"wp-block-buttons is-layout-flex wp-block-buttons-is-layout-flex\">\n<div class=\"wp-block-button is-style-fill\"><a class=\"wp-block-button__link has-normal-font-size has-custom-font-size wp-element-button\" href=\"mailto:fint@fint.is\" style=\"border-radius:50px;padding-top:1rem;padding-right:var(--wp--preset--spacing--70);padding-bottom:1rem;padding-left:var(--wp--preset--spacing--70);font-style:normal;font-weight:700;text-transform:uppercase\">Mail<\/a><\/div>\n\n\n\n<div class=\"wp-block-button is-style-fill\"><a class=\"wp-block-button__link has-normal-font-size has-custom-font-size wp-element-button\" href=\"https:\/\/www.facebook.com\/profile.php?id=100090983666893\" style=\"border-radius:50px;padding-top:1rem;padding-right:var(--wp--preset--spacing--70);padding-bottom:1rem;padding-left:var(--wp--preset--spacing--70);font-style:normal;font-weight:700;text-transform:uppercase\">Facebook<\/a><\/div>\n\n\n\n<div class=\"wp-block-button is-style-fill\"><a class=\"wp-block-button__link has-normal-font-size has-custom-font-size wp-element-button\" href=\"https:\/\/www.instagram.com\/fint.verslun\/\" style=\"border-radius:50px;padding-top:1rem;padding-right:var(--wp--preset--spacing--70);padding-bottom:1rem;padding-left:var(--wp--preset--spacing--70);font-style:normal;font-weight:700;text-transform:uppercase\">Instagram<\/a><\/div>\n<\/div>\n\n\n\n<div style=\"height:50px\" aria-hidden=\"true\" class=\"wp-block-spacer\"><\/div>\n<\/div>\n<\/div>\n\n\n\n<div class=\"wp-block-column is-vertically-aligned-center is-layout-flow wp-block-column-is-layout-flow\">\n<figure class=\"wp-block-image aligncenter size-large has-custom-border is-style-yith-wonder-image-with-shadow\"><img loading=\"lazy\" decoding=\"async\" width=\"576\" height=\"1024\" src=\"https:\/\/www.fint.is\/wp-content\/uploads\/still-576x1024.jpg\" alt=\"\" class=\"has-border-color wp-image-3038\" style=\"border-color:#ffffff;border-width:8px;border-radius:50%;aspect-ratio:1;object-fit:cover\" srcset=\"https:\/\/www.fint.is\/wp-content\/uploads\/still-576x1024.jpg 576w, https:\/\/www.fint.is\/wp-content\/uploads\/still-169x300.jpg 169w, https:\/\/www.fint.is\/wp-content\/uploads\/still-768x1365.jpg 768w, https:\/\/www.fint.is\/wp-content\/uploads\/still-864x1536.jpg 864w, https:\/\/www.fint.is\/wp-content\/uploads\/still-7x12.jpg 7w, https:\/\/www.fint.is\/wp-content\/uploads\/still-400x711.jpg 400w, https:\/\/www.fint.is\/wp-content\/uploads\/still.jpg 1080w\" sizes=\"auto, (max-width: 576px) 100vw, 576px\" \/><\/figure>\n<\/div>\n<\/div>\n<\/div><\/div>\n<\/div>\n\n\n\n<p><\/p>","protected":false},"excerpt":{"rendered":"","protected":false},"author":1,"featured_media":0,"parent":0,"menu_order":0,"comment_status":"closed","ping_status":"closed","template":"","meta":{"footnotes":""},"class_list":["post-3035","page","type-page","status-publish","hentry"],"featured_image_src":null,"yoast_head":"<!-- This site is optimized with the Yoast SEO plugin v27.4 - https:\/\/yoast.com\/product\/yoast-seo-wordpress\/ -->\n<title>Advice - F\u00ednt<\/title>\n<meta name=\"robots\" content=\"index, follow, max-snippet:-1, max-image-preview:large, max-video-preview:-1\" \/>\n<link rel=\"canonical\" href=\"https:\/\/www.fint.is\/is\/advice\/\" \/>\n<meta property=\"og:locale\" content=\"is_IS\" \/>\n<meta property=\"og:type\" content=\"article\" \/>\n<meta property=\"og:title\" content=\"Advice - F\u00ednt\" \/>\n<meta property=\"og:url\" content=\"https:\/\/www.fint.is\/is\/advice\/\" \/>\n<meta property=\"og:site_name\" content=\"F\u00ednt\" \/>\n<meta property=\"article:publisher\" content=\"https:\/\/www.facebook.com\/100090983666893\/\" \/>\n<meta property=\"article:modified_time\" content=\"2025-06-25T14:49:46+00:00\" \/>\n<meta property=\"og:image\" content=\"https:\/\/www.fint.is\/wp-content\/themes\/yith-wonder\/assets\/images\/demo-content\/orchid\/white-wave.svg\" \/>\n<script type=\"application\/ld+json\" class=\"yoast-schema-graph\">{\"@context\":\"https:\\\/\\\/schema.org\",\"@graph\":[{\"@type\":\"WebPage\",\"@id\":\"https:\\\/\\\/www.fint.is\\\/advice\\\/\",\"url\":\"https:\\\/\\\/www.fint.is\\\/advice\\\/\",\"name\":\"Advice - F\u00ednt\",\"isPartOf\":{\"@id\":\"https:\\\/\\\/www.fint.is\\\/is\\\/#website\"},\"primaryImageOfPage\":{\"@id\":\"https:\\\/\\\/www.fint.is\\\/advice\\\/#primaryimage\"},\"image\":{\"@id\":\"https:\\\/\\\/www.fint.is\\\/advice\\\/#primaryimage\"},\"thumbnailUrl\":\"https:\\\/\\\/www.fint.is\\\/wp-content\\\/themes\\\/yith-wonder\\\/assets\\\/images\\\/demo-content\\\/orchid\\\/white-wave.svg\",\"datePublished\":\"2025-06-25T14:17:14+00:00\",\"dateModified\":\"2025-06-25T14:49:46+00:00\",\"breadcrumb\":{\"@id\":\"https:\\\/\\\/www.fint.is\\\/advice\\\/#breadcrumb\"},\"inLanguage\":\"is\",\"potentialAction\":[{\"@type\":\"ReadAction\",\"target\":[\"https:\\\/\\\/www.fint.is\\\/advice\\\/\"]}]},{\"@type\":\"ImageObject\",\"inLanguage\":\"is\",\"@id\":\"https:\\\/\\\/www.fint.is\\\/advice\\\/#primaryimage\",\"url\":\"https:\\\/\\\/www.fint.is\\\/wp-content\\\/themes\\\/yith-wonder\\\/assets\\\/images\\\/demo-content\\\/orchid\\\/white-wave.svg\",\"contentUrl\":\"https:\\\/\\\/www.fint.is\\\/wp-content\\\/themes\\\/yith-wonder\\\/assets\\\/images\\\/demo-content\\\/orchid\\\/white-wave.svg\"},{\"@type\":\"BreadcrumbList\",\"@id\":\"https:\\\/\\\/www.fint.is\\\/advice\\\/#breadcrumb\",\"itemListElement\":[{\"@type\":\"ListItem\",\"position\":1,\"name\":\"Home\",\"item\":\"https:\\\/\\\/www.fint.is\\\/\"},{\"@type\":\"ListItem\",\"position\":2,\"name\":\"Advice\"}]},{\"@type\":\"WebSite\",\"@id\":\"https:\\\/\\\/www.fint.is\\\/is\\\/#website\",\"url\":\"https:\\\/\\\/www.fint.is\\\/is\\\/\",\"name\":\"F\u00ednt\",\"description\":\"Barefoot sk\u00f3r, t\u00e1susokkar, og bur\u00f0arpokar\",\"publisher\":{\"@id\":\"https:\\\/\\\/www.fint.is\\\/is\\\/#organization\"},\"alternateName\":\"f\u00ednt.is\",\"potentialAction\":[{\"@type\":\"SearchAction\",\"target\":{\"@type\":\"EntryPoint\",\"urlTemplate\":\"https:\\\/\\\/www.fint.is\\\/is\\\/?s={search_term_string}\"},\"query-input\":{\"@type\":\"PropertyValueSpecification\",\"valueRequired\":true,\"valueName\":\"search_term_string\"}}],\"inLanguage\":\"is\"},{\"@type\":\"Organization\",\"@id\":\"https:\\\/\\\/www.fint.is\\\/is\\\/#organization\",\"name\":\"F\u00ednt\",\"alternateName\":\"Fint\",\"url\":\"https:\\\/\\\/www.fint.is\\\/is\\\/\",\"logo\":{\"@type\":\"ImageObject\",\"inLanguage\":\"is\",\"@id\":\"https:\\\/\\\/www.fint.is\\\/is\\\/#\\\/schema\\\/logo\\\/image\\\/\",\"url\":\"https:\\\/\\\/www.fint.is\\\/wp-content\\\/uploads\\\/logo-colour-small-2.png\",\"contentUrl\":\"https:\\\/\\\/www.fint.is\\\/wp-content\\\/uploads\\\/logo-colour-small-2.png\",\"width\":930,\"height\":711,\"caption\":\"F\u00ednt\"},\"image\":{\"@id\":\"https:\\\/\\\/www.fint.is\\\/is\\\/#\\\/schema\\\/logo\\\/image\\\/\"},\"sameAs\":[\"https:\\\/\\\/www.facebook.com\\\/100090983666893\\\/\",\"https:\\\/\\\/www.instagram.com\\\/fint.verslun\\\/\"]}]}<\/script>\n<!-- \/ Yoast SEO plugin. -->","yoast_head_json":{"title":"Advice - F\u00ednt","robots":{"index":"index","follow":"follow","max-snippet":"max-snippet:-1","max-image-preview":"max-image-preview:large","max-video-preview":"max-video-preview:-1"},"canonical":"https:\/\/www.fint.is\/is\/advice\/","og_locale":"is_IS","og_type":"article","og_title":"Advice - F\u00ednt","og_url":"https:\/\/www.fint.is\/is\/advice\/","og_site_name":"F\u00ednt","article_publisher":"https:\/\/www.facebook.com\/100090983666893\/","article_modified_time":"2025-06-25T14:49:46+00:00","og_image":[{"url":"https:\/\/www.fint.is\/wp-content\/themes\/yith-wonder\/assets\/images\/demo-content\/orchid\/white-wave.svg","type":"","width":"","height":""}],"schema":{"@context":"https:\/\/schema.org","@graph":[{"@type":"WebPage","@id":"https:\/\/www.fint.is\/advice\/","url":"https:\/\/www.fint.is\/advice\/","name":"Advice - F\u00ednt","isPartOf":{"@id":"https:\/\/www.fint.is\/is\/#website"},"primaryImageOfPage":{"@id":"https:\/\/www.fint.is\/advice\/#primaryimage"},"image":{"@id":"https:\/\/www.fint.is\/advice\/#primaryimage"},"thumbnailUrl":"https:\/\/www.fint.is\/wp-content\/themes\/yith-wonder\/assets\/images\/demo-content\/orchid\/white-wave.svg","datePublished":"2025-06-25T14:17:14+00:00","dateModified":"2025-06-25T14:49:46+00:00","breadcrumb":{"@id":"https:\/\/www.fint.is\/advice\/#breadcrumb"},"inLanguage":"is","potentialAction":[{"@type":"ReadAction","target":["https:\/\/www.fint.is\/advice\/"]}]},{"@type":"ImageObject","inLanguage":"is","@id":"https:\/\/www.fint.is\/advice\/#primaryimage","url":"https:\/\/www.fint.is\/wp-content\/themes\/yith-wonder\/assets\/images\/demo-content\/orchid\/white-wave.svg","contentUrl":"https:\/\/www.fint.is\/wp-content\/themes\/yith-wonder\/assets\/images\/demo-content\/orchid\/white-wave.svg"},{"@type":"BreadcrumbList","@id":"https:\/\/www.fint.is\/advice\/#breadcrumb","itemListElement":[{"@type":"ListItem","position":1,"name":"Home","item":"https:\/\/www.fint.is\/"},{"@type":"ListItem","position":2,"name":"Advice"}]},{"@type":"WebSite","@id":"https:\/\/www.fint.is\/is\/#website","url":"https:\/\/www.fint.is\/is\/","name":"F\u00ednt","description":"Barefoot sk\u00f3r, t\u00e1sokkar, og bur\u00f0arpokar","publisher":{"@id":"https:\/\/www.fint.is\/is\/#organization"},"alternateName":"f\u00ednt.is","potentialAction":[{"@type":"SearchAction","target":{"@type":"EntryPoint","urlTemplate":"https:\/\/www.fint.is\/is\/?s={search_term_string}"},"query-input":{"@type":"PropertyValueSpecification","valueRequired":true,"valueName":"search_term_string"}}],"inLanguage":"is"},{"@type":"Organization","@id":"https:\/\/www.fint.is\/is\/#organization","name":"F\u00ednt","alternateName":"Fint","url":"https:\/\/www.fint.is\/is\/","logo":{"@type":"ImageObject","inLanguage":"is","@id":"https:\/\/www.fint.is\/is\/#\/schema\/logo\/image\/","url":"https:\/\/www.fint.is\/wp-content\/uploads\/logo-colour-small-2.png","contentUrl":"https:\/\/www.fint.is\/wp-content\/uploads\/logo-colour-small-2.png","width":930,"height":711,"caption":"F\u00ednt"},"image":{"@id":"https:\/\/www.fint.is\/is\/#\/schema\/logo\/image\/"},"sameAs":["https:\/\/www.facebook.com\/100090983666893\/","https:\/\/www.instagram.com\/fint.verslun\/"]}]}},"_links":{"self":[{"href":"https:\/\/www.fint.is\/is\/wp-json\/wp\/v2\/pages\/3035","targetHints":{"allow":["GET"]}}],"collection":[{"href":"https:\/\/www.fint.is\/is\/wp-json\/wp\/v2\/pages"}],"about":[{"href":"https:\/\/www.fint.is\/is\/wp-json\/wp\/v2\/types\/page"}],"author":[{"embeddable":true,"href":"https:\/\/www.fint.is\/is\/wp-json\/wp\/v2\/users\/1"}],"replies":[{"embeddable":true,"href":"https:\/\/www.fint.is\/is\/wp-json\/wp\/v2\/comments?post=3035"}],"version-history":[{"count":4,"href":"https:\/\/www.fint.is\/is\/wp-json\/wp\/v2\/pages\/3035\/revisions"}],"predecessor-version":[{"id":3043,"href":"https:\/\/www.fint.is\/is\/wp-json\/wp\/v2\/pages\/3035\/revisions\/3043"}],"wp:attachment":[{"href":"https:\/\/www.fint.is\/is\/wp-json\/wp\/v2\/media?parent=3035"}],"curies":[{"name":"wp","href":"https:\/\/api.w.org\/{rel}","templated":true}]}}