{"id":3,"date":"2023-03-29T10:49:02","date_gmt":"2023-03-29T10:49:02","guid":{"rendered":"http:\/\/4979a7.jenny.shared.1984.is\/?page_id=3"},"modified":"2024-11-01T10:51:51","modified_gmt":"2024-11-01T10:51:51","slug":"privacy-policy","status":"publish","type":"page","link":"https:\/\/www.fint.is\/is\/privacy-policy\/","title":{"rendered":"Pers\u00f3nuvernd"},"content":{"rendered":"<h2 class=\"wp-block-heading\">Hver vi\u00f0 erum<\/h2>\n\n\n\n<p>Vefs\u00ed\u00f0an okkar er: https:\/\/www.fint.is<\/p>\n\n\n\n<h2 class=\"wp-block-heading\">Skr\u00e1r<\/h2>\n\n\n\n<p>Notendur vefs\u00ed\u00f0unnar geta hla\u00f0i\u00f0 ni\u00f0ur og lesi\u00f0 \u00f6ll sta\u00f0setningarg\u00f6gn sem fylgja myndum \u00e1 vefs\u00ed\u00f0unni.<\/p>\n\n\n\n<h2 class=\"wp-block-heading\">Vafrak\u00f6kur<\/h2>\n\n\n\n<p>Ef \u00fe\u00fa skrifar athugasemd \u00e1 s\u00ed\u00f0una getur \u00fe\u00fa vali\u00f0 a\u00f0 vista nafni\u00f0 \u00feitt, netfang og vefs\u00ed\u00f0u \u00ed vafrak\u00f6kum. \u00deetta er \u00e6tla\u00f0 \u00fe\u00e9r til h\u00e6g\u00f0arauka, til \u00feess a\u00f0 \u00fe\u00fa \u00feurfir ekki a\u00f0 fylla \u00fat s\u00f6mu uppl\u00fdsingar n\u00e6st \u00feegar \u00fe\u00fa skilur eftir athugasemd. \u00deessar vafrak\u00f6kur endast \u00ed eitt \u00e1r.<\/p>\n\n\n\n<p>Ef \u00fe\u00fa opnar innskr\u00e1ningars\u00ed\u00f0una okkar b\u00faum vi\u00f0 til t\u00edmabundna vafrak\u00f6ku til \u00feess a\u00f0 athuga hvort vafrinn \u00feinn sam\u00feykki vafrak\u00f6kur. Engin pers\u00f3nug\u00f6gn eru til sta\u00f0ar \u00ed \u00feessari vafrak\u00f6ku, og henni er eytt \u00feegar \u00fe\u00fa lokar vafranum.<\/p>\n\n\n\n<p>\u00deegar \u00fe\u00fa skr\u00e1ir \u00feig inn munum vi\u00f0 einnig setja upp nokkrar vafrak\u00f6kur til \u00feess a\u00f0 vista innskr\u00e1ningaruppl\u00fdsingarnar og valkosti. Innskr\u00e1ningark\u00f6kur endast \u00ed tvo daga og valkostak\u00f6kur endast \u00ed eitt \u00e1r. Ef \u00fe\u00fa velur \"Muna eftir m\u00e9r\" mun innskr\u00e1ningin \u00fe\u00edn vara \u00ed tv\u00e6r vikur. Ef \u00fe\u00fa skr\u00e1ir \u00feig \u00fat mun innskr\u00e1ningark\u00f6kum vera eytt.<\/p>\n\n\n\n<h2 class=\"wp-block-heading\">Efni af \u00f6\u00f0rum vefs\u00ed\u00f0um<\/h2>\n\n\n\n<p>\u00deessi vefs\u00ed\u00f0a getur innihaldi\u00f0 efni sem h\u00fdst er \u00e1 \u00f6\u00f0rum vefs\u00ed\u00f0um (t.d. myndb\u00f6nd, myndir, greinar, o.s.frv.). Efni af \u00f6\u00f0rum vefs\u00ed\u00f0um virkar \u00e1 sama h\u00e1tt og hef\u00f0i notandi heims\u00f3tt vefs\u00ed\u00f0una sem \u00fea\u00f0 er h\u00fdst \u00e1.<\/p>\n\n\n\n<p>\u00deessar vefs\u00ed\u00f0ur g\u00e6tu safna\u00f0 uppl\u00fdsingum um \u00feig, nota\u00f0 vafrak\u00f6kur, stu\u00f0st vi\u00f0 rakningu \u00feri\u00f0ja a\u00f0ila, og fylgst me\u00f0 samskiptum \u00fe\u00ednum vi\u00f0 efni\u00f0 sem af \u00feessum vefs\u00ed\u00f0um kemur, \u00fear me\u00f0 tali\u00f0 ef \u00fe\u00fa ert skr\u00e1\u00f0(ur) inn sem notandi \u00e1 \u00feessum s\u00ed\u00f0um.<\/p>\n\n\n\n<h2 class=\"wp-block-heading\">Hverjum vi\u00f0 deilum g\u00f6gnum um \u00feig me\u00f0<\/h2>\n\n\n\n<p>Ef \u00fe\u00fa bi\u00f0ur um a\u00f0 lykilor\u00f0i\u00f0 \u00feitt ver\u00f0i stillt upp \u00e1 n\u00fdtt mun IP talan \u00fe\u00edn fylgja me\u00f0 endurstillingart\u00f6lvup\u00f3stinum.<\/p>\n\n\n\n<h2 class=\"wp-block-heading\">Hversu lengi vi\u00f0 geymum g\u00f6gn um \u00feig<\/h2>\n\n\n\n<p>Ef \u00fe\u00fa skilur eftir athugasemd, munum vi\u00f0 athugasemdin sj\u00e1lf og meta-uppl\u00fdsingar um hana \u00f3t\u00edmabundi\u00f0. \u00deetta er til \u00feess a\u00f0 vi\u00f0 getum greint og sam\u00feykkt \u00f6ll sv\u00f6r vi\u00f0 athugasemdinni \u00e1 sj\u00e1lfvirkan h\u00e1tt.<\/p>\n\n\n\n<p>Vi\u00f0 geymum pers\u00f3nuuppl\u00fdsingar sem koma fram \u00ed notendareikningum \u00feeirra sem b\u00faa til notendaa\u00f0gang \u00e1 vefs\u00ed\u00f0unni okkar. Allir notendur geta s\u00e9\u00f0, breytt og eytt \u00f6llum s\u00ednum pers\u00f3nuuppl\u00fdsingunum hven\u00e6r sem er a\u00f0 undanskildu notendanafninu. Umsj\u00f3narmenn vefsins geta l\u00edka s\u00e9\u00f0 og breytt \u00feeim uppl\u00fdsingum.<\/p>\n\n\n\n<h2 class=\"wp-block-heading\">R\u00e9ttindi \u00fe\u00edn yfir eigin g\u00f6gnum<\/h2>\n\n\n\n<p>Ef \u00fe\u00fa hefur stofna\u00f0 notendaa\u00f0gang \u00e1 \u00feessari vefs\u00ed\u00f0u, e\u00f0a hefur skrifa\u00f0 athugasemdir, getur \u00fe\u00fa be\u00f0i\u00f0 um skr\u00e1 me\u00f0 \u00f6llum pers\u00f3nuuppl\u00fdsingum sem vi\u00f0 h\u00f6fum um \u00feig, \u00fear \u00e1 me\u00f0al uppl\u00fdsingar sem \u00fe\u00fa hefur l\u00e1ti\u00f0 okkur \u00ed t\u00e9. \u00de\u00fa getur l\u00edka be\u00f0i\u00f0 okkur um a\u00f0 ey\u00f0a \u00f6llum pers\u00f3nuuppl\u00fdsingum sem vi\u00f0 h\u00f6fum um \u00feig. \u00deetta \u00e1 ekki vi\u00f0 um g\u00f6gn sem vi\u00f0 ver\u00f0um a\u00f0 halda upp \u00e1 \u00fat fr\u00e1 rekstrar-, laga- e\u00f0a \u00f6ryggissj\u00f3narmi\u00f0um.<\/p>\n\n\n\n<h2 class=\"wp-block-heading\">Hvert g\u00f6gn um \u00feig eru send<\/h2>\n\n\n\n<p>Athugasemdir notenda geta veri\u00f0 sendar um sj\u00e1lfvirka ruslp\u00f3stss\u00edu.<\/p>\n\n\n\n<p>We collect information about you during the checkout process on our store.<\/p>\n\n\n\n<h2 class=\"wp-block-heading\">What we collect and store<\/h2>\n\n\n\n<p>While you visit our site, we\u2019ll track:<\/p>\n\n\n\n<ul class=\"wp-block-list\">\n<li>Products you\u2019ve viewed: we\u2019ll use this to, for example, show you products you\u2019ve recently viewed<\/li>\n\n\n\n<li>Location, IP address and browser type: we\u2019ll use this for purposes like estimating taxes and shipping<\/li>\n\n\n\n<li>Shipping address: we\u2019ll ask you to enter this so we can, for instance, estimate shipping before you place an order, and send you the order!<\/li>\n<\/ul>\n\n\n\n<p>We\u2019ll also use cookies to keep track of cart contents while you\u2019re browsing our site.<\/p>\n\n\n\n<p>When you purchase from us, we\u2019ll ask you to provide information including your name, billing address, shipping address, email address, phone number, credit card\/payment details and optional account information like username and password. We\u2019ll use this information for purposes, such as, to:<\/p>\n\n\n\n<ul class=\"wp-block-list\">\n<li>Send you information about your account and order<\/li>\n\n\n\n<li>Respond to your requests, including refunds and complaints<\/li>\n\n\n\n<li>Process payments and prevent fraud<\/li>\n\n\n\n<li>Set up your account for our store<\/li>\n\n\n\n<li>Comply with any legal obligations we have, such as calculating taxes<\/li>\n\n\n\n<li>Improve our store offerings<\/li>\n\n\n\n<li>Send you marketing messages, if you choose to receive them<\/li>\n<\/ul>\n\n\n\n<p>If you create an account, we will store your name, address, email and phone number, which will be used to populate the checkout for future orders.<\/p>\n\n\n\n<p>We generally store information about you for as long as we need the information for the purposes for which we collect and use it, and we are not legally required to continue to keep it. For example, we will store order information for XXX years for tax and accounting purposes. This includes your name, email address and billing and shipping addresses.<\/p>\n\n\n\n<p>We will also store comments or reviews, if you choose to leave them.<\/p>\n\n\n\n<h2 class=\"wp-block-heading\">Who on our team has access<\/h2>\n\n\n\n<p>Members of our team have access to the information you provide us. For example, both Administrators and Shop Managers can access:<\/p>\n\n\n\n<ul class=\"wp-block-list\">\n<li>Order information like what was purchased, when it was purchased and where it should be sent, and<\/li>\n\n\n\n<li>Customer information like your name, email address, and billing and shipping information.<\/li>\n<\/ul>\n\n\n\n<p>Our team members have access to this information to help fulfill orders, process refunds and support you.<\/p>\n\n\n\n<h2 class=\"wp-block-heading\">What we share with others<\/h2>\n\n\n\n<p>We share information with third parties who help us provide our orders and store services to you; for example &#8212;<\/p>\n\n\n\n<h3 class=\"wp-block-heading\">Payments<\/h3>\n\n\n\n<p>We accept payments through PayPal. When processing payments, some of your data will be passed to PayPal, including information required to process or support the payment, such as the purchase total and billing information.<\/p>\n\n\n\n<p>Please see the&nbsp;<a href=\"https:\/\/www.paypal.com\/us\/webapps\/mpp\/ua\/privacy-full\">PayPal Privacy Policy<\/a>&nbsp;for more details.<\/p>","protected":false},"excerpt":{"rendered":"<p>Who we are Our website address is: https:\/\/www.fint.is. Media Visitors to the website can download and extract any location data from images on the website. Cookies If you leave a comment on our site you may opt-in to saving your name, email address and website in cookies. These are for your convenience so that you [&hellip;]<\/p>\n","protected":false},"author":1,"featured_media":0,"parent":0,"menu_order":0,"comment_status":"closed","ping_status":"closed","template":"","meta":{"footnotes":""},"class_list":["post-3","page","type-page","status-publish","hentry"],"featured_image_src":null,"yoast_head":"<!-- This site is optimized with the Yoast SEO plugin v27.5 - https:\/\/yoast.com\/product\/yoast-seo-wordpress\/ -->\n<title>Privacy Policy - F\u00ednt<\/title>\n<meta name=\"robots\" content=\"index, follow, max-snippet:-1, max-image-preview:large, max-video-preview:-1\" \/>\n<link rel=\"canonical\" href=\"https:\/\/www.fint.is\/is\/privacy-policy\/\" \/>\n<meta property=\"og:locale\" content=\"is_IS\" \/>\n<meta property=\"og:type\" content=\"article\" \/>\n<meta property=\"og:title\" content=\"Privacy Policy - F\u00ednt\" \/>\n<meta property=\"og:description\" content=\"Who we are Our website address is: https:\/\/www.fint.is. Media Visitors to the website can download and extract any location data from images on the website. Cookies If you leave a comment on our site you may opt-in to saving your name, email address and website in cookies. These are for your convenience so that you [&hellip;]\" \/>\n<meta property=\"og:url\" content=\"https:\/\/www.fint.is\/is\/privacy-policy\/\" \/>\n<meta property=\"og:site_name\" content=\"F\u00ednt\" \/>\n<meta property=\"article:publisher\" content=\"https:\/\/www.facebook.com\/100090983666893\/\" \/>\n<meta property=\"article:modified_time\" content=\"2024-11-01T10:51:51+00:00\" \/>\n<script type=\"application\/ld+json\" class=\"yoast-schema-graph\">{\"@context\":\"https:\\\/\\\/schema.org\",\"@graph\":[{\"@type\":\"WebPage\",\"@id\":\"https:\\\/\\\/www.fint.is\\\/privacy-policy\\\/\",\"url\":\"https:\\\/\\\/www.fint.is\\\/privacy-policy\\\/\",\"name\":\"Privacy Policy - F\u00ednt\",\"isPartOf\":{\"@id\":\"https:\\\/\\\/www.fint.is\\\/is\\\/#website\"},\"datePublished\":\"2023-03-29T10:49:02+00:00\",\"dateModified\":\"2024-11-01T10:51:51+00:00\",\"breadcrumb\":{\"@id\":\"https:\\\/\\\/www.fint.is\\\/privacy-policy\\\/#breadcrumb\"},\"inLanguage\":\"is\",\"potentialAction\":[{\"@type\":\"ReadAction\",\"target\":[\"https:\\\/\\\/www.fint.is\\\/privacy-policy\\\/\"]}]},{\"@type\":\"BreadcrumbList\",\"@id\":\"https:\\\/\\\/www.fint.is\\\/privacy-policy\\\/#breadcrumb\",\"itemListElement\":[{\"@type\":\"ListItem\",\"position\":1,\"name\":\"Home\",\"item\":\"https:\\\/\\\/www.fint.is\\\/\"},{\"@type\":\"ListItem\",\"position\":2,\"name\":\"Privacy Policy\"}]},{\"@type\":\"WebSite\",\"@id\":\"https:\\\/\\\/www.fint.is\\\/is\\\/#website\",\"url\":\"https:\\\/\\\/www.fint.is\\\/is\\\/\",\"name\":\"F\u00ednt\",\"description\":\"Barefoot sk\u00f3r, t\u00e1susokkar, og bur\u00f0arpokar\",\"publisher\":{\"@id\":\"https:\\\/\\\/www.fint.is\\\/is\\\/#organization\"},\"alternateName\":\"f\u00ednt.is\",\"potentialAction\":[{\"@type\":\"SearchAction\",\"target\":{\"@type\":\"EntryPoint\",\"urlTemplate\":\"https:\\\/\\\/www.fint.is\\\/is\\\/?s={search_term_string}\"},\"query-input\":{\"@type\":\"PropertyValueSpecification\",\"valueRequired\":true,\"valueName\":\"search_term_string\"}}],\"inLanguage\":\"is\"},{\"@type\":\"Organization\",\"@id\":\"https:\\\/\\\/www.fint.is\\\/is\\\/#organization\",\"name\":\"F\u00ednt\",\"alternateName\":\"Fint\",\"url\":\"https:\\\/\\\/www.fint.is\\\/is\\\/\",\"logo\":{\"@type\":\"ImageObject\",\"inLanguage\":\"is\",\"@id\":\"https:\\\/\\\/www.fint.is\\\/is\\\/#\\\/schema\\\/logo\\\/image\\\/\",\"url\":\"https:\\\/\\\/www.fint.is\\\/wp-content\\\/uploads\\\/logo-colour-small-2.png\",\"contentUrl\":\"https:\\\/\\\/www.fint.is\\\/wp-content\\\/uploads\\\/logo-colour-small-2.png\",\"width\":930,\"height\":711,\"caption\":\"F\u00ednt\"},\"image\":{\"@id\":\"https:\\\/\\\/www.fint.is\\\/is\\\/#\\\/schema\\\/logo\\\/image\\\/\"},\"sameAs\":[\"https:\\\/\\\/www.facebook.com\\\/100090983666893\\\/\",\"https:\\\/\\\/www.instagram.com\\\/fint.verslun\\\/\"]}]}<\/script>\n<!-- \/ Yoast SEO plugin. -->","yoast_head_json":{"title":"Privacy Policy - F\u00ednt","robots":{"index":"index","follow":"follow","max-snippet":"max-snippet:-1","max-image-preview":"max-image-preview:large","max-video-preview":"max-video-preview:-1"},"canonical":"https:\/\/www.fint.is\/is\/privacy-policy\/","og_locale":"is_IS","og_type":"article","og_title":"Privacy Policy - F\u00ednt","og_description":"Who we are Our website address is: https:\/\/www.fint.is. Media Visitors to the website can download and extract any location data from images on the website. Cookies If you leave a comment on our site you may opt-in to saving your name, email address and website in cookies. These are for your convenience so that you [&hellip;]","og_url":"https:\/\/www.fint.is\/is\/privacy-policy\/","og_site_name":"F\u00ednt","article_publisher":"https:\/\/www.facebook.com\/100090983666893\/","article_modified_time":"2024-11-01T10:51:51+00:00","schema":{"@context":"https:\/\/schema.org","@graph":[{"@type":"WebPage","@id":"https:\/\/www.fint.is\/privacy-policy\/","url":"https:\/\/www.fint.is\/privacy-policy\/","name":"Privacy Policy - F\u00ednt","isPartOf":{"@id":"https:\/\/www.fint.is\/is\/#website"},"datePublished":"2023-03-29T10:49:02+00:00","dateModified":"2024-11-01T10:51:51+00:00","breadcrumb":{"@id":"https:\/\/www.fint.is\/privacy-policy\/#breadcrumb"},"inLanguage":"is","potentialAction":[{"@type":"ReadAction","target":["https:\/\/www.fint.is\/privacy-policy\/"]}]},{"@type":"BreadcrumbList","@id":"https:\/\/www.fint.is\/privacy-policy\/#breadcrumb","itemListElement":[{"@type":"ListItem","position":1,"name":"Home","item":"https:\/\/www.fint.is\/"},{"@type":"ListItem","position":2,"name":"Privacy Policy"}]},{"@type":"WebSite","@id":"https:\/\/www.fint.is\/is\/#website","url":"https:\/\/www.fint.is\/is\/","name":"F\u00ednt","description":"Barefoot sk\u00f3r, t\u00e1sokkar, og bur\u00f0arpokar","publisher":{"@id":"https:\/\/www.fint.is\/is\/#organization"},"alternateName":"f\u00ednt.is","potentialAction":[{"@type":"SearchAction","target":{"@type":"EntryPoint","urlTemplate":"https:\/\/www.fint.is\/is\/?s={search_term_string}"},"query-input":{"@type":"PropertyValueSpecification","valueRequired":true,"valueName":"search_term_string"}}],"inLanguage":"is"},{"@type":"Organization","@id":"https:\/\/www.fint.is\/is\/#organization","name":"F\u00ednt","alternateName":"Fint","url":"https:\/\/www.fint.is\/is\/","logo":{"@type":"ImageObject","inLanguage":"is","@id":"https:\/\/www.fint.is\/is\/#\/schema\/logo\/image\/","url":"https:\/\/www.fint.is\/wp-content\/uploads\/logo-colour-small-2.png","contentUrl":"https:\/\/www.fint.is\/wp-content\/uploads\/logo-colour-small-2.png","width":930,"height":711,"caption":"F\u00ednt"},"image":{"@id":"https:\/\/www.fint.is\/is\/#\/schema\/logo\/image\/"},"sameAs":["https:\/\/www.facebook.com\/100090983666893\/","https:\/\/www.instagram.com\/fint.verslun\/"]}]}},"_links":{"self":[{"href":"https:\/\/www.fint.is\/is\/wp-json\/wp\/v2\/pages\/3","targetHints":{"allow":["GET"]}}],"collection":[{"href":"https:\/\/www.fint.is\/is\/wp-json\/wp\/v2\/pages"}],"about":[{"href":"https:\/\/www.fint.is\/is\/wp-json\/wp\/v2\/types\/page"}],"author":[{"embeddable":true,"href":"https:\/\/www.fint.is\/is\/wp-json\/wp\/v2\/users\/1"}],"replies":[{"embeddable":true,"href":"https:\/\/www.fint.is\/is\/wp-json\/wp\/v2\/comments?post=3"}],"version-history":[{"count":3,"href":"https:\/\/www.fint.is\/is\/wp-json\/wp\/v2\/pages\/3\/revisions"}],"predecessor-version":[{"id":2506,"href":"https:\/\/www.fint.is\/is\/wp-json\/wp\/v2\/pages\/3\/revisions\/2506"}],"wp:attachment":[{"href":"https:\/\/www.fint.is\/is\/wp-json\/wp\/v2\/media?parent=3"}],"curies":[{"name":"wp","href":"https:\/\/api.w.org\/{rel}","templated":true}]}}