{"id":204,"date":"2023-05-02T20:08:45","date_gmt":"2023-05-02T20:08:45","guid":{"rendered":"https:\/\/www.fint.is\/?page_id=204"},"modified":"2025-04-11T12:40:22","modified_gmt":"2025-04-11T12:40:22","slug":"faq","status":"publish","type":"page","link":"https:\/\/www.fint.is\/is\/faq\/","title":{"rendered":"Algengar spurningar"},"content":{"rendered":"<div class=\"wp-block-ub-content-toggle wp-block-ub-content-toggle-block\" id=\"ub-content-toggle-block-7416c991-a815-4a9d-ab3f-2d9d6f0a0190\" data-mobilecollapse=\"false\" data-desktopcollapse=\"false\" data-preventcollapse=\"false\" data-showonlyone=\"false\">\n<div class=\"wp-block-ub-content-toggle-accordion\" style=\"border-color: #e6ece6; \" id=\"ub-content-toggle-panel-block-\">\n\t\t\t<div class=\"wp-block-ub-content-toggle-accordion-title-wrap\" style=\"background-color: #e6ece6;\" aria-controls=\"ub-content-toggle-panel-0-7416c991-a815-4a9d-ab3f-2d9d6f0a0190\" tabindex=\"0\">\n\t\t\t<p class=\"wp-block-ub-content-toggle-accordion-title ub-content-toggle-title-7416c991-a815-4a9d-ab3f-2d9d6f0a0190\" style=\"color: #000000; \">Why are some parts of the website only in English?<\/p>\n\t\t\t<div class=\"wp-block-ub-content-toggle-accordion-toggle-wrap right\" style=\"color: #000000;\"><span class=\"wp-block-ub-content-toggle-accordion-state-indicator wp-block-ub-math-plus open\"><\/span><\/div>\n\t\t<\/div>\n\t\t\t<div role=\"region\" aria-expanded=\"true\" class=\"wp-block-ub-content-toggle-accordion-content-wrap\" id=\"ub-content-toggle-panel-0-7416c991-a815-4a9d-ab3f-2d9d6f0a0190\">\n\n<p>Not everything is translated immediately as my Icelandic is not good enough yet to write without too many errors, and I depend on my partner for that (I prefer not to use google translate for the website so that I am sure the content is correct). Feel free to communicate with me in Icelandic; I understand most of it. <\/p>\n\n<\/div>\n\t\t<\/div>\n\n<div class=\"wp-block-ub-content-toggle-accordion\" style=\"border-color: #e6ece6; \" id=\"ub-content-toggle-panel-block-\">\n\t\t\t<div class=\"wp-block-ub-content-toggle-accordion-title-wrap\" style=\"background-color: #e6ece6;\" aria-controls=\"ub-content-toggle-panel-1-7416c991-a815-4a9d-ab3f-2d9d6f0a0190\" tabindex=\"0\">\n\t\t\t<p class=\"wp-block-ub-content-toggle-accordion-title ub-content-toggle-title-7416c991-a815-4a9d-ab3f-2d9d6f0a0190\" style=\"color: #000000; \">Hva\u00f0a sendingam\u00f6guleika bj\u00f3\u00f0i\u00f0 \u00fei\u00f0 upp \u00e1?<\/p>\n\t\t\t<div class=\"wp-block-ub-content-toggle-accordion-toggle-wrap right\" style=\"color: #000000;\"><span class=\"wp-block-ub-content-toggle-accordion-state-indicator wp-block-ub-math-plus open\"><\/span><\/div>\n\t\t<\/div>\n\t\t\t<div role=\"region\" aria-expanded=\"true\" class=\"wp-block-ub-content-toggle-accordion-content-wrap\" id=\"ub-content-toggle-panel-1-7416c991-a815-4a9d-ab3f-2d9d6f0a0190\">\n\n<p>Vi\u00f0 sendum pantanir me\u00f0 <a href=\"https:\/\/www.dropp.is\/verdskra\">Dropp<\/a> og bj\u00f3\u00f0um upp \u00e1 b\u00e6\u00f0i heimsendingu og a\u00f0 s\u00e6kja p\u00f6ntun \u00e1 <a href=\"https:\/\/dropp.is\/kort\">afhendingarsta\u00f0i Dropp<\/a>. \u00cd b\u00e1\u00f0um tilvikum bj\u00f3\u00f0um vi\u00f0 upp \u00e1 samd\u00e6gurs sendingu \u00e1 p\u00f6ntunum sem berast fyrir kl. 11:00 \u00e1 virkum degi. Ef p\u00f6ntunin berst eftir kl. 11:00 munum vi\u00f0 ekki hafa t\u00edma til a\u00f0 koma henni til Dropp \u00ed t\u00e6ka t\u00ed\u00f0 fyrir \u00fatkeyrslu samd\u00e6gurs, en komum henni \u00e1lei\u00f0is n\u00e6sta virka dag. <\/p>\n\n\n\n<p>Sendingarkostna\u00f0ur fer eftir heimilisfangi, afhendingarm\u00e1ta og \u00feyngd p\u00f6ntunar:<\/p>\n\n\n\n<ul class=\"wp-block-list\">\n<li>A\u00f0 s\u00e6kja p\u00f6ntun \u00e1 <a href=\"https:\/\/dropp.is\/kort\">afhendingarsta\u00f0i Dropp<\/a> \u00e1 h\u00f6fu\u00f0borgarsv\u00e6\u00f0inu (allt a\u00f0 10kg) kostar 790 kr. <\/li>\n\n\n\n<li>A\u00f0 s\u00e6kja p\u00f6ntun \u00e1 afhendingarsta\u00f0i Dropp utan h\u00f6fu\u00f0borgarsv\u00e6\u00f0isins (allt a\u00f0 10kg) kostar 990 kr.<\/li>\n\n\n\n<li>Heimsending \u00e1 h\u00f6fu\u00f0borgarsv\u00e6\u00f0inu (allt a\u00f0 10kg) kostar 1.350 kr.<\/li>\n\n\n\n<li>Heimsending \u00e1 su\u00f0vesturlandi (allt a\u00f0 10kg) kostar 1.450 kr.<\/li>\n<\/ul>\n\n\n\n<p>Vi\u00f0 bj\u00f3\u00f0um l\u00edka upp \u00e1 a\u00f0 s\u00e6kja p\u00f6ntun beint til okkar. Ef \u00fe\u00fa velur a\u00f0 s\u00e6kja p\u00f6ntun til okkar munum vi\u00f0 hafa samband vi\u00f0 \u00feig eftir a\u00f0 p\u00f6ntun hefur borist til \u00feess a\u00f0 finna hentugan t\u00edma. Ef \u00fe\u00fa vilt athuga hven\u00e6r er h\u00e6gt a\u00f0 s\u00e6kja til okkar \u00e1\u00f0ur en \u00fe\u00fa l\u00fdkur vi\u00f0 p\u00f6ntun <a href=\"https:\/\/www.fint.is\/is\/contact\/\">haf\u00f0u \u00fe\u00e1 samband<\/a> og vi\u00f0 finnum t\u00edma sem hentar.<\/p>\n\n<\/div>\n\t\t<\/div>\n\n<div class=\"wp-block-ub-content-toggle-accordion\" style=\"border-color: #e6ece6; \" id=\"ub-content-toggle-panel-block-\">\n\t\t\t<div class=\"wp-block-ub-content-toggle-accordion-title-wrap\" style=\"background-color: #e6ece6;\" aria-controls=\"ub-content-toggle-panel-2-7416c991-a815-4a9d-ab3f-2d9d6f0a0190\" tabindex=\"0\">\n\t\t\t<p class=\"wp-block-ub-content-toggle-accordion-title ub-content-toggle-title-7416c991-a815-4a9d-ab3f-2d9d6f0a0190\" style=\"color: #000000; \">\u00c9g panta\u00f0i v\u00f6ru me\u00f0 heimsendingu fr\u00e1 Dropp, hva\u00f0 gerist n\u00fana?<\/p>\n\t\t\t<div class=\"wp-block-ub-content-toggle-accordion-toggle-wrap right\" style=\"color: #000000;\"><span class=\"wp-block-ub-content-toggle-accordion-state-indicator wp-block-ub-math-plus open\"><\/span><\/div>\n\t\t<\/div>\n\t\t\t<div role=\"region\" aria-expanded=\"true\" class=\"wp-block-ub-content-toggle-accordion-content-wrap\" id=\"ub-content-toggle-panel-2-7416c991-a815-4a9d-ab3f-2d9d6f0a0190\">\n\n<p>P\u00f6ntunin \u00fe\u00edn ver\u00f0ur afgreidd fr\u00e1 okkur og komi\u00f0 til Dropp vi\u00f0 fyrsta t\u00e6kif\u00e6ri. A\u00f0 \u00f6llu j\u00f6fnu afgrei\u00f0um vi\u00f0 pantanir samd\u00e6gurs berist \u00fe\u00e6r fyrir kl. 15 \u00e1 virkum d\u00f6gum. \u00deegar Dropp hefur m\u00f3tteki\u00f0 sendinguna f\u00e6r\u00f0 \u00fe\u00fa skilabo\u00f0 fr\u00e1 \u00feeim um hven\u00e6r von er \u00e1 henni til \u00fe\u00edn, \u00ed samr\u00e6mi vi\u00f0 \u00feann afhendingarm\u00e1ta sem \u00fe\u00fa hefur vali\u00f0.<\/p>\n\n<\/div>\n\t\t<\/div>\n\n<div class=\"wp-block-ub-content-toggle-accordion\" style=\"border-color: #e6ece6; \" id=\"ub-content-toggle-panel-block-\">\n\t\t\t<div class=\"wp-block-ub-content-toggle-accordion-title-wrap\" style=\"background-color: #e6ece6;\" aria-controls=\"ub-content-toggle-panel-3-7416c991-a815-4a9d-ab3f-2d9d6f0a0190\" tabindex=\"0\">\n\t\t\t<p class=\"wp-block-ub-content-toggle-accordion-title ub-content-toggle-title-7416c991-a815-4a9d-ab3f-2d9d6f0a0190\" style=\"color: #000000; \">Varan sem \u00e9g keypti passar ekki, hvernig get \u00e9g skila\u00f0?<\/p>\n\t\t\t<div class=\"wp-block-ub-content-toggle-accordion-toggle-wrap right\" style=\"color: #000000;\"><span class=\"wp-block-ub-content-toggle-accordion-state-indicator wp-block-ub-math-plus open\"><\/span><\/div>\n\t\t<\/div>\n\t\t\t<div role=\"region\" aria-expanded=\"true\" class=\"wp-block-ub-content-toggle-accordion-content-wrap\" id=\"ub-content-toggle-panel-3-7416c991-a815-4a9d-ab3f-2d9d6f0a0190\">\n\n<p>If the product is unused (except for the actions necessary to try the size) and packaging is intact, you can return the package within 14 days of purchase, in the original package using Dropp (if that was your delivery method), or arrange a time with me to return it in person. Just send an e-mail to fint@fint.is to inform us of the return.<\/p>\n\n<\/div>\n\t\t<\/div>\n\n<div class=\"wp-block-ub-content-toggle-accordion\" style=\"border-color: #e6ece6; \" id=\"ub-content-toggle-panel-block-\">\n\t\t\t<div class=\"wp-block-ub-content-toggle-accordion-title-wrap\" style=\"background-color: #e6ece6;\" aria-controls=\"ub-content-toggle-panel-4-7416c991-a815-4a9d-ab3f-2d9d6f0a0190\" tabindex=\"0\">\n\t\t\t<p class=\"wp-block-ub-content-toggle-accordion-title ub-content-toggle-title-7416c991-a815-4a9d-ab3f-2d9d6f0a0190\" style=\"color: #000000; \">Er h\u00e6gt a\u00f0 m\u00e1ta \u00e1\u00f0ur en \u00e9g kaupi?<\/p>\n\t\t\t<div class=\"wp-block-ub-content-toggle-accordion-toggle-wrap right\" style=\"color: #000000;\"><span class=\"wp-block-ub-content-toggle-accordion-state-indicator wp-block-ub-math-plus open\"><\/span><\/div>\n\t\t<\/div>\n\t\t\t<div role=\"region\" aria-expanded=\"true\" class=\"wp-block-ub-content-toggle-accordion-content-wrap\" id=\"ub-content-toggle-panel-4-7416c991-a815-4a9d-ab3f-2d9d6f0a0190\">\n\n<p>Sendu okkur t\u00f6lvup\u00f3st me\u00f0 uppl\u00fdsingum um hva\u00f0 \u00fe\u00fa vilt m\u00e1ta, og vi\u00f0 finnum t\u00edma fyrir \u00feig a\u00f0 k\u00edkja vi\u00f0 hj\u00e1 okkur til a\u00f0 m\u00e1ta. Ef \u00fe\u00fa \u00e1kve\u00f0ur a\u00f0 kaupa v\u00f6runa getum vi\u00f0 afgreitt kaupin \u00e1 sta\u00f0num.<\/p>\n\n<\/div>\n\t\t<\/div>\n\n<div class=\"wp-block-ub-content-toggle-accordion\" style=\"border-color: #e6ece6; \" id=\"ub-content-toggle-panel-block-\">\n\t\t\t<div class=\"wp-block-ub-content-toggle-accordion-title-wrap\" style=\"background-color: #e6ece6;\" aria-controls=\"ub-content-toggle-panel-5-7416c991-a815-4a9d-ab3f-2d9d6f0a0190\" tabindex=\"0\">\n\t\t\t<p class=\"wp-block-ub-content-toggle-accordion-title ub-content-toggle-title-7416c991-a815-4a9d-ab3f-2d9d6f0a0190\" style=\"color: #000000; \">Hvert er heimilisfangi\u00f0 ykkar?<\/p>\n\t\t\t<div class=\"wp-block-ub-content-toggle-accordion-toggle-wrap right\" style=\"color: #000000;\"><span class=\"wp-block-ub-content-toggle-accordion-state-indicator wp-block-ub-math-plus open\"><\/span><\/div>\n\t\t<\/div>\n\t\t\t<div role=\"region\" aria-expanded=\"true\" class=\"wp-block-ub-content-toggle-accordion-content-wrap\" id=\"ub-content-toggle-panel-5-7416c991-a815-4a9d-ab3f-2d9d6f0a0190\">\n\n<p>Vi\u00f0 erum \u00e1 Ur\u00f0arst\u00edg 3, 101 Reykjav\u00edk.<\/p>\n\n<\/div>\n\t\t<\/div>\n\n<div class=\"wp-block-ub-content-toggle-accordion\" style=\"border-color: #e6ece6; \" id=\"ub-content-toggle-panel-block-\">\n\t\t\t<div class=\"wp-block-ub-content-toggle-accordion-title-wrap\" style=\"background-color: #e6ece6;\" aria-controls=\"ub-content-toggle-panel-6-7416c991-a815-4a9d-ab3f-2d9d6f0a0190\" tabindex=\"0\">\n\t\t\t<p class=\"wp-block-ub-content-toggle-accordion-title ub-content-toggle-title-7416c991-a815-4a9d-ab3f-2d9d6f0a0190\" style=\"color: #000000; \">Hven\u00e6r er opi\u00f0 hj\u00e1 ykkur?<\/p>\n\t\t\t<div class=\"wp-block-ub-content-toggle-accordion-toggle-wrap right\" style=\"color: #000000;\"><span class=\"wp-block-ub-content-toggle-accordion-state-indicator wp-block-ub-math-plus open\"><\/span><\/div>\n\t\t<\/div>\n\t\t\t<div role=\"region\" aria-expanded=\"true\" class=\"wp-block-ub-content-toggle-accordion-content-wrap\" id=\"ub-content-toggle-panel-6-7416c991-a815-4a9d-ab3f-2d9d6f0a0190\">\n\n<p>Please send us a message first if you want to come and try our products, or pick up an order. Below are the moments that usually work, but we might be out dropping off orders to Dropp or something like that, which is why we want a notice \ud83d\ude42 <\/p>\n\n\n\n<p>Monday 09.00-15.30<br>Tuesday 09.00-<em>13.30<\/em><br>Wednesday 09.00-15.30<br>Thursday 09.00-15.30<br>Friday 09.00-<em>13.30<\/em><\/p>\n\n\n\n<p><strong><em>Do these times not work? <a href=\"mailto:fint@fint.is\">Let us know<\/a> and we will find a moment that does.<\/em><\/strong><br><\/p>\n\n<\/div>\n\t\t<\/div>\n\n<div class=\"wp-block-ub-content-toggle-accordion\" style=\"border-color: #e6ece6; \" id=\"ub-content-toggle-panel-block-\">\n\t\t\t<div class=\"wp-block-ub-content-toggle-accordion-title-wrap\" style=\"background-color: #e6ece6;\" aria-controls=\"ub-content-toggle-panel-7-7416c991-a815-4a9d-ab3f-2d9d6f0a0190\" tabindex=\"0\">\n\t\t\t<p class=\"wp-block-ub-content-toggle-accordion-title ub-content-toggle-title-7416c991-a815-4a9d-ab3f-2d9d6f0a0190\" style=\"color: #000000; \">\u00c9g vil grei\u00f0a me\u00f0 millif\u00e6rslu, hva\u00f0 er reikningsn\u00fameri\u00f0?<\/p>\n\t\t\t<div class=\"wp-block-ub-content-toggle-accordion-toggle-wrap right\" style=\"color: #000000;\"><span class=\"wp-block-ub-content-toggle-accordion-state-indicator wp-block-ub-math-plus open\"><\/span><\/div>\n\t\t<\/div>\n\t\t\t<div role=\"region\" aria-expanded=\"true\" class=\"wp-block-ub-content-toggle-accordion-content-wrap\" id=\"ub-content-toggle-panel-7-7416c991-a815-4a9d-ab3f-2d9d6f0a0190\">\n\n<p>F\u00ednt ehf.<br>Kt. 620823-0820<br>Reikningsnr. 0133-26-009777<\/p>\n\n<\/div>\n\t\t<\/div>\n\n<div class=\"wp-block-ub-content-toggle-accordion\" style=\"border-color: #e6ece6; \" id=\"ub-content-toggle-panel-block-\">\n\t\t\t<div class=\"wp-block-ub-content-toggle-accordion-title-wrap\" style=\"background-color: #e6ece6;\" aria-controls=\"ub-content-toggle-panel-8-7416c991-a815-4a9d-ab3f-2d9d6f0a0190\" tabindex=\"0\">\n\t\t\t<p class=\"wp-block-ub-content-toggle-accordion-title ub-content-toggle-title-7416c991-a815-4a9d-ab3f-2d9d6f0a0190\" style=\"color: #000000; \">Er h\u00e6gt a\u00f0 kaupa gjafabr\u00e9f?<\/p>\n\t\t\t<div class=\"wp-block-ub-content-toggle-accordion-toggle-wrap right\" style=\"color: #000000;\"><span class=\"wp-block-ub-content-toggle-accordion-state-indicator wp-block-ub-math-plus open\"><\/span><\/div>\n\t\t<\/div>\n\t\t\t<div role=\"region\" aria-expanded=\"true\" class=\"wp-block-ub-content-toggle-accordion-content-wrap\" id=\"ub-content-toggle-panel-8-7416c991-a815-4a9d-ab3f-2d9d6f0a0190\">\n\n<p>J\u00e1, vi\u00f0 seljum gjafabr\u00e9f! \u00de\u00fa getur panta\u00f0 gjafabr\u00e9f me\u00f0 \u00fev\u00ed a\u00f0 senda okkur t\u00f6lvup\u00f3st, vi\u00f0 setjum \u00fe\u00e1 upp s\u00e9rstakan afsl\u00e1ttark\u00f3\u00f0a sem h\u00e6gt er a\u00f0 nota. <\/p>\n\n\n\n<p><\/p>\n\n<\/div>\n\t\t<\/div>\n<\/div>\n\n\n<p><\/p>","protected":false},"excerpt":{"rendered":"","protected":false},"author":1,"featured_media":0,"parent":0,"menu_order":0,"comment_status":"closed","ping_status":"closed","template":"","meta":{"footnotes":""},"class_list":["post-204","page","type-page","status-publish","hentry"],"featured_image_src":null,"yoast_head":"<!-- This site is optimized with the Yoast SEO plugin v27.4 - https:\/\/yoast.com\/product\/yoast-seo-wordpress\/ -->\n<title>FAQ - F\u00ednt<\/title>\n<meta name=\"description\" content=\"FAQ on delivery options and returns.\" \/>\n<meta name=\"robots\" content=\"index, follow, max-snippet:-1, max-image-preview:large, max-video-preview:-1\" \/>\n<link rel=\"canonical\" href=\"https:\/\/www.fint.is\/is\/faq\/\" \/>\n<meta property=\"og:locale\" content=\"is_IS\" \/>\n<meta property=\"og:type\" content=\"article\" \/>\n<meta property=\"og:title\" content=\"FAQ - F\u00ednt\" \/>\n<meta property=\"og:description\" content=\"FAQ on delivery options and returns.\" \/>\n<meta property=\"og:url\" content=\"https:\/\/www.fint.is\/is\/faq\/\" \/>\n<meta property=\"og:site_name\" content=\"F\u00ednt\" \/>\n<meta property=\"article:publisher\" content=\"https:\/\/www.facebook.com\/100090983666893\/\" \/>\n<meta property=\"article:modified_time\" content=\"2025-04-11T12:40:22+00:00\" \/>\n<script type=\"application\/ld+json\" class=\"yoast-schema-graph\">{\"@context\":\"https:\\\/\\\/schema.org\",\"@graph\":[{\"@type\":\"WebPage\",\"@id\":\"https:\\\/\\\/www.fint.is\\\/faq\\\/\",\"url\":\"https:\\\/\\\/www.fint.is\\\/faq\\\/\",\"name\":\"FAQ - F\u00ednt\",\"isPartOf\":{\"@id\":\"https:\\\/\\\/www.fint.is\\\/is\\\/#website\"},\"datePublished\":\"2023-05-02T20:08:45+00:00\",\"dateModified\":\"2025-04-11T12:40:22+00:00\",\"description\":\"FAQ on delivery options and returns.\",\"breadcrumb\":{\"@id\":\"https:\\\/\\\/www.fint.is\\\/faq\\\/#breadcrumb\"},\"inLanguage\":\"is\",\"potentialAction\":[{\"@type\":\"ReadAction\",\"target\":[\"https:\\\/\\\/www.fint.is\\\/faq\\\/\"]}]},{\"@type\":\"BreadcrumbList\",\"@id\":\"https:\\\/\\\/www.fint.is\\\/faq\\\/#breadcrumb\",\"itemListElement\":[{\"@type\":\"ListItem\",\"position\":1,\"name\":\"Home\",\"item\":\"https:\\\/\\\/www.fint.is\\\/\"},{\"@type\":\"ListItem\",\"position\":2,\"name\":\"FAQ\"}]},{\"@type\":\"WebSite\",\"@id\":\"https:\\\/\\\/www.fint.is\\\/is\\\/#website\",\"url\":\"https:\\\/\\\/www.fint.is\\\/is\\\/\",\"name\":\"F\u00ednt\",\"description\":\"Barefoot sk\u00f3r, t\u00e1susokkar, og bur\u00f0arpokar\",\"publisher\":{\"@id\":\"https:\\\/\\\/www.fint.is\\\/is\\\/#organization\"},\"alternateName\":\"f\u00ednt.is\",\"potentialAction\":[{\"@type\":\"SearchAction\",\"target\":{\"@type\":\"EntryPoint\",\"urlTemplate\":\"https:\\\/\\\/www.fint.is\\\/is\\\/?s={search_term_string}\"},\"query-input\":{\"@type\":\"PropertyValueSpecification\",\"valueRequired\":true,\"valueName\":\"search_term_string\"}}],\"inLanguage\":\"is\"},{\"@type\":\"Organization\",\"@id\":\"https:\\\/\\\/www.fint.is\\\/is\\\/#organization\",\"name\":\"F\u00ednt\",\"alternateName\":\"Fint\",\"url\":\"https:\\\/\\\/www.fint.is\\\/is\\\/\",\"logo\":{\"@type\":\"ImageObject\",\"inLanguage\":\"is\",\"@id\":\"https:\\\/\\\/www.fint.is\\\/is\\\/#\\\/schema\\\/logo\\\/image\\\/\",\"url\":\"https:\\\/\\\/www.fint.is\\\/wp-content\\\/uploads\\\/logo-colour-small-2.png\",\"contentUrl\":\"https:\\\/\\\/www.fint.is\\\/wp-content\\\/uploads\\\/logo-colour-small-2.png\",\"width\":930,\"height\":711,\"caption\":\"F\u00ednt\"},\"image\":{\"@id\":\"https:\\\/\\\/www.fint.is\\\/is\\\/#\\\/schema\\\/logo\\\/image\\\/\"},\"sameAs\":[\"https:\\\/\\\/www.facebook.com\\\/100090983666893\\\/\",\"https:\\\/\\\/www.instagram.com\\\/fint.verslun\\\/\"]}]}<\/script>\n<!-- \/ Yoast SEO plugin. -->","yoast_head_json":{"title":"FAQ - F\u00ednt","description":"FAQ on delivery options and returns.","robots":{"index":"index","follow":"follow","max-snippet":"max-snippet:-1","max-image-preview":"max-image-preview:large","max-video-preview":"max-video-preview:-1"},"canonical":"https:\/\/www.fint.is\/is\/faq\/","og_locale":"is_IS","og_type":"article","og_title":"FAQ - F\u00ednt","og_description":"FAQ on delivery options and returns.","og_url":"https:\/\/www.fint.is\/is\/faq\/","og_site_name":"F\u00ednt","article_publisher":"https:\/\/www.facebook.com\/100090983666893\/","article_modified_time":"2025-04-11T12:40:22+00:00","schema":{"@context":"https:\/\/schema.org","@graph":[{"@type":"WebPage","@id":"https:\/\/www.fint.is\/faq\/","url":"https:\/\/www.fint.is\/faq\/","name":"FAQ - F\u00ednt","isPartOf":{"@id":"https:\/\/www.fint.is\/is\/#website"},"datePublished":"2023-05-02T20:08:45+00:00","dateModified":"2025-04-11T12:40:22+00:00","description":"FAQ on delivery options and returns.","breadcrumb":{"@id":"https:\/\/www.fint.is\/faq\/#breadcrumb"},"inLanguage":"is","potentialAction":[{"@type":"ReadAction","target":["https:\/\/www.fint.is\/faq\/"]}]},{"@type":"BreadcrumbList","@id":"https:\/\/www.fint.is\/faq\/#breadcrumb","itemListElement":[{"@type":"ListItem","position":1,"name":"Home","item":"https:\/\/www.fint.is\/"},{"@type":"ListItem","position":2,"name":"FAQ"}]},{"@type":"WebSite","@id":"https:\/\/www.fint.is\/is\/#website","url":"https:\/\/www.fint.is\/is\/","name":"F\u00ednt","description":"Barefoot sk\u00f3r, t\u00e1sokkar, og bur\u00f0arpokar","publisher":{"@id":"https:\/\/www.fint.is\/is\/#organization"},"alternateName":"f\u00ednt.is","potentialAction":[{"@type":"SearchAction","target":{"@type":"EntryPoint","urlTemplate":"https:\/\/www.fint.is\/is\/?s={search_term_string}"},"query-input":{"@type":"PropertyValueSpecification","valueRequired":true,"valueName":"search_term_string"}}],"inLanguage":"is"},{"@type":"Organization","@id":"https:\/\/www.fint.is\/is\/#organization","name":"F\u00ednt","alternateName":"Fint","url":"https:\/\/www.fint.is\/is\/","logo":{"@type":"ImageObject","inLanguage":"is","@id":"https:\/\/www.fint.is\/is\/#\/schema\/logo\/image\/","url":"https:\/\/www.fint.is\/wp-content\/uploads\/logo-colour-small-2.png","contentUrl":"https:\/\/www.fint.is\/wp-content\/uploads\/logo-colour-small-2.png","width":930,"height":711,"caption":"F\u00ednt"},"image":{"@id":"https:\/\/www.fint.is\/is\/#\/schema\/logo\/image\/"},"sameAs":["https:\/\/www.facebook.com\/100090983666893\/","https:\/\/www.instagram.com\/fint.verslun\/"]}]}},"_links":{"self":[{"href":"https:\/\/www.fint.is\/is\/wp-json\/wp\/v2\/pages\/204","targetHints":{"allow":["GET"]}}],"collection":[{"href":"https:\/\/www.fint.is\/is\/wp-json\/wp\/v2\/pages"}],"about":[{"href":"https:\/\/www.fint.is\/is\/wp-json\/wp\/v2\/types\/page"}],"author":[{"embeddable":true,"href":"https:\/\/www.fint.is\/is\/wp-json\/wp\/v2\/users\/1"}],"replies":[{"embeddable":true,"href":"https:\/\/www.fint.is\/is\/wp-json\/wp\/v2\/comments?post=204"}],"version-history":[{"count":17,"href":"https:\/\/www.fint.is\/is\/wp-json\/wp\/v2\/pages\/204\/revisions"}],"predecessor-version":[{"id":2937,"href":"https:\/\/www.fint.is\/is\/wp-json\/wp\/v2\/pages\/204\/revisions\/2937"}],"wp:attachment":[{"href":"https:\/\/www.fint.is\/is\/wp-json\/wp\/v2\/media?parent=204"}],"curies":[{"name":"wp","href":"https:\/\/api.w.org\/{rel}","templated":true}]}}